{"id":21203,"date":"2020-07-23T16:27:04","date_gmt":"2020-07-23T14:27:04","guid":{"rendered":"https:\/\/www.hiperbaric.com\/?page_id=21203"},"modified":"2021-04-06T10:14:55","modified_gmt":"2021-04-06T08:14:55","slug":"servicios-de-mecanizado","status":"publish","type":"page","link":"https:\/\/www.hiperbaric.com\/es\/lineas-de-negocio\/servicios-de-mecanizado\/","title":{"rendered":"Servicios de mecanizado"},"content":{"rendered":"\n\t<p>Los sectores industriales m\u00e1s exigentes requieren que sus componentes m\u00e1s cr\u00edticos cumplan con<strong>\u00a0estrictos est\u00e1ndares de calidad<\/strong>\u00a0para proporcionar un producto seguro y confiable. Los servicios de mecanizado de precisi\u00f3n de Hiperbaric garantizan una alta calidad de los componentes fabricados <strong>para obtener la tolerancia requerida.<\/strong><\/p>\n\t<p>Hiperbaric es l\u00edder mundial de la tecnolog\u00eda HPP, en parte gracias al mecanizado de precisi\u00f3n, lo que nos ha obligado a crecer en infraestructuras, recursos y estrategia. Fabricamos bajo los est\u00e1ndares m\u00e1s rigurosos del mundo, como el ASME VIII div. 3.<\/p>\n<h2>\n\tSoluciones\n\t<\/h2>\n\t<p>Nuestra especialidad son las piezas de gran envergadura y alta precisi\u00f3n. Sin embargo, la capacidad de nuestra oficina t\u00e9cnica de dise\u00f1o nos permite realizar trabajos muy diversos, siempre en l\u00ednea con la fabricaci\u00f3n de piezas de alto valor a\u00f1adido que requieren de una precisi\u00f3n 100% asegurada:<\/p>\n  <section>\n            <img decoding=\"async\" src=\"\/wp-content\/uploads\/2019\/06\/Mecanizado-4.png\" \/>\n            <img decoding=\"async\" src=\"\/wp-content\/uploads\/2019\/06\/Mecanizado-5.png\" \/>\n            <img decoding=\"async\" src=\"\/wp-content\/uploads\/2019\/06\/Mecanizado-3.png\" \/>\n    <\/section>\n\t<ul>\n<li>\n<ul>\n<li>Trabajo de <strong>piezas diversas<\/strong>: estructuras, moldes, matrices, perfiles, vigas, tornillos sin fin, ejes, bulones, cojinetes, soportes, transmisiones, engranajes, casquillos de medidas especiales, palieres, cilindros hidr\u00e1ulicos\u2026,<\/li>\n<li>Capacidad de <strong>fresado<\/strong> de hasta 26.000mm, 3.800mm, 1.500mm.<\/li>\n<li>Capacidad de <strong>torneado<\/strong> de hasta \u00d8=800mm x 2.000mm.<\/li>\n<li>Aplicaci\u00f3n en <strong>materiales varios<\/strong>: acero inoxidable de alta resistencia, acero al carbono, material de fundici\u00f3n y otros.<\/li>\n<li>Atenci\u00f3n a los <strong>sectores<\/strong> tecnol\u00f3gicamente <strong>m\u00e1s exigentes<\/strong>: Automoci\u00f3n, Ferrocarril, Construcci\u00f3n de maquinaria, Bienes de equipo, Aeron\u00e1utico, alimentaci\u00f3n.<\/li>\n<\/ul>\n<\/li>\n<\/ul>\n<p>&nbsp;<\/p>\n<blockquote><p>La fiabilidad y la seguridad nos han abierto las puertas de importantes compa\u00f1\u00edas nacionales e internacionales. <a href=\"https:\/\/www.hiperbaric.com\/contacto\/\">\u00a1S\u00famate!<\/a><\/p><\/blockquote>\n\t<h2 id=\"gamaEquipos\">Instalaciones y equipos<\/h2>\n<p>Una <strong>nave de 4.000 m<\/strong><sup><strong>2<\/strong>\u00a0<\/sup>dedicada en exclusiva al mecanizado de precisi\u00f3n y dotada con una <strong>amplia gama de equipos<\/strong> aptos para el mecanizado de piezas de tama\u00f1os y formas muy variables.<\/p>\n\t\t\t\t<a href=\"https:\/\/www.hiperbaric.com\/wp-content\/uploads\/2019\/07\/TablaMecanizado1.png\" target=\"_self\" itemprop=\"url\" rel=\"noopener noreferrer\">\n\t\t\t\t<img decoding=\"async\" loading=\"lazy\" src=\"https:\/\/www.hiperbaric.com\/wp-content\/uploads\/2019\/07\/TablaMecanizado1.png\" alt=\"Fresadora Tipo Puente M\u00f3vil\nCorrea Fox M\n26.000 x 3.750 x 1.500mm\" itemprop=\"image\" height=\"354\" width=\"608\" title=\"TablaMecanizado1\" onerror=\"this.style.display='none'\"  \/>\n\t\t\t\t\t\t<\/a>\n\t\tFresadora Tipo Puente M\u00f3vil\nCorrea Fox M\n26.000 x 3.750 x 1.500mm\n\t\t\t\t<a href=\"https:\/\/www.hiperbaric.com\/wp-content\/uploads\/2019\/07\/TablaMecanizado2.png\" target=\"_self\" itemprop=\"url\" rel=\"noopener noreferrer\">\n\t\t\t\t<img decoding=\"async\" loading=\"lazy\" src=\"https:\/\/www.hiperbaric.com\/wp-content\/uploads\/2019\/07\/TablaMecanizado2.png\" alt=\"Fresadora Tipo Puente y Mesa M\u00f3vil\nCorrea FP50\/80\n8.000 x 3.800 x 1.250mm\" itemprop=\"image\" height=\"456\" width=\"760\" title=\"TablaMecanizado2\" onerror=\"this.style.display='none'\"  \/>\n\t\t\t\t\t\t<\/a>\n\t\tFresadora Tipo Puente y Mesa M\u00f3vil\nCorrea FP50\/80\n8.000 x 3.800 x 1.250mm\n\t\t\t\t<a href=\"https:\/\/www.hiperbaric.com\/wp-content\/uploads\/2019\/07\/TablaMecanizado3.jpg\" target=\"_self\" itemprop=\"url\" rel=\"noopener noreferrer\">\n\t\t\t\t<img decoding=\"async\" loading=\"lazy\" src=\"https:\/\/www.hiperbaric.com\/wp-content\/uploads\/2019\/07\/TablaMecanizado3.jpg\" alt=\"Fresadora Tipo Puente y Mesa M\u00f3vil\nCorrea FP60\n5.000 x 3.300 x 1.000mm\" itemprop=\"image\" height=\"452\" width=\"716\" title=\"TablaMecanizado3\" onerror=\"this.style.display='none'\"  \/>\n\t\t\t\t\t\t<\/a>\n\t\tFresadora Tipo Puente y Mesa M\u00f3vil\nCorrea FP60\n5.000 x 3.300 x 1.000mm\n\t\t\t\t<a href=\"https:\/\/www.hiperbaric.com\/wp-content\/uploads\/2019\/06\/TablaMecanizado4.jpg\" target=\"_self\" itemprop=\"url\" rel=\"noopener noreferrer\">\n\t\t\t\t<img decoding=\"async\" loading=\"lazy\" src=\"https:\/\/www.hiperbaric.com\/wp-content\/uploads\/2019\/06\/TablaMecanizado4.jpg\" alt=\"Fresadora Tipo Bancada Fija y Mesa M\u00f3vil\nCorrea Diana 25\n2.500 x 1.000 x 1.000mm\" itemprop=\"image\" height=\"175\" width=\"380\" title=\"TablaMecanizado4\" onerror=\"this.style.display='none'\"  \/>\n\t\t\t\t\t\t<\/a>\n\t\tFresadora Tipo Bancada Fija y Mesa M\u00f3vil\nCorrea Diana 25\n2.500 x 1.000 x 1.000mm\n\t\t\t\t<a href=\"https:\/\/www.hiperbaric.com\/wp-content\/uploads\/2019\/06\/TablaMecanizado5.jpg\" target=\"_self\" itemprop=\"url\" rel=\"noopener noreferrer\">\n\t\t\t\t<img decoding=\"async\" loading=\"lazy\" src=\"https:\/\/www.hiperbaric.com\/wp-content\/uploads\/2019\/06\/TablaMecanizado5.jpg\" alt=\"Fresadora Bancada Fija y Mesa M\u00f3vil\nCorrea CF22\/20\n2.000 x 800 x 800mm\" itemprop=\"image\" height=\"198\" width=\"296\" title=\"TablaMecanizado5\" onerror=\"this.style.display='none'\"  \/>\n\t\t\t\t\t\t<\/a>\n\t\tFresadora Bancada Fija y Mesa M\u00f3vil\nCorrea CF22\/20\n2.000 x 800 x 800mm\n\t\t\t\t<a href=\"https:\/\/www.hiperbaric.com\/wp-content\/uploads\/2019\/06\/TablaMecanizado6.jpg\" target=\"_self\" itemprop=\"url\" rel=\"noopener noreferrer\">\n\t\t\t\t<img decoding=\"async\" loading=\"lazy\" src=\"https:\/\/www.hiperbaric.com\/wp-content\/uploads\/2019\/06\/TablaMecanizado6.jpg\" alt=\"Torno Paralelo de Precisi\u00f3n autom\u00e1tico\nPINACHO Smart-Turn 5\/310\n\u00d8=620mm x 1.500mm\" itemprop=\"image\" height=\"150\" width=\"190\" title=\"TablaMecanizado6\" onerror=\"this.style.display='none'\"  \/>\n\t\t\t\t\t\t<\/a>\n\t\tTorno Paralelo de Precisi\u00f3n autom\u00e1tico\nPINACHO Smart-Turn 5\/310\n\u00d8=620mm x 1.500mm\n\t\t\t\t<a href=\"https:\/\/www.hiperbaric.com\/wp-content\/uploads\/2019\/06\/tablaMecanizado7.png\" target=\"_self\" itemprop=\"url\" rel=\"noopener noreferrer\">\n\t\t\t\t<img decoding=\"async\" loading=\"lazy\" src=\"https:\/\/www.hiperbaric.com\/wp-content\/uploads\/2019\/06\/tablaMecanizado7.png\" alt=\"Sierra de Cinta\nBehringer HBP 1080\" itemprop=\"image\" height=\"405\" width=\"594\" title=\"tablaMecanizado7\" onerror=\"this.style.display='none'\"  \/>\n\t\t\t\t\t\t<\/a>\n\t\tSierra de Cinta\nBehringer HBP 1080\n\t\t\t\t<a href=\"https:\/\/www.hiperbaric.com\/wp-content\/uploads\/2019\/06\/TablaMecanizado8.jpg\" target=\"_self\" itemprop=\"url\" rel=\"noopener noreferrer\">\n\t\t\t\t<img decoding=\"async\" loading=\"lazy\" src=\"https:\/\/www.hiperbaric.com\/wp-content\/uploads\/2019\/06\/TablaMecanizado8.jpg\" alt=\"Gr\u00faas Puente\nGH\n2 X 32T + 1 X 16T + 1 X 32T con gancho 5T\" itemprop=\"image\" height=\"364\" width=\"1056\" title=\"TablaMecanizado8\" onerror=\"this.style.display='none'\"  \/>\n\t\t\t\t\t\t<\/a>\n\t\tGr\u00faas Puente\nGH\n2 X 32T + 1 X 16T + 1 X 32T con gancho 5T\n","protected":false},"excerpt":{"rendered":"<p>Los sectores industriales m\u00e1s exigentes requieren que sus componentes m\u00e1s cr\u00edticos cumplan con\u00a0estrictos est\u00e1ndares de calidad\u00a0para proporcionar un producto seguro y confiable. Los servicios de mecanizado de precisi\u00f3n de Hiperbaric garantizan una alta calidad de los componentes fabricados para obtener la tolerancia requerida. Hiperbaric es l\u00edder mundial de la tecnolog\u00eda HPP, en parte gracias al&#8230;<\/p>\n","protected":false},"author":1,"featured_media":0,"parent":17367,"menu_order":0,"comment_status":"closed","ping_status":"closed","template":"","meta":{"om_disable_all_campaigns":false,"inline_featured_image":false,"_monsterinsights_skip_tracking":false,"_monsterinsights_sitenote_active":false,"_monsterinsights_sitenote_note":"","_monsterinsights_sitenote_category":0,"footnotes":"","_wp_rev_ctl_limit":""},"acf":[],"yoast_head":"<!-- This site is optimized with the Yoast SEO plugin v22.4 - https:\/\/yoast.com\/wordpress\/plugins\/seo\/ -->\n<title>Servicios de mecanizado - Hiperbaric<\/title>\n<meta name=\"robots\" content=\"index, follow, max-snippet:-1, max-image-preview:large, max-video-preview:-1\" \/>\n<link rel=\"canonical\" href=\"https:\/\/www.hiperbaric.com\/es\/lineas-de-negocio\/servicios-de-mecanizado\/\" \/>\n<meta property=\"og:locale\" content=\"es_ES\" \/>\n<meta property=\"og:type\" content=\"article\" \/>\n<meta property=\"og:title\" content=\"Servicios de mecanizado - Hiperbaric\" \/>\n<meta property=\"og:description\" content=\"Los sectores industriales m\u00e1s exigentes requieren que sus componentes m\u00e1s cr\u00edticos cumplan con\u00a0estrictos est\u00e1ndares de calidad\u00a0para proporcionar un producto seguro y confiable. Los servicios de mecanizado de precisi\u00f3n de Hiperbaric garantizan una alta calidad de los componentes fabricados para obtener la tolerancia requerida. Hiperbaric es l\u00edder mundial de la tecnolog\u00eda HPP, en parte gracias al...\" \/>\n<meta property=\"og:url\" content=\"https:\/\/www.hiperbaric.com\/es\/lineas-de-negocio\/servicios-de-mecanizado\/\" \/>\n<meta property=\"og:site_name\" content=\"Hiperbaric\" \/>\n<meta property=\"article:modified_time\" content=\"2021-04-06T08:14:55+00:00\" \/>\n<meta property=\"og:image\" content=\"https:\/\/www.hiperbaric.com\/wp-content\/uploads\/2019\/07\/TablaMecanizado1.png\" \/>\n<meta name=\"twitter:card\" content=\"summary_large_image\" \/>\n<meta name=\"twitter:label1\" content=\"Tiempo de lectura\" \/>\n\t<meta name=\"twitter:data1\" content=\"2 minutos\" \/>\n<script type=\"application\/ld+json\" class=\"yoast-schema-graph\">{\"@context\":\"https:\/\/schema.org\",\"@graph\":[{\"@type\":\"WebPage\",\"@id\":\"https:\/\/www.hiperbaric.com\/es\/lineas-de-negocio\/servicios-de-mecanizado\/\",\"url\":\"https:\/\/www.hiperbaric.com\/es\/lineas-de-negocio\/servicios-de-mecanizado\/\",\"name\":\"Servicios de mecanizado - Hiperbaric\",\"isPartOf\":{\"@id\":\"https:\/\/www.hiperbaric.com\/en\/#website\"},\"primaryImageOfPage\":{\"@id\":\"https:\/\/www.hiperbaric.com\/es\/lineas-de-negocio\/servicios-de-mecanizado\/#primaryimage\"},\"image\":{\"@id\":\"https:\/\/www.hiperbaric.com\/es\/lineas-de-negocio\/servicios-de-mecanizado\/#primaryimage\"},\"thumbnailUrl\":\"https:\/\/www.hiperbaric.com\/wp-content\/uploads\/2019\/07\/TablaMecanizado1.png\",\"datePublished\":\"2020-07-23T14:27:04+00:00\",\"dateModified\":\"2021-04-06T08:14:55+00:00\",\"breadcrumb\":{\"@id\":\"https:\/\/www.hiperbaric.com\/es\/lineas-de-negocio\/servicios-de-mecanizado\/#breadcrumb\"},\"inLanguage\":\"es\",\"potentialAction\":[{\"@type\":\"ReadAction\",\"target\":[\"https:\/\/www.hiperbaric.com\/es\/lineas-de-negocio\/servicios-de-mecanizado\/\"]}]},{\"@type\":\"ImageObject\",\"inLanguage\":\"es\",\"@id\":\"https:\/\/www.hiperbaric.com\/es\/lineas-de-negocio\/servicios-de-mecanizado\/#primaryimage\",\"url\":\"https:\/\/www.hiperbaric.com\/wp-content\/uploads\/2019\/07\/TablaMecanizado1.png\",\"contentUrl\":\"https:\/\/www.hiperbaric.com\/wp-content\/uploads\/2019\/07\/TablaMecanizado1.png\"},{\"@type\":\"BreadcrumbList\",\"@id\":\"https:\/\/www.hiperbaric.com\/es\/lineas-de-negocio\/servicios-de-mecanizado\/#breadcrumb\",\"itemListElement\":[{\"@type\":\"ListItem\",\"position\":1,\"name\":\"Home\",\"item\":\"https:\/\/www.hiperbaric.com\/es\/\"},{\"@type\":\"ListItem\",\"position\":2,\"name\":\"L\u00edneas de negocio\",\"item\":\"https:\/\/www.hiperbaric.com\/es\/lineas-de-negocio\/\"},{\"@type\":\"ListItem\",\"position\":3,\"name\":\"Servicios de mecanizado\"}]},{\"@type\":\"WebSite\",\"@id\":\"https:\/\/www.hiperbaric.com\/en\/#website\",\"url\":\"https:\/\/www.hiperbaric.com\/en\/\",\"name\":\"Hiperbaric\",\"description\":\"Procesado para la conservaci\u00f3n de alimentos\",\"publisher\":{\"@id\":\"https:\/\/www.hiperbaric.com\/en\/#organization\"},\"potentialAction\":[{\"@type\":\"SearchAction\",\"target\":{\"@type\":\"EntryPoint\",\"urlTemplate\":\"https:\/\/www.hiperbaric.com\/en\/?s={search_term_string}\"},\"query-input\":\"required name=search_term_string\"}],\"inLanguage\":\"es\"},{\"@type\":\"Organization\",\"@id\":\"https:\/\/www.hiperbaric.com\/en\/#organization\",\"name\":\"Hiperbaric\",\"url\":\"https:\/\/www.hiperbaric.com\/en\/\",\"logo\":{\"@type\":\"ImageObject\",\"inLanguage\":\"es\",\"@id\":\"https:\/\/www.hiperbaric.com\/en\/#\/schema\/logo\/image\/\",\"url\":\"https:\/\/www.hiperbaric.com\/wp-content\/uploads\/2026\/01\/cropped-hiperbaric-logotipo-1-2.png\",\"contentUrl\":\"https:\/\/www.hiperbaric.com\/wp-content\/uploads\/2026\/01\/cropped-hiperbaric-logotipo-1-2.png\",\"width\":340,\"height\":72,\"caption\":\"Hiperbaric\"},\"image\":{\"@id\":\"https:\/\/www.hiperbaric.com\/en\/#\/schema\/logo\/image\/\"}}]}<\/script>\n<!-- \/ Yoast SEO plugin. -->","yoast_head_json":{"title":"Servicios de mecanizado - Hiperbaric","robots":{"index":"index","follow":"follow","max-snippet":"max-snippet:-1","max-image-preview":"max-image-preview:large","max-video-preview":"max-video-preview:-1"},"canonical":"https:\/\/www.hiperbaric.com\/es\/lineas-de-negocio\/servicios-de-mecanizado\/","og_locale":"es_ES","og_type":"article","og_title":"Servicios de mecanizado - Hiperbaric","og_description":"Los sectores industriales m\u00e1s exigentes requieren que sus componentes m\u00e1s cr\u00edticos cumplan con\u00a0estrictos est\u00e1ndares de calidad\u00a0para proporcionar un producto seguro y confiable. Los servicios de mecanizado de precisi\u00f3n de Hiperbaric garantizan una alta calidad de los componentes fabricados para obtener la tolerancia requerida. Hiperbaric es l\u00edder mundial de la tecnolog\u00eda HPP, en parte gracias al...","og_url":"https:\/\/www.hiperbaric.com\/es\/lineas-de-negocio\/servicios-de-mecanizado\/","og_site_name":"Hiperbaric","article_modified_time":"2021-04-06T08:14:55+00:00","og_image":[{"url":"https:\/\/www.hiperbaric.com\/wp-content\/uploads\/2019\/07\/TablaMecanizado1.png"}],"twitter_card":"summary_large_image","twitter_misc":{"Tiempo de lectura":"2 minutos"},"schema":{"@context":"https:\/\/schema.org","@graph":[{"@type":"WebPage","@id":"https:\/\/www.hiperbaric.com\/es\/lineas-de-negocio\/servicios-de-mecanizado\/","url":"https:\/\/www.hiperbaric.com\/es\/lineas-de-negocio\/servicios-de-mecanizado\/","name":"Servicios de mecanizado - Hiperbaric","isPartOf":{"@id":"https:\/\/www.hiperbaric.com\/en\/#website"},"primaryImageOfPage":{"@id":"https:\/\/www.hiperbaric.com\/es\/lineas-de-negocio\/servicios-de-mecanizado\/#primaryimage"},"image":{"@id":"https:\/\/www.hiperbaric.com\/es\/lineas-de-negocio\/servicios-de-mecanizado\/#primaryimage"},"thumbnailUrl":"https:\/\/www.hiperbaric.com\/wp-content\/uploads\/2019\/07\/TablaMecanizado1.png","datePublished":"2020-07-23T14:27:04+00:00","dateModified":"2021-04-06T08:14:55+00:00","breadcrumb":{"@id":"https:\/\/www.hiperbaric.com\/es\/lineas-de-negocio\/servicios-de-mecanizado\/#breadcrumb"},"inLanguage":"es","potentialAction":[{"@type":"ReadAction","target":["https:\/\/www.hiperbaric.com\/es\/lineas-de-negocio\/servicios-de-mecanizado\/"]}]},{"@type":"ImageObject","inLanguage":"es","@id":"https:\/\/www.hiperbaric.com\/es\/lineas-de-negocio\/servicios-de-mecanizado\/#primaryimage","url":"https:\/\/www.hiperbaric.com\/wp-content\/uploads\/2019\/07\/TablaMecanizado1.png","contentUrl":"https:\/\/www.hiperbaric.com\/wp-content\/uploads\/2019\/07\/TablaMecanizado1.png"},{"@type":"BreadcrumbList","@id":"https:\/\/www.hiperbaric.com\/es\/lineas-de-negocio\/servicios-de-mecanizado\/#breadcrumb","itemListElement":[{"@type":"ListItem","position":1,"name":"Home","item":"https:\/\/www.hiperbaric.com\/es\/"},{"@type":"ListItem","position":2,"name":"L\u00edneas de negocio","item":"https:\/\/www.hiperbaric.com\/es\/lineas-de-negocio\/"},{"@type":"ListItem","position":3,"name":"Servicios de mecanizado"}]},{"@type":"WebSite","@id":"https:\/\/www.hiperbaric.com\/en\/#website","url":"https:\/\/www.hiperbaric.com\/en\/","name":"Hiperbaric","description":"Procesado para la conservaci\u00f3n de alimentos","publisher":{"@id":"https:\/\/www.hiperbaric.com\/en\/#organization"},"potentialAction":[{"@type":"SearchAction","target":{"@type":"EntryPoint","urlTemplate":"https:\/\/www.hiperbaric.com\/en\/?s={search_term_string}"},"query-input":"required name=search_term_string"}],"inLanguage":"es"},{"@type":"Organization","@id":"https:\/\/www.hiperbaric.com\/en\/#organization","name":"Hiperbaric","url":"https:\/\/www.hiperbaric.com\/en\/","logo":{"@type":"ImageObject","inLanguage":"es","@id":"https:\/\/www.hiperbaric.com\/en\/#\/schema\/logo\/image\/","url":"https:\/\/www.hiperbaric.com\/wp-content\/uploads\/2026\/01\/cropped-hiperbaric-logotipo-1-2.png","contentUrl":"https:\/\/www.hiperbaric.com\/wp-content\/uploads\/2026\/01\/cropped-hiperbaric-logotipo-1-2.png","width":340,"height":72,"caption":"Hiperbaric"},"image":{"@id":"https:\/\/www.hiperbaric.com\/en\/#\/schema\/logo\/image\/"}}]}},"_links":{"self":[{"href":"https:\/\/www.hiperbaric.com\/es\/wp-json\/wp\/v2\/pages\/21203"}],"collection":[{"href":"https:\/\/www.hiperbaric.com\/es\/wp-json\/wp\/v2\/pages"}],"about":[{"href":"https:\/\/www.hiperbaric.com\/es\/wp-json\/wp\/v2\/types\/page"}],"author":[{"embeddable":true,"href":"https:\/\/www.hiperbaric.com\/es\/wp-json\/wp\/v2\/users\/1"}],"replies":[{"embeddable":true,"href":"https:\/\/www.hiperbaric.com\/es\/wp-json\/wp\/v2\/comments?post=21203"}],"version-history":[{"count":0,"href":"https:\/\/www.hiperbaric.com\/es\/wp-json\/wp\/v2\/pages\/21203\/revisions"}],"up":[{"embeddable":true,"href":"https:\/\/www.hiperbaric.com\/es\/wp-json\/wp\/v2\/pages\/17367"}],"wp:attachment":[{"href":"https:\/\/www.hiperbaric.com\/es\/wp-json\/wp\/v2\/media?parent=21203"}],"curies":[{"name":"wp","href":"https:\/\/api.w.org\/{rel}","templated":true}]}}