{"id":21130,"date":"2020-07-23T08:19:53","date_gmt":"2020-07-23T06:19:53","guid":{"rendered":"https:\/\/www.hiperbaric.com\/?page_id=21130"},"modified":"2020-11-16T13:22:57","modified_gmt":"2020-11-16T12:22:57","slug":"mas-informacion-sobre-hpp","status":"publish","type":"page","link":"https:\/\/www.hiperbaric.com\/es\/tecnologia-hpp\/que-es-la-hpp\/mas-informacion-sobre-hpp\/","title":{"rendered":"M\u00e1s informaci\u00f3n sobre HPP"},"content":{"rendered":"\r\n<p>Las altas presiones no afectan a los enlaces covalentes, por lo que el sabor o las propiedades nutricionales del alimento permanecen intactas. Sin embargo s\u00ed que se modifica la estructura tridimensional de ciertas macromol\u00e9culas como prote\u00ednas y polisac\u00e1ridos. Son precisamente estas modificaciones las que causan la ruptura de la membrana de los microorganismos, provocando su inactivaci\u00f3n. La HPP es <strong><a href=\"#\">respetuosa con el alimento y altamente eficaz<\/a><\/strong> en cuanto a la destrucci\u00f3n de g\u00e9rmenes, alterantes y pat\u00f3genos como levaduras, mohos y bacterias.<\/p>\r\n<blockquote>\r\n<p>HPP es sin\u00f3nimo de productos m\u00ednimamente procesados, listos para su consumo, de mayor calidad sensorial y nutricional, sin aditivos ni conservantes, con una extensa vida \u00fatil y con total garant\u00eda alimentaria.<\/p>\r\n<\/blockquote>\r\n<p>Actualmente se utiliza para el procesado de <a href=\"\/tecnologia-hpp\/aplicaciones\/\">todo tipo de alimentos y bebidas<\/a> que generalmente deber\u00e1n conservarse en refrigeraci\u00f3n hasta su consumo.<\/p>\r\n<h2 data-element-id=\"hmap-4\">La tecnolog\u00eda HPP de Hiperbaric es la m\u00e1s vers\u00e1til y f\u00e1cil de implementar<\/h2>\r\n<p>Hasta hace poco s\u00f3lo estaban disponibles equipos de <a href=\"\/tecnologia-hpp\/equipos\/hpp-in-pack\/\">HPP In-Pack<\/a>, en los que el proceso es discontinuo y se aplica a productos ya envasados. La \u00fanica excepci\u00f3n es la <a href=\"\/tecnologia-hpp\/aplicaciones\/pescados-y-mariscos\/\">extracci\u00f3n de carne de marisco y apertura de crust\u00e1ceos<\/a>; una aplicaci\u00f3n en la que productos del mar se procesan sin envase. En dicho caso se utilizan presiones de 3.000 bar \/300 MPa \/43.000 psi.<\/p>\r\n<p>Desde 2019 Hiperbaric pone a tu disposici\u00f3n la tecnolog\u00eda <a href=\"\/tecnologia-hpp\/equipos\/hpp-in-bulk\/\">In-Bulk (patent-pending)<\/a> para el procesado de l\u00edquidos a granel.<\/p>\r\n<p>Hiperbaric pone a tu disposici\u00f3n dos conceptos de una misma tecnolog\u00eda: <a href=\"\/tecnologia-hpp\/equipos\/hpp-in-pack\/\">In-Pack<\/a> o <a href=\"\/tecnologia-hpp\/equipos\/hpp-in-bulk\/\">In-Bulk<\/a>. Soluciones personalizadas y flexibles que se adaptan a cualquier sector y tipo de negocio.<\/p>\r\n<p><img decoding=\"async\" loading=\"lazy\" title=\"HB1\" src=\"https:\/\/www.hiperbaric.com\/wp-content\/uploads\/2020\/07\/HB1.png\" alt=\"HB1\" width=\"1920\" height=\"1080\" \/> <iframe loading=\"lazy\" src=\"https:\/\/www.youtube.com\/embed\/6LMgSRewsuQ\" width=\"560\" height=\"315\" frameborder=\"0\" allowfullscreen=\"allowfullscreen\"><\/iframe> <iframe loading=\"lazy\" src=\"https:\/\/www.youtube.com\/embed\/C765qAjg77o\" width=\"560\" height=\"315\" frameborder=\"0\" allowfullscreen=\"allowfullscreen\"><\/iframe><\/p>\r\n<h2 data-element-id=\"hmap-4\">Una tecnolog\u00eda globalmente reconocida por agencias de seguridad alimentaria<\/h2>\r\n<p>La HPP es la tecnolog\u00eda at\u00e9rmica de conservaci\u00f3n que tiene m\u00e1s aplicaciones industriales en todo el mundo y cuyo uso est\u00e1 <a href=\"#\">aprobado por las principales autoridades alimentarias<\/a>. Numerosos trabajos cient\u00edficos y estudios de validaci\u00f3n avalan que la tecnolog\u00eda HPP es capaz de conseguir una reducci\u00f3n de 5 logaritmos de microorganismos pat\u00f3genos pertinentes en zumos, tal como exige la FDA en Estados Unidos.<\/p>\r\n<h2 data-element-id=\"hmap-4\">La tecnolog\u00eda HPP puede multiplicar la vida \u00fatil del producto entre 4-30 veces<\/h2>\r\n<p>Un zumo de naranja reci\u00e9n exprimido, procesado por altas presiones, mantiene su sabor original y todas sus vitaminas y nutrientes durante varias semanas o incluso meses, lo que supone una extensi\u00f3n de vida \u00fatil de hasta 30 veces, teniendo en cuenta que un zumo fresco cuenta con una vida \u00fatil de 2-3 d\u00edas.<\/p>\r\n<p>HPP puede multiplicar la vida \u00fatil de platos preparados y productos c\u00e1rnicos hasta 4 veces. En el caso de los dips de base vegetal, con el guacamole como gran protagonista, las altas presiones mantienen todas las propiedades del producto fresco alrededor de 45 d\u00edas, dependiendo de cada producto en particular.<\/p>\r\n<p><img decoding=\"async\" loading=\"lazy\" title=\"HPP2\" src=\"https:\/\/www.hiperbaric.com\/wp-content\/uploads\/2020\/07\/HPP2.png\" alt=\"HPP2\" width=\"1920\" height=\"1080\" \/><\/p>\r\n","protected":false},"excerpt":{"rendered":"<p>Las altas presiones no afectan a los enlaces covalentes, por lo que el sabor o las propiedades nutricionales del alimento permanecen intactas. Sin embargo s\u00ed que se modifica la estructura tridimensional de ciertas macromol\u00e9culas como prote\u00ednas y polisac\u00e1ridos. Son precisamente estas modificaciones las que causan la ruptura de la membrana de los microorganismos, provocando su&#8230;<\/p>\n","protected":false},"author":1,"featured_media":0,"parent":17381,"menu_order":0,"comment_status":"closed","ping_status":"closed","template":"","meta":{"om_disable_all_campaigns":false,"inline_featured_image":false,"_monsterinsights_skip_tracking":false,"_monsterinsights_sitenote_active":false,"_monsterinsights_sitenote_note":"","_monsterinsights_sitenote_category":0,"footnotes":"","_wp_rev_ctl_limit":""},"acf":[],"yoast_head":"<!-- This site is optimized with the Yoast SEO plugin v22.4 - https:\/\/yoast.com\/wordpress\/plugins\/seo\/ -->\n<title>La HPP es la tecnolog\u00eda at\u00e9rmica de conservaci\u00f3n de Hiperbaric<\/title>\n<meta name=\"description\" content=\"HPP es sin\u00f3nimo de productos m\u00ednimamente procesados, listos para su consumo, de mayor calidad sensorial y nutricional\" \/>\n<meta name=\"robots\" content=\"index, follow, max-snippet:-1, max-image-preview:large, max-video-preview:-1\" \/>\n<link rel=\"canonical\" href=\"https:\/\/www.hiperbaric.com\/es\/tecnologia-hpp\/que-es-la-hpp\/mas-informacion-sobre-hpp\/\" \/>\n<meta property=\"og:locale\" content=\"es_ES\" \/>\n<meta property=\"og:type\" content=\"article\" \/>\n<meta property=\"og:title\" content=\"La HPP es la tecnolog\u00eda at\u00e9rmica de conservaci\u00f3n de Hiperbaric\" \/>\n<meta property=\"og:description\" content=\"HPP es sin\u00f3nimo de productos m\u00ednimamente procesados, listos para su consumo, de mayor calidad sensorial y nutricional\" \/>\n<meta property=\"og:url\" content=\"https:\/\/www.hiperbaric.com\/es\/tecnologia-hpp\/que-es-la-hpp\/mas-informacion-sobre-hpp\/\" \/>\n<meta property=\"og:site_name\" content=\"Hiperbaric\" \/>\n<meta property=\"article:modified_time\" content=\"2020-11-16T12:22:57+00:00\" \/>\n<meta property=\"og:image\" content=\"https:\/\/www.hiperbaric.com\/wp-content\/uploads\/2020\/07\/HB1.png\" \/>\n<meta name=\"twitter:card\" content=\"summary_large_image\" \/>\n<meta name=\"twitter:label1\" content=\"Tiempo de lectura\" \/>\n\t<meta name=\"twitter:data1\" content=\"2 minutos\" \/>\n<script type=\"application\/ld+json\" class=\"yoast-schema-graph\">{\"@context\":\"https:\/\/schema.org\",\"@graph\":[{\"@type\":\"WebPage\",\"@id\":\"https:\/\/www.hiperbaric.com\/es\/tecnologia-hpp\/que-es-la-hpp\/mas-informacion-sobre-hpp\/\",\"url\":\"https:\/\/www.hiperbaric.com\/es\/tecnologia-hpp\/que-es-la-hpp\/mas-informacion-sobre-hpp\/\",\"name\":\"La HPP es la tecnolog\u00eda at\u00e9rmica de conservaci\u00f3n de Hiperbaric\",\"isPartOf\":{\"@id\":\"https:\/\/www.hiperbaric.com\/en\/#website\"},\"primaryImageOfPage\":{\"@id\":\"https:\/\/www.hiperbaric.com\/es\/tecnologia-hpp\/que-es-la-hpp\/mas-informacion-sobre-hpp\/#primaryimage\"},\"image\":{\"@id\":\"https:\/\/www.hiperbaric.com\/es\/tecnologia-hpp\/que-es-la-hpp\/mas-informacion-sobre-hpp\/#primaryimage\"},\"thumbnailUrl\":\"https:\/\/www.hiperbaric.com\/wp-content\/uploads\/2020\/07\/HB1.png\",\"datePublished\":\"2020-07-23T06:19:53+00:00\",\"dateModified\":\"2020-11-16T12:22:57+00:00\",\"description\":\"HPP es sin\u00f3nimo de productos m\u00ednimamente procesados, listos para su consumo, de mayor calidad sensorial y nutricional\",\"breadcrumb\":{\"@id\":\"https:\/\/www.hiperbaric.com\/es\/tecnologia-hpp\/que-es-la-hpp\/mas-informacion-sobre-hpp\/#breadcrumb\"},\"inLanguage\":\"es\",\"potentialAction\":[{\"@type\":\"ReadAction\",\"target\":[\"https:\/\/www.hiperbaric.com\/es\/tecnologia-hpp\/que-es-la-hpp\/mas-informacion-sobre-hpp\/\"]}]},{\"@type\":\"ImageObject\",\"inLanguage\":\"es\",\"@id\":\"https:\/\/www.hiperbaric.com\/es\/tecnologia-hpp\/que-es-la-hpp\/mas-informacion-sobre-hpp\/#primaryimage\",\"url\":\"https:\/\/www.hiperbaric.com\/wp-content\/uploads\/2020\/07\/HB1.png\",\"contentUrl\":\"https:\/\/www.hiperbaric.com\/wp-content\/uploads\/2020\/07\/HB1.png\"},{\"@type\":\"BreadcrumbList\",\"@id\":\"https:\/\/www.hiperbaric.com\/es\/tecnologia-hpp\/que-es-la-hpp\/mas-informacion-sobre-hpp\/#breadcrumb\",\"itemListElement\":[{\"@type\":\"ListItem\",\"position\":1,\"name\":\"Home\",\"item\":\"https:\/\/www.hiperbaric.com\/es\/\"},{\"@type\":\"ListItem\",\"position\":2,\"name\":\"Tecnolog\u00eda HPP\",\"item\":\"https:\/\/www.hiperbaric.com\/es\/tecnologia-hpp\/\"},{\"@type\":\"ListItem\",\"position\":3,\"name\":\"Qu\u00e9 es la tecnolog\u00eda HPP\",\"item\":\"https:\/\/www.hiperbaric.com\/es\/tecnologia-hpp\/que-es-la-hpp\/\"},{\"@type\":\"ListItem\",\"position\":4,\"name\":\"M\u00e1s informaci\u00f3n sobre HPP\"}]},{\"@type\":\"WebSite\",\"@id\":\"https:\/\/www.hiperbaric.com\/en\/#website\",\"url\":\"https:\/\/www.hiperbaric.com\/en\/\",\"name\":\"Hiperbaric\",\"description\":\"Procesado para la conservaci\u00f3n de alimentos\",\"publisher\":{\"@id\":\"https:\/\/www.hiperbaric.com\/en\/#organization\"},\"potentialAction\":[{\"@type\":\"SearchAction\",\"target\":{\"@type\":\"EntryPoint\",\"urlTemplate\":\"https:\/\/www.hiperbaric.com\/en\/?s={search_term_string}\"},\"query-input\":\"required name=search_term_string\"}],\"inLanguage\":\"es\"},{\"@type\":\"Organization\",\"@id\":\"https:\/\/www.hiperbaric.com\/en\/#organization\",\"name\":\"Hiperbaric\",\"url\":\"https:\/\/www.hiperbaric.com\/en\/\",\"logo\":{\"@type\":\"ImageObject\",\"inLanguage\":\"es\",\"@id\":\"https:\/\/www.hiperbaric.com\/en\/#\/schema\/logo\/image\/\",\"url\":\"https:\/\/www.hiperbaric.com\/wp-content\/uploads\/2026\/01\/cropped-hiperbaric-logotipo-1-2.png\",\"contentUrl\":\"https:\/\/www.hiperbaric.com\/wp-content\/uploads\/2026\/01\/cropped-hiperbaric-logotipo-1-2.png\",\"width\":340,\"height\":72,\"caption\":\"Hiperbaric\"},\"image\":{\"@id\":\"https:\/\/www.hiperbaric.com\/en\/#\/schema\/logo\/image\/\"}}]}<\/script>\n<!-- \/ Yoast SEO plugin. -->","yoast_head_json":{"title":"La HPP es la tecnolog\u00eda at\u00e9rmica de conservaci\u00f3n de Hiperbaric","description":"HPP es sin\u00f3nimo de productos m\u00ednimamente procesados, listos para su consumo, de mayor calidad sensorial y nutricional","robots":{"index":"index","follow":"follow","max-snippet":"max-snippet:-1","max-image-preview":"max-image-preview:large","max-video-preview":"max-video-preview:-1"},"canonical":"https:\/\/www.hiperbaric.com\/es\/tecnologia-hpp\/que-es-la-hpp\/mas-informacion-sobre-hpp\/","og_locale":"es_ES","og_type":"article","og_title":"La HPP es la tecnolog\u00eda at\u00e9rmica de conservaci\u00f3n de Hiperbaric","og_description":"HPP es sin\u00f3nimo de productos m\u00ednimamente procesados, listos para su consumo, de mayor calidad sensorial y nutricional","og_url":"https:\/\/www.hiperbaric.com\/es\/tecnologia-hpp\/que-es-la-hpp\/mas-informacion-sobre-hpp\/","og_site_name":"Hiperbaric","article_modified_time":"2020-11-16T12:22:57+00:00","og_image":[{"url":"https:\/\/www.hiperbaric.com\/wp-content\/uploads\/2020\/07\/HB1.png"}],"twitter_card":"summary_large_image","twitter_misc":{"Tiempo de lectura":"2 minutos"},"schema":{"@context":"https:\/\/schema.org","@graph":[{"@type":"WebPage","@id":"https:\/\/www.hiperbaric.com\/es\/tecnologia-hpp\/que-es-la-hpp\/mas-informacion-sobre-hpp\/","url":"https:\/\/www.hiperbaric.com\/es\/tecnologia-hpp\/que-es-la-hpp\/mas-informacion-sobre-hpp\/","name":"La HPP es la tecnolog\u00eda at\u00e9rmica de conservaci\u00f3n de Hiperbaric","isPartOf":{"@id":"https:\/\/www.hiperbaric.com\/en\/#website"},"primaryImageOfPage":{"@id":"https:\/\/www.hiperbaric.com\/es\/tecnologia-hpp\/que-es-la-hpp\/mas-informacion-sobre-hpp\/#primaryimage"},"image":{"@id":"https:\/\/www.hiperbaric.com\/es\/tecnologia-hpp\/que-es-la-hpp\/mas-informacion-sobre-hpp\/#primaryimage"},"thumbnailUrl":"https:\/\/www.hiperbaric.com\/wp-content\/uploads\/2020\/07\/HB1.png","datePublished":"2020-07-23T06:19:53+00:00","dateModified":"2020-11-16T12:22:57+00:00","description":"HPP es sin\u00f3nimo de productos m\u00ednimamente procesados, listos para su consumo, de mayor calidad sensorial y nutricional","breadcrumb":{"@id":"https:\/\/www.hiperbaric.com\/es\/tecnologia-hpp\/que-es-la-hpp\/mas-informacion-sobre-hpp\/#breadcrumb"},"inLanguage":"es","potentialAction":[{"@type":"ReadAction","target":["https:\/\/www.hiperbaric.com\/es\/tecnologia-hpp\/que-es-la-hpp\/mas-informacion-sobre-hpp\/"]}]},{"@type":"ImageObject","inLanguage":"es","@id":"https:\/\/www.hiperbaric.com\/es\/tecnologia-hpp\/que-es-la-hpp\/mas-informacion-sobre-hpp\/#primaryimage","url":"https:\/\/www.hiperbaric.com\/wp-content\/uploads\/2020\/07\/HB1.png","contentUrl":"https:\/\/www.hiperbaric.com\/wp-content\/uploads\/2020\/07\/HB1.png"},{"@type":"BreadcrumbList","@id":"https:\/\/www.hiperbaric.com\/es\/tecnologia-hpp\/que-es-la-hpp\/mas-informacion-sobre-hpp\/#breadcrumb","itemListElement":[{"@type":"ListItem","position":1,"name":"Home","item":"https:\/\/www.hiperbaric.com\/es\/"},{"@type":"ListItem","position":2,"name":"Tecnolog\u00eda HPP","item":"https:\/\/www.hiperbaric.com\/es\/tecnologia-hpp\/"},{"@type":"ListItem","position":3,"name":"Qu\u00e9 es la tecnolog\u00eda HPP","item":"https:\/\/www.hiperbaric.com\/es\/tecnologia-hpp\/que-es-la-hpp\/"},{"@type":"ListItem","position":4,"name":"M\u00e1s informaci\u00f3n sobre HPP"}]},{"@type":"WebSite","@id":"https:\/\/www.hiperbaric.com\/en\/#website","url":"https:\/\/www.hiperbaric.com\/en\/","name":"Hiperbaric","description":"Procesado para la conservaci\u00f3n de alimentos","publisher":{"@id":"https:\/\/www.hiperbaric.com\/en\/#organization"},"potentialAction":[{"@type":"SearchAction","target":{"@type":"EntryPoint","urlTemplate":"https:\/\/www.hiperbaric.com\/en\/?s={search_term_string}"},"query-input":"required name=search_term_string"}],"inLanguage":"es"},{"@type":"Organization","@id":"https:\/\/www.hiperbaric.com\/en\/#organization","name":"Hiperbaric","url":"https:\/\/www.hiperbaric.com\/en\/","logo":{"@type":"ImageObject","inLanguage":"es","@id":"https:\/\/www.hiperbaric.com\/en\/#\/schema\/logo\/image\/","url":"https:\/\/www.hiperbaric.com\/wp-content\/uploads\/2026\/01\/cropped-hiperbaric-logotipo-1-2.png","contentUrl":"https:\/\/www.hiperbaric.com\/wp-content\/uploads\/2026\/01\/cropped-hiperbaric-logotipo-1-2.png","width":340,"height":72,"caption":"Hiperbaric"},"image":{"@id":"https:\/\/www.hiperbaric.com\/en\/#\/schema\/logo\/image\/"}}]}},"_links":{"self":[{"href":"https:\/\/www.hiperbaric.com\/es\/wp-json\/wp\/v2\/pages\/21130"}],"collection":[{"href":"https:\/\/www.hiperbaric.com\/es\/wp-json\/wp\/v2\/pages"}],"about":[{"href":"https:\/\/www.hiperbaric.com\/es\/wp-json\/wp\/v2\/types\/page"}],"author":[{"embeddable":true,"href":"https:\/\/www.hiperbaric.com\/es\/wp-json\/wp\/v2\/users\/1"}],"replies":[{"embeddable":true,"href":"https:\/\/www.hiperbaric.com\/es\/wp-json\/wp\/v2\/comments?post=21130"}],"version-history":[{"count":0,"href":"https:\/\/www.hiperbaric.com\/es\/wp-json\/wp\/v2\/pages\/21130\/revisions"}],"up":[{"embeddable":true,"href":"https:\/\/www.hiperbaric.com\/es\/wp-json\/wp\/v2\/pages\/17381"}],"wp:attachment":[{"href":"https:\/\/www.hiperbaric.com\/es\/wp-json\/wp\/v2\/media?parent=21130"}],"curies":[{"name":"wp","href":"https:\/\/api.w.org\/{rel}","templated":true}]}}