{"id":21053,"date":"2020-07-21T10:23:56","date_gmt":"2020-07-21T08:23:56","guid":{"rendered":"https:\/\/www.hiperbaric.com\/?page_id=21053"},"modified":"2022-10-19T14:32:44","modified_gmt":"2022-10-19T12:32:44","slug":"politica-de-privacidad","status":"publish","type":"page","link":"https:\/\/www.hiperbaric.com\/es\/politica-de-privacidad\/","title":{"rendered":"Pol\u00edtica de Privacidad"},"content":{"rendered":"\r\n\r\n\t<h3>\u00bfQUI\u00c9N ES EL RESPONSABLE DEL TRATAMIENTO DE SUS DATOS?<\/h3>\r\n<p>De conformidad con el Reglamento (UE) 2016\/679 del Parlamento Europeo y del Consejo, de 27 de abril de 2016 (RGPD) y con el resto de la legislaci\u00f3n aplicable en Espa\u00f1a en materia de protecci\u00f3n de datos de car\u00e1cter personal, ponemos en su conocimiento que los datos personales facilitados al cumplimentar y enviar los formularios publicados en el presente sitio web, ser\u00e1n incorporados a las actividades de tratamiento de HIPERBARIC, S.A., con NIF A09016338, y con domicilio en Calle Condado de Trevi\u00f1o n\u00ba 6, 09001, Burgos. En adelante, Hiperbaric.<\/p>\r\n<p>&nbsp;<\/p>\r\n<h3>\u00bfCON QU\u00c9 FINALIDAD Y BASE DE LEGITIMACI\u00d3N TRATAMOS SUS DATOS?<\/h3>\r\n<ul>\r\n<li>Contacto: La finalidad de la recogida es la gesti\u00f3n y respuesta de tus peticiones efectuadas a trav\u00e9s de la zona de contacto de nuestra web. Dicho tratamiento est\u00e1 legitimado por el consentimiento expreso que presta al marcar el checkbox de aceptaci\u00f3n (art. 6.1 a) RGPD).<\/li>\r\n<li>Candidaturas de empleo: La recogida de datos en \u00e9ste \u00e1mbito tiene la finalidad de gestionar los procesos de selecci\u00f3n corporativos. Dicho tratamiento est\u00e1 legitimado por la aplicaci\u00f3n, a tu solicitud, de medidas precontractuales (art. 6.1 b) RGPD).<\/li>\r\n<li>Suscripci\u00f3n a nuestra Newsletter: La finalidad de la recogida de datos es la gesti\u00f3n del env\u00edo de nuestra Newsletter. Dicho tratamiento est\u00e1 legitimado por el consentimiento expreso que presta al marcar el checkbox de aceptaci\u00f3n (art. 6.1 a) RGPD).<\/li>\r\n<li>Clientes: El tratamiento de datos en este \u00e1mbito tiene por finalidad la gesti\u00f3n de las relaciones con nuestros clientes. Dicho tratamiento est\u00e1 legitimado por la ejecuci\u00f3n de un contrato entre Hiperbaric y el cliente (art. 6.1 b) RGPD).<\/li>\r\n<li>Proveedores: El tratamiento de datos tiene por finalidad la gesti\u00f3n de la relaci\u00f3n con nuestros proveedores. Dicho tratamiento est\u00e1 legitimado por la ejecuci\u00f3n de un contrato entre Hiperbaric y el proveedor (art. 6.1 b) RGPD).<\/li>\r\n<li>Blog corporativo: El tratamiento de datos tiene por finalidad la gesti\u00f3n de los comentarios que usted publica en nuestro Blog. Dicho tratamiento est\u00e1 legitimado por el consentimiento expreso que presta al publicar su comentario (art. 6.1 a) RGPD).<\/li>\r\n<li>Agentes: Tratamos los datos de nuestros agentes con la finalidad de gestionar la relaci\u00f3n contractual de Hiperbaric con \u00e9stos, y tener una comunicaci\u00f3n m\u00e1s efectiva con nuestros potenciales clientes y clientes en los diferentes pa\u00edses donde operamos. El tratamiento est\u00e1 legitimado en base a la ejecuci\u00f3n de un contrato (art. 6.1 b) RGPD).<\/li>\r\n<li>Hiperbaric Challenge: Tratamos los datos en dicho \u00e1mbito con la finalidad de gestionar la participaci\u00f3n de las personas inscritas en el programa de innovaci\u00f3n educativa Hiperbaric Challenge. El tratamiento est\u00e1 legitimado por el consentimiento expreso que presta al inscribirse en el evento (art. 6.1 a) RGPD).<\/li>\r\n<\/ul>\r\n<p>&nbsp;<\/p>\r\n<h3>\u00bfA QUI\u00c9N COMUNICAREMOS SUS DATOS PERSONALES?<\/h3>\r\n<p>Hiperbaric s\u00f3lo comunicar\u00e1 sus datos personales:<\/p>\r\n<ul>\r\n<li>A aquellos terceros, organismos e instituciones p\u00fablicas de la Administraci\u00f3n General del Estado, de las Administraciones Auton\u00f3micas y locales, incluidos los \u00f3rganos jurisdiccionales a los que est\u00e9 legalmente obligado a facilitarlos.<\/li>\r\n<li>A entidades financieras en caso de ser necesario en base a la relaci\u00f3n que tenga con Hiperbaric.<\/li>\r\n<li>A proveedores de servicios tecnol\u00f3gicos externos, tales como servicios de alojamiento, mantenimiento inform\u00e1tico y otros similares, que prestan sus servicios a Hiperbaric, y que tratar\u00e1n sus datos siguiendo estrictamente las instrucciones de esta entidad y bajo su responsabilidad.<\/li>\r\n<li>A Hiperbaric USA, Hiperbaric Asia, y resto de Delegaciones de Hiperbaric<strong>,<\/strong> \u00fanicamente en caso de ser necesario.<\/li>\r\n<li>A Agentes de Hiperbaric que act\u00faen en su zona \u00fanicamente en caso de ser necesario.<\/li>\r\n<\/ul>\r\n<p>&nbsp;<\/p>\r\n<h3>\u00bfDURANTE CU\u00c1NTO TIEMPO CONSERVAREMOS SUS DATOS?<\/h3>\r\n<p>Los datos personales obtenidos a trav\u00e9s del formulario de contacto para solicitud de informaci\u00f3n, se conservar\u00e1n durante el plazo de 10 a\u00f1os desde el \u00faltimo contacto que tenga con nosotros.<\/p>\r\n<p>Los datos curriculares ser\u00e1n conservados durante el plazo de 2 a\u00f1os desde la finalizaci\u00f3n del proceso de selecci\u00f3n.<\/p>\r\n<p>Los datos personales recabados para la gesti\u00f3n del env\u00edo de nuestra Newsletter ser\u00e1n conservados hasta el momento en que retire su consentimiento.<\/p>\r\n<p>Los datos personales de los clientes ser\u00e1n conservados durante el plazo de 10 a\u00f1os desde la finalizaci\u00f3n del contrato.<\/p>\r\n<p>Los datos personales de los proveedores ser\u00e1n conservados durante el plazo de 5 a\u00f1os desde la finalizaci\u00f3n de la relaci\u00f3n contractual.<\/p>\r\n<p>Los datos personales relativos a los comentarios que publique en nuestro blog corporativo se conservar\u00e1n hasta que retire su consentimiento o elimine el comentario.<\/p>\r\n<p>Los datos personales de nuestros agentes ser\u00e1n conservados durante el tiempo de vigencia de la relaci\u00f3n contractual y, posteriormente, durante el plazo de 5 a\u00f1os.<\/p>\r\n<p>Los datos personales de las personas inscritas en el programa de innovaci\u00f3n educativa Hiperbaric Challenge, ser\u00e1n conservados durante el plazo de 5 a\u00f1os desde la finalizaci\u00f3n del evento.<\/p>\r\n<p>Los datos personales contenidos en las denuncias que pudi\u00e9ramos recibir ser\u00e1n conservados durante el tiempo necesario para gestionar la denuncia y, posteriormente, hasta la prescripci\u00f3n de posibles responsabilidades legales.<\/p>\r\n<p>&nbsp;<\/p>\r\n<h3>\u00bfQU\u00c9 MEDIDAS DE SEGURIDAD SE APLICAR\u00c1N A SUS DATOS PERSONALES?<\/h3>\r\n<p>El tratamiento de los datos personales facilitados se llevar\u00e1 a cabo adoptando las medidas t\u00e9cnicas y organizativas apropiadas para garantizar un nivel de seguridad adecuado al riesgo, teniendo en cuenta el estado de la t\u00e9cnica, los costes de aplicaci\u00f3n, y la naturaleza, alcance, el contexto y los fines del tratamiento, as\u00ed como los riesgos de probabilidad y gravedad variables para los derechos y libertades de las personas f\u00edsicas. Hiperbaric, para dar cumplimiento a este requisito, ha implantado un Sistema de Gesti\u00f3n de Seguridad de la Informaci\u00f3n conforme a la Norma ISO\/IEC 27001:2013.<\/p>\r\n<p>&nbsp;<\/p>\r\n<h3>\u00bfSE REALIZAR\u00c1N TRANSFERENCIAS INTERNACIONALES?<\/h3>\r\n<p>Podr\u00e1n producirse transferencias internacionales de datos en dos supuestos:<\/p>\r\n<ul>\r\n<li>A Hiperbaric USA, Hiperbaric Asia, y resto de Delegaciones de Hiperbaric<strong>,<\/strong> \u00fanicamente en caso de ser necesario.<\/li>\r\n<li>Comunicaci\u00f3n de sus datos a agentes de Hiperbaric que act\u00faen fuera del Espacio Econ\u00f3mico Europeo, en caso que usted solicite informaci\u00f3n desde un pa\u00eds que radique fuera del Espacio Econ\u00f3mico Europeo y sea necesaria dicha comunicaci\u00f3n para gestionar nuestra relaci\u00f3n.<\/li>\r\n<\/ul>\r\n<p>Hiperbaric garantiza que las transferencias internacionales de datos que se produzcan, en caso de ser necesario, cumple con todas las garant\u00edas previstas en RGPD y resto de normativa aplicable en la materia.<\/p>\r\n<p>&nbsp;<\/p>\r\n<h3>\u00bfC\u00d3MO PUEDE EJERCITAR SUS DERECHOS EN RELACI\u00d3N CON SUS DATOS PERSONALES?<\/h3>\r\n<p>En el caso de que usted quiera revocar los consentimientos otorgados, as\u00ed como para ejercer los derechos de acceso, rectificaci\u00f3n, supresi\u00f3n, oposici\u00f3n, limitaci\u00f3n, portabilidad y derecho a no ser objeto de decisiones automatizadas, podr\u00e1 dirigirse a Hiperbaric mediante petici\u00f3n escrita al domicilio postal sito en Calle Condado de Trevi\u00f1o n\u00ba 6, 09001, Burgos; o a trav\u00e9s de correo electr\u00f3nico a <a href=\"mailto:rrhh@hiperbaric.com\">rrhh@hiperbaric.com<\/a>.<\/p>\r\n<p>Dicha petici\u00f3n deber\u00e1 incluir el nombre y apellidos del interesado y especificaci\u00f3n del objeto de la petici\u00f3n.<\/p>\r\n<p>En caso de que el interesado considere que los anteriores derechos no han sido atendidos conforme a la legalidad vigente, podr\u00e1 presentar la correspondiente reclamaci\u00f3n de tutela de derechos ante la Agencia Espa\u00f1ola de Protecci\u00f3n de Datos.<\/p>\r\n<p>&nbsp;<\/p>\r\n<h3>CAR\u00c1CTER OBLIGATORIO O FACULTATIVO DE LOS DATOS SOLICITADOS<\/h3>\r\n<p>Los datos obligatorios de cada formulario est\u00e1n identificados como tales con el distintivo de \u00ab*\u00bb. La negativa a suministrar dicha informaci\u00f3n impedir\u00e1 la comunicaci\u00f3n con el usuario y, en su caso, la imposibilidad de facilitarle la informaci\u00f3n y\/o la asistencia solicitada.<\/p>\r\n<p>&nbsp;<\/p>\r\n<h3>COMPROMISOS DEL USUARIO<\/h3>\r\n<p>El usuario se compromete a informar a Hiperbaric de cualquier modificaci\u00f3n que sufra la informaci\u00f3n facilitada. Para poder realizar dicha comunicaci\u00f3n, podr\u00e1 dirigirse a la cuenta de correo electr\u00f3nico <a href=\"mailto:rrhh@hiperbaric.com\">rrhh@hiperbaric.com<\/a><\/p>\r\n<p>En caso de facilitar datos de terceros, el usuario debe contar con el consentimiento de \u00e9stos, as\u00ed como informarles sobre nuestra Pol\u00edtica de Privacidad, para poner los datos en nuestro conocimiento con todas las garant\u00edas.<\/p>\r\n<p>Igualmente, los clientes se comprometen a guardar sus claves y c\u00f3digos de identificaci\u00f3n en secreto, as\u00ed como a informar lo antes posible a Hiperbaric en caso de p\u00e9rdida, sustracci\u00f3n o acceso no autorizado.<\/p>\r\n<p>En tanto no se produzca dicha comunicaci\u00f3n, Hiperbaric quedar\u00e1 eximida de toda responsabilidad que pudiera derivarse del uso indebido por terceros no autorizados de tales contrase\u00f1as y c\u00f3digos identificativos.<\/p>\r\n\r\n","protected":false},"excerpt":{"rendered":"<p>\u00bfQUI\u00c9N ES EL RESPONSABLE DEL TRATAMIENTO DE SUS DATOS? De conformidad con el Reglamento (UE) 2016\/679 del Parlamento Europeo y del Consejo, de 27 de abril de 2016 (RGPD) y con el resto de la legislaci\u00f3n aplicable en Espa\u00f1a en materia de protecci\u00f3n de datos de car\u00e1cter personal, ponemos en su conocimiento que los datos&#8230;<\/p>\n","protected":false},"author":1,"featured_media":0,"parent":0,"menu_order":0,"comment_status":"closed","ping_status":"closed","template":"","meta":{"om_disable_all_campaigns":false,"inline_featured_image":false,"_monsterinsights_skip_tracking":false,"_monsterinsights_sitenote_active":false,"_monsterinsights_sitenote_note":"","_monsterinsights_sitenote_category":0,"footnotes":"","_wp_rev_ctl_limit":""},"acf":[],"yoast_head":"<!-- This site is optimized with the Yoast SEO plugin v22.4 - https:\/\/yoast.com\/wordpress\/plugins\/seo\/ -->\n<title>Pol\u00edtica de Privacidad - Hiperbaric<\/title>\n<meta name=\"robots\" content=\"index, follow, max-snippet:-1, max-image-preview:large, max-video-preview:-1\" \/>\n<link rel=\"canonical\" href=\"https:\/\/www.hiperbaric.com\/es\/politica-de-privacidad\/\" \/>\n<meta property=\"og:locale\" content=\"es_ES\" \/>\n<meta property=\"og:type\" content=\"article\" \/>\n<meta property=\"og:title\" content=\"Pol\u00edtica de Privacidad - Hiperbaric\" \/>\n<meta property=\"og:description\" content=\"\u00bfQUI\u00c9N ES EL RESPONSABLE DEL TRATAMIENTO DE SUS DATOS? De conformidad con el Reglamento (UE) 2016\/679 del Parlamento Europeo y del Consejo, de 27 de abril de 2016 (RGPD) y con el resto de la legislaci\u00f3n aplicable en Espa\u00f1a en materia de protecci\u00f3n de datos de car\u00e1cter personal, ponemos en su conocimiento que los datos...\" \/>\n<meta property=\"og:url\" content=\"https:\/\/www.hiperbaric.com\/es\/politica-de-privacidad\/\" \/>\n<meta property=\"og:site_name\" content=\"Hiperbaric\" \/>\n<meta property=\"article:modified_time\" content=\"2022-10-19T12:32:44+00:00\" \/>\n<meta name=\"twitter:card\" content=\"summary_large_image\" \/>\n<meta name=\"twitter:label1\" content=\"Tiempo de lectura\" \/>\n\t<meta name=\"twitter:data1\" content=\"6 minutos\" \/>\n<script type=\"application\/ld+json\" class=\"yoast-schema-graph\">{\"@context\":\"https:\/\/schema.org\",\"@graph\":[{\"@type\":\"WebPage\",\"@id\":\"https:\/\/www.hiperbaric.com\/es\/politica-de-privacidad\/\",\"url\":\"https:\/\/www.hiperbaric.com\/es\/politica-de-privacidad\/\",\"name\":\"Pol\u00edtica de Privacidad - Hiperbaric\",\"isPartOf\":{\"@id\":\"https:\/\/www.hiperbaric.com\/en\/#website\"},\"datePublished\":\"2020-07-21T08:23:56+00:00\",\"dateModified\":\"2022-10-19T12:32:44+00:00\",\"breadcrumb\":{\"@id\":\"https:\/\/www.hiperbaric.com\/es\/politica-de-privacidad\/#breadcrumb\"},\"inLanguage\":\"es\",\"potentialAction\":[{\"@type\":\"ReadAction\",\"target\":[\"https:\/\/www.hiperbaric.com\/es\/politica-de-privacidad\/\"]}]},{\"@type\":\"BreadcrumbList\",\"@id\":\"https:\/\/www.hiperbaric.com\/es\/politica-de-privacidad\/#breadcrumb\",\"itemListElement\":[{\"@type\":\"ListItem\",\"position\":1,\"name\":\"Home\",\"item\":\"https:\/\/www.hiperbaric.com\/es\/\"},{\"@type\":\"ListItem\",\"position\":2,\"name\":\"Pol\u00edtica de Privacidad\"}]},{\"@type\":\"WebSite\",\"@id\":\"https:\/\/www.hiperbaric.com\/en\/#website\",\"url\":\"https:\/\/www.hiperbaric.com\/en\/\",\"name\":\"Hiperbaric\",\"description\":\"Procesado para la conservaci\u00f3n de alimentos\",\"publisher\":{\"@id\":\"https:\/\/www.hiperbaric.com\/en\/#organization\"},\"potentialAction\":[{\"@type\":\"SearchAction\",\"target\":{\"@type\":\"EntryPoint\",\"urlTemplate\":\"https:\/\/www.hiperbaric.com\/en\/?s={search_term_string}\"},\"query-input\":\"required name=search_term_string\"}],\"inLanguage\":\"es\"},{\"@type\":\"Organization\",\"@id\":\"https:\/\/www.hiperbaric.com\/en\/#organization\",\"name\":\"Hiperbaric\",\"url\":\"https:\/\/www.hiperbaric.com\/en\/\",\"logo\":{\"@type\":\"ImageObject\",\"inLanguage\":\"es\",\"@id\":\"https:\/\/www.hiperbaric.com\/en\/#\/schema\/logo\/image\/\",\"url\":\"https:\/\/www.hiperbaric.com\/wp-content\/uploads\/2026\/01\/cropped-hiperbaric-logotipo-1-2.png\",\"contentUrl\":\"https:\/\/www.hiperbaric.com\/wp-content\/uploads\/2026\/01\/cropped-hiperbaric-logotipo-1-2.png\",\"width\":340,\"height\":72,\"caption\":\"Hiperbaric\"},\"image\":{\"@id\":\"https:\/\/www.hiperbaric.com\/en\/#\/schema\/logo\/image\/\"}}]}<\/script>\n<!-- \/ Yoast SEO plugin. -->","yoast_head_json":{"title":"Pol\u00edtica de Privacidad - Hiperbaric","robots":{"index":"index","follow":"follow","max-snippet":"max-snippet:-1","max-image-preview":"max-image-preview:large","max-video-preview":"max-video-preview:-1"},"canonical":"https:\/\/www.hiperbaric.com\/es\/politica-de-privacidad\/","og_locale":"es_ES","og_type":"article","og_title":"Pol\u00edtica de Privacidad - Hiperbaric","og_description":"\u00bfQUI\u00c9N ES EL RESPONSABLE DEL TRATAMIENTO DE SUS DATOS? De conformidad con el Reglamento (UE) 2016\/679 del Parlamento Europeo y del Consejo, de 27 de abril de 2016 (RGPD) y con el resto de la legislaci\u00f3n aplicable en Espa\u00f1a en materia de protecci\u00f3n de datos de car\u00e1cter personal, ponemos en su conocimiento que los datos...","og_url":"https:\/\/www.hiperbaric.com\/es\/politica-de-privacidad\/","og_site_name":"Hiperbaric","article_modified_time":"2022-10-19T12:32:44+00:00","twitter_card":"summary_large_image","twitter_misc":{"Tiempo de lectura":"6 minutos"},"schema":{"@context":"https:\/\/schema.org","@graph":[{"@type":"WebPage","@id":"https:\/\/www.hiperbaric.com\/es\/politica-de-privacidad\/","url":"https:\/\/www.hiperbaric.com\/es\/politica-de-privacidad\/","name":"Pol\u00edtica de Privacidad - Hiperbaric","isPartOf":{"@id":"https:\/\/www.hiperbaric.com\/en\/#website"},"datePublished":"2020-07-21T08:23:56+00:00","dateModified":"2022-10-19T12:32:44+00:00","breadcrumb":{"@id":"https:\/\/www.hiperbaric.com\/es\/politica-de-privacidad\/#breadcrumb"},"inLanguage":"es","potentialAction":[{"@type":"ReadAction","target":["https:\/\/www.hiperbaric.com\/es\/politica-de-privacidad\/"]}]},{"@type":"BreadcrumbList","@id":"https:\/\/www.hiperbaric.com\/es\/politica-de-privacidad\/#breadcrumb","itemListElement":[{"@type":"ListItem","position":1,"name":"Home","item":"https:\/\/www.hiperbaric.com\/es\/"},{"@type":"ListItem","position":2,"name":"Pol\u00edtica de Privacidad"}]},{"@type":"WebSite","@id":"https:\/\/www.hiperbaric.com\/en\/#website","url":"https:\/\/www.hiperbaric.com\/en\/","name":"Hiperbaric","description":"Procesado para la conservaci\u00f3n de alimentos","publisher":{"@id":"https:\/\/www.hiperbaric.com\/en\/#organization"},"potentialAction":[{"@type":"SearchAction","target":{"@type":"EntryPoint","urlTemplate":"https:\/\/www.hiperbaric.com\/en\/?s={search_term_string}"},"query-input":"required name=search_term_string"}],"inLanguage":"es"},{"@type":"Organization","@id":"https:\/\/www.hiperbaric.com\/en\/#organization","name":"Hiperbaric","url":"https:\/\/www.hiperbaric.com\/en\/","logo":{"@type":"ImageObject","inLanguage":"es","@id":"https:\/\/www.hiperbaric.com\/en\/#\/schema\/logo\/image\/","url":"https:\/\/www.hiperbaric.com\/wp-content\/uploads\/2026\/01\/cropped-hiperbaric-logotipo-1-2.png","contentUrl":"https:\/\/www.hiperbaric.com\/wp-content\/uploads\/2026\/01\/cropped-hiperbaric-logotipo-1-2.png","width":340,"height":72,"caption":"Hiperbaric"},"image":{"@id":"https:\/\/www.hiperbaric.com\/en\/#\/schema\/logo\/image\/"}}]}},"_links":{"self":[{"href":"https:\/\/www.hiperbaric.com\/es\/wp-json\/wp\/v2\/pages\/21053"}],"collection":[{"href":"https:\/\/www.hiperbaric.com\/es\/wp-json\/wp\/v2\/pages"}],"about":[{"href":"https:\/\/www.hiperbaric.com\/es\/wp-json\/wp\/v2\/types\/page"}],"author":[{"embeddable":true,"href":"https:\/\/www.hiperbaric.com\/es\/wp-json\/wp\/v2\/users\/1"}],"replies":[{"embeddable":true,"href":"https:\/\/www.hiperbaric.com\/es\/wp-json\/wp\/v2\/comments?post=21053"}],"version-history":[{"count":1,"href":"https:\/\/www.hiperbaric.com\/es\/wp-json\/wp\/v2\/pages\/21053\/revisions"}],"predecessor-version":[{"id":39575,"href":"https:\/\/www.hiperbaric.com\/es\/wp-json\/wp\/v2\/pages\/21053\/revisions\/39575"}],"wp:attachment":[{"href":"https:\/\/www.hiperbaric.com\/es\/wp-json\/wp\/v2\/media?parent=21053"}],"curies":[{"name":"wp","href":"https:\/\/api.w.org\/{rel}","templated":true}]}}