{"id":20977,"date":"2020-07-16T14:39:54","date_gmt":"2020-07-16T12:39:54","guid":{"rendered":"https:\/\/www.hiperbaric.com\/?page_id=20977"},"modified":"2024-06-06T07:37:31","modified_gmt":"2024-06-06T05:37:31","slug":"blog-hpp","status":"publish","type":"page","link":"https:\/\/www.hiperbaric.com\/es\/tecnologia-hpp\/blog-hpp\/","title":{"rendered":"Blog HPP"},"content":{"rendered":"\r\n\r\n\t<p><strong><form role=\"search\" method=\"get\" class=\"searchform clearfix\" action=\"https:\/\/www.hiperbaric.com\/es\/\">\n\t<label for=\"search-text-widget\" class=\"visuallyhidden\">Search for:<\/label>\n\t<input id=\"search-text-widget\" type=\"text\" value=\"\" name=\"s\" placeholder=\"Texto a buscar\" required=\"required\" \/>\n\t<input type=\"submit\" value=\"Buscar\" \/>\n\t\t\t<input type=\"hidden\" name=\"lang\" value=\"es\"\/>\n\t<\/form>\n<\/strong><\/p>\r\n\t<a href=\"https:\/\/www.hiperbaric.com\/es\/newsletter-hpp\/\" role=\"button\">Suscr\u00edbete a nuestra newletter<\/a>\r\n    <h3>Categor\u00edas<\/h3>\r\n    <a href=\"\/category\/hpp\/hpp-hiperbaric-news\/\">Actualidad Hiperbaric<\/a><br \/>\r\n    <a href=\"\/category\/hpp\/alimentacion-para-bebes\/\">Alimentaci\u00f3n para beb\u00e9s<\/a><br \/>\r\n    <a href=\"\/category\/hpp\/alimentacion-para-mascotas\/\">Alimentaci\u00f3n para mascotas<\/a><br \/>\r\n    <a href=\"\/category\/hpp\/aplicaciones-hpp\/\">Aplicaciones HPP<\/a><br \/>\r\n    <a href=\"\/category\/hpp\/clientes-de-hiperbaric\/\">Clientes de Hiperbaric<\/a><br \/>\r\n    <a href=\"\/category\/hpp\/farmacia-y-cosmetica\/\">Farmacia y cosm\u00e9tica<\/a><br \/>\r\n    <a href=\"\/category\/hpp\/maquila\/\">Maquila<\/a><br \/>\r\n    <a href=\"\/category\/hpp\/pescados-y-mariscos\/\">Pescados y mariscos<\/a><br \/>\r\n    <a href=\"\/category\/hpp\/platos-preparados\/\">Platos preparados<\/a><br \/>\r\n    <a href=\"\/category\/hpp\/productos-carnicos\/\">Productos c\u00e1rnicos<\/a><br \/>\r\n    <a href=\"\/category\/hpp\/productos-de-aguacate\/\">Productos de aguacate<\/a><br \/>\r\n    <a href=\"\/category\/hpp\/productos-lacteos\/\">Productos l\u00e1cteos<\/a><br \/>\r\n    <a href=\"\/category\/hpp\/salsas-productos-vegetales-y-de-frutas\/\">Salsas, productos vegetales y de frutas<\/a><br \/>\r\n    <a href=\"\/category\/hpp\/tecnologia-hpp\/\">Tecnolog\u00eda HPP<\/a><br \/>\r\n    <a href=\"\/category\/hpp\/zumos-y-bebidas\/\">Zumos y bebidas<\/a><br \/>\r\n\r\n","protected":false},"excerpt":{"rendered":"<p>Suscr\u00edbete a nuestra newletter Categor\u00edas Actualidad Hiperbaric Alimentaci\u00f3n para beb\u00e9s Alimentaci\u00f3n para mascotas Aplicaciones HPP Clientes de Hiperbaric Farmacia y cosm\u00e9tica Maquila Pescados y mariscos Platos preparados Productos c\u00e1rnicos Productos de aguacate Productos l\u00e1cteos Salsas, productos vegetales y de frutas Tecnolog\u00eda HPP Zumos y bebidas<\/p>\n","protected":false},"author":1,"featured_media":0,"parent":20701,"menu_order":0,"comment_status":"open","ping_status":"closed","template":"","meta":{"om_disable_all_campaigns":false,"inline_featured_image":false,"_monsterinsights_skip_tracking":false,"_monsterinsights_sitenote_active":false,"_monsterinsights_sitenote_note":"","_monsterinsights_sitenote_category":0,"footnotes":"","_wp_rev_ctl_limit":""},"acf":[],"yoast_head":"<!-- This site is optimized with the Yoast SEO plugin v22.4 - https:\/\/yoast.com\/wordpress\/plugins\/seo\/ -->\n<title>Blog HPP - Hiperbaric<\/title>\n<meta name=\"robots\" content=\"index, follow, max-snippet:-1, max-image-preview:large, max-video-preview:-1\" \/>\n<link rel=\"canonical\" href=\"https:\/\/www.hiperbaric.com\/es\/tecnologia-hpp\/blog-hpp\/\" \/>\n<meta property=\"og:locale\" content=\"es_ES\" \/>\n<meta property=\"og:type\" content=\"article\" \/>\n<meta property=\"og:title\" content=\"Blog HPP - Hiperbaric\" \/>\n<meta property=\"og:description\" content=\"Suscr\u00edbete a nuestra newletter Categor\u00edas Actualidad Hiperbaric Alimentaci\u00f3n para beb\u00e9s Alimentaci\u00f3n para mascotas Aplicaciones HPP Clientes de Hiperbaric Farmacia y cosm\u00e9tica Maquila Pescados y mariscos Platos preparados Productos c\u00e1rnicos Productos de aguacate Productos l\u00e1cteos Salsas, productos vegetales y de frutas Tecnolog\u00eda HPP Zumos y bebidas\" \/>\n<meta property=\"og:url\" content=\"https:\/\/www.hiperbaric.com\/es\/tecnologia-hpp\/blog-hpp\/\" \/>\n<meta property=\"og:site_name\" content=\"Hiperbaric\" \/>\n<meta property=\"article:modified_time\" content=\"2024-06-06T05:37:31+00:00\" \/>\n<meta name=\"twitter:card\" content=\"summary_large_image\" \/>\n<meta name=\"twitter:label1\" content=\"Tiempo de lectura\" \/>\n\t<meta name=\"twitter:data1\" content=\"17 minutos\" \/>\n<script type=\"application\/ld+json\" class=\"yoast-schema-graph\">{\"@context\":\"https:\/\/schema.org\",\"@graph\":[{\"@type\":\"WebPage\",\"@id\":\"https:\/\/www.hiperbaric.com\/es\/tecnologia-hpp\/blog-hpp\/\",\"url\":\"https:\/\/www.hiperbaric.com\/es\/tecnologia-hpp\/blog-hpp\/\",\"name\":\"Blog HPP - Hiperbaric\",\"isPartOf\":{\"@id\":\"https:\/\/www.hiperbaric.com\/en\/#website\"},\"datePublished\":\"2020-07-16T12:39:54+00:00\",\"dateModified\":\"2024-06-06T05:37:31+00:00\",\"breadcrumb\":{\"@id\":\"https:\/\/www.hiperbaric.com\/es\/tecnologia-hpp\/blog-hpp\/#breadcrumb\"},\"inLanguage\":\"es\",\"potentialAction\":[{\"@type\":\"ReadAction\",\"target\":[\"https:\/\/www.hiperbaric.com\/es\/tecnologia-hpp\/blog-hpp\/\"]}]},{\"@type\":\"BreadcrumbList\",\"@id\":\"https:\/\/www.hiperbaric.com\/es\/tecnologia-hpp\/blog-hpp\/#breadcrumb\",\"itemListElement\":[{\"@type\":\"ListItem\",\"position\":1,\"name\":\"Home\",\"item\":\"https:\/\/www.hiperbaric.com\/es\/\"},{\"@type\":\"ListItem\",\"position\":2,\"name\":\"Tecnolog\u00eda HPP\",\"item\":\"https:\/\/www.hiperbaric.com\/es\/tecnologia-hpp\/\"},{\"@type\":\"ListItem\",\"position\":3,\"name\":\"Blog HPP\"}]},{\"@type\":\"WebSite\",\"@id\":\"https:\/\/www.hiperbaric.com\/en\/#website\",\"url\":\"https:\/\/www.hiperbaric.com\/en\/\",\"name\":\"Hiperbaric\",\"description\":\"Procesado para la conservaci\u00f3n de alimentos\",\"publisher\":{\"@id\":\"https:\/\/www.hiperbaric.com\/en\/#organization\"},\"potentialAction\":[{\"@type\":\"SearchAction\",\"target\":{\"@type\":\"EntryPoint\",\"urlTemplate\":\"https:\/\/www.hiperbaric.com\/en\/?s={search_term_string}\"},\"query-input\":\"required name=search_term_string\"}],\"inLanguage\":\"es\"},{\"@type\":\"Organization\",\"@id\":\"https:\/\/www.hiperbaric.com\/en\/#organization\",\"name\":\"Hiperbaric\",\"url\":\"https:\/\/www.hiperbaric.com\/en\/\",\"logo\":{\"@type\":\"ImageObject\",\"inLanguage\":\"es\",\"@id\":\"https:\/\/www.hiperbaric.com\/en\/#\/schema\/logo\/image\/\",\"url\":\"https:\/\/www.hiperbaric.com\/wp-content\/uploads\/2026\/01\/cropped-hiperbaric-logotipo-1-2.png\",\"contentUrl\":\"https:\/\/www.hiperbaric.com\/wp-content\/uploads\/2026\/01\/cropped-hiperbaric-logotipo-1-2.png\",\"width\":340,\"height\":72,\"caption\":\"Hiperbaric\"},\"image\":{\"@id\":\"https:\/\/www.hiperbaric.com\/en\/#\/schema\/logo\/image\/\"}}]}<\/script>\n<!-- \/ Yoast SEO plugin. -->","yoast_head_json":{"title":"Blog HPP - Hiperbaric","robots":{"index":"index","follow":"follow","max-snippet":"max-snippet:-1","max-image-preview":"max-image-preview:large","max-video-preview":"max-video-preview:-1"},"canonical":"https:\/\/www.hiperbaric.com\/es\/tecnologia-hpp\/blog-hpp\/","og_locale":"es_ES","og_type":"article","og_title":"Blog HPP - Hiperbaric","og_description":"Suscr\u00edbete a nuestra newletter Categor\u00edas Actualidad Hiperbaric Alimentaci\u00f3n para beb\u00e9s Alimentaci\u00f3n para mascotas Aplicaciones HPP Clientes de Hiperbaric Farmacia y cosm\u00e9tica Maquila Pescados y mariscos Platos preparados Productos c\u00e1rnicos Productos de aguacate Productos l\u00e1cteos Salsas, productos vegetales y de frutas Tecnolog\u00eda HPP Zumos y bebidas","og_url":"https:\/\/www.hiperbaric.com\/es\/tecnologia-hpp\/blog-hpp\/","og_site_name":"Hiperbaric","article_modified_time":"2024-06-06T05:37:31+00:00","twitter_card":"summary_large_image","twitter_misc":{"Tiempo de lectura":"17 minutos"},"schema":{"@context":"https:\/\/schema.org","@graph":[{"@type":"WebPage","@id":"https:\/\/www.hiperbaric.com\/es\/tecnologia-hpp\/blog-hpp\/","url":"https:\/\/www.hiperbaric.com\/es\/tecnologia-hpp\/blog-hpp\/","name":"Blog HPP - Hiperbaric","isPartOf":{"@id":"https:\/\/www.hiperbaric.com\/en\/#website"},"datePublished":"2020-07-16T12:39:54+00:00","dateModified":"2024-06-06T05:37:31+00:00","breadcrumb":{"@id":"https:\/\/www.hiperbaric.com\/es\/tecnologia-hpp\/blog-hpp\/#breadcrumb"},"inLanguage":"es","potentialAction":[{"@type":"ReadAction","target":["https:\/\/www.hiperbaric.com\/es\/tecnologia-hpp\/blog-hpp\/"]}]},{"@type":"BreadcrumbList","@id":"https:\/\/www.hiperbaric.com\/es\/tecnologia-hpp\/blog-hpp\/#breadcrumb","itemListElement":[{"@type":"ListItem","position":1,"name":"Home","item":"https:\/\/www.hiperbaric.com\/es\/"},{"@type":"ListItem","position":2,"name":"Tecnolog\u00eda HPP","item":"https:\/\/www.hiperbaric.com\/es\/tecnologia-hpp\/"},{"@type":"ListItem","position":3,"name":"Blog HPP"}]},{"@type":"WebSite","@id":"https:\/\/www.hiperbaric.com\/en\/#website","url":"https:\/\/www.hiperbaric.com\/en\/","name":"Hiperbaric","description":"Procesado para la conservaci\u00f3n de alimentos","publisher":{"@id":"https:\/\/www.hiperbaric.com\/en\/#organization"},"potentialAction":[{"@type":"SearchAction","target":{"@type":"EntryPoint","urlTemplate":"https:\/\/www.hiperbaric.com\/en\/?s={search_term_string}"},"query-input":"required name=search_term_string"}],"inLanguage":"es"},{"@type":"Organization","@id":"https:\/\/www.hiperbaric.com\/en\/#organization","name":"Hiperbaric","url":"https:\/\/www.hiperbaric.com\/en\/","logo":{"@type":"ImageObject","inLanguage":"es","@id":"https:\/\/www.hiperbaric.com\/en\/#\/schema\/logo\/image\/","url":"https:\/\/www.hiperbaric.com\/wp-content\/uploads\/2026\/01\/cropped-hiperbaric-logotipo-1-2.png","contentUrl":"https:\/\/www.hiperbaric.com\/wp-content\/uploads\/2026\/01\/cropped-hiperbaric-logotipo-1-2.png","width":340,"height":72,"caption":"Hiperbaric"},"image":{"@id":"https:\/\/www.hiperbaric.com\/en\/#\/schema\/logo\/image\/"}}]}},"_links":{"self":[{"href":"https:\/\/www.hiperbaric.com\/es\/wp-json\/wp\/v2\/pages\/20977"}],"collection":[{"href":"https:\/\/www.hiperbaric.com\/es\/wp-json\/wp\/v2\/pages"}],"about":[{"href":"https:\/\/www.hiperbaric.com\/es\/wp-json\/wp\/v2\/types\/page"}],"author":[{"embeddable":true,"href":"https:\/\/www.hiperbaric.com\/es\/wp-json\/wp\/v2\/users\/1"}],"replies":[{"embeddable":true,"href":"https:\/\/www.hiperbaric.com\/es\/wp-json\/wp\/v2\/comments?post=20977"}],"version-history":[{"count":2,"href":"https:\/\/www.hiperbaric.com\/es\/wp-json\/wp\/v2\/pages\/20977\/revisions"}],"predecessor-version":[{"id":56705,"href":"https:\/\/www.hiperbaric.com\/es\/wp-json\/wp\/v2\/pages\/20977\/revisions\/56705"}],"up":[{"embeddable":true,"href":"https:\/\/www.hiperbaric.com\/es\/wp-json\/wp\/v2\/pages\/20701"}],"wp:attachment":[{"href":"https:\/\/www.hiperbaric.com\/es\/wp-json\/wp\/v2\/media?parent=20977"}],"curies":[{"name":"wp","href":"https:\/\/api.w.org\/{rel}","templated":true}]}}