{"id":20821,"date":"2020-07-14T12:02:00","date_gmt":"2020-07-14T10:02:00","guid":{"rendered":"https:\/\/www.hiperbaric.com\/?page_id=20821"},"modified":"2020-10-14T09:48:03","modified_gmt":"2020-10-14T07:48:03","slug":"casos-de-exito","status":"publish","type":"page","link":"https:\/\/www.hiperbaric.com\/es\/tecnologia-hpp\/recursos-hpp\/flyers-white-papers-y-casos-de-exito\/casos-de-exito\/","title":{"rendered":"Casos de \u00c9xito"},"content":{"rendered":"\r\n<ul class=\"nav nav-pills media\">\n    <li><a class=\"active\" id=\"activartodos\" data-toggle=\"pill\" href=\"#todos\">Todo<\/a><\/li><li><a id=\"normaltab\" class=\"normaltab\" data-toggle=\"pill\" href=\"#alimentacion-para-mascotas\">Alimentaci\u00f3n para mascotas<\/a><\/li><li><a id=\"normaltab\" class=\"normaltab\" data-toggle=\"pill\" href=\"#carnicos\">C\u00e1rnicos<\/a><\/li><li><a id=\"normaltab\" class=\"normaltab\" data-toggle=\"pill\" href=\"#zumos-y-bebidas\">Zumos y bebidas<\/a><\/li><\/ul><div class=\"tab-content\"><div id=\"alimentacion-para-mascotas\" class=\"tab-pane fade active show\"><div class=\"media__title\"><h2>Alimentaci\u00f3n para mascotas<\/h2><\/div><div class=\"media__description\"><p><\/p><\/div><div class = \"section__tabs\"> <div class=\"row\"><div class=\"col-xl-4 section__tabs-square\"><div class=\"img-shine__container\"><a data-toggle=\"modal\" data-target=\"#popUpDocumento-1\" href=\"javascript:void(0);\"><div class=\"vamtam-responsive-wrapper\"><img loading=\"lazy\" decoding=\"async\" width=\"1200\" height=\"627\" src=\"https:\/\/www.hiperbaric.com\/wp-content\/uploads\/2022\/04\/SRF-Case-Study-Cover-ESP.png\" class=\"attachment-post-thumbnail size-post-thumbnail wp-post-image\" alt=\"\" srcset=\"data:image\/svg+xml;utf8,&lt;svg%20xmlns=&quot;http:\/\/www.w3.org\/2000\/svg&quot;%20viewBox=&quot;0%200%201200%20627&quot;%20height=&quot;627px&quot;%20width=&quot;1200px&quot;\/&gt;\" data-srcset=\"https:\/\/www.hiperbaric.com\/wp-content\/uploads\/2022\/04\/SRF-Case-Study-Cover-ESP.png 1200w, https:\/\/www.hiperbaric.com\/wp-content\/uploads\/2022\/04\/SRF-Case-Study-Cover-ESP-300x157.png 300w, https:\/\/www.hiperbaric.com\/wp-content\/uploads\/2022\/04\/SRF-Case-Study-Cover-ESP-1024x535.png 1024w, https:\/\/www.hiperbaric.com\/wp-content\/uploads\/2022\/04\/SRF-Case-Study-Cover-ESP-768x401.png 768w, https:\/\/www.hiperbaric.com\/wp-content\/uploads\/2022\/04\/SRF-Case-Study-Cover-ESP-630x329.png 630w, https:\/\/www.hiperbaric.com\/wp-content\/uploads\/2022\/04\/SRF-Case-Study-Cover-ESP-420x219.png 420w, https:\/\/www.hiperbaric.com\/wp-content\/uploads\/2022\/04\/SRF-Case-Study-Cover-ESP-840x439.png 840w, https:\/\/www.hiperbaric.com\/wp-content\/uploads\/2022\/04\/SRF-Case-Study-Cover-ESP-315x165.png 315w\" sizes=\"auto, (max-width: 1200px) 100vw, 1200px\" \/><\/div><span class=\"img-shine\"><\/span><\/a><\/div>\n                    <a class=\"section__tabs-title\" data-toggle=\"modal\" data-target=\"#popUpDocumento-1\" href=\"javascript:void(0);\">Caso de \u00e9xito Steve&#8217;s Real Food<\/a><p class=\"section__tabs-description\"><\/p><a class=\"section__tabs-more read-more-btn\" data-toggle=\"modal\" data-target=\"#popUpDocumento-1\" href=\"javascript:void(0);\">Descargar<\/a><\/div>\n                    <div class=\"modal fade\" id=\"popUpDocumento-1\" tabindex=\"-1\" role=\"dialog\" aria-labelledby=\"exampleModalCenterTitle\" aria-hidden=\"true\">\n                        <div class=\"modal-dialog modal-dialog-centered\" role=\"document\">\n                            <div class=\"modal-content\">\n                            <div class=\"modal-header\">\n                                <h5 class=\"modal-title\" id=\"exampleModalLongTitle\">Caso de \u00e9xito Steve&#8217;s Real Food<\/h5>\n                                <button type=\"button\" class=\"close\" data-dismiss=\"modal\" aria-label=\"Close\">\n                                <span aria-hidden=\"true\">&times;<\/span>\n                                <\/button>\n                            <\/div>\n\n                            <div class=\"modal-body\">\n                                <iframe loading=\"lazy\" src=\"https:\/\/forms.marketing.hiperbaric.com\/l\/881883\/2020-11-27\/22nxd?Language=Spanish&PDF_file=steves-real-food-caso-de-\u00e9xito&Business_line=HPP&Source_text=Case%20Study%20STEVES\" width=\"100%\" height=\"530\" type=\"text\/html\" frameborder=\"0\" allowTransparency=\"true\" style=\"border: 0\"><\/iframe>\n                            <\/div>\n\n                            <\/div>\n                        <\/div>\n                    <\/div>\n                    <\/div><\/div><\/div><div id=\"carnicos\" class=\"tab-pane fade active show\"><div class=\"media__title\"><h2>C\u00e1rnicos<\/h2><\/div><div class=\"media__description\"><p><\/p><\/div><div class = \"section__tabs\"> <div class=\"row\"><div class=\"col-xl-4 section__tabs-square\"><div class=\"img-shine__container\"><a data-toggle=\"modal\" data-target=\"#popUpDocumento-2\" href=\"javascript:void(0);\"><div class=\"vamtam-responsive-wrapper\"><img loading=\"lazy\" decoding=\"async\" width=\"1200\" height=\"627\" src=\"https:\/\/www.hiperbaric.com\/wp-content\/uploads\/2020\/07\/Noel-Case-Study-Cover-ESP.png\" class=\"attachment-post-thumbnail size-post-thumbnail wp-post-image\" alt=\"\" srcset=\"data:image\/svg+xml;utf8,&lt;svg%20xmlns=&quot;http:\/\/www.w3.org\/2000\/svg&quot;%20viewBox=&quot;0%200%201200%20627&quot;%20height=&quot;627px&quot;%20width=&quot;1200px&quot;\/&gt;\" data-srcset=\"https:\/\/www.hiperbaric.com\/wp-content\/uploads\/2020\/07\/Noel-Case-Study-Cover-ESP.png 1200w, https:\/\/www.hiperbaric.com\/wp-content\/uploads\/2020\/07\/Noel-Case-Study-Cover-ESP-300x157.png 300w, https:\/\/www.hiperbaric.com\/wp-content\/uploads\/2020\/07\/Noel-Case-Study-Cover-ESP-1024x535.png 1024w, https:\/\/www.hiperbaric.com\/wp-content\/uploads\/2020\/07\/Noel-Case-Study-Cover-ESP-768x401.png 768w, https:\/\/www.hiperbaric.com\/wp-content\/uploads\/2020\/07\/Noel-Case-Study-Cover-ESP-630x329.png 630w, https:\/\/www.hiperbaric.com\/wp-content\/uploads\/2020\/07\/Noel-Case-Study-Cover-ESP-420x219.png 420w, https:\/\/www.hiperbaric.com\/wp-content\/uploads\/2020\/07\/Noel-Case-Study-Cover-ESP-840x439.png 840w, https:\/\/www.hiperbaric.com\/wp-content\/uploads\/2020\/07\/Noel-Case-Study-Cover-ESP-315x165.png 315w\" sizes=\"auto, (max-width: 1200px) 100vw, 1200px\" \/><\/div><span class=\"img-shine\"><\/span><\/a><\/div>\n                    <a class=\"section__tabs-title\" data-toggle=\"modal\" data-target=\"#popUpDocumento-2\" href=\"javascript:void(0);\">Caso de \u00e9xito NOEL &#8211; APA Processing<\/a><p class=\"section__tabs-description\"><\/p><a class=\"section__tabs-more read-more-btn\" data-toggle=\"modal\" data-target=\"#popUpDocumento-2\" href=\"javascript:void(0);\">Descargar<\/a><\/div>\n                    <div class=\"modal fade\" id=\"popUpDocumento-2\" tabindex=\"-1\" role=\"dialog\" aria-labelledby=\"exampleModalCenterTitle\" aria-hidden=\"true\">\n                        <div class=\"modal-dialog modal-dialog-centered\" role=\"document\">\n                            <div class=\"modal-content\">\n                            <div class=\"modal-header\">\n                                <h5 class=\"modal-title\" id=\"exampleModalLongTitle\">Caso de \u00e9xito NOEL &#8211; APA Processing<\/h5>\n                                <button type=\"button\" class=\"close\" data-dismiss=\"modal\" aria-label=\"Close\">\n                                <span aria-hidden=\"true\">&times;<\/span>\n                                <\/button>\n                            <\/div>\n\n                            <div class=\"modal-body\">\n                                <iframe loading=\"lazy\" src=\"https:\/\/forms.marketing.hiperbaric.com\/l\/881883\/2020-11-27\/22nxd?Language=Spanish&PDF_file=caso_exito_noel_apaprocessing&Business_line=HPP&Source_text=Case%20Study%20NOEL\" width=\"100%\" height=\"530\" type=\"text\/html\" frameborder=\"0\" allowTransparency=\"true\" style=\"border: 0\"><\/iframe>\n                            <\/div>\n\n                            <\/div>\n                        <\/div>\n                    <\/div>\n                    <\/div><\/div><\/div><div id=\"zumos-y-bebidas\" class=\"tab-pane fade active show\"><div class=\"media__title\"><h2>Zumos y bebidas<\/h2><\/div><div class=\"media__description\"><p><\/p><\/div><div class = \"section__tabs\"> <div class=\"row\"><div class=\"col-xl-4 section__tabs-square\"><div class=\"img-shine__container\"><a data-toggle=\"modal\" data-target=\"#popUpDocumento-3\" href=\"javascript:void(0);\"><div class=\"vamtam-responsive-wrapper\"><img loading=\"lazy\" decoding=\"async\" width=\"1200\" height=\"627\" src=\"https:\/\/www.hiperbaric.com\/wp-content\/uploads\/2022\/09\/Case-Study-Cover-6.png\" class=\"attachment-post-thumbnail size-post-thumbnail wp-post-image\" alt=\"Evolution Fresh\" srcset=\"data:image\/svg+xml;utf8,&lt;svg%20xmlns=&quot;http:\/\/www.w3.org\/2000\/svg&quot;%20viewBox=&quot;0%200%201200%20627&quot;%20height=&quot;627px&quot;%20width=&quot;1200px&quot;\/&gt;\" data-srcset=\"https:\/\/www.hiperbaric.com\/wp-content\/uploads\/2022\/09\/Case-Study-Cover-6.png 1200w, https:\/\/www.hiperbaric.com\/wp-content\/uploads\/2022\/09\/Case-Study-Cover-6-300x157.png 300w, https:\/\/www.hiperbaric.com\/wp-content\/uploads\/2022\/09\/Case-Study-Cover-6-1024x535.png 1024w, https:\/\/www.hiperbaric.com\/wp-content\/uploads\/2022\/09\/Case-Study-Cover-6-768x401.png 768w, https:\/\/www.hiperbaric.com\/wp-content\/uploads\/2022\/09\/Case-Study-Cover-6-630x329.png 630w, https:\/\/www.hiperbaric.com\/wp-content\/uploads\/2022\/09\/Case-Study-Cover-6-420x219.png 420w, https:\/\/www.hiperbaric.com\/wp-content\/uploads\/2022\/09\/Case-Study-Cover-6-840x439.png 840w, https:\/\/www.hiperbaric.com\/wp-content\/uploads\/2022\/09\/Case-Study-Cover-6-315x165.png 315w\" sizes=\"auto, (max-width: 1200px) 100vw, 1200px\" \/><\/div><span class=\"img-shine\"><\/span><\/a><\/div>\n                    <a class=\"section__tabs-title\" data-toggle=\"modal\" data-target=\"#popUpDocumento-3\" href=\"javascript:void(0);\">Caso de \u00e9xito Evolution Fresh<\/a><p class=\"section__tabs-description\"><\/p><a class=\"section__tabs-more read-more-btn\" data-toggle=\"modal\" data-target=\"#popUpDocumento-3\" href=\"javascript:void(0);\">Descargar<\/a><\/div>\n                    <div class=\"modal fade\" id=\"popUpDocumento-3\" tabindex=\"-1\" role=\"dialog\" aria-labelledby=\"exampleModalCenterTitle\" aria-hidden=\"true\">\n                        <div class=\"modal-dialog modal-dialog-centered\" role=\"document\">\n                            <div class=\"modal-content\">\n                            <div class=\"modal-header\">\n                                <h5 class=\"modal-title\" id=\"exampleModalLongTitle\">Caso de \u00e9xito Evolution Fresh<\/h5>\n                                <button type=\"button\" class=\"close\" data-dismiss=\"modal\" aria-label=\"Close\">\n                                <span aria-hidden=\"true\">&times;<\/span>\n                                <\/button>\n                            <\/div>\n\n                            <div class=\"modal-body\">\n                                <iframe loading=\"lazy\" src=\"https:\/\/forms.marketing.hiperbaric.com\/l\/881883\/2020-11-27\/22nxd?Language=Spanish&PDF_file=caso_exito_evolution_fresh&Business_line=HPP&Source_text=Case%20Study%20EVOLUTIONFRESH\" width=\"100%\" height=\"530\" type=\"text\/html\" frameborder=\"0\" allowTransparency=\"true\" style=\"border: 0\"><\/iframe>\n                            <\/div>\n\n                            <\/div>\n                        <\/div>\n                    <\/div>\n                    <div class=\"col-xl-4 section__tabs-square\"><div class=\"img-shine__container\"><a data-toggle=\"modal\" data-target=\"#popUpDocumento-4\" href=\"javascript:void(0);\"><div class=\"vamtam-responsive-wrapper\"><img loading=\"lazy\" decoding=\"async\" width=\"1200\" height=\"627\" src=\"https:\/\/www.hiperbaric.com\/wp-content\/uploads\/2020\/01\/Intermountain-Case-Study-ESP.png\" class=\"attachment-post-thumbnail size-post-thumbnail wp-post-image\" alt=\"\" srcset=\"data:image\/svg+xml;utf8,&lt;svg%20xmlns=&quot;http:\/\/www.w3.org\/2000\/svg&quot;%20viewBox=&quot;0%200%201200%20627&quot;%20height=&quot;627px&quot;%20width=&quot;1200px&quot;\/&gt;\" data-srcset=\"https:\/\/www.hiperbaric.com\/wp-content\/uploads\/2020\/01\/Intermountain-Case-Study-ESP.png 1200w, https:\/\/www.hiperbaric.com\/wp-content\/uploads\/2020\/01\/Intermountain-Case-Study-ESP-300x157.png 300w, https:\/\/www.hiperbaric.com\/wp-content\/uploads\/2020\/01\/Intermountain-Case-Study-ESP-1024x535.png 1024w, https:\/\/www.hiperbaric.com\/wp-content\/uploads\/2020\/01\/Intermountain-Case-Study-ESP-768x401.png 768w, https:\/\/www.hiperbaric.com\/wp-content\/uploads\/2020\/01\/Intermountain-Case-Study-ESP-630x329.png 630w, https:\/\/www.hiperbaric.com\/wp-content\/uploads\/2020\/01\/Intermountain-Case-Study-ESP-420x219.png 420w, https:\/\/www.hiperbaric.com\/wp-content\/uploads\/2020\/01\/Intermountain-Case-Study-ESP-840x439.png 840w, https:\/\/www.hiperbaric.com\/wp-content\/uploads\/2020\/01\/Intermountain-Case-Study-ESP-315x165.png 315w\" sizes=\"auto, (max-width: 1200px) 100vw, 1200px\" \/><\/div><span class=\"img-shine\"><\/span><\/a><\/div>\n                    <a class=\"section__tabs-title\" data-toggle=\"modal\" data-target=\"#popUpDocumento-4\" href=\"javascript:void(0);\">Caso de \u00c9xito Intermountain HPP<\/a><p class=\"section__tabs-description\"><\/p><a class=\"section__tabs-more read-more-btn\" data-toggle=\"modal\" data-target=\"#popUpDocumento-4\" href=\"javascript:void(0);\">Descargar<\/a><\/div>\n                    <div class=\"modal fade\" id=\"popUpDocumento-4\" tabindex=\"-1\" role=\"dialog\" aria-labelledby=\"exampleModalCenterTitle\" aria-hidden=\"true\">\n                        <div class=\"modal-dialog modal-dialog-centered\" role=\"document\">\n                            <div class=\"modal-content\">\n                            <div class=\"modal-header\">\n                                <h5 class=\"modal-title\" id=\"exampleModalLongTitle\">Caso de \u00c9xito Intermountain HPP<\/h5>\n                                <button type=\"button\" class=\"close\" data-dismiss=\"modal\" aria-label=\"Close\">\n                                <span aria-hidden=\"true\">&times;<\/span>\n                                <\/button>\n                            <\/div>\n\n                            <div class=\"modal-body\">\n                                <iframe loading=\"lazy\" src=\"https:\/\/forms.marketing.hiperbaric.com\/l\/881883\/2020-11-27\/22nxd?Language=Spanish&PDF_file=caso_exito_intermountain_hpp&Business_line=HPP&Source_text=Case%20Study%20Intermountain%20HPP\" width=\"100%\" height=\"530\" type=\"text\/html\" frameborder=\"0\" allowTransparency=\"true\" style=\"border: 0\"><\/iframe>\n                            <\/div>\n\n                            <\/div>\n                        <\/div>\n                    <\/div>\n                    <div class=\"col-xl-4 section__tabs-square\"><div class=\"img-shine__container\"><a data-toggle=\"modal\" data-target=\"#popUpDocumento-5\" href=\"javascript:void(0);\"><div class=\"vamtam-responsive-wrapper\"><img loading=\"lazy\" decoding=\"async\" width=\"1200\" height=\"627\" src=\"https:\/\/www.hiperbaric.com\/wp-content\/uploads\/2019\/06\/Juste-Case-Study-Cover.png\" class=\"attachment-post-thumbnail size-post-thumbnail wp-post-image\" alt=\"\" srcset=\"data:image\/svg+xml;utf8,&lt;svg%20xmlns=&quot;http:\/\/www.w3.org\/2000\/svg&quot;%20viewBox=&quot;0%200%201200%20627&quot;%20height=&quot;627px&quot;%20width=&quot;1200px&quot;\/&gt;\" data-srcset=\"https:\/\/www.hiperbaric.com\/wp-content\/uploads\/2019\/06\/Juste-Case-Study-Cover.png 1200w, https:\/\/www.hiperbaric.com\/wp-content\/uploads\/2019\/06\/Juste-Case-Study-Cover-300x157.png 300w, https:\/\/www.hiperbaric.com\/wp-content\/uploads\/2019\/06\/Juste-Case-Study-Cover-1024x535.png 1024w, https:\/\/www.hiperbaric.com\/wp-content\/uploads\/2019\/06\/Juste-Case-Study-Cover-768x401.png 768w, https:\/\/www.hiperbaric.com\/wp-content\/uploads\/2019\/06\/Juste-Case-Study-Cover-630x329.png 630w, https:\/\/www.hiperbaric.com\/wp-content\/uploads\/2019\/06\/Juste-Case-Study-Cover-420x219.png 420w, https:\/\/www.hiperbaric.com\/wp-content\/uploads\/2019\/06\/Juste-Case-Study-Cover-840x439.png 840w, https:\/\/www.hiperbaric.com\/wp-content\/uploads\/2019\/06\/Juste-Case-Study-Cover-315x165.png 315w\" sizes=\"auto, (max-width: 1200px) 100vw, 1200px\" \/><\/div><span class=\"img-shine\"><\/span><\/a><\/div>\n                    <a class=\"section__tabs-title\" data-toggle=\"modal\" data-target=\"#popUpDocumento-5\" href=\"javascript:void(0);\">Caso de \u00c9xito Just\u00e9 Press\u00e9<\/a><p class=\"section__tabs-description\"><\/p><a class=\"section__tabs-more read-more-btn\" data-toggle=\"modal\" data-target=\"#popUpDocumento-5\" href=\"javascript:void(0);\">Descargar<\/a><\/div>\n                    <div class=\"modal fade\" id=\"popUpDocumento-5\" tabindex=\"-1\" role=\"dialog\" aria-labelledby=\"exampleModalCenterTitle\" aria-hidden=\"true\">\n                        <div class=\"modal-dialog modal-dialog-centered\" role=\"document\">\n                            <div class=\"modal-content\">\n                            <div class=\"modal-header\">\n                                <h5 class=\"modal-title\" id=\"exampleModalLongTitle\">Caso de \u00c9xito Just\u00e9 Press\u00e9<\/h5>\n                                <button type=\"button\" class=\"close\" data-dismiss=\"modal\" aria-label=\"Close\">\n                                <span aria-hidden=\"true\">&times;<\/span>\n                                <\/button>\n                            <\/div>\n\n                            <div class=\"modal-body\">\n                                <iframe loading=\"lazy\" src=\"https:\/\/forms.marketing.hiperbaric.com\/l\/881883\/2020-11-27\/22nxd?Language=Spanish&PDF_file=juste_presse_caso_de_exito&Business_line=HPP&Source_text=Case%20Study%Juste%20Press\u00e9\" width=\"100%\" height=\"530\" type=\"text\/html\" frameborder=\"0\" allowTransparency=\"true\" style=\"border: 0\"><\/iframe>\n                            <\/div>\n\n                            <\/div>\n                        <\/div>\n                    <\/div>\n                    <\/div><\/div><\/div><\/div>\r\n","protected":false},"excerpt":{"rendered":"","protected":false},"author":1,"featured_media":0,"parent":20762,"menu_order":0,"comment_status":"closed","ping_status":"closed","template":"","meta":{"_acf_changed":false,"om_disable_all_campaigns":false,"inline_featured_image":false,"_monsterinsights_skip_tracking":false,"_monsterinsights_sitenote_active":false,"_monsterinsights_sitenote_note":"","_monsterinsights_sitenote_category":0,"footnotes":"","_wp_rev_ctl_limit":""},"class_list":["post-20821","page","type-page","status-publish","hentry"],"acf":[],"yoast_head":"<!-- This site is optimized with the Yoast SEO plugin v22.4 - https:\/\/yoast.com\/wordpress\/plugins\/seo\/ -->\n<title>Casos de \u00c9xito - Hiperbaric<\/title>\n<meta name=\"robots\" content=\"index, follow, max-snippet:-1, max-image-preview:large, max-video-preview:-1\" \/>\n<link rel=\"canonical\" href=\"https:\/\/www.hiperbaric.com\/es\/tecnologia-hpp\/recursos-hpp\/flyers-white-papers-y-casos-de-exito\/casos-de-exito\/\" \/>\n<meta property=\"og:locale\" content=\"es_ES\" \/>\n<meta property=\"og:type\" content=\"article\" \/>\n<meta property=\"og:title\" content=\"Casos de \u00c9xito - Hiperbaric\" \/>\n<meta property=\"og:url\" content=\"https:\/\/www.hiperbaric.com\/es\/tecnologia-hpp\/recursos-hpp\/flyers-white-papers-y-casos-de-exito\/casos-de-exito\/\" \/>\n<meta property=\"og:site_name\" content=\"Hiperbaric\" \/>\n<meta property=\"article:modified_time\" content=\"2020-10-14T07:48:03+00:00\" \/>\n<meta name=\"twitter:card\" content=\"summary_large_image\" \/>\n<script type=\"application\/ld+json\" class=\"yoast-schema-graph\">{\"@context\":\"https:\/\/schema.org\",\"@graph\":[{\"@type\":\"WebPage\",\"@id\":\"https:\/\/www.hiperbaric.com\/es\/tecnologia-hpp\/recursos-hpp\/flyers-white-papers-y-casos-de-exito\/casos-de-exito\/\",\"url\":\"https:\/\/www.hiperbaric.com\/es\/tecnologia-hpp\/recursos-hpp\/flyers-white-papers-y-casos-de-exito\/casos-de-exito\/\",\"name\":\"Casos de \u00c9xito - Hiperbaric\",\"isPartOf\":{\"@id\":\"https:\/\/www.hiperbaric.com\/en\/#website\"},\"datePublished\":\"2020-07-14T10:02:00+00:00\",\"dateModified\":\"2020-10-14T07:48:03+00:00\",\"breadcrumb\":{\"@id\":\"https:\/\/www.hiperbaric.com\/es\/tecnologia-hpp\/recursos-hpp\/flyers-white-papers-y-casos-de-exito\/casos-de-exito\/#breadcrumb\"},\"inLanguage\":\"es\",\"potentialAction\":[{\"@type\":\"ReadAction\",\"target\":[\"https:\/\/www.hiperbaric.com\/es\/tecnologia-hpp\/recursos-hpp\/flyers-white-papers-y-casos-de-exito\/casos-de-exito\/\"]}]},{\"@type\":\"BreadcrumbList\",\"@id\":\"https:\/\/www.hiperbaric.com\/es\/tecnologia-hpp\/recursos-hpp\/flyers-white-papers-y-casos-de-exito\/casos-de-exito\/#breadcrumb\",\"itemListElement\":[{\"@type\":\"ListItem\",\"position\":1,\"name\":\"Home\",\"item\":\"https:\/\/www.hiperbaric.com\/es\/\"},{\"@type\":\"ListItem\",\"position\":2,\"name\":\"Tecnolog\u00eda HPP\",\"item\":\"https:\/\/www.hiperbaric.com\/es\/tecnologia-hpp\/\"},{\"@type\":\"ListItem\",\"position\":3,\"name\":\"Recursos Tecnolog\u00eda HPP\",\"item\":\"https:\/\/www.hiperbaric.com\/es\/tecnologia-hpp\/recursos-hpp\/\"},{\"@type\":\"ListItem\",\"position\":4,\"name\":\"Flyers, white papers y casos de \u00e9xito\",\"item\":\"https:\/\/www.hiperbaric.com\/es\/tecnologia-hpp\/recursos-hpp\/flyers-white-papers-y-casos-de-exito\/\"},{\"@type\":\"ListItem\",\"position\":5,\"name\":\"Casos de \u00c9xito\"}]},{\"@type\":\"WebSite\",\"@id\":\"https:\/\/www.hiperbaric.com\/en\/#website\",\"url\":\"https:\/\/www.hiperbaric.com\/en\/\",\"name\":\"Hiperbaric\",\"description\":\"Procesado para la conservaci\u00f3n de alimentos\",\"publisher\":{\"@id\":\"https:\/\/www.hiperbaric.com\/en\/#organization\"},\"potentialAction\":[{\"@type\":\"SearchAction\",\"target\":{\"@type\":\"EntryPoint\",\"urlTemplate\":\"https:\/\/www.hiperbaric.com\/en\/?s={search_term_string}\"},\"query-input\":\"required name=search_term_string\"}],\"inLanguage\":\"es\"},{\"@type\":\"Organization\",\"@id\":\"https:\/\/www.hiperbaric.com\/en\/#organization\",\"name\":\"Hiperbaric\",\"url\":\"https:\/\/www.hiperbaric.com\/en\/\",\"logo\":{\"@type\":\"ImageObject\",\"inLanguage\":\"es\",\"@id\":\"https:\/\/www.hiperbaric.com\/en\/#\/schema\/logo\/image\/\",\"url\":\"https:\/\/www.hiperbaric.com\/wp-content\/uploads\/2026\/01\/cropped-hiperbaric-logotipo-1-2.png\",\"contentUrl\":\"https:\/\/www.hiperbaric.com\/wp-content\/uploads\/2026\/01\/cropped-hiperbaric-logotipo-1-2.png\",\"width\":340,\"height\":72,\"caption\":\"Hiperbaric\"},\"image\":{\"@id\":\"https:\/\/www.hiperbaric.com\/en\/#\/schema\/logo\/image\/\"}}]}<\/script>\n<!-- \/ Yoast SEO plugin. -->","yoast_head_json":{"title":"Casos de \u00c9xito - Hiperbaric","robots":{"index":"index","follow":"follow","max-snippet":"max-snippet:-1","max-image-preview":"max-image-preview:large","max-video-preview":"max-video-preview:-1"},"canonical":"https:\/\/www.hiperbaric.com\/es\/tecnologia-hpp\/recursos-hpp\/flyers-white-papers-y-casos-de-exito\/casos-de-exito\/","og_locale":"es_ES","og_type":"article","og_title":"Casos de \u00c9xito - Hiperbaric","og_url":"https:\/\/www.hiperbaric.com\/es\/tecnologia-hpp\/recursos-hpp\/flyers-white-papers-y-casos-de-exito\/casos-de-exito\/","og_site_name":"Hiperbaric","article_modified_time":"2020-10-14T07:48:03+00:00","twitter_card":"summary_large_image","schema":{"@context":"https:\/\/schema.org","@graph":[{"@type":"WebPage","@id":"https:\/\/www.hiperbaric.com\/es\/tecnologia-hpp\/recursos-hpp\/flyers-white-papers-y-casos-de-exito\/casos-de-exito\/","url":"https:\/\/www.hiperbaric.com\/es\/tecnologia-hpp\/recursos-hpp\/flyers-white-papers-y-casos-de-exito\/casos-de-exito\/","name":"Casos de \u00c9xito - Hiperbaric","isPartOf":{"@id":"https:\/\/www.hiperbaric.com\/en\/#website"},"datePublished":"2020-07-14T10:02:00+00:00","dateModified":"2020-10-14T07:48:03+00:00","breadcrumb":{"@id":"https:\/\/www.hiperbaric.com\/es\/tecnologia-hpp\/recursos-hpp\/flyers-white-papers-y-casos-de-exito\/casos-de-exito\/#breadcrumb"},"inLanguage":"es","potentialAction":[{"@type":"ReadAction","target":["https:\/\/www.hiperbaric.com\/es\/tecnologia-hpp\/recursos-hpp\/flyers-white-papers-y-casos-de-exito\/casos-de-exito\/"]}]},{"@type":"BreadcrumbList","@id":"https:\/\/www.hiperbaric.com\/es\/tecnologia-hpp\/recursos-hpp\/flyers-white-papers-y-casos-de-exito\/casos-de-exito\/#breadcrumb","itemListElement":[{"@type":"ListItem","position":1,"name":"Home","item":"https:\/\/www.hiperbaric.com\/es\/"},{"@type":"ListItem","position":2,"name":"Tecnolog\u00eda HPP","item":"https:\/\/www.hiperbaric.com\/es\/tecnologia-hpp\/"},{"@type":"ListItem","position":3,"name":"Recursos Tecnolog\u00eda HPP","item":"https:\/\/www.hiperbaric.com\/es\/tecnologia-hpp\/recursos-hpp\/"},{"@type":"ListItem","position":4,"name":"Flyers, white papers y casos de \u00e9xito","item":"https:\/\/www.hiperbaric.com\/es\/tecnologia-hpp\/recursos-hpp\/flyers-white-papers-y-casos-de-exito\/"},{"@type":"ListItem","position":5,"name":"Casos de \u00c9xito"}]},{"@type":"WebSite","@id":"https:\/\/www.hiperbaric.com\/en\/#website","url":"https:\/\/www.hiperbaric.com\/en\/","name":"Hiperbaric","description":"Procesado para la conservaci\u00f3n de alimentos","publisher":{"@id":"https:\/\/www.hiperbaric.com\/en\/#organization"},"potentialAction":[{"@type":"SearchAction","target":{"@type":"EntryPoint","urlTemplate":"https:\/\/www.hiperbaric.com\/en\/?s={search_term_string}"},"query-input":"required name=search_term_string"}],"inLanguage":"es"},{"@type":"Organization","@id":"https:\/\/www.hiperbaric.com\/en\/#organization","name":"Hiperbaric","url":"https:\/\/www.hiperbaric.com\/en\/","logo":{"@type":"ImageObject","inLanguage":"es","@id":"https:\/\/www.hiperbaric.com\/en\/#\/schema\/logo\/image\/","url":"https:\/\/www.hiperbaric.com\/wp-content\/uploads\/2026\/01\/cropped-hiperbaric-logotipo-1-2.png","contentUrl":"https:\/\/www.hiperbaric.com\/wp-content\/uploads\/2026\/01\/cropped-hiperbaric-logotipo-1-2.png","width":340,"height":72,"caption":"Hiperbaric"},"image":{"@id":"https:\/\/www.hiperbaric.com\/en\/#\/schema\/logo\/image\/"}}]}},"_links":{"self":[{"href":"https:\/\/www.hiperbaric.com\/es\/wp-json\/wp\/v2\/pages\/20821","targetHints":{"allow":["GET"]}}],"collection":[{"href":"https:\/\/www.hiperbaric.com\/es\/wp-json\/wp\/v2\/pages"}],"about":[{"href":"https:\/\/www.hiperbaric.com\/es\/wp-json\/wp\/v2\/types\/page"}],"author":[{"embeddable":true,"href":"https:\/\/www.hiperbaric.com\/es\/wp-json\/wp\/v2\/users\/1"}],"replies":[{"embeddable":true,"href":"https:\/\/www.hiperbaric.com\/es\/wp-json\/wp\/v2\/comments?post=20821"}],"version-history":[{"count":0,"href":"https:\/\/www.hiperbaric.com\/es\/wp-json\/wp\/v2\/pages\/20821\/revisions"}],"up":[{"embeddable":true,"href":"https:\/\/www.hiperbaric.com\/es\/wp-json\/wp\/v2\/pages\/20762"}],"wp:attachment":[{"href":"https:\/\/www.hiperbaric.com\/es\/wp-json\/wp\/v2\/media?parent=20821"}],"curies":[{"name":"wp","href":"https:\/\/api.w.org\/{rel}","templated":true}]}}