{"id":20767,"date":"2020-06-15T18:19:43","date_gmt":"2020-06-15T16:19:43","guid":{"rendered":"https:\/\/www.hiperbaric.com\/?page_id=20767"},"modified":"2023-01-27T12:42:17","modified_gmt":"2023-01-27T11:42:17","slug":"eventos","status":"publish","type":"page","link":"https:\/\/www.hiperbaric.com\/es\/tecnologia-hpp\/recursos-hpp\/eventos\/","title":{"rendered":"Eventos"},"content":{"rendered":"\r\n<p><div class = \"section__eventos\"> <div class=\"row\"><div class=\"col-md-6 section__eventos-square\"><div class=\"row\"><div class=\"col-8\"><div class=\"section__eventos-border\"><p class=\"section__eventos-date\">Marzo 2026<\/p>\n                    <p class=\"section__eventos-title\">DAIRYCON 2026<\/p><\/div>\n                    <div class=\"section__eventos-noborder\"><p class=\"section__eventos-description collapse\" id=\"eventCollapse-0\" aria-expanded=\"false\">DAIRYCON USA 2026, donde los l\u00edderes mundiales del sector l\u00e1cteo se reunir\u00e1n para explorar tecnolog\u00edas de vanguardia, pr\u00e1cticas agr\u00edcolas sostenibles y enfoques de \u00faltima generaci\u00f3n en la producci\u00f3n y el procesamiento de productos l\u00e1cteos. Este a\u00f1o tendr\u00e1 lugar del 18 al 19 de marzo. Para m\u00e1s informaci\u00f3n, <a href=\"https:\/\/www.dairycon-show.com\/\">pincha aqu\u00ed.<\/a><\/p>\n                    <a class=\"section__eventos-more\" role=\"button\" data-toggle=\"collapse\" href=\"#eventCollapse-0\" aria-expanded=\"false\" aria-controls=\"eventCollapse-0\">Leer m\u00e1s &gt;<\/a><\/div><\/div><div class=\"col-4 section__eventos-img\"><div class=\"vamtam-responsive-wrapper\"><img width=\"400\" height=\"250\" src=\"https:\/\/www.hiperbaric.com\/wp-content\/uploads\/2022\/12\/logos-ferias-apartado-web.jpg\" class=\"attachment-post-thumbnail size-post-thumbnail wp-post-image\" alt=\"\" decoding=\"async\" srcset=\"data:image\/svg+xml;utf8,&lt;svg%20xmlns=&quot;http:\/\/www.w3.org\/2000\/svg&quot;%20viewBox=&quot;0%200%20400%20250&quot;%20height=&quot;250px&quot;%20width=&quot;400px&quot;\/&gt;\" data-srcset=\"https:\/\/www.hiperbaric.com\/wp-content\/uploads\/2022\/12\/logos-ferias-apartado-web.jpg 400w, https:\/\/www.hiperbaric.com\/wp-content\/uploads\/2022\/12\/logos-ferias-apartado-web-300x188.jpg 300w, https:\/\/www.hiperbaric.com\/wp-content\/uploads\/2022\/12\/logos-ferias-apartado-web-315x197.jpg 315w\" sizes=\"(max-width: 400px) 100vw, 400px\" \/><\/div><\/div><\/div><\/div><div class=\"col-md-6 section__eventos-square\"><div class=\"row\"><div class=\"col-8\"><div class=\"section__eventos-border\"><p class=\"section__eventos-date\">Abril 2026<\/p>\n                    <p class=\"section__eventos-title\">CBST 2026<\/p><\/div>\n                    <div class=\"section__eventos-noborder\"><p class=\"section__eventos-description collapse\" id=\"eventCollapse-1\" aria-expanded=\"false\">CBST (China International Beverage Industry Exhibition on Science and Technology) es la principal exposici\u00f3n profesional de China dedicada a la tecnolog\u00eda de la industria de bebidas. Este a\u00f1o tendr\u00e1 lugar del 9 al 11 de abril, en Shenzhen. Para m\u00e1s informaci\u00f3n sobre la feria <a href=\"http:\/\/www.cbst.com.cn\/En\">pincha aqu\u00ed<\/a>.<\/p>\n                    <a class=\"section__eventos-more\" role=\"button\" data-toggle=\"collapse\" href=\"#eventCollapse-1\" aria-expanded=\"false\" aria-controls=\"eventCollapse-1\">Leer m\u00e1s &gt;<\/a><\/div><\/div><div class=\"col-4 section__eventos-img\"><div class=\"vamtam-responsive-wrapper\"><img width=\"400\" height=\"250\" src=\"https:\/\/www.hiperbaric.com\/wp-content\/uploads\/2022\/12\/cbst_cut.png\" class=\"attachment-post-thumbnail size-post-thumbnail wp-post-image\" alt=\"\" decoding=\"async\" srcset=\"data:image\/svg+xml;utf8,&lt;svg%20xmlns=&quot;http:\/\/www.w3.org\/2000\/svg&quot;%20viewBox=&quot;0%200%20400%20250&quot;%20height=&quot;250px&quot;%20width=&quot;400px&quot;\/&gt;\" data-srcset=\"https:\/\/www.hiperbaric.com\/wp-content\/uploads\/2022\/12\/cbst_cut.png 400w, https:\/\/www.hiperbaric.com\/wp-content\/uploads\/2022\/12\/cbst_cut-300x188.png 300w, https:\/\/www.hiperbaric.com\/wp-content\/uploads\/2022\/12\/cbst_cut-315x197.png 315w\" sizes=\"(max-width: 400px) 100vw, 400px\" \/><\/div><\/div><\/div><\/div><\/div><div class=\"row\"><div class=\"col-md-6 section__eventos-square\"><div class=\"row\"><div class=\"col-8\"><div class=\"section__eventos-border\"><p class=\"section__eventos-date\">Mayo 2026<\/p>\n                    <p class=\"section__eventos-title\">AVOCADO AFRICA 2026<\/p><\/div>\n                    <div class=\"section__eventos-noborder\"><p class=\"section__eventos-description collapse\" id=\"eventCollapse-2\" aria-expanded=\"false\">Avocado Fruits &amp; Vegetables Africa 2026 es la mayor reuni\u00f3n de stakeholders del mundo dedicada a \u00c1frica. Se trata de una plataforma espec\u00edficamente destinada a estimular el comercio, la tecnolog\u00eda y la transferencia y el intercambio de conocimientos. Para m\u00e1s informaci\u00f3n <a href=\"https:\/\/avocadoafrica.com\/\">pincha aqu\u00ed.<\/a><\/p>\n                    <a class=\"section__eventos-more\" role=\"button\" data-toggle=\"collapse\" href=\"#eventCollapse-2\" aria-expanded=\"false\" aria-controls=\"eventCollapse-2\">Leer m\u00e1s &gt;<\/a><\/div><\/div><div class=\"col-4 section__eventos-img\"><div class=\"vamtam-responsive-wrapper\"><img width=\"400\" height=\"250\" src=\"https:\/\/www.hiperbaric.com\/wp-content\/uploads\/2022\/12\/logos-ferias-apartado-web-1.jpg\" class=\"attachment-post-thumbnail size-post-thumbnail wp-post-image\" alt=\"\" decoding=\"async\" srcset=\"data:image\/svg+xml;utf8,&lt;svg%20xmlns=&quot;http:\/\/www.w3.org\/2000\/svg&quot;%20viewBox=&quot;0%200%20400%20250&quot;%20height=&quot;250px&quot;%20width=&quot;400px&quot;\/&gt;\" data-srcset=\"https:\/\/www.hiperbaric.com\/wp-content\/uploads\/2022\/12\/logos-ferias-apartado-web-1.jpg 400w, https:\/\/www.hiperbaric.com\/wp-content\/uploads\/2022\/12\/logos-ferias-apartado-web-1-300x188.jpg 300w, https:\/\/www.hiperbaric.com\/wp-content\/uploads\/2022\/12\/logos-ferias-apartado-web-1-315x197.jpg 315w\" sizes=\"(max-width: 400px) 100vw, 400px\" \/><\/div><\/div><\/div><\/div><div class=\"col-md-6 section__eventos-square\"><div class=\"row\"><div class=\"col-8\"><div class=\"section__eventos-border\"><p class=\"section__eventos-date\">Septiembre 2026<\/p>\n                    <p class=\"section__eventos-title\">CIMIE 2026<\/p><\/div>\n                    <div class=\"section__eventos-noborder\"><p class=\"section__eventos-description collapse\" id=\"eventCollapse-3\" aria-expanded=\"false\">CIMIE es una feria profesional internacional del sector c\u00e1rnico, organizada anualmente por la Secretar\u00eda Internacional de la Carne y la Asociaci\u00f3n C\u00e1rnica de China. La CIMIE se ha convertido no solo en una ventana para conocer las tendencias de la industria c\u00e1rnica mundial, sino tambi\u00e9n en una plataforma profesional para promover la cooperaci\u00f3n y el desarrollo del mercado. Si quieres saber m\u00e1s informaci\u00f3n de la feria, <a href=\"https:\/\/www.showsbee.com\/fairs\/101194-Meat-Industry-China-2026.html\">pincha aqu\u00ed.<\/a><\/p>\n                    <a class=\"section__eventos-more\" role=\"button\" data-toggle=\"collapse\" href=\"#eventCollapse-3\" aria-expanded=\"false\" aria-controls=\"eventCollapse-3\">Leer m\u00e1s &gt;<\/a><\/div><\/div><div class=\"col-4 section__eventos-img\"><div class=\"vamtam-responsive-wrapper\"><img width=\"400\" height=\"250\" src=\"https:\/\/www.hiperbaric.com\/wp-content\/uploads\/2022\/12\/logos-ferias-apartado-web-5.jpg\" class=\"attachment-post-thumbnail size-post-thumbnail wp-post-image\" alt=\"\" decoding=\"async\" srcset=\"data:image\/svg+xml;utf8,&lt;svg%20xmlns=&quot;http:\/\/www.w3.org\/2000\/svg&quot;%20viewBox=&quot;0%200%20400%20250&quot;%20height=&quot;250px&quot;%20width=&quot;400px&quot;\/&gt;\" data-srcset=\"https:\/\/www.hiperbaric.com\/wp-content\/uploads\/2022\/12\/logos-ferias-apartado-web-5.jpg 400w, https:\/\/www.hiperbaric.com\/wp-content\/uploads\/2022\/12\/logos-ferias-apartado-web-5-300x188.jpg 300w, https:\/\/www.hiperbaric.com\/wp-content\/uploads\/2022\/12\/logos-ferias-apartado-web-5-315x197.jpg 315w\" sizes=\"(max-width: 400px) 100vw, 400px\" \/><\/div><\/div><\/div><\/div><\/div><div class=\"row\"><div class=\"col-md-6 section__eventos-square\"><div class=\"row\"><div class=\"col-8\"><div class=\"section__eventos-border\"><p class=\"section__eventos-date\">Octubre 2026<\/p>\n                    <p class=\"section__eventos-title\">ALIMENTARIA FOODTECH 2026<\/p><\/div>\n                    <div class=\"section__eventos-noborder\"><p class=\"section__eventos-description collapse\" id=\"eventCollapse-4\" aria-expanded=\"false\">Alimentaria FoodTech es la feria de\u00a0maquinaria, tecnolog\u00eda e ingredientes\u00a0que integra la cadena de valor de la producci\u00f3n, transformaci\u00f3n y conservaci\u00f3n de la\u00a0industria de alimentos y bebidas. Es una feria\u00a0transversal\u00a0que da servicio a la industria de producci\u00f3n de alimentos y bebidas desde la\u00a0materia prima hasta la distribuci\u00f3n comercial. M\u00e1s informaci\u00f3n de la feria <a href=\"https:\/\/www.alimentariafoodtech.com\/alimentaria-foodtech\/\">pinchando aqu\u00ed<\/a>.<\/p>\n                    <a class=\"section__eventos-more\" role=\"button\" data-toggle=\"collapse\" href=\"#eventCollapse-4\" aria-expanded=\"false\" aria-controls=\"eventCollapse-4\">Leer m\u00e1s &gt;<\/a><\/div><\/div><div class=\"col-4 section__eventos-img\"><div class=\"vamtam-responsive-wrapper\"><img width=\"400\" height=\"250\" src=\"https:\/\/www.hiperbaric.com\/wp-content\/uploads\/2022\/12\/logos-ferias-apartado-web-2.jpg\" class=\"attachment-post-thumbnail size-post-thumbnail wp-post-image\" alt=\"\" decoding=\"async\" srcset=\"data:image\/svg+xml;utf8,&lt;svg%20xmlns=&quot;http:\/\/www.w3.org\/2000\/svg&quot;%20viewBox=&quot;0%200%20400%20250&quot;%20height=&quot;250px&quot;%20width=&quot;400px&quot;\/&gt;\" data-srcset=\"https:\/\/www.hiperbaric.com\/wp-content\/uploads\/2022\/12\/logos-ferias-apartado-web-2.jpg 400w, https:\/\/www.hiperbaric.com\/wp-content\/uploads\/2022\/12\/logos-ferias-apartado-web-2-300x188.jpg 300w, https:\/\/www.hiperbaric.com\/wp-content\/uploads\/2022\/12\/logos-ferias-apartado-web-2-315x197.jpg 315w\" sizes=\"(max-width: 400px) 100vw, 400px\" \/><\/div><\/div><\/div><\/div><div class=\"col-md-6 section__eventos-square\"><div class=\"row\"><div class=\"col-8\"><div class=\"section__eventos-border\"><p class=\"section__eventos-date\">Octubre 2026<\/p>\n                    <p class=\"section__eventos-title\">SIAL PARIS 2026<\/p><\/div>\n                    <div class=\"section__eventos-noborder\"><p class=\"section__eventos-description collapse\" id=\"eventCollapse-5\" aria-expanded=\"false\">Esta feria internacional de alimentaci\u00f3n es el centro neur\u00e1lgico de la innovaci\u00f3n alimentaria, ya que re\u00fane a productores, distribuidores, restauradores e importadores-exportadores. Si quieres m\u00e1s informaci\u00f3n, <a href=\"https:\/\/www.sialparis.com\/en\">pincha aqu\u00ed.<\/a><\/p>\n                    <a class=\"section__eventos-more\" role=\"button\" data-toggle=\"collapse\" href=\"#eventCollapse-5\" aria-expanded=\"false\" aria-controls=\"eventCollapse-5\">Leer m\u00e1s &gt;<\/a><\/div><\/div><div class=\"col-4 section__eventos-img\"><div class=\"vamtam-responsive-wrapper\"><img width=\"400\" height=\"250\" src=\"https:\/\/www.hiperbaric.com\/wp-content\/uploads\/2022\/12\/logos-ferias-apartado-web-3.jpg\" class=\"attachment-post-thumbnail size-post-thumbnail wp-post-image\" alt=\"\" decoding=\"async\" srcset=\"data:image\/svg+xml;utf8,&lt;svg%20xmlns=&quot;http:\/\/www.w3.org\/2000\/svg&quot;%20viewBox=&quot;0%200%20400%20250&quot;%20height=&quot;250px&quot;%20width=&quot;400px&quot;\/&gt;\" data-srcset=\"https:\/\/www.hiperbaric.com\/wp-content\/uploads\/2022\/12\/logos-ferias-apartado-web-3.jpg 400w, https:\/\/www.hiperbaric.com\/wp-content\/uploads\/2022\/12\/logos-ferias-apartado-web-3-300x188.jpg 300w, https:\/\/www.hiperbaric.com\/wp-content\/uploads\/2022\/12\/logos-ferias-apartado-web-3-315x197.jpg 315w\" sizes=\"(max-width: 400px) 100vw, 400px\" \/><\/div><\/div><\/div><\/div><\/div><div class=\"row\"><div class=\"col-md-6 section__eventos-square\"><div class=\"row\"><div class=\"col-8\"><div class=\"section__eventos-border\"><p class=\"section__eventos-date\">Octubre 2026<\/p>\n                    <p class=\"section__eventos-title\">PACK EXPO INTERNATIONAL 2026<\/p><\/div>\n                    <div class=\"section__eventos-noborder\"><p class=\"section__eventos-description collapse\" id=\"eventCollapse-6\" aria-expanded=\"false\">Este evento \u00fanico re\u00fane a todo el ecosistema del envasado y el procesamiento: 2600 expositores, m\u00e1s de 40 sectores y un sinf\u00edn de soluciones bajo un mismo techo. Si busca soluciones reales, ideas novedosas y una ventaja competitiva, este es el lugar por donde empezar. Para m\u00e1s informaci\u00f3n, haga <a href=\"https:\/\/www.packexpointernational.com\/\">click aqu\u00ed<\/a>.<\/p>\n                    <a class=\"section__eventos-more\" role=\"button\" data-toggle=\"collapse\" href=\"#eventCollapse-6\" aria-expanded=\"false\" aria-controls=\"eventCollapse-6\">Leer m\u00e1s &gt;<\/a><\/div><\/div><div class=\"col-4 section__eventos-img\"><div class=\"vamtam-responsive-wrapper\"><img width=\"400\" height=\"250\" src=\"https:\/\/www.hiperbaric.com\/wp-content\/uploads\/2022\/12\/15.png\" class=\"attachment-post-thumbnail size-post-thumbnail wp-post-image\" alt=\"\" decoding=\"async\" srcset=\"data:image\/svg+xml;utf8,&lt;svg%20xmlns=&quot;http:\/\/www.w3.org\/2000\/svg&quot;%20viewBox=&quot;0%200%20400%20250&quot;%20height=&quot;250px&quot;%20width=&quot;400px&quot;\/&gt;\" data-srcset=\"https:\/\/www.hiperbaric.com\/wp-content\/uploads\/2022\/12\/15.png 400w, https:\/\/www.hiperbaric.com\/wp-content\/uploads\/2022\/12\/15-300x188.png 300w, https:\/\/www.hiperbaric.com\/wp-content\/uploads\/2022\/12\/15-315x197.png 315w\" sizes=\"(max-width: 400px) 100vw, 400px\" \/><\/div><\/div><\/div><\/div><div class=\"col-md-6 section__eventos-square\"><div class=\"row\"><div class=\"col-8\"><div class=\"section__eventos-border\"><p class=\"section__eventos-date\">Noviembre 2026<\/p>\n                    <p class=\"section__eventos-title\">TERRITORIO AGUACATE 2026<\/p><\/div>\n                    <div class=\"section__eventos-noborder\"><p class=\"section__eventos-description collapse\" id=\"eventCollapse-7\" aria-expanded=\"false\">Territorio Aguacate es el evento comercial de networking y conocimiento de la agroindustria del Aguacate Hass de Colombia y LatAm. Si quieres m\u00e1s informaci\u00f3n, <a href=\"https:\/\/territorioaguacate.com\/inicio\/\">pincha aqu\u00ed.<\/a><\/p>\n                    <a class=\"section__eventos-more\" role=\"button\" data-toggle=\"collapse\" href=\"#eventCollapse-7\" aria-expanded=\"false\" aria-controls=\"eventCollapse-7\">Leer m\u00e1s &gt;<\/a><\/div><\/div><div class=\"col-4 section__eventos-img\"><div class=\"vamtam-responsive-wrapper\"><img width=\"400\" height=\"250\" src=\"https:\/\/www.hiperbaric.com\/wp-content\/uploads\/2022\/12\/logos-ferias-apartado-web-6.jpg\" class=\"attachment-post-thumbnail size-post-thumbnail wp-post-image\" alt=\"\" decoding=\"async\" srcset=\"data:image\/svg+xml;utf8,&lt;svg%20xmlns=&quot;http:\/\/www.w3.org\/2000\/svg&quot;%20viewBox=&quot;0%200%20400%20250&quot;%20height=&quot;250px&quot;%20width=&quot;400px&quot;\/&gt;\" data-srcset=\"https:\/\/www.hiperbaric.com\/wp-content\/uploads\/2022\/12\/logos-ferias-apartado-web-6.jpg 400w, https:\/\/www.hiperbaric.com\/wp-content\/uploads\/2022\/12\/logos-ferias-apartado-web-6-300x188.jpg 300w, https:\/\/www.hiperbaric.com\/wp-content\/uploads\/2022\/12\/logos-ferias-apartado-web-6-315x197.jpg 315w\" sizes=\"(max-width: 400px) 100vw, 400px\" \/><\/div><\/div><\/div><\/div><\/div><div class=\"row\"><div class=\"col-md-6 section__eventos-square\"><div class=\"row\"><div class=\"col-8\"><div class=\"section__eventos-border\"><p class=\"section__eventos-date\">Noviembre 2026<\/p>\n                    <p class=\"section__eventos-title\">GULFOOD MANUFACTURING 2026<\/p><\/div>\n                    <div class=\"section__eventos-noborder\"><p class=\"section__eventos-description collapse\" id=\"eventCollapse-8\" aria-expanded=\"false\">Gulfood Manufacturing es el encuentro l\u00edder mundial para fabricantes de alimentos y bebidas, l\u00edderes de la cadena de suministro y pioneros tecnol\u00f3gicos. La edici\u00f3n de este a\u00f1o reuni\u00f3 a m\u00e1s de 2500 expositores de 79 pa\u00edses, incluidos los nuevos pabellones nacionales de Corea, Jap\u00f3n y Rusia. Si quieres m\u00e1s informaci\u00f3n de la feria, <a href=\"https:\/\/gulfoodmanufacturing.com\/\">pincha aqu\u00ed.<\/a><\/p>\n                    <a class=\"section__eventos-more\" role=\"button\" data-toggle=\"collapse\" href=\"#eventCollapse-8\" aria-expanded=\"false\" aria-controls=\"eventCollapse-8\">Leer m\u00e1s &gt;<\/a><\/div><\/div><div class=\"col-4 section__eventos-img\"><div class=\"vamtam-responsive-wrapper\"><img width=\"400\" height=\"250\" src=\"https:\/\/www.hiperbaric.com\/wp-content\/uploads\/2022\/12\/logos-ferias-apartado-web-4.jpg\" class=\"attachment-post-thumbnail size-post-thumbnail wp-post-image\" alt=\"\" decoding=\"async\" srcset=\"data:image\/svg+xml;utf8,&lt;svg%20xmlns=&quot;http:\/\/www.w3.org\/2000\/svg&quot;%20viewBox=&quot;0%200%20400%20250&quot;%20height=&quot;250px&quot;%20width=&quot;400px&quot;\/&gt;\" data-srcset=\"https:\/\/www.hiperbaric.com\/wp-content\/uploads\/2022\/12\/logos-ferias-apartado-web-4.jpg 400w, https:\/\/www.hiperbaric.com\/wp-content\/uploads\/2022\/12\/logos-ferias-apartado-web-4-300x188.jpg 300w, https:\/\/www.hiperbaric.com\/wp-content\/uploads\/2022\/12\/logos-ferias-apartado-web-4-315x197.jpg 315w\" sizes=\"(max-width: 400px) 100vw, 400px\" \/><\/div><\/div><\/div><\/div><\/div><\/div> PARA CONTACTAR CON EL DEPARTAMENTO DE COMUNICACI\u00d3N, PUEDE ESCRIBIRNOS A:<br \/><a href=\"mailto:marketing@hiperbaric.com\">marketing@hiperbaric.com<\/a><\/p>\r\n","protected":false},"excerpt":{"rendered":"<p>Gulfood Manufacturing es el encuentro l\u00edder mundial para fabricantes de alimentos y bebidas, l\u00edderes de la cadena de suministro y pioneros tecnol\u00f3gicos. La edici\u00f3n de este a\u00f1o reuni\u00f3 a m\u00e1s de 2500 expositores de 79 pa\u00edses, incluidos los nuevos pabellones nacionales de Corea, Jap\u00f3n y Rusia. Si quieres m\u00e1s informaci\u00f3n de la feria, pincha aqu\u00ed.<\/p>\n","protected":false},"author":1,"featured_media":0,"parent":20737,"menu_order":0,"comment_status":"closed","ping_status":"closed","template":"","meta":{"om_disable_all_campaigns":false,"inline_featured_image":false,"_monsterinsights_skip_tracking":false,"_monsterinsights_sitenote_active":false,"_monsterinsights_sitenote_note":"","_monsterinsights_sitenote_category":0,"footnotes":"","_wp_rev_ctl_limit":""},"acf":[],"yoast_head":"<!-- This site is optimized with the Yoast SEO plugin v22.4 - https:\/\/yoast.com\/wordpress\/plugins\/seo\/ -->\n<title>Eventos - Hiperbaric<\/title>\n<meta name=\"robots\" content=\"index, follow, max-snippet:-1, max-image-preview:large, max-video-preview:-1\" \/>\n<link rel=\"canonical\" href=\"https:\/\/www.hiperbaric.com\/es\/tecnologia-hpp\/recursos-hpp\/eventos\/\" \/>\n<meta property=\"og:locale\" content=\"es_ES\" \/>\n<meta property=\"og:type\" content=\"article\" \/>\n<meta property=\"og:title\" content=\"Eventos - Hiperbaric\" \/>\n<meta property=\"og:description\" content=\"PARA CONTACTAR CON EL DEPARTAMENTO DE COMUNICACI\u00d3N, PUEDE ESCRIBIRNOS A:marketing@hiperbaric.com\" \/>\n<meta property=\"og:url\" content=\"https:\/\/www.hiperbaric.com\/es\/tecnologia-hpp\/recursos-hpp\/eventos\/\" \/>\n<meta property=\"og:site_name\" content=\"Hiperbaric\" \/>\n<meta property=\"article:modified_time\" content=\"2023-01-27T11:42:17+00:00\" \/>\n<meta name=\"twitter:card\" content=\"summary_large_image\" \/>\n<meta name=\"twitter:label1\" content=\"Tiempo de lectura\" \/>\n\t<meta name=\"twitter:data1\" content=\"1 minuto\" \/>\n<script type=\"application\/ld+json\" class=\"yoast-schema-graph\">{\"@context\":\"https:\/\/schema.org\",\"@graph\":[{\"@type\":\"WebPage\",\"@id\":\"https:\/\/www.hiperbaric.com\/es\/tecnologia-hpp\/recursos-hpp\/eventos\/\",\"url\":\"https:\/\/www.hiperbaric.com\/es\/tecnologia-hpp\/recursos-hpp\/eventos\/\",\"name\":\"Eventos - Hiperbaric\",\"isPartOf\":{\"@id\":\"https:\/\/www.hiperbaric.com\/en\/#website\"},\"datePublished\":\"2020-06-15T16:19:43+00:00\",\"dateModified\":\"2023-01-27T11:42:17+00:00\",\"breadcrumb\":{\"@id\":\"https:\/\/www.hiperbaric.com\/es\/tecnologia-hpp\/recursos-hpp\/eventos\/#breadcrumb\"},\"inLanguage\":\"es\",\"potentialAction\":[{\"@type\":\"ReadAction\",\"target\":[\"https:\/\/www.hiperbaric.com\/es\/tecnologia-hpp\/recursos-hpp\/eventos\/\"]}]},{\"@type\":\"BreadcrumbList\",\"@id\":\"https:\/\/www.hiperbaric.com\/es\/tecnologia-hpp\/recursos-hpp\/eventos\/#breadcrumb\",\"itemListElement\":[{\"@type\":\"ListItem\",\"position\":1,\"name\":\"Home\",\"item\":\"https:\/\/www.hiperbaric.com\/es\/\"},{\"@type\":\"ListItem\",\"position\":2,\"name\":\"Tecnolog\u00eda HPP\",\"item\":\"https:\/\/www.hiperbaric.com\/es\/tecnologia-hpp\/\"},{\"@type\":\"ListItem\",\"position\":3,\"name\":\"Recursos Tecnolog\u00eda HPP\",\"item\":\"https:\/\/www.hiperbaric.com\/es\/tecnologia-hpp\/recursos-hpp\/\"},{\"@type\":\"ListItem\",\"position\":4,\"name\":\"Eventos\"}]},{\"@type\":\"WebSite\",\"@id\":\"https:\/\/www.hiperbaric.com\/en\/#website\",\"url\":\"https:\/\/www.hiperbaric.com\/en\/\",\"name\":\"Hiperbaric\",\"description\":\"Procesado para la conservaci\u00f3n de alimentos\",\"publisher\":{\"@id\":\"https:\/\/www.hiperbaric.com\/en\/#organization\"},\"potentialAction\":[{\"@type\":\"SearchAction\",\"target\":{\"@type\":\"EntryPoint\",\"urlTemplate\":\"https:\/\/www.hiperbaric.com\/en\/?s={search_term_string}\"},\"query-input\":\"required name=search_term_string\"}],\"inLanguage\":\"es\"},{\"@type\":\"Organization\",\"@id\":\"https:\/\/www.hiperbaric.com\/en\/#organization\",\"name\":\"Hiperbaric\",\"url\":\"https:\/\/www.hiperbaric.com\/en\/\",\"logo\":{\"@type\":\"ImageObject\",\"inLanguage\":\"es\",\"@id\":\"https:\/\/www.hiperbaric.com\/en\/#\/schema\/logo\/image\/\",\"url\":\"https:\/\/www.hiperbaric.com\/wp-content\/uploads\/2026\/01\/cropped-hiperbaric-logotipo-1-2.png\",\"contentUrl\":\"https:\/\/www.hiperbaric.com\/wp-content\/uploads\/2026\/01\/cropped-hiperbaric-logotipo-1-2.png\",\"width\":340,\"height\":72,\"caption\":\"Hiperbaric\"},\"image\":{\"@id\":\"https:\/\/www.hiperbaric.com\/en\/#\/schema\/logo\/image\/\"}}]}<\/script>\n<!-- \/ Yoast SEO plugin. -->","yoast_head_json":{"title":"Eventos - Hiperbaric","robots":{"index":"index","follow":"follow","max-snippet":"max-snippet:-1","max-image-preview":"max-image-preview:large","max-video-preview":"max-video-preview:-1"},"canonical":"https:\/\/www.hiperbaric.com\/es\/tecnologia-hpp\/recursos-hpp\/eventos\/","og_locale":"es_ES","og_type":"article","og_title":"Eventos - Hiperbaric","og_description":"PARA CONTACTAR CON EL DEPARTAMENTO DE COMUNICACI\u00d3N, PUEDE ESCRIBIRNOS A:marketing@hiperbaric.com","og_url":"https:\/\/www.hiperbaric.com\/es\/tecnologia-hpp\/recursos-hpp\/eventos\/","og_site_name":"Hiperbaric","article_modified_time":"2023-01-27T11:42:17+00:00","twitter_card":"summary_large_image","twitter_misc":{"Tiempo de lectura":"1 minuto"},"schema":{"@context":"https:\/\/schema.org","@graph":[{"@type":"WebPage","@id":"https:\/\/www.hiperbaric.com\/es\/tecnologia-hpp\/recursos-hpp\/eventos\/","url":"https:\/\/www.hiperbaric.com\/es\/tecnologia-hpp\/recursos-hpp\/eventos\/","name":"Eventos - Hiperbaric","isPartOf":{"@id":"https:\/\/www.hiperbaric.com\/en\/#website"},"datePublished":"2020-06-15T16:19:43+00:00","dateModified":"2023-01-27T11:42:17+00:00","breadcrumb":{"@id":"https:\/\/www.hiperbaric.com\/es\/tecnologia-hpp\/recursos-hpp\/eventos\/#breadcrumb"},"inLanguage":"es","potentialAction":[{"@type":"ReadAction","target":["https:\/\/www.hiperbaric.com\/es\/tecnologia-hpp\/recursos-hpp\/eventos\/"]}]},{"@type":"BreadcrumbList","@id":"https:\/\/www.hiperbaric.com\/es\/tecnologia-hpp\/recursos-hpp\/eventos\/#breadcrumb","itemListElement":[{"@type":"ListItem","position":1,"name":"Home","item":"https:\/\/www.hiperbaric.com\/es\/"},{"@type":"ListItem","position":2,"name":"Tecnolog\u00eda HPP","item":"https:\/\/www.hiperbaric.com\/es\/tecnologia-hpp\/"},{"@type":"ListItem","position":3,"name":"Recursos Tecnolog\u00eda HPP","item":"https:\/\/www.hiperbaric.com\/es\/tecnologia-hpp\/recursos-hpp\/"},{"@type":"ListItem","position":4,"name":"Eventos"}]},{"@type":"WebSite","@id":"https:\/\/www.hiperbaric.com\/en\/#website","url":"https:\/\/www.hiperbaric.com\/en\/","name":"Hiperbaric","description":"Procesado para la conservaci\u00f3n de alimentos","publisher":{"@id":"https:\/\/www.hiperbaric.com\/en\/#organization"},"potentialAction":[{"@type":"SearchAction","target":{"@type":"EntryPoint","urlTemplate":"https:\/\/www.hiperbaric.com\/en\/?s={search_term_string}"},"query-input":"required name=search_term_string"}],"inLanguage":"es"},{"@type":"Organization","@id":"https:\/\/www.hiperbaric.com\/en\/#organization","name":"Hiperbaric","url":"https:\/\/www.hiperbaric.com\/en\/","logo":{"@type":"ImageObject","inLanguage":"es","@id":"https:\/\/www.hiperbaric.com\/en\/#\/schema\/logo\/image\/","url":"https:\/\/www.hiperbaric.com\/wp-content\/uploads\/2026\/01\/cropped-hiperbaric-logotipo-1-2.png","contentUrl":"https:\/\/www.hiperbaric.com\/wp-content\/uploads\/2026\/01\/cropped-hiperbaric-logotipo-1-2.png","width":340,"height":72,"caption":"Hiperbaric"},"image":{"@id":"https:\/\/www.hiperbaric.com\/en\/#\/schema\/logo\/image\/"}}]}},"_links":{"self":[{"href":"https:\/\/www.hiperbaric.com\/es\/wp-json\/wp\/v2\/pages\/20767"}],"collection":[{"href":"https:\/\/www.hiperbaric.com\/es\/wp-json\/wp\/v2\/pages"}],"about":[{"href":"https:\/\/www.hiperbaric.com\/es\/wp-json\/wp\/v2\/types\/page"}],"author":[{"embeddable":true,"href":"https:\/\/www.hiperbaric.com\/es\/wp-json\/wp\/v2\/users\/1"}],"replies":[{"embeddable":true,"href":"https:\/\/www.hiperbaric.com\/es\/wp-json\/wp\/v2\/comments?post=20767"}],"version-history":[{"count":1,"href":"https:\/\/www.hiperbaric.com\/es\/wp-json\/wp\/v2\/pages\/20767\/revisions"}],"predecessor-version":[{"id":42979,"href":"https:\/\/www.hiperbaric.com\/es\/wp-json\/wp\/v2\/pages\/20767\/revisions\/42979"}],"up":[{"embeddable":true,"href":"https:\/\/www.hiperbaric.com\/es\/wp-json\/wp\/v2\/pages\/20737"}],"wp:attachment":[{"href":"https:\/\/www.hiperbaric.com\/es\/wp-json\/wp\/v2\/media?parent=20767"}],"curies":[{"name":"wp","href":"https:\/\/api.w.org\/{rel}","templated":true}]}}