{"id":20737,"date":"2020-06-15T12:38:44","date_gmt":"2020-06-15T10:38:44","guid":{"rendered":"https:\/\/www.hiperbaric.com\/?page_id=20737"},"modified":"2020-10-15T10:42:50","modified_gmt":"2020-10-15T08:42:50","slug":"recursos-hpp","status":"publish","type":"page","link":"https:\/\/www.hiperbaric.com\/es\/tecnologia-hpp\/recursos-hpp\/","title":{"rendered":"Recursos Tecnolog\u00eda HPP"},"content":{"rendered":"\n\t\t\t\t<a href=\"\/recursos-hpp\/flyers-white-papers-y-casos-de-exito\" target=\"_self\" itemprop=\"url\" rel=\"noopener noreferrer\">\n\t\t\t\t<img decoding=\"async\" loading=\"lazy\" src=\"https:\/\/www.hiperbaric.com\/wp-content\/uploads\/2020\/08\/FLYERS.jpg\" alt=\"Flyers, Whitepapers y casos de \u00e9xito\" itemprop=\"image\" height=\"370\" width=\"550\" title=\"FLYERS\" onerror=\"this.style.display='none'\"  \/>\n\t\t\t\t\t\t<\/a>\n    <h3>Flyers, Papers y Casos<\/h3>\n    <a href=\"#\">EXPLORAR ><\/a>\n\t\t\t\t<a href=\"\/tecnologia-hpp\/recursos-hpp\/videos\/\" target=\"_self\" itemprop=\"url\" rel=\"noopener noreferrer\">\n\t\t\t\t<img decoding=\"async\" loading=\"lazy\" src=\"https:\/\/www.hiperbaric.com\/wp-content\/uploads\/2020\/08\/videos-1.jpg\" alt=\"Videos\" itemprop=\"image\" height=\"370\" width=\"550\" title=\"videos\" onerror=\"this.style.display='none'\"  \/>\n\t\t\t\t\t\t<\/a>\n    <h3>V\u00eddeos<\/h3>\n    <a href=\"#\">EXPLORAR ><\/a>\n\t\t\t\t<a href=\"\/recursos-hpp\/webinars\" target=\"_self\" itemprop=\"url\" rel=\"noopener noreferrer\">\n\t\t\t\t<img decoding=\"async\" loading=\"lazy\" src=\"https:\/\/www.hiperbaric.com\/wp-content\/uploads\/2020\/08\/WEBINARS.jpg\" alt=\"Webinars\" itemprop=\"image\" height=\"370\" width=\"550\" title=\"WEBINARS\" onerror=\"this.style.display='none'\"  \/>\n\t\t\t\t\t\t<\/a>\n    <h3>Webinars<\/h3>\n    <a href=\"#\">EXPLORAR ><\/a>\n\t<h2 data-element-id=\"hmap-4\"><strong>Flyers, White papers y Casos de \u00c9xito<\/strong><\/h2>\n\tAplicaciones alimentarias, tecnolog\u00eda, equipos industriales HPP y casos de \u00e9xito. Lee toda nuestra documentaci\u00f3n aqu\u00ed.<br \/>\n\n\t<a href=\"\/recursos-hpp\/flyers-white-papers-y-casos-de-exito\">VER DOCUMENTOS ><\/a>\n\t<h2 data-element-id=\"hmap-4\"><strong>V\u00eddeos<\/strong><\/h2>\n\tVisualiza los v\u00eddeos sobre la tecnolog\u00eda y servicios HPP, clientes y presencia corporativa de Hiperbaric.<br \/>\n\n\t<a href=\"\/tecnologia-hpp\/recursos-hpp\/videos\/\">VER V\u00cdDEOS ><\/a>\n\t<h2 data-element-id=\"hmap-4\"><strong>Webinars<\/strong><\/h2>\n\t\u00danete a nuestros webinars y seminarios web para conocer a fondo la teconolog\u00eda HPP de la mano de los mejores expertos.<br \/>\n\n\t<a href=\"\/recursos-hpp\/webinars\">VER WEBINARS ><\/a>\n\t\t\t\t<a href=\"\/recursos-hpp\/eventos\" target=\"_self\" itemprop=\"url\" rel=\"noopener noreferrer\">\n\t\t\t\t<img decoding=\"async\" loading=\"lazy\" src=\"https:\/\/www.hiperbaric.com\/wp-content\/uploads\/2020\/08\/ferias.jpg\" alt=\"Eventos\" itemprop=\"image\" height=\"370\" width=\"550\" title=\"ferias\" onerror=\"this.style.display='none'\"  \/>\n\t\t\t\t\t\t<\/a>\n    <h3>Eventos<\/h3>\n    <a href=\"#\">EXPLORAR ><\/a>\n\t\t\t\t<a href=\"\/tecnologia-hpp\/recursos-hpp\/sala-de-prensa\/\" target=\"_self\" itemprop=\"url\" rel=\"noopener noreferrer\">\n\t\t\t\t<img decoding=\"async\" loading=\"lazy\" src=\"https:\/\/www.hiperbaric.com\/wp-content\/uploads\/2020\/08\/notas-de-prensa.jpg\" alt=\"Sala de prensa\" itemprop=\"image\" height=\"370\" width=\"550\" title=\"Sala de prensa\" onerror=\"this.style.display='none'\"  \/>\n\t\t\t\t\t\t<\/a>\n    <h3>Sala de prensa<\/h3>\n    <a href=\"#\">EXPLORAR ><\/a>\n\t\t\t\t<a href=\"\/tecnologia-hpp\/blog-hpp\/\" target=\"_self\" itemprop=\"url\" rel=\"noopener noreferrer\">\n\t\t\t\t<img decoding=\"async\" loading=\"lazy\" src=\"https:\/\/www.hiperbaric.com\/wp-content\/uploads\/2020\/08\/blog-1.jpg\" alt=\"Blog\" itemprop=\"image\" height=\"370\" width=\"550\" title=\"blog\" onerror=\"this.style.display='none'\"  \/>\n\t\t\t\t\t\t<\/a>\n    <h3>HPP<\/h3>\n    <a href=\"\/tecnologia-hpp\/blog-hpp\/\">EXPLORAR ><\/a>\n\t<h2 data-element-id=\"hmap-4\"><strong>Eventos<\/strong><\/h2>\n\tDescubre en qu\u00e9 eventos, conferencias y ferias comerciales alrededor de todo el mundo puedes encontrarnos.<br \/>\n\n\t<a href=\"\/recursos-hpp\/eventos\">VER EVENTOS ><\/a>\n\t<h2 data-element-id=\"hmap-4\"><strong>Sala de prensa<br \/>\n<\/strong><\/h2>\n\tConsulta y descarga toda la informaci\u00f3n actualizada sobre la compa\u00f1\u00eda: noticias, notas de prensa, fotograf\u00edas y material.<br \/>\n\n\t<a href=\"\/tecnologia-hpp\/recursos-hpp\/sala-de-prensa\/\">VER SALA DE PRENSA ><\/a>\n\t<h2 data-element-id=\"hmap-4\"><strong>Blog<\/strong><\/h2>\n\tSeguridad alimentaria, tecnolog\u00eda HPP, aplicaciones&#8230; Cada semana publicamos excelentes art\u00edculos sobre el Procesado por Alta Presi\u00f3n.<br \/>\n\n\t<a href=\"\/tecnologia-hpp\/blog-hpp\/\">VER BLOG ><\/a>\n","protected":false},"excerpt":{"rendered":"<p>Flyers, Papers y Casos EXPLORAR > V\u00eddeos EXPLORAR > Webinars EXPLORAR > Flyers, White papers y Casos de \u00c9xito Aplicaciones alimentarias, tecnolog\u00eda, equipos industriales HPP y casos de \u00e9xito. Lee toda nuestra documentaci\u00f3n aqu\u00ed. VER DOCUMENTOS > V\u00eddeos Visualiza los v\u00eddeos sobre la tecnolog\u00eda y servicios HPP, clientes y presencia corporativa de Hiperbaric. VER V\u00cdDEOS&#8230;<\/p>\n","protected":false},"author":1,"featured_media":0,"parent":20701,"menu_order":0,"comment_status":"closed","ping_status":"closed","template":"","meta":{"om_disable_all_campaigns":false,"inline_featured_image":false,"_monsterinsights_skip_tracking":false,"_monsterinsights_sitenote_active":false,"_monsterinsights_sitenote_note":"","_monsterinsights_sitenote_category":0,"footnotes":"","_wp_rev_ctl_limit":""},"acf":[],"yoast_head":"<!-- This site is optimized with the Yoast SEO plugin v22.4 - https:\/\/yoast.com\/wordpress\/plugins\/seo\/ -->\n<title>Recursos Tecnolog\u00eda HPP - Hiperbaric<\/title>\n<meta name=\"robots\" content=\"index, follow, max-snippet:-1, max-image-preview:large, max-video-preview:-1\" \/>\n<link rel=\"canonical\" href=\"https:\/\/www.hiperbaric.com\/es\/tecnologia-hpp\/recursos-hpp\/\" \/>\n<meta property=\"og:locale\" content=\"es_ES\" \/>\n<meta property=\"og:type\" content=\"article\" \/>\n<meta property=\"og:title\" content=\"Recursos Tecnolog\u00eda HPP - Hiperbaric\" \/>\n<meta property=\"og:description\" content=\"Flyers, Papers y Casos EXPLORAR &gt; V\u00eddeos EXPLORAR &gt; Webinars EXPLORAR &gt; Flyers, White papers y Casos de \u00c9xito Aplicaciones alimentarias, tecnolog\u00eda, equipos industriales HPP y casos de \u00e9xito. Lee toda nuestra documentaci\u00f3n aqu\u00ed. VER DOCUMENTOS &gt; V\u00eddeos Visualiza los v\u00eddeos sobre la tecnolog\u00eda y servicios HPP, clientes y presencia corporativa de Hiperbaric. VER V\u00cdDEOS...\" \/>\n<meta property=\"og:url\" content=\"https:\/\/www.hiperbaric.com\/es\/tecnologia-hpp\/recursos-hpp\/\" \/>\n<meta property=\"og:site_name\" content=\"Hiperbaric\" \/>\n<meta property=\"article:modified_time\" content=\"2020-10-15T08:42:50+00:00\" \/>\n<meta property=\"og:image\" content=\"https:\/\/www.hiperbaric.com\/wp-content\/uploads\/2020\/08\/FLYERS.jpg\" \/>\n<meta name=\"twitter:card\" content=\"summary_large_image\" \/>\n<meta name=\"twitter:label1\" content=\"Tiempo de lectura\" \/>\n\t<meta name=\"twitter:data1\" content=\"1 minuto\" \/>\n<script type=\"application\/ld+json\" class=\"yoast-schema-graph\">{\"@context\":\"https:\/\/schema.org\",\"@graph\":[{\"@type\":\"WebPage\",\"@id\":\"https:\/\/www.hiperbaric.com\/es\/tecnologia-hpp\/recursos-hpp\/\",\"url\":\"https:\/\/www.hiperbaric.com\/es\/tecnologia-hpp\/recursos-hpp\/\",\"name\":\"Recursos Tecnolog\u00eda HPP - Hiperbaric\",\"isPartOf\":{\"@id\":\"https:\/\/www.hiperbaric.com\/en\/#website\"},\"primaryImageOfPage\":{\"@id\":\"https:\/\/www.hiperbaric.com\/es\/tecnologia-hpp\/recursos-hpp\/#primaryimage\"},\"image\":{\"@id\":\"https:\/\/www.hiperbaric.com\/es\/tecnologia-hpp\/recursos-hpp\/#primaryimage\"},\"thumbnailUrl\":\"https:\/\/www.hiperbaric.com\/wp-content\/uploads\/2020\/08\/FLYERS.jpg\",\"datePublished\":\"2020-06-15T10:38:44+00:00\",\"dateModified\":\"2020-10-15T08:42:50+00:00\",\"breadcrumb\":{\"@id\":\"https:\/\/www.hiperbaric.com\/es\/tecnologia-hpp\/recursos-hpp\/#breadcrumb\"},\"inLanguage\":\"es\",\"potentialAction\":[{\"@type\":\"ReadAction\",\"target\":[\"https:\/\/www.hiperbaric.com\/es\/tecnologia-hpp\/recursos-hpp\/\"]}]},{\"@type\":\"ImageObject\",\"inLanguage\":\"es\",\"@id\":\"https:\/\/www.hiperbaric.com\/es\/tecnologia-hpp\/recursos-hpp\/#primaryimage\",\"url\":\"https:\/\/www.hiperbaric.com\/wp-content\/uploads\/2020\/08\/FLYERS.jpg\",\"contentUrl\":\"https:\/\/www.hiperbaric.com\/wp-content\/uploads\/2020\/08\/FLYERS.jpg\"},{\"@type\":\"BreadcrumbList\",\"@id\":\"https:\/\/www.hiperbaric.com\/es\/tecnologia-hpp\/recursos-hpp\/#breadcrumb\",\"itemListElement\":[{\"@type\":\"ListItem\",\"position\":1,\"name\":\"Home\",\"item\":\"https:\/\/www.hiperbaric.com\/es\/\"},{\"@type\":\"ListItem\",\"position\":2,\"name\":\"Tecnolog\u00eda HPP\",\"item\":\"https:\/\/www.hiperbaric.com\/es\/tecnologia-hpp\/\"},{\"@type\":\"ListItem\",\"position\":3,\"name\":\"Recursos Tecnolog\u00eda HPP\"}]},{\"@type\":\"WebSite\",\"@id\":\"https:\/\/www.hiperbaric.com\/en\/#website\",\"url\":\"https:\/\/www.hiperbaric.com\/en\/\",\"name\":\"Hiperbaric\",\"description\":\"Procesado para la conservaci\u00f3n de alimentos\",\"publisher\":{\"@id\":\"https:\/\/www.hiperbaric.com\/en\/#organization\"},\"potentialAction\":[{\"@type\":\"SearchAction\",\"target\":{\"@type\":\"EntryPoint\",\"urlTemplate\":\"https:\/\/www.hiperbaric.com\/en\/?s={search_term_string}\"},\"query-input\":\"required name=search_term_string\"}],\"inLanguage\":\"es\"},{\"@type\":\"Organization\",\"@id\":\"https:\/\/www.hiperbaric.com\/en\/#organization\",\"name\":\"Hiperbaric\",\"url\":\"https:\/\/www.hiperbaric.com\/en\/\",\"logo\":{\"@type\":\"ImageObject\",\"inLanguage\":\"es\",\"@id\":\"https:\/\/www.hiperbaric.com\/en\/#\/schema\/logo\/image\/\",\"url\":\"https:\/\/www.hiperbaric.com\/wp-content\/uploads\/2026\/01\/cropped-hiperbaric-logotipo-1-2.png\",\"contentUrl\":\"https:\/\/www.hiperbaric.com\/wp-content\/uploads\/2026\/01\/cropped-hiperbaric-logotipo-1-2.png\",\"width\":340,\"height\":72,\"caption\":\"Hiperbaric\"},\"image\":{\"@id\":\"https:\/\/www.hiperbaric.com\/en\/#\/schema\/logo\/image\/\"}}]}<\/script>\n<!-- \/ Yoast SEO plugin. -->","yoast_head_json":{"title":"Recursos Tecnolog\u00eda HPP - Hiperbaric","robots":{"index":"index","follow":"follow","max-snippet":"max-snippet:-1","max-image-preview":"max-image-preview:large","max-video-preview":"max-video-preview:-1"},"canonical":"https:\/\/www.hiperbaric.com\/es\/tecnologia-hpp\/recursos-hpp\/","og_locale":"es_ES","og_type":"article","og_title":"Recursos Tecnolog\u00eda HPP - Hiperbaric","og_description":"Flyers, Papers y Casos EXPLORAR > V\u00eddeos EXPLORAR > Webinars EXPLORAR > Flyers, White papers y Casos de \u00c9xito Aplicaciones alimentarias, tecnolog\u00eda, equipos industriales HPP y casos de \u00e9xito. Lee toda nuestra documentaci\u00f3n aqu\u00ed. VER DOCUMENTOS > V\u00eddeos Visualiza los v\u00eddeos sobre la tecnolog\u00eda y servicios HPP, clientes y presencia corporativa de Hiperbaric. VER V\u00cdDEOS...","og_url":"https:\/\/www.hiperbaric.com\/es\/tecnologia-hpp\/recursos-hpp\/","og_site_name":"Hiperbaric","article_modified_time":"2020-10-15T08:42:50+00:00","og_image":[{"url":"https:\/\/www.hiperbaric.com\/wp-content\/uploads\/2020\/08\/FLYERS.jpg"}],"twitter_card":"summary_large_image","twitter_misc":{"Tiempo de lectura":"1 minuto"},"schema":{"@context":"https:\/\/schema.org","@graph":[{"@type":"WebPage","@id":"https:\/\/www.hiperbaric.com\/es\/tecnologia-hpp\/recursos-hpp\/","url":"https:\/\/www.hiperbaric.com\/es\/tecnologia-hpp\/recursos-hpp\/","name":"Recursos Tecnolog\u00eda HPP - Hiperbaric","isPartOf":{"@id":"https:\/\/www.hiperbaric.com\/en\/#website"},"primaryImageOfPage":{"@id":"https:\/\/www.hiperbaric.com\/es\/tecnologia-hpp\/recursos-hpp\/#primaryimage"},"image":{"@id":"https:\/\/www.hiperbaric.com\/es\/tecnologia-hpp\/recursos-hpp\/#primaryimage"},"thumbnailUrl":"https:\/\/www.hiperbaric.com\/wp-content\/uploads\/2020\/08\/FLYERS.jpg","datePublished":"2020-06-15T10:38:44+00:00","dateModified":"2020-10-15T08:42:50+00:00","breadcrumb":{"@id":"https:\/\/www.hiperbaric.com\/es\/tecnologia-hpp\/recursos-hpp\/#breadcrumb"},"inLanguage":"es","potentialAction":[{"@type":"ReadAction","target":["https:\/\/www.hiperbaric.com\/es\/tecnologia-hpp\/recursos-hpp\/"]}]},{"@type":"ImageObject","inLanguage":"es","@id":"https:\/\/www.hiperbaric.com\/es\/tecnologia-hpp\/recursos-hpp\/#primaryimage","url":"https:\/\/www.hiperbaric.com\/wp-content\/uploads\/2020\/08\/FLYERS.jpg","contentUrl":"https:\/\/www.hiperbaric.com\/wp-content\/uploads\/2020\/08\/FLYERS.jpg"},{"@type":"BreadcrumbList","@id":"https:\/\/www.hiperbaric.com\/es\/tecnologia-hpp\/recursos-hpp\/#breadcrumb","itemListElement":[{"@type":"ListItem","position":1,"name":"Home","item":"https:\/\/www.hiperbaric.com\/es\/"},{"@type":"ListItem","position":2,"name":"Tecnolog\u00eda HPP","item":"https:\/\/www.hiperbaric.com\/es\/tecnologia-hpp\/"},{"@type":"ListItem","position":3,"name":"Recursos Tecnolog\u00eda HPP"}]},{"@type":"WebSite","@id":"https:\/\/www.hiperbaric.com\/en\/#website","url":"https:\/\/www.hiperbaric.com\/en\/","name":"Hiperbaric","description":"Procesado para la conservaci\u00f3n de alimentos","publisher":{"@id":"https:\/\/www.hiperbaric.com\/en\/#organization"},"potentialAction":[{"@type":"SearchAction","target":{"@type":"EntryPoint","urlTemplate":"https:\/\/www.hiperbaric.com\/en\/?s={search_term_string}"},"query-input":"required name=search_term_string"}],"inLanguage":"es"},{"@type":"Organization","@id":"https:\/\/www.hiperbaric.com\/en\/#organization","name":"Hiperbaric","url":"https:\/\/www.hiperbaric.com\/en\/","logo":{"@type":"ImageObject","inLanguage":"es","@id":"https:\/\/www.hiperbaric.com\/en\/#\/schema\/logo\/image\/","url":"https:\/\/www.hiperbaric.com\/wp-content\/uploads\/2026\/01\/cropped-hiperbaric-logotipo-1-2.png","contentUrl":"https:\/\/www.hiperbaric.com\/wp-content\/uploads\/2026\/01\/cropped-hiperbaric-logotipo-1-2.png","width":340,"height":72,"caption":"Hiperbaric"},"image":{"@id":"https:\/\/www.hiperbaric.com\/en\/#\/schema\/logo\/image\/"}}]}},"_links":{"self":[{"href":"https:\/\/www.hiperbaric.com\/es\/wp-json\/wp\/v2\/pages\/20737"}],"collection":[{"href":"https:\/\/www.hiperbaric.com\/es\/wp-json\/wp\/v2\/pages"}],"about":[{"href":"https:\/\/www.hiperbaric.com\/es\/wp-json\/wp\/v2\/types\/page"}],"author":[{"embeddable":true,"href":"https:\/\/www.hiperbaric.com\/es\/wp-json\/wp\/v2\/users\/1"}],"replies":[{"embeddable":true,"href":"https:\/\/www.hiperbaric.com\/es\/wp-json\/wp\/v2\/comments?post=20737"}],"version-history":[{"count":0,"href":"https:\/\/www.hiperbaric.com\/es\/wp-json\/wp\/v2\/pages\/20737\/revisions"}],"up":[{"embeddable":true,"href":"https:\/\/www.hiperbaric.com\/es\/wp-json\/wp\/v2\/pages\/20701"}],"wp:attachment":[{"href":"https:\/\/www.hiperbaric.com\/es\/wp-json\/wp\/v2\/media?parent=20737"}],"curies":[{"name":"wp","href":"https:\/\/api.w.org\/{rel}","templated":true}]}}