{"id":20699,"date":"2020-06-01T12:04:33","date_gmt":"2020-06-01T10:04:33","guid":{"rendered":"https:\/\/www.hiperbaric.com\/?page_id=20699"},"modified":"2025-11-20T15:50:30","modified_gmt":"2025-11-20T14:50:30","slug":"tecnologia-hip","status":"publish","type":"page","link":"https:\/\/www.hiperbaric.com\/es\/tecnologia-hip\/","title":{"rendered":"Tecnolog\u00eda HIP"},"content":{"rendered":"\n\n\t\t\t\t<img decoding=\"async\" loading=\"lazy\" src=\"https:\/\/www.hiperbaric.com\/wp-content\/uploads\/2020\/08\/que-es-HIP.png\" alt=\"que es HIP\" itemprop=\"image\" height=\"75\" width=\"75\" title=\"que es HIP\" onerror=\"this.style.display='none'\"  \/>\n<h3>\n\t\u00bfQu\u00e9 es la tecnolog\u00eda HIP?\n\t<\/h3>\n\t<p>El prensado isost\u00e1tico en caliente (<strong>H<\/strong>ot <strong>I<\/strong>sostatic <strong>P<\/strong>ressing) es un proceso de fabricaci\u00f3n basado en aplicar altos niveles de presi\u00f3n y temperatura a piezas y componentes principalmente met\u00e1licos.<\/p>\n\t<a href=\"https:\/\/www.hiperbaric.com\/tecnologia-hip\/que-es-la-tecnologia-hip\/\" target=\"_self\" role=\"button\" rel=\"noopener\">\n\t\t\t\t\tSABER M\u00c1S >\n\t<\/a>\n\t\t\t\t<img decoding=\"async\" loading=\"lazy\" src=\"https:\/\/www.hiperbaric.com\/wp-content\/uploads\/2020\/08\/ventajas-HIP.png\" alt=\"ventajas HIP\" itemprop=\"image\" height=\"75\" width=\"75\" title=\"ventajas HIP\" onerror=\"this.style.display='none'\"  \/>\n<h3>\n\t\u00bfQu\u00e9 sectores emplean la tecnolog\u00eda HIP?\n\t<\/h3>\n\t<p>HIP se dirige a los sectores m\u00e1s exigentes interesados en la fabricaci\u00f3n de componentes m\u00e1s fiables y de precisi\u00f3n sometidos a condiciones extremas de trabajo.<\/p>\n\t<a href=\"https:\/\/www.hiperbaric.com\/tecnologia-hip\/sectores-hip\/\" target=\"_self\" role=\"button\" rel=\"noopener\">\n\t\t\t\t\tSABER M\u00c1S >\n\t<\/a>\n\t\t\t\t<img decoding=\"async\" loading=\"lazy\" src=\"https:\/\/www.hiperbaric.com\/wp-content\/uploads\/2020\/08\/sectores-y-tcas-HIP.png\" alt=\"sectores y tcas HIP\" itemprop=\"image\" height=\"75\" width=\"75\" title=\"sectores y tcas HIP\" onerror=\"this.style.display='none'\"  \/>\n<h3>\n\t\u00bfQu\u00e9 t\u00e9cnicas utilizan las prensas HIP?\n\t<\/h3>\n\t<p>HIP es complementario y sin\u00e9rgico con diferentes t\u00e9cnicas de fabricaci\u00f3n y se emplea para densificar materiales que requieren excelentes propiedades mec\u00e1nicas.<\/p>\n\t<a href=\"https:\/\/www.hiperbaric.com\/tecnologia-hip\/tecnicas-de-fabricacion-hip\/\" target=\"_self\" role=\"button\" rel=\"noopener\">\n\t\t\t\t\tSABER M\u00c1S >\n\t<\/a>\n\t\t\t\t<img decoding=\"async\" loading=\"lazy\" src=\"https:\/\/www.hiperbaric.com\/wp-content\/uploads\/2025\/11\/HIPERBARIC-20-HIP-HOT-ISOSTATIC-PRESSING.png\" alt=\"HIPERBARIC 20 HIP HOT ISOSTATIC PRESSING\" itemprop=\"image\" height=\"4686\" width=\"6349\" title=\"HIPERBARIC 20 HIP HOT ISOSTATIC PRESSING\" onerror=\"this.style.display='none'\"  \/>\n\t<h2 data-element-id=\"hmap-3\">Prensas HIP<\/h2>\n<p>Nuestra gama de prensas HIP ofrece equipos compactos, vers\u00e1tiles y eficientes sin comprometer la seguridad ni el rendimiento. Cuentan con excelentes prestaciones y un precio competitivo. La tecnolog\u00eda HIP permite a nuestros clientes acercarse a mercados altamente exigentes que requieren excelentes propiedades mec\u00e1nicas.<\/p>\n\t<a href=\"\/tecnologia-hip\/equipos\/\" target=\"_self\" role=\"button\" rel=\"noopener\">\n\t\t\t\t\tSABER M\u00c1S >\n\t<\/a>\n\t<h2 data-element-id=\"hmap-4\"><strong>APLICACIONES DE LA TECNOLOG\u00cdA HIP<\/strong><\/h2>\n\t\t\t\t<a href=\"\/tecnologia-hip\/sectores-hip\/aeroespacial\/\" target=\"_self\" itemprop=\"url\" rel=\"noopener\">\n\t\t\t\t<img decoding=\"async\" loading=\"lazy\" src=\"https:\/\/www.hiperbaric.com\/wp-content\/uploads\/2020\/07\/Aeroespacial-1.jpg\" alt=\"Aeroespacial\" itemprop=\"image\" height=\"360\" width=\"340\" title=\"Aeroespacial\" onerror=\"this.style.display='none'\"  \/>\n\t\t\t\t<\/a>\n\t\t\t\t\t\tAeroespacial\n\t\t\t\t<a href=\"\/tecnologia-hip\/sectores-hip\/petroleo-y-gas\/\" target=\"_self\" itemprop=\"url\" rel=\"noopener\">\n\t\t\t\t<img decoding=\"async\" loading=\"lazy\" src=\"https:\/\/www.hiperbaric.com\/wp-content\/uploads\/2020\/07\/petroleo-y-gas.jpg\" alt=\"Petr\u00f3leo y Gas\" itemprop=\"image\" height=\"360\" width=\"340\" title=\"petroleo y gas\" onerror=\"this.style.display='none'\"  \/>\n\t\t\t\t<\/a>\n\t\t\t\t\t\tPetr\u00f3leo y Gas\n\t\t\t\t<a href=\"\/tecnologia-hip\/sectores-hip\/implantes-medicos\/\" target=\"_self\" itemprop=\"url\" rel=\"noopener\">\n\t\t\t\t<img decoding=\"async\" loading=\"lazy\" src=\"https:\/\/www.hiperbaric.com\/wp-content\/uploads\/2020\/07\/implante-m\u00e9dico.jpg\" alt=\"Implantes m\u00e9dicos\" itemprop=\"image\" height=\"360\" width=\"340\" title=\"implante m\u00e9dico\" onerror=\"this.style.display='none'\"  \/>\n\t\t\t\t<\/a>\n\t\t\t\t\t\tImplantes m\u00e9dicos\n\t\t\t\t<a href=\"\/tecnologia-hip\/sectores-hip\/nuclear\/\" target=\"_self\" itemprop=\"url\" rel=\"noopener\">\n\t\t\t\t<img decoding=\"async\" loading=\"lazy\" src=\"https:\/\/www.hiperbaric.com\/wp-content\/uploads\/2020\/07\/Nuclear.jpg\" alt=\"Nuclear\" itemprop=\"image\" height=\"360\" width=\"340\" title=\"Nuclear\" onerror=\"this.style.display='none'\"  \/>\n\t\t\t\t<\/a>\n\t\t\t\t\t\tNuclear\n\t\t\t\t<a href=\"\/tecnologia-hip\/sectores-hip\/defensa\/\" target=\"_self\" itemprop=\"url\" rel=\"noopener\">\n\t\t\t\t<img decoding=\"async\" loading=\"lazy\" src=\"https:\/\/www.hiperbaric.com\/wp-content\/uploads\/2020\/07\/Defensa.jpg\" alt=\"Defensa\" itemprop=\"image\" height=\"360\" width=\"340\" title=\"Defensa\" onerror=\"this.style.display='none'\"  \/>\n\t\t\t\t<\/a>\n\t\t\t\t\t\tDefensa\n\t\t\t\t<a href=\"\/tecnologia-hip\/sectores-hip\/industria\/\" target=\"_self\" itemprop=\"url\" rel=\"noopener\">\n\t\t\t\t<img decoding=\"async\" loading=\"lazy\" src=\"https:\/\/www.hiperbaric.com\/wp-content\/uploads\/2020\/07\/Industria.jpg\" alt=\"Industria\" itemprop=\"image\" height=\"360\" width=\"340\" title=\"Industria\" onerror=\"this.style.display='none'\"  \/>\n\t\t\t\t<\/a>\n\t\t\t\t\t\tIndustria\n\t\t\t\t<a href=\"\/tecnologia-hip\/sectores-hip\/automocion\/\" target=\"_self\" itemprop=\"url\" rel=\"noopener\">\n\t\t\t\t<img decoding=\"async\" loading=\"lazy\" src=\"https:\/\/www.hiperbaric.com\/wp-content\/uploads\/2020\/07\/automoci\u00f3n.jpg\" alt=\"Automoci\u00f3n\" itemprop=\"image\" height=\"360\" width=\"340\" title=\"automoci\u00f3n\" onerror=\"this.style.display='none'\"  \/>\n\t\t\t\t<\/a>\n\t\t\t\t\t\tAutomoci\u00f3n\n\t<h2 data-element-id=\"hmap-4\"><strong>RECURSOS TECNOLOG\u00cdA HIP<br \/>\n<\/strong><\/h2>\n\t<p>Noticias y actualidad sobre la tecnolog\u00eda HIP de Hiperbaric empleada para la producci\u00f3n de componentes met\u00e1licos de alto rendimiento: art\u00edculos de expertos, v\u00eddeos y los contenidos m\u00e1s \u00fatiles a tu alcance<\/p>\n\t\t\t\t<a href=\"\/tecnologia-hip\/recursos-hip\/videos\/\" target=\"_self\" itemprop=\"url\" rel=\"noopener\">\n\t\t\t\t<img decoding=\"async\" loading=\"lazy\" src=\"https:\/\/www.hiperbaric.com\/wp-content\/uploads\/2020\/08\/VIDEOS-HIP.jpg\" alt=\"VIDEOS\" itemprop=\"image\" height=\"370\" width=\"550\" onerror=\"this.style.display='none'\"  \/>\n\t\t\t\t<\/a>\n\t\t\t\t\t\tVIDEOS\n\t\t\t\t<a href=\"\/tecnologia-hip\/recursos-hip\/eventos\/\" target=\"_self\" itemprop=\"url\" rel=\"noopener\">\n\t\t\t\t<img decoding=\"async\" loading=\"lazy\" src=\"https:\/\/www.hiperbaric.com\/wp-content\/uploads\/2020\/08\/EVENTOS-HIP.jpg\" alt=\"EVENTOS\" itemprop=\"image\" height=\"370\" width=\"550\" onerror=\"this.style.display='none'\"  \/>\n\t\t\t\t<\/a>\n\t\t\t\t\t\tEVENTOS\n\t\t\t\t<a href=\"\/tecnologia-hip\/recursos-hip\/sala-de-prensa\/\" target=\"_self\" itemprop=\"url\" rel=\"noopener\">\n\t\t\t\t<img decoding=\"async\" loading=\"lazy\" src=\"https:\/\/www.hiperbaric.com\/wp-content\/uploads\/2020\/08\/sala-de-prensa-1.jpg\" alt=\"SALA DE PRENSA\" itemprop=\"image\" height=\"370\" width=\"550\" onerror=\"this.style.display='none'\"  \/>\n\t\t\t\t<\/a>\n\t\t\t\t\t\tSALA DE PRENSA\n\t\t\t\t<a href=\"\/tecnologia-hip\/blog-hip\/\" target=\"_self\" itemprop=\"url\" rel=\"noopener\">\n\t\t\t\t<img decoding=\"async\" loading=\"lazy\" src=\"https:\/\/www.hiperbaric.com\/wp-content\/uploads\/2020\/08\/blog-hip.jpg\" alt=\"BLOG\" itemprop=\"image\" height=\"370\" width=\"550\" onerror=\"this.style.display='none'\"  \/>\n\t\t\t\t<\/a>\n\t\t\t\t\t\tBLOG\n\t\t\t\t<img decoding=\"async\" loading=\"lazy\" src=\"https:\/\/www.hiperbaric.com\/wp-content\/uploads\/2024\/06\/IMAGEN-LANDING-DE-REGISTRO.jpg\" alt=\"IMAGEN LANDING DE REGISTRO\" itemprop=\"image\" height=\"1080\" width=\"1920\" title=\"IMAGEN LANDING DE REGISTRO\" onerror=\"this.style.display='none'\"  \/>\n<h2>\n\tReg\u00edstrate aqu\u00ed para acceder a grabci\u00f3n de la Jornada DioSiC\n\t<\/h2>\n\t<p>Presentaci\u00f3n del proyecto de I+D <strong>DioSiC<\/strong>, que investiga de forma pionera el <strong>desarrollo de chips semiconductores<\/strong>\u00a0sobre substratos de carburo de silicio, combinando dos tecnolog\u00edas de densificaci\u00f3n que utilizan adem\u00e1s de altas temperaturas,\u00a0<strong>altas presiones isost\u00e1ticas (Hot Isostatic Pressing, HIP)<\/strong>\u00a0y altas intensidades de corriente (Spark Plasma Sintering, SPS).<\/p>\n\t<a href=\"\/jornada-diosic-microchips\/\" target=\"_self\" role=\"button\" rel=\"noopener\">\n\t\t\t\t\tREG\u00cdSTRATE AQU\u00cd\n\t<\/a>\n\t\t\t\t<img decoding=\"async\" loading=\"lazy\" src=\"https:\/\/www.hiperbaric.com\/wp-content\/uploads\/2020\/08\/portal-clientes-hip.jpg\" alt=\"portal clientes hip\" itemprop=\"image\" height=\"200\" width=\"300\" title=\"portal clientes hip\" onerror=\"this.style.display='none'\"  \/>\n<h3>\n\tUptime System\n\t<\/h3>\n\t<p>Un portal web de uso exclusivo para clientes, con un acceso optimizado para gestionar los pedidos de piezas y repuestos de tus prensas HIP. A tu alcance.<\/p>\n\t    <a href=\"https:\/\/www.hiperbaric.com\/es\/tecnologia-hpp\/servicios\/portal-postventa\/\" target=\"_self\" role=\"button\" rel=\"noopener\">SABER M\u00c1S > <\/a>\n\t\t\t\t<img decoding=\"async\" loading=\"lazy\" src=\"https:\/\/www.hiperbaric.com\/wp-content\/uploads\/2019\/08\/Sin-t\u00edtulo-2.jpg\" alt=\"Sin t\u00edtulo-2\" itemprop=\"image\" height=\"200\" width=\"300\" title=\"Sin t\u00edtulo-2\" onerror=\"this.style.display='none'\"  \/>\n<h3>\n\tPostventa y repuestos\n\t<\/h3>\n\t<p>Un servicio 24\/7 totalmente orientado al cliente, ofrecido en todo el mundo por un equipo de ingenieros y t\u00e9cnicos de campo altamente cualificados.<\/p>\n\t    <a href=\"\/tecnologia-hip\/servicios\/\" target=\"_self\" role=\"button\" rel=\"noopener\">SABER M\u00c1S > <\/a>\n\t\t\t\t<img decoding=\"async\" loading=\"lazy\" src=\"https:\/\/www.hiperbaric.com\/wp-content\/uploads\/2025\/11\/HIP-Innovation-Center-2025.jpg\" alt=\"HIP Innovation Center 2025\" itemprop=\"image\" height=\"200\" width=\"300\" title=\"HIP Innovation Center 2025\" onerror=\"this.style.display='none'\"  \/>\n<h3>\n\tCentro de Innovaci\u00f3n\n\t<\/h3>\n\t<p>Instalaciones y equipo HIP para la realizaci\u00f3n de pruebas y el desarrollo de componentes, siempre con el asesoramiento de nuestros especialistas.<\/p>\n\t    <a href=\"\/tecnologia-hip\/centro-de-innovacion-hip\/\" target=\"_self\" role=\"button\" rel=\"noopener\">SABER M\u00c1S > <\/a>\n\n","protected":false},"excerpt":{"rendered":"<p>\u00bfQu\u00e9 es la tecnolog\u00eda HIP? El prensado isost\u00e1tico en caliente (Hot Isostatic Pressing) es un proceso de fabricaci\u00f3n basado en aplicar altos niveles de presi\u00f3n y temperatura a piezas y componentes principalmente met\u00e1licos. SABER M\u00c1S > \u00bfQu\u00e9 sectores emplean la tecnolog\u00eda HIP? HIP se dirige a los sectores m\u00e1s exigentes interesados en la fabricaci\u00f3n de&#8230;<\/p>\n","protected":false},"author":1,"featured_media":0,"parent":0,"menu_order":0,"comment_status":"closed","ping_status":"closed","template":"","meta":{"om_disable_all_campaigns":false,"inline_featured_image":false,"_monsterinsights_skip_tracking":false,"_monsterinsights_sitenote_active":false,"_monsterinsights_sitenote_note":"","_monsterinsights_sitenote_category":0,"footnotes":"","_wp_rev_ctl_limit":""},"acf":[],"yoast_head":"<!-- This site is optimized with the Yoast SEO plugin v22.4 - https:\/\/yoast.com\/wordpress\/plugins\/seo\/ -->\n<title>Hot Isostatic Pressing | Tecnolog\u00eda HIP - Hiperbaric<\/title>\n<meta name=\"robots\" content=\"index, follow, max-snippet:-1, max-image-preview:large, max-video-preview:-1\" \/>\n<link rel=\"canonical\" href=\"https:\/\/www.hiperbaric.com\/es\/tecnologia-hip\/\" \/>\n<meta property=\"og:locale\" content=\"es_ES\" \/>\n<meta property=\"og:type\" content=\"article\" \/>\n<meta property=\"og:title\" content=\"Hot Isostatic Pressing | Tecnolog\u00eda HIP - Hiperbaric\" \/>\n<meta property=\"og:description\" content=\"\u00bfQu\u00e9 es la tecnolog\u00eda HIP? El prensado isost\u00e1tico en caliente (Hot Isostatic Pressing) es un proceso de fabricaci\u00f3n basado en aplicar altos niveles de presi\u00f3n y temperatura a piezas y componentes principalmente met\u00e1licos. SABER M\u00c1S &gt; \u00bfQu\u00e9 sectores emplean la tecnolog\u00eda HIP? HIP se dirige a los sectores m\u00e1s exigentes interesados en la fabricaci\u00f3n de...\" \/>\n<meta property=\"og:url\" content=\"https:\/\/www.hiperbaric.com\/es\/tecnologia-hip\/\" \/>\n<meta property=\"og:site_name\" content=\"Hiperbaric\" \/>\n<meta property=\"article:modified_time\" content=\"2025-11-20T14:50:30+00:00\" \/>\n<meta property=\"og:image\" content=\"https:\/\/www.hiperbaric.com\/wp-content\/uploads\/2020\/08\/que-es-HIP.png\" \/>\n<meta name=\"twitter:card\" content=\"summary_large_image\" \/>\n<meta name=\"twitter:label1\" content=\"Tiempo de lectura\" \/>\n\t<meta name=\"twitter:data1\" content=\"6 minutos\" \/>\n<script type=\"application\/ld+json\" class=\"yoast-schema-graph\">{\"@context\":\"https:\/\/schema.org\",\"@graph\":[{\"@type\":\"WebPage\",\"@id\":\"https:\/\/www.hiperbaric.com\/es\/tecnologia-hip\/\",\"url\":\"https:\/\/www.hiperbaric.com\/es\/tecnologia-hip\/\",\"name\":\"Hot Isostatic Pressing | Tecnolog\u00eda HIP - Hiperbaric\",\"isPartOf\":{\"@id\":\"https:\/\/www.hiperbaric.com\/en\/#website\"},\"primaryImageOfPage\":{\"@id\":\"https:\/\/www.hiperbaric.com\/es\/tecnologia-hip\/#primaryimage\"},\"image\":{\"@id\":\"https:\/\/www.hiperbaric.com\/es\/tecnologia-hip\/#primaryimage\"},\"thumbnailUrl\":\"https:\/\/www.hiperbaric.com\/wp-content\/uploads\/2020\/08\/que-es-HIP.png\",\"datePublished\":\"2020-06-01T10:04:33+00:00\",\"dateModified\":\"2025-11-20T14:50:30+00:00\",\"breadcrumb\":{\"@id\":\"https:\/\/www.hiperbaric.com\/es\/tecnologia-hip\/#breadcrumb\"},\"inLanguage\":\"es\",\"potentialAction\":[{\"@type\":\"ReadAction\",\"target\":[\"https:\/\/www.hiperbaric.com\/es\/tecnologia-hip\/\"]}]},{\"@type\":\"ImageObject\",\"inLanguage\":\"es\",\"@id\":\"https:\/\/www.hiperbaric.com\/es\/tecnologia-hip\/#primaryimage\",\"url\":\"https:\/\/www.hiperbaric.com\/wp-content\/uploads\/2020\/08\/que-es-HIP.png\",\"contentUrl\":\"https:\/\/www.hiperbaric.com\/wp-content\/uploads\/2020\/08\/que-es-HIP.png\"},{\"@type\":\"BreadcrumbList\",\"@id\":\"https:\/\/www.hiperbaric.com\/es\/tecnologia-hip\/#breadcrumb\",\"itemListElement\":[{\"@type\":\"ListItem\",\"position\":1,\"name\":\"Home\",\"item\":\"https:\/\/www.hiperbaric.com\/es\/\"},{\"@type\":\"ListItem\",\"position\":2,\"name\":\"Tecnolog\u00eda HIP\"}]},{\"@type\":\"WebSite\",\"@id\":\"https:\/\/www.hiperbaric.com\/en\/#website\",\"url\":\"https:\/\/www.hiperbaric.com\/en\/\",\"name\":\"Hiperbaric\",\"description\":\"Procesado para la conservaci\u00f3n de alimentos\",\"publisher\":{\"@id\":\"https:\/\/www.hiperbaric.com\/en\/#organization\"},\"potentialAction\":[{\"@type\":\"SearchAction\",\"target\":{\"@type\":\"EntryPoint\",\"urlTemplate\":\"https:\/\/www.hiperbaric.com\/en\/?s={search_term_string}\"},\"query-input\":\"required name=search_term_string\"}],\"inLanguage\":\"es\"},{\"@type\":\"Organization\",\"@id\":\"https:\/\/www.hiperbaric.com\/en\/#organization\",\"name\":\"Hiperbaric\",\"url\":\"https:\/\/www.hiperbaric.com\/en\/\",\"logo\":{\"@type\":\"ImageObject\",\"inLanguage\":\"es\",\"@id\":\"https:\/\/www.hiperbaric.com\/en\/#\/schema\/logo\/image\/\",\"url\":\"https:\/\/www.hiperbaric.com\/wp-content\/uploads\/2026\/01\/cropped-hiperbaric-logotipo-1-2.png\",\"contentUrl\":\"https:\/\/www.hiperbaric.com\/wp-content\/uploads\/2026\/01\/cropped-hiperbaric-logotipo-1-2.png\",\"width\":340,\"height\":72,\"caption\":\"Hiperbaric\"},\"image\":{\"@id\":\"https:\/\/www.hiperbaric.com\/en\/#\/schema\/logo\/image\/\"}}]}<\/script>\n<!-- \/ Yoast SEO plugin. -->","yoast_head_json":{"title":"Hot Isostatic Pressing | Tecnolog\u00eda HIP - Hiperbaric","robots":{"index":"index","follow":"follow","max-snippet":"max-snippet:-1","max-image-preview":"max-image-preview:large","max-video-preview":"max-video-preview:-1"},"canonical":"https:\/\/www.hiperbaric.com\/es\/tecnologia-hip\/","og_locale":"es_ES","og_type":"article","og_title":"Hot Isostatic Pressing | Tecnolog\u00eda HIP - Hiperbaric","og_description":"\u00bfQu\u00e9 es la tecnolog\u00eda HIP? El prensado isost\u00e1tico en caliente (Hot Isostatic Pressing) es un proceso de fabricaci\u00f3n basado en aplicar altos niveles de presi\u00f3n y temperatura a piezas y componentes principalmente met\u00e1licos. SABER M\u00c1S > \u00bfQu\u00e9 sectores emplean la tecnolog\u00eda HIP? HIP se dirige a los sectores m\u00e1s exigentes interesados en la fabricaci\u00f3n de...","og_url":"https:\/\/www.hiperbaric.com\/es\/tecnologia-hip\/","og_site_name":"Hiperbaric","article_modified_time":"2025-11-20T14:50:30+00:00","og_image":[{"url":"https:\/\/www.hiperbaric.com\/wp-content\/uploads\/2020\/08\/que-es-HIP.png"}],"twitter_card":"summary_large_image","twitter_misc":{"Tiempo de lectura":"6 minutos"},"schema":{"@context":"https:\/\/schema.org","@graph":[{"@type":"WebPage","@id":"https:\/\/www.hiperbaric.com\/es\/tecnologia-hip\/","url":"https:\/\/www.hiperbaric.com\/es\/tecnologia-hip\/","name":"Hot Isostatic Pressing | Tecnolog\u00eda HIP - Hiperbaric","isPartOf":{"@id":"https:\/\/www.hiperbaric.com\/en\/#website"},"primaryImageOfPage":{"@id":"https:\/\/www.hiperbaric.com\/es\/tecnologia-hip\/#primaryimage"},"image":{"@id":"https:\/\/www.hiperbaric.com\/es\/tecnologia-hip\/#primaryimage"},"thumbnailUrl":"https:\/\/www.hiperbaric.com\/wp-content\/uploads\/2020\/08\/que-es-HIP.png","datePublished":"2020-06-01T10:04:33+00:00","dateModified":"2025-11-20T14:50:30+00:00","breadcrumb":{"@id":"https:\/\/www.hiperbaric.com\/es\/tecnologia-hip\/#breadcrumb"},"inLanguage":"es","potentialAction":[{"@type":"ReadAction","target":["https:\/\/www.hiperbaric.com\/es\/tecnologia-hip\/"]}]},{"@type":"ImageObject","inLanguage":"es","@id":"https:\/\/www.hiperbaric.com\/es\/tecnologia-hip\/#primaryimage","url":"https:\/\/www.hiperbaric.com\/wp-content\/uploads\/2020\/08\/que-es-HIP.png","contentUrl":"https:\/\/www.hiperbaric.com\/wp-content\/uploads\/2020\/08\/que-es-HIP.png"},{"@type":"BreadcrumbList","@id":"https:\/\/www.hiperbaric.com\/es\/tecnologia-hip\/#breadcrumb","itemListElement":[{"@type":"ListItem","position":1,"name":"Home","item":"https:\/\/www.hiperbaric.com\/es\/"},{"@type":"ListItem","position":2,"name":"Tecnolog\u00eda HIP"}]},{"@type":"WebSite","@id":"https:\/\/www.hiperbaric.com\/en\/#website","url":"https:\/\/www.hiperbaric.com\/en\/","name":"Hiperbaric","description":"Procesado para la conservaci\u00f3n de alimentos","publisher":{"@id":"https:\/\/www.hiperbaric.com\/en\/#organization"},"potentialAction":[{"@type":"SearchAction","target":{"@type":"EntryPoint","urlTemplate":"https:\/\/www.hiperbaric.com\/en\/?s={search_term_string}"},"query-input":"required name=search_term_string"}],"inLanguage":"es"},{"@type":"Organization","@id":"https:\/\/www.hiperbaric.com\/en\/#organization","name":"Hiperbaric","url":"https:\/\/www.hiperbaric.com\/en\/","logo":{"@type":"ImageObject","inLanguage":"es","@id":"https:\/\/www.hiperbaric.com\/en\/#\/schema\/logo\/image\/","url":"https:\/\/www.hiperbaric.com\/wp-content\/uploads\/2026\/01\/cropped-hiperbaric-logotipo-1-2.png","contentUrl":"https:\/\/www.hiperbaric.com\/wp-content\/uploads\/2026\/01\/cropped-hiperbaric-logotipo-1-2.png","width":340,"height":72,"caption":"Hiperbaric"},"image":{"@id":"https:\/\/www.hiperbaric.com\/en\/#\/schema\/logo\/image\/"}}]}},"_links":{"self":[{"href":"https:\/\/www.hiperbaric.com\/es\/wp-json\/wp\/v2\/pages\/20699"}],"collection":[{"href":"https:\/\/www.hiperbaric.com\/es\/wp-json\/wp\/v2\/pages"}],"about":[{"href":"https:\/\/www.hiperbaric.com\/es\/wp-json\/wp\/v2\/types\/page"}],"author":[{"embeddable":true,"href":"https:\/\/www.hiperbaric.com\/es\/wp-json\/wp\/v2\/users\/1"}],"replies":[{"embeddable":true,"href":"https:\/\/www.hiperbaric.com\/es\/wp-json\/wp\/v2\/comments?post=20699"}],"version-history":[{"count":5,"href":"https:\/\/www.hiperbaric.com\/es\/wp-json\/wp\/v2\/pages\/20699\/revisions"}],"predecessor-version":[{"id":65856,"href":"https:\/\/www.hiperbaric.com\/es\/wp-json\/wp\/v2\/pages\/20699\/revisions\/65856"}],"wp:attachment":[{"href":"https:\/\/www.hiperbaric.com\/es\/wp-json\/wp\/v2\/media?parent=20699"}],"curies":[{"name":"wp","href":"https:\/\/api.w.org\/{rel}","templated":true}]}}