{"id":20481,"date":"2019-09-17T11:14:10","date_gmt":"2019-09-17T09:14:10","guid":{"rendered":"https:\/\/www.hiperbaric.com\/?page_id=20481"},"modified":"2025-01-24T10:11:14","modified_gmt":"2025-01-24T09:11:14","slug":"hpp-in-bulk","status":"publish","type":"page","link":"https:\/\/www.hiperbaric.com\/es\/tecnologia-hpp\/equipos\/hpp-in-bulk\/","title":{"rendered":"HPP In-Bulk"},"content":{"rendered":"\n\n\t<h1>HPP In-Bulk<\/h1>\n<p>GRANDES PRODUCCIONES DE L\u00cdQUIDOS A GRANEL ANTES DE SU ENVASADO<\/p>\n\t<p>La tecnolog\u00eda Hiperbaric Bulk es una<strong> innovaci\u00f3n mundial<\/strong> para el procesado de grandes vol\u00famenes de bebidas HPP. Esta gama de equipos se basa en un concepto revolucionario (pendiente de patente), en el que las bebidas son procesadas a granel antes del embotellado.<\/p>\n<p>Esta nueva tecnolog\u00eda reduce los pasos, simplificando el proceso y ofreciendo <strong>la mayor productividad del mundo<\/strong>, junto con el menor coste de procesado y el m\u00ednimo consumo de energ\u00eda. Adem\u00e1s, permite el uso de cualquier tipo de envase despu\u00e9s del procesado HPP, con independencia del material, dise\u00f1o o tama\u00f1o.<\/p>\n<p>El dise\u00f1o de estos equipos permite obtener una <strong>eficiencia de llenado del 90% <\/strong>del volumen total, aproximadamente el doble que en la tecnolog\u00eda in-pack. La bebida sin procesar llena el tanque de entrada. Tras la presurizaci\u00f3n, la bebida HPP llena el tanque de salida a trav\u00e9s de tubos esterilizados y est\u00e1 lista para ser embotellada en una l\u00ednea de llenado ultra-clean.<\/p>\n\t<iframe loading=\"lazy\" width=\"560\" height=\"315\" src=\"https:\/\/www.youtube.com\/embed\/4mcpwJ01leo\" title=\"YouTube video player\" frameborder=\"0\" allow=\"accelerometer; autoplay; clipboard-write; encrypted-media; gyroscope; picture-in-picture; web-share\" allowfullscreen><\/iframe>\n\t<button>DESCARGAR FLYER HPP IN-BULK<\/button>\n<h3>\n\tDescubre nuestro equipo Hiperbaric 525 Bulk\n\t<\/h3>\n\t\t\t\t<a href=\"\/tecnologia-hpp\/equipos\/hpp-in-bulk\/hiperbaric-525-bulk\/\" target=\"_self\" itemprop=\"url\" rel=\"noopener\">\n\t\t\t\t<img decoding=\"async\" loading=\"lazy\" src=\"https:\/\/www.hiperbaric.com\/wp-content\/uploads\/2019\/09\/H525-BULK.png\" alt=\"H525 BULK\" itemprop=\"image\" height=\"683\" width=\"1024\" title=\"H525 BULK\" onerror=\"this.style.display='none'\"  \/>\n\t\t\t\t<\/a>\n\t\tH525 BULK\n<h3>\n\tCasos de \u00e9xito con la tecnolog\u00eda Hiperbaric In-Bulk\n\t<\/h3>\n\t<p>El fabricante <a href=\"https:\/\/hermes-boissons.com\/\">Hermes Boissons<\/a> triunfa con el \u00faltimo avance en el procesado por alta presi\u00f3n: la innovadora tecnolog\u00eda In-Bulk. El procesador de zumos franc\u00e9s utiliza el <strong>primer equipo HPP in-Bulk del mundo<\/strong>, dise\u00f1ado y fabricado por Hiperbaric, que simplifica la producci\u00f3n al tiempo que ofrece un mayor rendimiento, versatilidad y reducci\u00f3n de costes.<\/p>\n<p>Por su parte, la marca <a href=\"https:\/\/www.justepresse.fr\/\">Juste Press\u00e9<\/a> ofrece zumos de frutas y verduras naturales tratados por HPP mediante la tecnolog\u00eda Hiperbaric In-Bulk. Y tambi\u00e9n es una empresa innovadora: ha lanzado el <strong>primer zumo HPP del mundo en envase de cart\u00f3n<\/strong>, en vez de en envase de pl\u00e1stico, siendo m\u00e1s respetuoso con el medio ambiente y alineado con la filosof\u00eda de la empresa.<\/p>\n\t<iframe loading=\"lazy\" width=\"560\" height=\"315\" src=\"https:\/\/www.youtube.com\/embed\/0dPuZrGLC34\" title=\"YouTube video player\" frameborder=\"0\" allow=\"accelerometer; autoplay; clipboard-write; encrypted-media; gyroscope; picture-in-picture\" allowfullscreen><\/iframe>\n\t<iframe loading=\"lazy\" width=\"560\" height=\"315\" src=\"https:\/\/www.youtube.com\/embed\/gvUQqXp5dyY\" title=\"YouTube video player\" frameborder=\"0\" allow=\"accelerometer; autoplay; clipboard-write; encrypted-media; gyroscope; picture-in-picture\" allowfullscreen><\/iframe>\n\t\t\t\t<img decoding=\"async\" loading=\"lazy\" src=\"https:\/\/www.hiperbaric.com\/wp-content\/uploads\/2021\/01\/Premios-Bulk-2023-ESP.jpg\" alt=\"HPP InBulk: Tecnolog\u00eda ganadora de prestigiosos premios internacionales\" itemprop=\"image\" height=\"556\" width=\"834\" title=\"HPP InBulk: Tecnolog\u00eda ganadora de prestigiosos premios\" onerror=\"this.style.display='none'\"  \/>\n<h2>\n\tDESCUBRE TODOS LOS PREMIOS RECIBIDOS\n\t<\/h2>\n\t<p>La tecnolog\u00eda Hiperbaric HPP In-Bulk ha sido galardonada con 4 prestigiosos premios internacionales. Estos premios reconocen el car\u00e1cter innovador de Hiperbaric y los fuertes esfuerzos realizados en I+D para desarrollar esta innovaci\u00f3n mundial para la producci\u00f3n de grandes vol\u00famenes de bebidas HPP a granel, antes de ser embotelladas.<\/p>\n\t<a href=\"https:\/\/www.hiperbaric.com\/es\/hiperbaric-hpp-in-bulk-una-tecnologia-unica-galardonada-con-numerosos-premios-internacionales\/\" target=\"_self\" role=\"button\" rel=\"noopener\">\n\t\t\t\t\tLEER M\u00c1S\n\t<\/a>\n\n","protected":false},"excerpt":{"rendered":"<p>HPP In-Bulk GRANDES PRODUCCIONES DE L\u00cdQUIDOS A GRANEL ANTES DE SU ENVASADO La tecnolog\u00eda Hiperbaric Bulk es una innovaci\u00f3n mundial para el procesado de grandes vol\u00famenes de bebidas HPP. Esta gama de equipos se basa en un concepto revolucionario (pendiente de patente), en el que las bebidas son procesadas a granel antes del embotellado. Esta&#8230;<\/p>\n","protected":false},"author":2,"featured_media":0,"parent":17393,"menu_order":0,"comment_status":"closed","ping_status":"closed","template":"","meta":{"om_disable_all_campaigns":false,"inline_featured_image":false,"_monsterinsights_skip_tracking":false,"_monsterinsights_sitenote_active":false,"_monsterinsights_sitenote_note":"","_monsterinsights_sitenote_category":0,"footnotes":"","_wp_rev_ctl_limit":""},"acf":[],"yoast_head":"<!-- This site is optimized with the Yoast SEO plugin v22.4 - https:\/\/yoast.com\/wordpress\/plugins\/seo\/ -->\n<title>HPP In-Bulk - Hiperbaric<\/title>\n<meta name=\"robots\" content=\"index, follow, max-snippet:-1, max-image-preview:large, max-video-preview:-1\" \/>\n<link rel=\"canonical\" href=\"https:\/\/www.hiperbaric.com\/es\/tecnologia-hpp\/equipos\/hpp-in-bulk\/\" \/>\n<meta property=\"og:locale\" content=\"es_ES\" \/>\n<meta property=\"og:type\" content=\"article\" \/>\n<meta property=\"og:title\" content=\"HPP In-Bulk - Hiperbaric\" \/>\n<meta property=\"og:description\" content=\"HPP In-Bulk GRANDES PRODUCCIONES DE L\u00cdQUIDOS A GRANEL ANTES DE SU ENVASADO La tecnolog\u00eda Hiperbaric Bulk es una innovaci\u00f3n mundial para el procesado de grandes vol\u00famenes de bebidas HPP. Esta gama de equipos se basa en un concepto revolucionario (pendiente de patente), en el que las bebidas son procesadas a granel antes del embotellado. Esta...\" \/>\n<meta property=\"og:url\" content=\"https:\/\/www.hiperbaric.com\/es\/tecnologia-hpp\/equipos\/hpp-in-bulk\/\" \/>\n<meta property=\"og:site_name\" content=\"Hiperbaric\" \/>\n<meta property=\"article:modified_time\" content=\"2025-01-24T09:11:14+00:00\" \/>\n<meta property=\"og:image\" content=\"https:\/\/www.hiperbaric.com\/wp-content\/uploads\/2019\/09\/H525-BULK.png\" \/>\n<meta name=\"twitter:card\" content=\"summary_large_image\" \/>\n<meta name=\"twitter:label1\" content=\"Tiempo de lectura\" \/>\n\t<meta name=\"twitter:data1\" content=\"3 minutos\" \/>\n<script type=\"application\/ld+json\" class=\"yoast-schema-graph\">{\"@context\":\"https:\/\/schema.org\",\"@graph\":[{\"@type\":\"WebPage\",\"@id\":\"https:\/\/www.hiperbaric.com\/es\/tecnologia-hpp\/equipos\/hpp-in-bulk\/\",\"url\":\"https:\/\/www.hiperbaric.com\/es\/tecnologia-hpp\/equipos\/hpp-in-bulk\/\",\"name\":\"HPP In-Bulk - Hiperbaric\",\"isPartOf\":{\"@id\":\"https:\/\/www.hiperbaric.com\/en\/#website\"},\"primaryImageOfPage\":{\"@id\":\"https:\/\/www.hiperbaric.com\/es\/tecnologia-hpp\/equipos\/hpp-in-bulk\/#primaryimage\"},\"image\":{\"@id\":\"https:\/\/www.hiperbaric.com\/es\/tecnologia-hpp\/equipos\/hpp-in-bulk\/#primaryimage\"},\"thumbnailUrl\":\"https:\/\/www.hiperbaric.com\/wp-content\/uploads\/2019\/09\/H525-BULK.png\",\"datePublished\":\"2019-09-17T09:14:10+00:00\",\"dateModified\":\"2025-01-24T09:11:14+00:00\",\"breadcrumb\":{\"@id\":\"https:\/\/www.hiperbaric.com\/es\/tecnologia-hpp\/equipos\/hpp-in-bulk\/#breadcrumb\"},\"inLanguage\":\"es\",\"potentialAction\":[{\"@type\":\"ReadAction\",\"target\":[\"https:\/\/www.hiperbaric.com\/es\/tecnologia-hpp\/equipos\/hpp-in-bulk\/\"]}]},{\"@type\":\"ImageObject\",\"inLanguage\":\"es\",\"@id\":\"https:\/\/www.hiperbaric.com\/es\/tecnologia-hpp\/equipos\/hpp-in-bulk\/#primaryimage\",\"url\":\"https:\/\/www.hiperbaric.com\/wp-content\/uploads\/2019\/09\/H525-BULK.png\",\"contentUrl\":\"https:\/\/www.hiperbaric.com\/wp-content\/uploads\/2019\/09\/H525-BULK.png\"},{\"@type\":\"BreadcrumbList\",\"@id\":\"https:\/\/www.hiperbaric.com\/es\/tecnologia-hpp\/equipos\/hpp-in-bulk\/#breadcrumb\",\"itemListElement\":[{\"@type\":\"ListItem\",\"position\":1,\"name\":\"Home\",\"item\":\"https:\/\/www.hiperbaric.com\/es\/\"},{\"@type\":\"ListItem\",\"position\":2,\"name\":\"Tecnolog\u00eda HPP\",\"item\":\"https:\/\/www.hiperbaric.com\/es\/tecnologia-hpp\/\"},{\"@type\":\"ListItem\",\"position\":3,\"name\":\"Equipos\",\"item\":\"https:\/\/www.hiperbaric.com\/es\/tecnologia-hpp\/equipos\/\"},{\"@type\":\"ListItem\",\"position\":4,\"name\":\"HPP In-Bulk\"}]},{\"@type\":\"WebSite\",\"@id\":\"https:\/\/www.hiperbaric.com\/en\/#website\",\"url\":\"https:\/\/www.hiperbaric.com\/en\/\",\"name\":\"Hiperbaric\",\"description\":\"Procesado para la conservaci\u00f3n de alimentos\",\"publisher\":{\"@id\":\"https:\/\/www.hiperbaric.com\/en\/#organization\"},\"potentialAction\":[{\"@type\":\"SearchAction\",\"target\":{\"@type\":\"EntryPoint\",\"urlTemplate\":\"https:\/\/www.hiperbaric.com\/en\/?s={search_term_string}\"},\"query-input\":\"required name=search_term_string\"}],\"inLanguage\":\"es\"},{\"@type\":\"Organization\",\"@id\":\"https:\/\/www.hiperbaric.com\/en\/#organization\",\"name\":\"Hiperbaric\",\"url\":\"https:\/\/www.hiperbaric.com\/en\/\",\"logo\":{\"@type\":\"ImageObject\",\"inLanguage\":\"es\",\"@id\":\"https:\/\/www.hiperbaric.com\/en\/#\/schema\/logo\/image\/\",\"url\":\"https:\/\/www.hiperbaric.com\/wp-content\/uploads\/2026\/01\/cropped-hiperbaric-logotipo-1-2.png\",\"contentUrl\":\"https:\/\/www.hiperbaric.com\/wp-content\/uploads\/2026\/01\/cropped-hiperbaric-logotipo-1-2.png\",\"width\":340,\"height\":72,\"caption\":\"Hiperbaric\"},\"image\":{\"@id\":\"https:\/\/www.hiperbaric.com\/en\/#\/schema\/logo\/image\/\"}}]}<\/script>\n<!-- \/ Yoast SEO plugin. -->","yoast_head_json":{"title":"HPP In-Bulk - Hiperbaric","robots":{"index":"index","follow":"follow","max-snippet":"max-snippet:-1","max-image-preview":"max-image-preview:large","max-video-preview":"max-video-preview:-1"},"canonical":"https:\/\/www.hiperbaric.com\/es\/tecnologia-hpp\/equipos\/hpp-in-bulk\/","og_locale":"es_ES","og_type":"article","og_title":"HPP In-Bulk - Hiperbaric","og_description":"HPP In-Bulk GRANDES PRODUCCIONES DE L\u00cdQUIDOS A GRANEL ANTES DE SU ENVASADO La tecnolog\u00eda Hiperbaric Bulk es una innovaci\u00f3n mundial para el procesado de grandes vol\u00famenes de bebidas HPP. Esta gama de equipos se basa en un concepto revolucionario (pendiente de patente), en el que las bebidas son procesadas a granel antes del embotellado. Esta...","og_url":"https:\/\/www.hiperbaric.com\/es\/tecnologia-hpp\/equipos\/hpp-in-bulk\/","og_site_name":"Hiperbaric","article_modified_time":"2025-01-24T09:11:14+00:00","og_image":[{"url":"https:\/\/www.hiperbaric.com\/wp-content\/uploads\/2019\/09\/H525-BULK.png"}],"twitter_card":"summary_large_image","twitter_misc":{"Tiempo de lectura":"3 minutos"},"schema":{"@context":"https:\/\/schema.org","@graph":[{"@type":"WebPage","@id":"https:\/\/www.hiperbaric.com\/es\/tecnologia-hpp\/equipos\/hpp-in-bulk\/","url":"https:\/\/www.hiperbaric.com\/es\/tecnologia-hpp\/equipos\/hpp-in-bulk\/","name":"HPP In-Bulk - Hiperbaric","isPartOf":{"@id":"https:\/\/www.hiperbaric.com\/en\/#website"},"primaryImageOfPage":{"@id":"https:\/\/www.hiperbaric.com\/es\/tecnologia-hpp\/equipos\/hpp-in-bulk\/#primaryimage"},"image":{"@id":"https:\/\/www.hiperbaric.com\/es\/tecnologia-hpp\/equipos\/hpp-in-bulk\/#primaryimage"},"thumbnailUrl":"https:\/\/www.hiperbaric.com\/wp-content\/uploads\/2019\/09\/H525-BULK.png","datePublished":"2019-09-17T09:14:10+00:00","dateModified":"2025-01-24T09:11:14+00:00","breadcrumb":{"@id":"https:\/\/www.hiperbaric.com\/es\/tecnologia-hpp\/equipos\/hpp-in-bulk\/#breadcrumb"},"inLanguage":"es","potentialAction":[{"@type":"ReadAction","target":["https:\/\/www.hiperbaric.com\/es\/tecnologia-hpp\/equipos\/hpp-in-bulk\/"]}]},{"@type":"ImageObject","inLanguage":"es","@id":"https:\/\/www.hiperbaric.com\/es\/tecnologia-hpp\/equipos\/hpp-in-bulk\/#primaryimage","url":"https:\/\/www.hiperbaric.com\/wp-content\/uploads\/2019\/09\/H525-BULK.png","contentUrl":"https:\/\/www.hiperbaric.com\/wp-content\/uploads\/2019\/09\/H525-BULK.png"},{"@type":"BreadcrumbList","@id":"https:\/\/www.hiperbaric.com\/es\/tecnologia-hpp\/equipos\/hpp-in-bulk\/#breadcrumb","itemListElement":[{"@type":"ListItem","position":1,"name":"Home","item":"https:\/\/www.hiperbaric.com\/es\/"},{"@type":"ListItem","position":2,"name":"Tecnolog\u00eda HPP","item":"https:\/\/www.hiperbaric.com\/es\/tecnologia-hpp\/"},{"@type":"ListItem","position":3,"name":"Equipos","item":"https:\/\/www.hiperbaric.com\/es\/tecnologia-hpp\/equipos\/"},{"@type":"ListItem","position":4,"name":"HPP In-Bulk"}]},{"@type":"WebSite","@id":"https:\/\/www.hiperbaric.com\/en\/#website","url":"https:\/\/www.hiperbaric.com\/en\/","name":"Hiperbaric","description":"Procesado para la conservaci\u00f3n de alimentos","publisher":{"@id":"https:\/\/www.hiperbaric.com\/en\/#organization"},"potentialAction":[{"@type":"SearchAction","target":{"@type":"EntryPoint","urlTemplate":"https:\/\/www.hiperbaric.com\/en\/?s={search_term_string}"},"query-input":"required name=search_term_string"}],"inLanguage":"es"},{"@type":"Organization","@id":"https:\/\/www.hiperbaric.com\/en\/#organization","name":"Hiperbaric","url":"https:\/\/www.hiperbaric.com\/en\/","logo":{"@type":"ImageObject","inLanguage":"es","@id":"https:\/\/www.hiperbaric.com\/en\/#\/schema\/logo\/image\/","url":"https:\/\/www.hiperbaric.com\/wp-content\/uploads\/2026\/01\/cropped-hiperbaric-logotipo-1-2.png","contentUrl":"https:\/\/www.hiperbaric.com\/wp-content\/uploads\/2026\/01\/cropped-hiperbaric-logotipo-1-2.png","width":340,"height":72,"caption":"Hiperbaric"},"image":{"@id":"https:\/\/www.hiperbaric.com\/en\/#\/schema\/logo\/image\/"}}]}},"_links":{"self":[{"href":"https:\/\/www.hiperbaric.com\/es\/wp-json\/wp\/v2\/pages\/20481"}],"collection":[{"href":"https:\/\/www.hiperbaric.com\/es\/wp-json\/wp\/v2\/pages"}],"about":[{"href":"https:\/\/www.hiperbaric.com\/es\/wp-json\/wp\/v2\/types\/page"}],"author":[{"embeddable":true,"href":"https:\/\/www.hiperbaric.com\/es\/wp-json\/wp\/v2\/users\/2"}],"replies":[{"embeddable":true,"href":"https:\/\/www.hiperbaric.com\/es\/wp-json\/wp\/v2\/comments?post=20481"}],"version-history":[{"count":5,"href":"https:\/\/www.hiperbaric.com\/es\/wp-json\/wp\/v2\/pages\/20481\/revisions"}],"predecessor-version":[{"id":60831,"href":"https:\/\/www.hiperbaric.com\/es\/wp-json\/wp\/v2\/pages\/20481\/revisions\/60831"}],"up":[{"embeddable":true,"href":"https:\/\/www.hiperbaric.com\/es\/wp-json\/wp\/v2\/pages\/17393"}],"wp:attachment":[{"href":"https:\/\/www.hiperbaric.com\/es\/wp-json\/wp\/v2\/media?parent=20481"}],"curies":[{"name":"wp","href":"https:\/\/api.w.org\/{rel}","templated":true}]}}