{"id":20339,"date":"2019-09-11T14:26:39","date_gmt":"2019-09-11T12:26:39","guid":{"rendered":"https:\/\/www.hiperbaric.com\/?page_id=20339"},"modified":"2019-09-11T14:26:39","modified_gmt":"2019-09-11T12:26:39","slug":"hiperbaric-1350","status":"publish","type":"page","link":"https:\/\/www.hiperbaric.com\/es\/tecnologia-hpp\/equipos\/hpp-in-pack\/hiperbaric-1350\/","title":{"rendered":"Hiperbaric 1350"},"content":{"rendered":"\r\n<h1>Hiperbaric 135<\/h1>\r\n<p><img decoding=\"async\" loading=\"lazy\" src=\"https:\/\/www.hiperbaric.com\/..\/..\/..\/..\/..\/..\/wp-content\/uploads\/2019\/07\/throughput_icon.png\" alt=\"\" width=\"24\" height=\"24\" \/><\/p>\r\n<p>Productividad kg\/hora [libras\/hora]<\/p>\r\n<p>620 [1.360]<\/p>\r\n<p><img decoding=\"async\" loading=\"lazy\" src=\"\/wp-content\/uploads\/2019\/07\/capacity_icon.png\" width=\"24\" height=\"24\" \/><\/p>\r\n<p>Capacidad vasija litros [US galones l\u00edquidos]<\/p>\r\n<p>135 [36,7]<\/p>\r\n<section><img decoding=\"async\" src=\"\/wp-content\/uploads\/2019\/08\/1.1-H135.jpg\" \/> <img decoding=\"async\" src=\"\/wp-content\/uploads\/2019\/08\/1.2-H135.jpg\" \/><\/section>\r\n<p><img decoding=\"async\" loading=\"lazy\" src=\"https:\/\/www.hiperbaric.com\/..\/..\/wp-content\/uploads\/2019\/07\/diameter_icon.png\" alt=\"\" width=\"24\" height=\"24\" \/><\/p>\r\n<p>Di\u00e1metro interior vasija mm [pulgadas]<\/p>\r\n<p>300 [11,8]<\/p>\r\n<p><img decoding=\"async\" loading=\"lazy\" src=\"https:\/\/www.hiperbaric.com\/..\/..\/..\/..\/..\/..\/..\/..\/wp-content\/uploads\/2019\/07\/footprint_icon.png\" alt=\"\" width=\"24\" height=\"24\" \/><\/p>\r\n<p>Dimensiones metros [pies]<\/p>\r\n<p>L:10,2[33,4] An:3,2[10,6] Al:2,6[8,5]<\/p>\r\n<h3>Caracter\u00edsticas Principales de Hiperbaric 135<\/h3>\r\n<p><img decoding=\"async\" loading=\"lazy\" src=\"https:\/\/www.hiperbaric.com\/..\/..\/..\/..\/wp-content\/uploads\/2019\/06\/speedometer.png\" alt=\"\" width=\"64\" height=\"64\" \/><\/p>\r\n<p>Su vasija de 300 mm (11,8 pulgadas) permite procesar productos de mayor tama\u00f1o.<br \/>Equipo HPP Industrial m\u00e1s r\u00e1pido del mundo.<br \/>Su dise\u00f1o avanzado ofrece la mayor duraci\u00f3n del yugo y vasija en el mercado.<\/p>\r\n<p><strong><img decoding=\"async\" loading=\"lazy\" src=\"https:\/\/www.hiperbaric.com\/..\/..\/..\/..\/..\/..\/..\/..\/..\/..\/..\/..\/..\/..\/..\/wp-content\/uploads\/2019\/06\/global-1.png\" alt=\"\" width=\"63\" height=\"63\" \/><\/strong><\/p>\r\n<p>Hiperbaric 135 est\u00e1 orientado a producciones medianas. Su vasija de 135 litros (36,7 galones) y su di\u00e1metro de 300 mm (11,8 pulgadas), permiten procesar productos de mayor tama\u00f1o con un buen coeficiente de llenado, alcanzando una capacidad productiva aproximada de 620 kg\/h (1.320 lbs\/h). En su configuraci\u00f3n con 4 intensificadores, es capaz de realizar un ciclo a 600 MPa \/ 87.000 psi en menos de 2,5 min (tiempo de mantenimiento no considerado).<\/p>\r\n<p><strong>Hiperbaric 135 se ha convertido en el equipo industrial HPP m\u00e1s r\u00e1pido del mundo.<\/strong><\/p>\r\n<p>* La productividad var\u00eda \u00b120-35% en funci\u00f3n de la eficiencia de llenado de la vasija. Las productividades indicadas han sido calculadas con los siguientes coeficientes de llenado: 50% (Hiperbaric 135). El ciclo HPP incluye carga y descarga del producto,tiempo de subida de presi\u00f3n (hasta 600 MPa\/87.000 psi), tiempo de mantenimiento (3 min), liberaci\u00f3n de presi\u00f3n y operaciones adicionales. Frecuencia el\u00e9ctrica de 60 Hz. (1) El ciclo HPP incluye la carga y descarga del producto, el tiempo de subida de presi\u00f3n (600 MPa\/87,000 psi), tiempo de mantenimiento (3 min), liberaci\u00f3n de presi\u00f3n.<\/p>\r\n<p><button>DESCARGAR FLYER<\/button><\/p>\r\n<h3>Realiza tu consulta<\/h3>\r\n<div class=\"salesforce_w2l_lead sf_two_column\"><form id=\"sf_form_salesforce_w2l_lead_5\" class=\"w2llead top-aligned\" method=\"post\" action=\"#sf_form_salesforce_w2l_lead_5\"><div class=\"sf_field sf_field_first_name sf_type_text\">\t<label class=\"w2llabel required  text\" for=\"sf_first_name\">Nombre y Apellidos: <sup><span class=\"required\">*<\/span><\/sup><\/label>\t<input type=\"text\" placeholder=\"\" value=\"\" id=\"sf_first_name\" class=\"w2linput text\" name=\"first_name\"  \/><div class=\"clearfix\"><\/div><\/div><div class=\"sf_field sf_field_last_name sf_type_text\">\t<label class=\"w2llabel   text\" for=\"sf_last_name\">Compa\u00f1\u00eda:<\/label>\t<input type=\"text\" placeholder=\"\" value=\"\" id=\"sf_last_name\" class=\"w2linput text\" name=\"last_name\"  \/><div class=\"clearfix\"><\/div><\/div><div class=\"sf_field sf_field_email sf_type_text\">\t<label class=\"w2llabel required  text\" for=\"sf_email\">Email: <sup><span class=\"required\">*<\/span><\/sup><\/label>\t<input type=\"text\" placeholder=\"\" value=\"\" id=\"sf_email\" class=\"w2linput text\" name=\"email\"  \/><div class=\"clearfix\"><\/div><\/div><div class=\"sf_field sf_field_phone sf_type_text\">\t<label class=\"w2llabel   text\" for=\"sf_phone\">Tel\u00e9fono:<\/label>\t<input type=\"text\" placeholder=\"\" value=\"\" id=\"sf_phone\" class=\"w2linput text\" name=\"phone\"  \/><div class=\"clearfix\"><\/div><\/div><div class=\"sf_field sf_field_title sf_type_text\">\t<label class=\"w2llabel required  text\" for=\"sf_title\">Pa\u00eds: <sup><span class=\"required\">*<\/span><\/sup><\/label>\t<input type=\"text\" placeholder=\"\" value=\"\" id=\"sf_title\" class=\"w2linput text\" name=\"title\"  \/><div class=\"clearfix\"><\/div><\/div><div class=\"sf_field sf_field_company sf_type_text\">\t<label class=\"w2llabel required  text\" for=\"sf_company\">Sector: <sup><span class=\"required\">*<\/span><\/sup><\/label>\t<input type=\"text\" placeholder=\"\" value=\"\" id=\"sf_company\" class=\"w2linput text\" name=\"company\"  \/><div class=\"clearfix\"><\/div><\/div><div class=\"sf_field sf_field_description sf_type_textarea\">\t<label class=\"w2llabel required  textarea\" for=\"sf_description\">Mensaje: <sup><span class=\"required\">*<\/span><\/sup><\/label>\t\t<textarea id=\"sf_description\" class=\"w2linput textarea\" name=\"description\" placeholder=\"\"><\/textarea><div class=\"clearfix\"><\/div><\/div><div class=\"sf_field sf_field_cookies sf_type_checkbox\">\t\t<input type=\"checkbox\" id=\"sf_cookies\" class=\"w2linput checkbox\" name=\"cookies\" value=\"Cookies\"  \/>\t<label class=\"w2llabel   checkbox w2llabel-checkbox-label\" for=\"sf_cookies\">Acepto la pol\u00edtica de cookies y la pol\u00edtica de privacidad<\/label><div class=\"clearfix\"><\/div><\/div><div class=\"sf_field sf_field_newsletter sf_type_checkbox\">\t\t<input type=\"checkbox\" id=\"sf_newsletter\" class=\"w2linput checkbox\" name=\"newsletter\" value=\"News\"  \/>\t<label class=\"w2llabel   checkbox w2llabel-checkbox-label\" for=\"sf_newsletter\">Quiero suscribirme a la newsletter mensual de Hiperbaric<\/label><div class=\"clearfix\"><\/div><\/div><div class=\"sf_field sf_field_requerido sf_type_html\">\t<label class=\"w2llabel   html\" for=\"sf_requerido\">*Campo obligatorio<\/label><br><div class=\"clearfix\"><\/div><\/div>\t\t<div class=\"sf_field sf_field_cb sf_type_checkbox sf_cc_user\"><label class=\"w2llabel checkbox w2llabel-checkbox-label\"><input type=\"checkbox\" name=\"w2lcc\" class=\"w2linput checkbox\" value=\"1\"  \/> Enviame una copia del formulario enviado.<\/label><\/div>\t<input type=\"text\" name=\"message\" class=\"w2linput\" value=\"\" style=\"display: none;\" \/>\t<input type=\"hidden\" name=\"form_id\" class=\"w2linput\" value=\"5\" \/>\t<div class=\"w2lsubmit\"><input type=\"submit\" name=\"w2lsubmit\" class=\"w2linput submit\" value=\"Enviar\" \/><\/div><\/form><p class=\"sf_required_fields_msg\" id=\"requiredfieldsmsg\"><sup><span class=\"required\">*<\/span><\/sup> Rellena todos los campos obligatorios.<\/p><\/div>\r\n<h2>Descubre nuestra gama de equipos in-pack<\/h2>\r\n<p><a href=\"\/tecnologia\/hpp\/equipos\/hpp-in-pack\/h55\/\" target=\"_self\" rel=\"noopener noreferrer\"> <img decoding=\"async\" loading=\"lazy\" title=\"1.0 H55\" src=\"https:\/\/www.hiperbaric.com\/wp-content\/uploads\/2019\/06\/1.0-H55.jpg\" alt=\"H55\" width=\"1303\" height=\"980\" \/> <\/a> H55 <a href=\"\/tecnologia\/hpp\/equipos\/hpp-in-pack\/hiperbaric-300\/\" target=\"_self\" rel=\"noopener noreferrer\"> <img decoding=\"async\" loading=\"lazy\" src=\"https:\/\/www.hiperbaric.com\/wp-content\/uploads\/2019\/06\/Hiperbaric-300-integrated_1.jpg\" alt=\"H300\" width=\"3072\" height=\"2048\" \/> <\/a> H300 <a href=\"\/tecnologia\/hpp\/equipos\/hpp-in-pack\/hiperbaric-420\/\" target=\"_self\" rel=\"noopener noreferrer\"> <img decoding=\"async\" loading=\"lazy\" src=\"https:\/\/www.hiperbaric.com\/wp-content\/uploads\/2019\/06\/H420-web-logo-nuevo-Low.jpg\" alt=\"H420\" width=\"1024\" height=\"683\" \/> <\/a> H420 <a href=\"\/tecnologia\/hpp\/equipos\/hpp-in-pack\/hiperbaric-525\/\" target=\"_self\" rel=\"noopener noreferrer\"> <img decoding=\"async\" loading=\"lazy\" src=\"https:\/\/www.hiperbaric.com\/wp-content\/uploads\/2019\/06\/IMG_9678-.jpg\" alt=\"H525\" width=\"1024\" height=\"683\" \/> <\/a> H525<\/p>\r\n","protected":false},"excerpt":{"rendered":"<p>Hiperbaric 135 Productividad kg\/hora [libras\/hora] 620 [1.360] Capacidad vasija litros [US galones l\u00edquidos] 135 [36,7] Di\u00e1metro interior vasija mm [pulgadas] 300 [11,8] Dimensiones metros [pies] L:10,2[33,4] An:3,2[10,6] Al:2,6[8,5] Caracter\u00edsticas Principales de Hiperbaric 135 Su vasija de 300 mm (11,8 pulgadas) permite procesar productos de mayor tama\u00f1o.Equipo HPP Industrial m\u00e1s r\u00e1pido del mundo.Su dise\u00f1o avanzado ofrece&#8230;<\/p>\n","protected":false},"author":1,"featured_media":0,"parent":17395,"menu_order":0,"comment_status":"closed","ping_status":"closed","template":"","meta":{"om_disable_all_campaigns":false,"inline_featured_image":false,"_monsterinsights_skip_tracking":false,"_monsterinsights_sitenote_active":false,"_monsterinsights_sitenote_note":"","_monsterinsights_sitenote_category":0,"footnotes":"","_wp_rev_ctl_limit":""},"acf":[],"yoast_head":"<!-- This site is optimized with the Yoast SEO plugin v22.4 - https:\/\/yoast.com\/wordpress\/plugins\/seo\/ -->\n<title>Hiperbaric 1350 - Hiperbaric<\/title>\n<meta name=\"robots\" content=\"index, follow, max-snippet:-1, max-image-preview:large, max-video-preview:-1\" \/>\n<link rel=\"canonical\" href=\"https:\/\/www.hiperbaric.com\/es\/tecnologia-hpp\/equipos\/hpp-in-pack\/hiperbaric-1350\/\" \/>\n<meta property=\"og:locale\" content=\"es_ES\" \/>\n<meta property=\"og:type\" content=\"article\" \/>\n<meta property=\"og:title\" content=\"Hiperbaric 1350 - Hiperbaric\" \/>\n<meta property=\"og:description\" content=\"Hiperbaric 135 Productividad kg\/hora [libras\/hora] 620 [1.360] Capacidad vasija litros [US galones l\u00edquidos] 135 [36,7] Di\u00e1metro interior vasija mm [pulgadas] 300 [11,8] Dimensiones metros [pies] L:10,2[33,4] An:3,2[10,6] Al:2,6[8,5] Caracter\u00edsticas Principales de Hiperbaric 135 Su vasija de 300 mm (11,8 pulgadas) permite procesar productos de mayor tama\u00f1o.Equipo HPP Industrial m\u00e1s r\u00e1pido del mundo.Su dise\u00f1o avanzado ofrece...\" \/>\n<meta property=\"og:url\" content=\"https:\/\/www.hiperbaric.com\/es\/tecnologia-hpp\/equipos\/hpp-in-pack\/hiperbaric-1350\/\" \/>\n<meta property=\"og:site_name\" content=\"Hiperbaric\" \/>\n<meta property=\"og:image\" content=\"https:\/\/www.hiperbaric.com\/..\/..\/..\/..\/..\/..\/wp-content\/uploads\/2019\/07\/throughput_icon.png\" \/>\n<meta name=\"twitter:card\" content=\"summary_large_image\" \/>\n<meta name=\"twitter:label1\" content=\"Tiempo de lectura\" \/>\n\t<meta name=\"twitter:data1\" content=\"1 minuto\" \/>\n<script type=\"application\/ld+json\" class=\"yoast-schema-graph\">{\"@context\":\"https:\/\/schema.org\",\"@graph\":[{\"@type\":\"WebPage\",\"@id\":\"https:\/\/www.hiperbaric.com\/es\/tecnologia-hpp\/equipos\/hpp-in-pack\/hiperbaric-1350\/\",\"url\":\"https:\/\/www.hiperbaric.com\/es\/tecnologia-hpp\/equipos\/hpp-in-pack\/hiperbaric-1350\/\",\"name\":\"Hiperbaric 1350 - Hiperbaric\",\"isPartOf\":{\"@id\":\"https:\/\/www.hiperbaric.com\/en\/#website\"},\"primaryImageOfPage\":{\"@id\":\"https:\/\/www.hiperbaric.com\/es\/tecnologia-hpp\/equipos\/hpp-in-pack\/hiperbaric-1350\/#primaryimage\"},\"image\":{\"@id\":\"https:\/\/www.hiperbaric.com\/es\/tecnologia-hpp\/equipos\/hpp-in-pack\/hiperbaric-1350\/#primaryimage\"},\"thumbnailUrl\":\"https:\/\/www.hiperbaric.com\/..\/..\/..\/..\/..\/..\/wp-content\/uploads\/2019\/07\/throughput_icon.png\",\"datePublished\":\"2019-09-11T12:26:39+00:00\",\"dateModified\":\"2019-09-11T12:26:39+00:00\",\"breadcrumb\":{\"@id\":\"https:\/\/www.hiperbaric.com\/es\/tecnologia-hpp\/equipos\/hpp-in-pack\/hiperbaric-1350\/#breadcrumb\"},\"inLanguage\":\"es\",\"potentialAction\":[{\"@type\":\"ReadAction\",\"target\":[\"https:\/\/www.hiperbaric.com\/es\/tecnologia-hpp\/equipos\/hpp-in-pack\/hiperbaric-1350\/\"]}]},{\"@type\":\"ImageObject\",\"inLanguage\":\"es\",\"@id\":\"https:\/\/www.hiperbaric.com\/es\/tecnologia-hpp\/equipos\/hpp-in-pack\/hiperbaric-1350\/#primaryimage\",\"url\":\"https:\/\/www.hiperbaric.com\/..\/..\/..\/..\/..\/..\/wp-content\/uploads\/2019\/07\/throughput_icon.png\",\"contentUrl\":\"https:\/\/www.hiperbaric.com\/..\/..\/..\/..\/..\/..\/wp-content\/uploads\/2019\/07\/throughput_icon.png\"},{\"@type\":\"BreadcrumbList\",\"@id\":\"https:\/\/www.hiperbaric.com\/es\/tecnologia-hpp\/equipos\/hpp-in-pack\/hiperbaric-1350\/#breadcrumb\",\"itemListElement\":[{\"@type\":\"ListItem\",\"position\":1,\"name\":\"Home\",\"item\":\"https:\/\/www.hiperbaric.com\/es\/\"},{\"@type\":\"ListItem\",\"position\":2,\"name\":\"Tecnolog\u00eda HPP\",\"item\":\"https:\/\/www.hiperbaric.com\/es\/tecnologia-hpp\/\"},{\"@type\":\"ListItem\",\"position\":3,\"name\":\"Equipos\",\"item\":\"https:\/\/www.hiperbaric.com\/es\/tecnologia-hpp\/equipos\/\"},{\"@type\":\"ListItem\",\"position\":4,\"name\":\"HPP In-Pack\",\"item\":\"https:\/\/www.hiperbaric.com\/es\/tecnologia-hpp\/equipos\/hpp-in-pack\/\"},{\"@type\":\"ListItem\",\"position\":5,\"name\":\"Hiperbaric 1350\"}]},{\"@type\":\"WebSite\",\"@id\":\"https:\/\/www.hiperbaric.com\/en\/#website\",\"url\":\"https:\/\/www.hiperbaric.com\/en\/\",\"name\":\"Hiperbaric\",\"description\":\"Procesado para la conservaci\u00f3n de alimentos\",\"publisher\":{\"@id\":\"https:\/\/www.hiperbaric.com\/en\/#organization\"},\"potentialAction\":[{\"@type\":\"SearchAction\",\"target\":{\"@type\":\"EntryPoint\",\"urlTemplate\":\"https:\/\/www.hiperbaric.com\/en\/?s={search_term_string}\"},\"query-input\":\"required name=search_term_string\"}],\"inLanguage\":\"es\"},{\"@type\":\"Organization\",\"@id\":\"https:\/\/www.hiperbaric.com\/en\/#organization\",\"name\":\"Hiperbaric\",\"url\":\"https:\/\/www.hiperbaric.com\/en\/\",\"logo\":{\"@type\":\"ImageObject\",\"inLanguage\":\"es\",\"@id\":\"https:\/\/www.hiperbaric.com\/en\/#\/schema\/logo\/image\/\",\"url\":\"https:\/\/www.hiperbaric.com\/wp-content\/uploads\/2026\/01\/cropped-hiperbaric-logotipo-1-2.png\",\"contentUrl\":\"https:\/\/www.hiperbaric.com\/wp-content\/uploads\/2026\/01\/cropped-hiperbaric-logotipo-1-2.png\",\"width\":340,\"height\":72,\"caption\":\"Hiperbaric\"},\"image\":{\"@id\":\"https:\/\/www.hiperbaric.com\/en\/#\/schema\/logo\/image\/\"}}]}<\/script>\n<!-- \/ Yoast SEO plugin. -->","yoast_head_json":{"title":"Hiperbaric 1350 - Hiperbaric","robots":{"index":"index","follow":"follow","max-snippet":"max-snippet:-1","max-image-preview":"max-image-preview:large","max-video-preview":"max-video-preview:-1"},"canonical":"https:\/\/www.hiperbaric.com\/es\/tecnologia-hpp\/equipos\/hpp-in-pack\/hiperbaric-1350\/","og_locale":"es_ES","og_type":"article","og_title":"Hiperbaric 1350 - Hiperbaric","og_description":"Hiperbaric 135 Productividad kg\/hora [libras\/hora] 620 [1.360] Capacidad vasija litros [US galones l\u00edquidos] 135 [36,7] Di\u00e1metro interior vasija mm [pulgadas] 300 [11,8] Dimensiones metros [pies] L:10,2[33,4] An:3,2[10,6] Al:2,6[8,5] Caracter\u00edsticas Principales de Hiperbaric 135 Su vasija de 300 mm (11,8 pulgadas) permite procesar productos de mayor tama\u00f1o.Equipo HPP Industrial m\u00e1s r\u00e1pido del mundo.Su dise\u00f1o avanzado ofrece...","og_url":"https:\/\/www.hiperbaric.com\/es\/tecnologia-hpp\/equipos\/hpp-in-pack\/hiperbaric-1350\/","og_site_name":"Hiperbaric","og_image":[{"url":"https:\/\/www.hiperbaric.com\/..\/..\/..\/..\/..\/..\/wp-content\/uploads\/2019\/07\/throughput_icon.png"}],"twitter_card":"summary_large_image","twitter_misc":{"Tiempo de lectura":"1 minuto"},"schema":{"@context":"https:\/\/schema.org","@graph":[{"@type":"WebPage","@id":"https:\/\/www.hiperbaric.com\/es\/tecnologia-hpp\/equipos\/hpp-in-pack\/hiperbaric-1350\/","url":"https:\/\/www.hiperbaric.com\/es\/tecnologia-hpp\/equipos\/hpp-in-pack\/hiperbaric-1350\/","name":"Hiperbaric 1350 - Hiperbaric","isPartOf":{"@id":"https:\/\/www.hiperbaric.com\/en\/#website"},"primaryImageOfPage":{"@id":"https:\/\/www.hiperbaric.com\/es\/tecnologia-hpp\/equipos\/hpp-in-pack\/hiperbaric-1350\/#primaryimage"},"image":{"@id":"https:\/\/www.hiperbaric.com\/es\/tecnologia-hpp\/equipos\/hpp-in-pack\/hiperbaric-1350\/#primaryimage"},"thumbnailUrl":"https:\/\/www.hiperbaric.com\/..\/..\/..\/..\/..\/..\/wp-content\/uploads\/2019\/07\/throughput_icon.png","datePublished":"2019-09-11T12:26:39+00:00","dateModified":"2019-09-11T12:26:39+00:00","breadcrumb":{"@id":"https:\/\/www.hiperbaric.com\/es\/tecnologia-hpp\/equipos\/hpp-in-pack\/hiperbaric-1350\/#breadcrumb"},"inLanguage":"es","potentialAction":[{"@type":"ReadAction","target":["https:\/\/www.hiperbaric.com\/es\/tecnologia-hpp\/equipos\/hpp-in-pack\/hiperbaric-1350\/"]}]},{"@type":"ImageObject","inLanguage":"es","@id":"https:\/\/www.hiperbaric.com\/es\/tecnologia-hpp\/equipos\/hpp-in-pack\/hiperbaric-1350\/#primaryimage","url":"https:\/\/www.hiperbaric.com\/..\/..\/..\/..\/..\/..\/wp-content\/uploads\/2019\/07\/throughput_icon.png","contentUrl":"https:\/\/www.hiperbaric.com\/..\/..\/..\/..\/..\/..\/wp-content\/uploads\/2019\/07\/throughput_icon.png"},{"@type":"BreadcrumbList","@id":"https:\/\/www.hiperbaric.com\/es\/tecnologia-hpp\/equipos\/hpp-in-pack\/hiperbaric-1350\/#breadcrumb","itemListElement":[{"@type":"ListItem","position":1,"name":"Home","item":"https:\/\/www.hiperbaric.com\/es\/"},{"@type":"ListItem","position":2,"name":"Tecnolog\u00eda HPP","item":"https:\/\/www.hiperbaric.com\/es\/tecnologia-hpp\/"},{"@type":"ListItem","position":3,"name":"Equipos","item":"https:\/\/www.hiperbaric.com\/es\/tecnologia-hpp\/equipos\/"},{"@type":"ListItem","position":4,"name":"HPP In-Pack","item":"https:\/\/www.hiperbaric.com\/es\/tecnologia-hpp\/equipos\/hpp-in-pack\/"},{"@type":"ListItem","position":5,"name":"Hiperbaric 1350"}]},{"@type":"WebSite","@id":"https:\/\/www.hiperbaric.com\/en\/#website","url":"https:\/\/www.hiperbaric.com\/en\/","name":"Hiperbaric","description":"Procesado para la conservaci\u00f3n de alimentos","publisher":{"@id":"https:\/\/www.hiperbaric.com\/en\/#organization"},"potentialAction":[{"@type":"SearchAction","target":{"@type":"EntryPoint","urlTemplate":"https:\/\/www.hiperbaric.com\/en\/?s={search_term_string}"},"query-input":"required name=search_term_string"}],"inLanguage":"es"},{"@type":"Organization","@id":"https:\/\/www.hiperbaric.com\/en\/#organization","name":"Hiperbaric","url":"https:\/\/www.hiperbaric.com\/en\/","logo":{"@type":"ImageObject","inLanguage":"es","@id":"https:\/\/www.hiperbaric.com\/en\/#\/schema\/logo\/image\/","url":"https:\/\/www.hiperbaric.com\/wp-content\/uploads\/2026\/01\/cropped-hiperbaric-logotipo-1-2.png","contentUrl":"https:\/\/www.hiperbaric.com\/wp-content\/uploads\/2026\/01\/cropped-hiperbaric-logotipo-1-2.png","width":340,"height":72,"caption":"Hiperbaric"},"image":{"@id":"https:\/\/www.hiperbaric.com\/en\/#\/schema\/logo\/image\/"}}]}},"_links":{"self":[{"href":"https:\/\/www.hiperbaric.com\/es\/wp-json\/wp\/v2\/pages\/20339"}],"collection":[{"href":"https:\/\/www.hiperbaric.com\/es\/wp-json\/wp\/v2\/pages"}],"about":[{"href":"https:\/\/www.hiperbaric.com\/es\/wp-json\/wp\/v2\/types\/page"}],"author":[{"embeddable":true,"href":"https:\/\/www.hiperbaric.com\/es\/wp-json\/wp\/v2\/users\/1"}],"replies":[{"embeddable":true,"href":"https:\/\/www.hiperbaric.com\/es\/wp-json\/wp\/v2\/comments?post=20339"}],"version-history":[{"count":0,"href":"https:\/\/www.hiperbaric.com\/es\/wp-json\/wp\/v2\/pages\/20339\/revisions"}],"up":[{"embeddable":true,"href":"https:\/\/www.hiperbaric.com\/es\/wp-json\/wp\/v2\/pages\/17395"}],"wp:attachment":[{"href":"https:\/\/www.hiperbaric.com\/es\/wp-json\/wp\/v2\/media?parent=20339"}],"curies":[{"name":"wp","href":"https:\/\/api.w.org\/{rel}","templated":true}]}}