{"id":20338,"date":"2019-09-11T14:26:42","date_gmt":"2019-09-11T12:26:42","guid":{"rendered":"https:\/\/www.hiperbaric.com\/?page_id=20338"},"modified":"2020-10-29T09:15:25","modified_gmt":"2020-10-29T08:15:25","slug":"hiperbaric-55","status":"publish","type":"page","link":"https:\/\/www.hiperbaric.com\/es\/tecnologia-hpp\/equipos\/hpp-in-pack\/hiperbaric-55\/","title":{"rendered":"Hiperbaric 55"},"content":{"rendered":"<h1>\n\tHiperbaric 55\n\t<\/h1>\n<img decoding=\"async\" loading=\"lazy\" src=\"https:\/\/www.hiperbaric.com\/..\/..\/..\/..\/..\/..\/wp-content\/uploads\/2019\/07\/throughput_icon.png\" alt=\"\" width=\"24\" height=\"24\" \/>\n<p>Productividad kg\/hora [libras\/hora]<\/p>\n<p>270 [590]<\/p>\n<img decoding=\"async\" loading=\"lazy\" src=\"\/wp-content\/uploads\/2019\/07\/capacity_icon.png\" width=\"24\" height=\"24\" \/>\n<p>Capacidad vasija litros [US galones l\u00edquidos]<\/p>\n<p>55 [14,5]<\/p>\n   <section>\n      <img decoding=\"async\" src=\"\/wp-content\/uploads\/2020\/09\/191129_017-2.jpg\">\n      <img decoding=\"async\" src=\"\/wp-content\/uploads\/2020\/06\/191129_010-2.jpg\">\n   <\/section>\n<img decoding=\"async\" loading=\"lazy\" src=\"https:\/\/www.hiperbaric.com\/..\/..\/wp-content\/uploads\/2019\/07\/diameter_icon.png\" alt=\"\" width=\"24\" height=\"24\" \/>\n<p>Di\u00e1metro interior vasija mm [pulgadas]<\/p>\n<p>200 [7,9]<\/p>\n<img decoding=\"async\" loading=\"lazy\" src=\"https:\/\/www.hiperbaric.com\/..\/..\/wp-content\/uploads\/2019\/07\/footprint_icon.png\" alt=\"\" width=\"24\" height=\"24\" \/>\n<p>Dimensiones metros [pies]<\/p>\n<p>L: 8[26,2] An: 2,8[6,8] Al: 2,2[7,2]<\/p>\n<h3>\n\tCaracter\u00edsticas Principales de Hiperbaric 55\n\t<\/h3>\n\t<p><img decoding=\"async\" loading=\"lazy\" src=\"https:\/\/www.hiperbaric.com\/..\/..\/..\/..\/wp-content\/uploads\/2019\/06\/speedometer.png\" alt=\"\" width=\"64\" height=\"64\" \/><\/p>\n<ol>\n<li>Su tama\u00f1o compacto optimiza el espacio.<\/li>\n<li>Perfecta para PYMES, I + D, productos estacionales y ensayo de grandes lotes.<\/li>\n<li>Su dise\u00f1o avanzado ofrece la mayor duraci\u00f3n del yugo y vasija en el mercado.<\/li>\n<\/ol>\n\t<p><strong><img decoding=\"async\" loading=\"lazy\" src=\"https:\/\/www.hiperbaric.com\/..\/..\/..\/..\/..\/..\/..\/..\/..\/..\/..\/..\/..\/..\/..\/wp-content\/uploads\/2019\/06\/global-1.png\" alt=\"\" width=\"63\" height=\"63\" \/><\/strong>Hiperbaric 55 es el equipo ideal para entrar en el mercado HPP. Con una vasija de 55 litros (14,5 galones) y un di\u00e1metro de 200 mm (7,9 pulgadas), tiene una productividad aproximada de 270 kg\/h (590 lbs\/h), que lo convierte en el equipo perfecto para pymes y empresas de alimentaci\u00f3n con mercados de nicho, producciones estacionales o centros de I+D.<\/p>\n\t<blockquote><p>Su dise\u00f1o compacto facilita y agiliza la instalaci\u00f3n en en cualquier entorno industrial\u00a0<\/p><\/blockquote>\n\t<button>DESCARGAR FLYER GAMA IN-PACK<\/button>\n<h3>\n\tRealiza tu consulta\n\t<\/h3>\n\t<p><iframe loading=\"lazy\" src=\"https:\/\/forms.marketing.hiperbaric.com\/l\/881883\/2020-08-12\/7b1?Language=Spanish&#038;Business_line=HPP&#038;Source_text=Form%20Hiperbaric%2055%0A%0A\" width=\"100%\" height=\"670\" frameborder=\"0\"><\/iframe><\/p>\n<h2>\n\tDescubre nuestra gama de equipos in-pack\n\t<\/h2>\n\t\t\t\t<a href=\"\/tecnologia-hpp\/equipos\/hpp-in-pack\/hiperbaric-135\/\" target=\"_self\" itemprop=\"url\" rel=\"noopener noreferrer\">\n\t\t\t\t<img decoding=\"async\" loading=\"lazy\" src=\"https:\/\/www.hiperbaric.com\/wp-content\/uploads\/2019\/06\/IMG_8189-1-capas-impresion.jpg\" alt=\"H135\" itemprop=\"image\" height=\"980\" width=\"1303\" onerror=\"this.style.display='none'\"  \/>\n\t\t\t\t\t\t<\/a>\n\t\tH135\n\t\t\t\t<a href=\"\/tecnologia-hpp\/equipos\/hpp-in-pack\/hiperbaric-300\/\" target=\"_self\" itemprop=\"url\" rel=\"noopener noreferrer\">\n\t\t\t\t<img decoding=\"async\" loading=\"lazy\" src=\"https:\/\/www.hiperbaric.com\/wp-content\/uploads\/2019\/06\/Hiperbaric-300-integrated_1.jpg\" alt=\"H300\" itemprop=\"image\" height=\"2048\" width=\"3072\" onerror=\"this.style.display='none'\"  \/>\n\t\t\t\t\t\t<\/a>\n\t\tH300\n\t\t\t\t<a href=\"\/tecnologia-hpp\/equipos\/hpp-in-pack\/hiperbaric-420\/\" target=\"_self\" itemprop=\"url\" rel=\"noopener noreferrer\">\n\t\t\t\t<img decoding=\"async\" loading=\"lazy\" src=\"https:\/\/www.hiperbaric.com\/wp-content\/uploads\/2019\/06\/H420-web-logo-nuevo-Low.jpg\" alt=\"H420\" itemprop=\"image\" height=\"683\" width=\"1024\" onerror=\"this.style.display='none'\"  \/>\n\t\t\t\t\t\t<\/a>\n\t\tH420\n\t\t\t\t<a href=\"\/tecnologia-hpp\/equipos\/hpp-in-pack\/hiperbaric-525\/\" target=\"_self\" itemprop=\"url\" rel=\"noopener noreferrer\">\n\t\t\t\t<img decoding=\"async\" loading=\"lazy\" src=\"https:\/\/www.hiperbaric.com\/wp-content\/uploads\/2019\/06\/IMG_9678-.jpg\" alt=\"H525\" itemprop=\"image\" height=\"683\" width=\"1024\" onerror=\"this.style.display='none'\"  \/>\n\t\t\t\t\t\t<\/a>\n\t\tH525\n","protected":false},"excerpt":{"rendered":"<p>Hiperbaric 55 Productividad kg\/hora [libras\/hora] 270 [590] Capacidad vasija litros [US galones l\u00edquidos] 55 [14,5] Di\u00e1metro interior vasija mm [pulgadas] 200 [7,9] Dimensiones metros [pies] L: 8[26,2] An: 2,8[6,8] Al: 2,2[7,2] Caracter\u00edsticas Principales de Hiperbaric 55 Su tama\u00f1o compacto optimiza el espacio. Perfecta para PYMES, I + D, productos estacionales y ensayo de grandes lotes&#8230;.<\/p>\n","protected":false},"author":1,"featured_media":0,"parent":17395,"menu_order":0,"comment_status":"closed","ping_status":"closed","template":"","meta":{"om_disable_all_campaigns":false,"inline_featured_image":false,"_monsterinsights_skip_tracking":false,"_monsterinsights_sitenote_active":false,"_monsterinsights_sitenote_note":"","_monsterinsights_sitenote_category":0,"footnotes":"","_wp_rev_ctl_limit":""},"acf":[],"yoast_head":"<!-- This site is optimized with the Yoast SEO plugin v22.4 - https:\/\/yoast.com\/wordpress\/plugins\/seo\/ -->\n<title>Hiperbaric 55 - Hiperbaric<\/title>\n<meta name=\"robots\" content=\"index, follow, max-snippet:-1, max-image-preview:large, max-video-preview:-1\" \/>\n<link rel=\"canonical\" href=\"https:\/\/www.hiperbaric.com\/es\/tecnologia-hpp\/equipos\/hpp-in-pack\/hiperbaric-55\/\" \/>\n<meta property=\"og:locale\" content=\"es_ES\" \/>\n<meta property=\"og:type\" content=\"article\" \/>\n<meta property=\"og:title\" content=\"Hiperbaric 55 - Hiperbaric\" \/>\n<meta property=\"og:description\" content=\"Hiperbaric 55 Productividad kg\/hora [libras\/hora] 270 [590] Capacidad vasija litros [US galones l\u00edquidos] 55 [14,5] Di\u00e1metro interior vasija mm [pulgadas] 200 [7,9] Dimensiones metros [pies] L: 8[26,2] An: 2,8[6,8] Al: 2,2[7,2] Caracter\u00edsticas Principales de Hiperbaric 55 Su tama\u00f1o compacto optimiza el espacio. Perfecta para PYMES, I + D, productos estacionales y ensayo de grandes lotes....\" \/>\n<meta property=\"og:url\" content=\"https:\/\/www.hiperbaric.com\/es\/tecnologia-hpp\/equipos\/hpp-in-pack\/hiperbaric-55\/\" \/>\n<meta property=\"og:site_name\" content=\"Hiperbaric\" \/>\n<meta property=\"article:modified_time\" content=\"2020-10-29T08:15:25+00:00\" \/>\n<meta property=\"og:image\" content=\"https:\/\/www.hiperbaric.com\/..\/..\/..\/..\/..\/..\/wp-content\/uploads\/2019\/07\/throughput_icon.png\" \/>\n<meta name=\"twitter:card\" content=\"summary_large_image\" \/>\n<meta name=\"twitter:label1\" content=\"Tiempo de lectura\" \/>\n\t<meta name=\"twitter:data1\" content=\"1 minuto\" \/>\n<script type=\"application\/ld+json\" class=\"yoast-schema-graph\">{\"@context\":\"https:\/\/schema.org\",\"@graph\":[{\"@type\":\"WebPage\",\"@id\":\"https:\/\/www.hiperbaric.com\/es\/tecnologia-hpp\/equipos\/hpp-in-pack\/hiperbaric-55\/\",\"url\":\"https:\/\/www.hiperbaric.com\/es\/tecnologia-hpp\/equipos\/hpp-in-pack\/hiperbaric-55\/\",\"name\":\"Hiperbaric 55 - Hiperbaric\",\"isPartOf\":{\"@id\":\"https:\/\/www.hiperbaric.com\/en\/#website\"},\"primaryImageOfPage\":{\"@id\":\"https:\/\/www.hiperbaric.com\/es\/tecnologia-hpp\/equipos\/hpp-in-pack\/hiperbaric-55\/#primaryimage\"},\"image\":{\"@id\":\"https:\/\/www.hiperbaric.com\/es\/tecnologia-hpp\/equipos\/hpp-in-pack\/hiperbaric-55\/#primaryimage\"},\"thumbnailUrl\":\"https:\/\/www.hiperbaric.com\/..\/..\/..\/..\/..\/..\/wp-content\/uploads\/2019\/07\/throughput_icon.png\",\"datePublished\":\"2019-09-11T12:26:42+00:00\",\"dateModified\":\"2020-10-29T08:15:25+00:00\",\"breadcrumb\":{\"@id\":\"https:\/\/www.hiperbaric.com\/es\/tecnologia-hpp\/equipos\/hpp-in-pack\/hiperbaric-55\/#breadcrumb\"},\"inLanguage\":\"es\",\"potentialAction\":[{\"@type\":\"ReadAction\",\"target\":[\"https:\/\/www.hiperbaric.com\/es\/tecnologia-hpp\/equipos\/hpp-in-pack\/hiperbaric-55\/\"]}]},{\"@type\":\"ImageObject\",\"inLanguage\":\"es\",\"@id\":\"https:\/\/www.hiperbaric.com\/es\/tecnologia-hpp\/equipos\/hpp-in-pack\/hiperbaric-55\/#primaryimage\",\"url\":\"https:\/\/www.hiperbaric.com\/..\/..\/..\/..\/..\/..\/wp-content\/uploads\/2019\/07\/throughput_icon.png\",\"contentUrl\":\"https:\/\/www.hiperbaric.com\/..\/..\/..\/..\/..\/..\/wp-content\/uploads\/2019\/07\/throughput_icon.png\"},{\"@type\":\"BreadcrumbList\",\"@id\":\"https:\/\/www.hiperbaric.com\/es\/tecnologia-hpp\/equipos\/hpp-in-pack\/hiperbaric-55\/#breadcrumb\",\"itemListElement\":[{\"@type\":\"ListItem\",\"position\":1,\"name\":\"Home\",\"item\":\"https:\/\/www.hiperbaric.com\/es\/\"},{\"@type\":\"ListItem\",\"position\":2,\"name\":\"Tecnolog\u00eda HPP\",\"item\":\"https:\/\/www.hiperbaric.com\/es\/tecnologia-hpp\/\"},{\"@type\":\"ListItem\",\"position\":3,\"name\":\"Equipos\",\"item\":\"https:\/\/www.hiperbaric.com\/es\/tecnologia-hpp\/equipos\/\"},{\"@type\":\"ListItem\",\"position\":4,\"name\":\"HPP In-Pack\",\"item\":\"https:\/\/www.hiperbaric.com\/es\/tecnologia-hpp\/equipos\/hpp-in-pack\/\"},{\"@type\":\"ListItem\",\"position\":5,\"name\":\"Hiperbaric 55\"}]},{\"@type\":\"WebSite\",\"@id\":\"https:\/\/www.hiperbaric.com\/en\/#website\",\"url\":\"https:\/\/www.hiperbaric.com\/en\/\",\"name\":\"Hiperbaric\",\"description\":\"Procesado para la conservaci\u00f3n de alimentos\",\"publisher\":{\"@id\":\"https:\/\/www.hiperbaric.com\/en\/#organization\"},\"potentialAction\":[{\"@type\":\"SearchAction\",\"target\":{\"@type\":\"EntryPoint\",\"urlTemplate\":\"https:\/\/www.hiperbaric.com\/en\/?s={search_term_string}\"},\"query-input\":\"required name=search_term_string\"}],\"inLanguage\":\"es\"},{\"@type\":\"Organization\",\"@id\":\"https:\/\/www.hiperbaric.com\/en\/#organization\",\"name\":\"Hiperbaric\",\"url\":\"https:\/\/www.hiperbaric.com\/en\/\",\"logo\":{\"@type\":\"ImageObject\",\"inLanguage\":\"es\",\"@id\":\"https:\/\/www.hiperbaric.com\/en\/#\/schema\/logo\/image\/\",\"url\":\"https:\/\/www.hiperbaric.com\/wp-content\/uploads\/2026\/01\/cropped-hiperbaric-logotipo-1-2.png\",\"contentUrl\":\"https:\/\/www.hiperbaric.com\/wp-content\/uploads\/2026\/01\/cropped-hiperbaric-logotipo-1-2.png\",\"width\":340,\"height\":72,\"caption\":\"Hiperbaric\"},\"image\":{\"@id\":\"https:\/\/www.hiperbaric.com\/en\/#\/schema\/logo\/image\/\"}}]}<\/script>\n<!-- \/ Yoast SEO plugin. -->","yoast_head_json":{"title":"Hiperbaric 55 - Hiperbaric","robots":{"index":"index","follow":"follow","max-snippet":"max-snippet:-1","max-image-preview":"max-image-preview:large","max-video-preview":"max-video-preview:-1"},"canonical":"https:\/\/www.hiperbaric.com\/es\/tecnologia-hpp\/equipos\/hpp-in-pack\/hiperbaric-55\/","og_locale":"es_ES","og_type":"article","og_title":"Hiperbaric 55 - Hiperbaric","og_description":"Hiperbaric 55 Productividad kg\/hora [libras\/hora] 270 [590] Capacidad vasija litros [US galones l\u00edquidos] 55 [14,5] Di\u00e1metro interior vasija mm [pulgadas] 200 [7,9] Dimensiones metros [pies] L: 8[26,2] An: 2,8[6,8] Al: 2,2[7,2] Caracter\u00edsticas Principales de Hiperbaric 55 Su tama\u00f1o compacto optimiza el espacio. Perfecta para PYMES, I + D, productos estacionales y ensayo de grandes lotes....","og_url":"https:\/\/www.hiperbaric.com\/es\/tecnologia-hpp\/equipos\/hpp-in-pack\/hiperbaric-55\/","og_site_name":"Hiperbaric","article_modified_time":"2020-10-29T08:15:25+00:00","og_image":[{"url":"https:\/\/www.hiperbaric.com\/..\/..\/..\/..\/..\/..\/wp-content\/uploads\/2019\/07\/throughput_icon.png"}],"twitter_card":"summary_large_image","twitter_misc":{"Tiempo de lectura":"1 minuto"},"schema":{"@context":"https:\/\/schema.org","@graph":[{"@type":"WebPage","@id":"https:\/\/www.hiperbaric.com\/es\/tecnologia-hpp\/equipos\/hpp-in-pack\/hiperbaric-55\/","url":"https:\/\/www.hiperbaric.com\/es\/tecnologia-hpp\/equipos\/hpp-in-pack\/hiperbaric-55\/","name":"Hiperbaric 55 - Hiperbaric","isPartOf":{"@id":"https:\/\/www.hiperbaric.com\/en\/#website"},"primaryImageOfPage":{"@id":"https:\/\/www.hiperbaric.com\/es\/tecnologia-hpp\/equipos\/hpp-in-pack\/hiperbaric-55\/#primaryimage"},"image":{"@id":"https:\/\/www.hiperbaric.com\/es\/tecnologia-hpp\/equipos\/hpp-in-pack\/hiperbaric-55\/#primaryimage"},"thumbnailUrl":"https:\/\/www.hiperbaric.com\/..\/..\/..\/..\/..\/..\/wp-content\/uploads\/2019\/07\/throughput_icon.png","datePublished":"2019-09-11T12:26:42+00:00","dateModified":"2020-10-29T08:15:25+00:00","breadcrumb":{"@id":"https:\/\/www.hiperbaric.com\/es\/tecnologia-hpp\/equipos\/hpp-in-pack\/hiperbaric-55\/#breadcrumb"},"inLanguage":"es","potentialAction":[{"@type":"ReadAction","target":["https:\/\/www.hiperbaric.com\/es\/tecnologia-hpp\/equipos\/hpp-in-pack\/hiperbaric-55\/"]}]},{"@type":"ImageObject","inLanguage":"es","@id":"https:\/\/www.hiperbaric.com\/es\/tecnologia-hpp\/equipos\/hpp-in-pack\/hiperbaric-55\/#primaryimage","url":"https:\/\/www.hiperbaric.com\/..\/..\/..\/..\/..\/..\/wp-content\/uploads\/2019\/07\/throughput_icon.png","contentUrl":"https:\/\/www.hiperbaric.com\/..\/..\/..\/..\/..\/..\/wp-content\/uploads\/2019\/07\/throughput_icon.png"},{"@type":"BreadcrumbList","@id":"https:\/\/www.hiperbaric.com\/es\/tecnologia-hpp\/equipos\/hpp-in-pack\/hiperbaric-55\/#breadcrumb","itemListElement":[{"@type":"ListItem","position":1,"name":"Home","item":"https:\/\/www.hiperbaric.com\/es\/"},{"@type":"ListItem","position":2,"name":"Tecnolog\u00eda HPP","item":"https:\/\/www.hiperbaric.com\/es\/tecnologia-hpp\/"},{"@type":"ListItem","position":3,"name":"Equipos","item":"https:\/\/www.hiperbaric.com\/es\/tecnologia-hpp\/equipos\/"},{"@type":"ListItem","position":4,"name":"HPP In-Pack","item":"https:\/\/www.hiperbaric.com\/es\/tecnologia-hpp\/equipos\/hpp-in-pack\/"},{"@type":"ListItem","position":5,"name":"Hiperbaric 55"}]},{"@type":"WebSite","@id":"https:\/\/www.hiperbaric.com\/en\/#website","url":"https:\/\/www.hiperbaric.com\/en\/","name":"Hiperbaric","description":"Procesado para la conservaci\u00f3n de alimentos","publisher":{"@id":"https:\/\/www.hiperbaric.com\/en\/#organization"},"potentialAction":[{"@type":"SearchAction","target":{"@type":"EntryPoint","urlTemplate":"https:\/\/www.hiperbaric.com\/en\/?s={search_term_string}"},"query-input":"required name=search_term_string"}],"inLanguage":"es"},{"@type":"Organization","@id":"https:\/\/www.hiperbaric.com\/en\/#organization","name":"Hiperbaric","url":"https:\/\/www.hiperbaric.com\/en\/","logo":{"@type":"ImageObject","inLanguage":"es","@id":"https:\/\/www.hiperbaric.com\/en\/#\/schema\/logo\/image\/","url":"https:\/\/www.hiperbaric.com\/wp-content\/uploads\/2026\/01\/cropped-hiperbaric-logotipo-1-2.png","contentUrl":"https:\/\/www.hiperbaric.com\/wp-content\/uploads\/2026\/01\/cropped-hiperbaric-logotipo-1-2.png","width":340,"height":72,"caption":"Hiperbaric"},"image":{"@id":"https:\/\/www.hiperbaric.com\/en\/#\/schema\/logo\/image\/"}}]}},"_links":{"self":[{"href":"https:\/\/www.hiperbaric.com\/es\/wp-json\/wp\/v2\/pages\/20338"}],"collection":[{"href":"https:\/\/www.hiperbaric.com\/es\/wp-json\/wp\/v2\/pages"}],"about":[{"href":"https:\/\/www.hiperbaric.com\/es\/wp-json\/wp\/v2\/types\/page"}],"author":[{"embeddable":true,"href":"https:\/\/www.hiperbaric.com\/es\/wp-json\/wp\/v2\/users\/1"}],"replies":[{"embeddable":true,"href":"https:\/\/www.hiperbaric.com\/es\/wp-json\/wp\/v2\/comments?post=20338"}],"version-history":[{"count":0,"href":"https:\/\/www.hiperbaric.com\/es\/wp-json\/wp\/v2\/pages\/20338\/revisions"}],"up":[{"embeddable":true,"href":"https:\/\/www.hiperbaric.com\/es\/wp-json\/wp\/v2\/pages\/17395"}],"wp:attachment":[{"href":"https:\/\/www.hiperbaric.com\/es\/wp-json\/wp\/v2\/media?parent=20338"}],"curies":[{"name":"wp","href":"https:\/\/api.w.org\/{rel}","templated":true}]}}