{"id":19824,"date":"2019-08-14T13:35:03","date_gmt":"2019-08-14T11:35:03","guid":{"rendered":"https:\/\/www.hiperbaric.com\/?page_id=19824"},"modified":"2025-02-03T18:03:38","modified_gmt":"2025-02-03T17:03:38","slug":"hiperbaric-525","status":"publish","type":"page","link":"https:\/\/www.hiperbaric.com\/es\/tecnologia-hpp\/equipos\/hpp-in-pack\/hiperbaric-525\/","title":{"rendered":"Hiperbaric 525"},"content":{"rendered":"\n<h1>\n\tHiperbaric 525\n\t<\/h1>\n<img decoding=\"async\" loading=\"lazy\" src=\"https:\/\/www.hiperbaric.com\/..\/..\/wp-content\/uploads\/2019\/07\/throughput_icon.png\" alt=\"\" width=\"24\" height=\"24\" \/>\n<p>Productividad kg\/hora [libras\/hora]<\/p>\n<p>3.210 [7.080]<\/p>\n<img decoding=\"async\" loading=\"lazy\" src=\"\/wp-content\/uploads\/2019\/07\/capacity_icon.png\" width=\"24\" height=\"24\" \/>\n<p>Capacidad vasija litros [US galones l\u00edquidos]<\/p>\n<p>525 [150]<\/p>\n   <section>\n       <img decoding=\"async\" src=\"\/wp-content\/uploads\/2019\/09\/PLANTILLA-SLIDER-DE-EQUIPOS.jpg\"\/>\n      <img decoding=\"async\" src=\"\/wp-content\/uploads\/2019\/08\/1.8-H525.jpg\"\/>\n   <\/section>\n<img decoding=\"async\" loading=\"lazy\" src=\"https:\/\/www.hiperbaric.com\/..\/..\/wp-content\/uploads\/2019\/07\/diameter_icon.png\" alt=\"\" width=\"24\" height=\"24\" \/>\n<p>Di\u00e1metro interior vasija mm [pulgadas]<\/p>\n<p>380 [15]<\/p>\n<img decoding=\"async\" loading=\"lazy\" src=\"https:\/\/www.hiperbaric.com\/..\/..\/..\/..\/..\/..\/wp-content\/uploads\/2019\/07\/footprint_icon.png\" alt=\"\" width=\"24\" height=\"24\" \/>\n<p>Dimensiones metros [pies]<\/p>\n<p>L:18,5[60,6] An:4,4[14,4] Al:4,3[14]<\/p>\n<h3>\n\tCaracter\u00edsticas principales de Hiperbaric 525\n\t<\/h3>\n\t<img decoding=\"async\" loading=\"lazy\" src=\"https:\/\/www.hiperbaric.com\/..\/..\/..\/..\/..\/..\/..\/..\/..\/..\/wp-content\/uploads\/2019\/06\/speedometer.png\" alt=\"\" width=\"64\" height=\"64\" \/>Hiperbaric 525 puede configurarse de forma standard (intensificadores en el suelo) o integrada (intensificadores en mezanina).<br \/>\nVersatilidad de expandirse a\u00f1adiendo m\u00e1s intensificadores para incrementar producci\u00f3n.<br \/>\nSu dise\u00f1o avanzado ofrece la mayor duraci\u00f3n del yugo y vasija en el mercado.\n\t<p><strong><img decoding=\"async\" loading=\"lazy\" src=\"https:\/\/www.hiperbaric.com\/..\/..\/..\/..\/..\/..\/..\/..\/..\/..\/..\/..\/..\/..\/..\/wp-content\/uploads\/2019\/06\/global-1.png\" alt=\"\" width=\"63\" height=\"63\" \/><\/strong><\/p>\n<p>Hiperbaric 525 es el mayor de nuestros equipos in-pack y el que mejor satisface la demanda de clientes con grandes vol\u00famenes de producci\u00f3n. Su vasija de 525 litros (150 galones) y un di\u00e1metro de 380 mm (15 pulgadas) permite producir cerca de 3.020 kg\/h (660 lbs\/h)\u00a0a 600 MPa \/ 87.000 psi. Su capacidad y bajo coste de producci\u00f3n son incomparables.<\/p>\n\t<blockquote><p>El equipo in-pack m\u00e1s grande y productivo del mundo<\/p><\/blockquote>\n\t<button>DESCARGAR FLYER GAMA IN-PACK<\/button>\n<h3>\n\tRealiza tu consulta\n\t<\/h3>\n\t<p><iframe loading=\"lazy\" src=\"https:\/\/forms.marketing.hiperbaric.com\/l\/881883\/2020-08-12\/7b1?Language=Spanish&#038;Business_line=HPP&#038;Source_text=Form%20Hiperbaric%20525%0A%0A%0A\" width=\"100%\" height=\"680\" frameborder=\"0\"><\/iframe><\/p>\n<h2>\n\tDescubre nuestra gama de equipos in-pack\n\t<\/h2>\n\t\t\t\t<a href=\"\/tecnologia\/hpp\/equipos\/hpp-in-pack\/hiperbaric-55\/\" target=\"_self\" itemprop=\"url\" rel=\"noopener\">\n\t\t\t\t<img decoding=\"async\" loading=\"lazy\" src=\"https:\/\/www.hiperbaric.com\/wp-content\/uploads\/2019\/06\/1.0-H55.jpg\" alt=\"H135\" itemprop=\"image\" height=\"980\" width=\"1303\" title=\"1.0 H135\" onerror=\"this.style.display='none'\"  \/>\n\t\t\t\t<\/a>\n\t\tH135\n\t\t\t\t<a href=\"\/tecnologia\/hpp\/equipos\/hpp-in-pack\/hiperbaric-135\/\" target=\"_self\" itemprop=\"url\" rel=\"noopener\">\n\t\t\t\t<img decoding=\"async\" src=\"https:\/\/www.hiperbaric.com\/wp-content\/uploads\/2019\/08\/1.1-H135.jpg\" alt=\"H135\" itemprop=\"image\" title=\"1.1 H135\" onerror=\"this.style.display='none'\"  \/>\n\t\t\t\t<\/a>\n\t\tH135\n\t\t\t\t<a href=\"\/tecnologia\/hpp\/equipos\/hpp-in-pack\/hiperbaric-300\/\" target=\"_self\" itemprop=\"url\" rel=\"noopener\">\n\t\t\t\t<img decoding=\"async\" src=\"https:\/\/www.hiperbaric.com\/wp-content\/uploads\/2019\/06\/Hiperbaric-300-integrated_1.jpg\" alt=\"H300\" itemprop=\"image\" onerror=\"this.style.display='none'\"  \/>\n\t\t\t\t<\/a>\n\t\tH300\n\t\t\t\t<a href=\"\/tecnologia\/hpp\/equipos\/hpp-in-pack\/hiperbaric-420\/\" target=\"_self\" itemprop=\"url\" rel=\"noopener\">\n\t\t\t\t<img decoding=\"async\" loading=\"lazy\" src=\"https:\/\/www.hiperbaric.com\/wp-content\/uploads\/2019\/06\/H420-web-logo-nuevo-Low.jpg\" alt=\"H420\" itemprop=\"image\" height=\"683\" width=\"1024\" onerror=\"this.style.display='none'\"  \/>\n\t\t\t\t<\/a>\n\t\tH420\n\n","protected":false},"excerpt":{"rendered":"<p>Hiperbaric 525 Productividad kg\/hora [libras\/hora] 3.210 [7.080] Capacidad vasija litros [US galones l\u00edquidos] 525 [150] Di\u00e1metro interior vasija mm [pulgadas] 380 [15] Dimensiones metros [pies] L:18,5[60,6] An:4,4[14,4] Al:4,3[14] Caracter\u00edsticas principales de Hiperbaric 525 Hiperbaric 525 puede configurarse de forma standard (intensificadores en el suelo) o integrada (intensificadores en mezanina). Versatilidad de expandirse a\u00f1adiendo m\u00e1s intensificadores&#8230;<\/p>\n","protected":false},"author":1,"featured_media":0,"parent":17395,"menu_order":0,"comment_status":"closed","ping_status":"closed","template":"","meta":{"om_disable_all_campaigns":false,"inline_featured_image":false,"_monsterinsights_skip_tracking":false,"_monsterinsights_sitenote_active":false,"_monsterinsights_sitenote_note":"","_monsterinsights_sitenote_category":0,"footnotes":"","_wp_rev_ctl_limit":""},"acf":[],"yoast_head":"<!-- This site is optimized with the Yoast SEO plugin v22.4 - https:\/\/yoast.com\/wordpress\/plugins\/seo\/ -->\n<title>Hiperbaric 525 - Hiperbaric<\/title>\n<meta name=\"robots\" content=\"index, follow, max-snippet:-1, max-image-preview:large, max-video-preview:-1\" \/>\n<link rel=\"canonical\" href=\"https:\/\/www.hiperbaric.com\/es\/tecnologia-hpp\/equipos\/hpp-in-pack\/hiperbaric-525\/\" \/>\n<meta property=\"og:locale\" content=\"es_ES\" \/>\n<meta property=\"og:type\" content=\"article\" \/>\n<meta property=\"og:title\" content=\"Hiperbaric 525 - Hiperbaric\" \/>\n<meta property=\"og:description\" content=\"Hiperbaric 525 Productividad kg\/hora [libras\/hora] 3.210 [7.080] Capacidad vasija litros [US galones l\u00edquidos] 525 [150] Di\u00e1metro interior vasija mm [pulgadas] 380 [15] Dimensiones metros [pies] L:18,5[60,6] An:4,4[14,4] Al:4,3[14] Caracter\u00edsticas principales de Hiperbaric 525 Hiperbaric 525 puede configurarse de forma standard (intensificadores en el suelo) o integrada (intensificadores en mezanina). Versatilidad de expandirse a\u00f1adiendo m\u00e1s intensificadores...\" \/>\n<meta property=\"og:url\" content=\"https:\/\/www.hiperbaric.com\/es\/tecnologia-hpp\/equipos\/hpp-in-pack\/hiperbaric-525\/\" \/>\n<meta property=\"og:site_name\" content=\"Hiperbaric\" \/>\n<meta property=\"article:modified_time\" content=\"2025-02-03T17:03:38+00:00\" \/>\n<meta property=\"og:image\" content=\"https:\/\/www.hiperbaric.com\/..\/..\/wp-content\/uploads\/2019\/07\/throughput_icon.png\" \/>\n<meta name=\"twitter:card\" content=\"summary_large_image\" \/>\n<meta name=\"twitter:label1\" content=\"Tiempo de lectura\" \/>\n\t<meta name=\"twitter:data1\" content=\"4 minutos\" \/>\n<script type=\"application\/ld+json\" class=\"yoast-schema-graph\">{\"@context\":\"https:\/\/schema.org\",\"@graph\":[{\"@type\":\"WebPage\",\"@id\":\"https:\/\/www.hiperbaric.com\/es\/tecnologia-hpp\/equipos\/hpp-in-pack\/hiperbaric-525\/\",\"url\":\"https:\/\/www.hiperbaric.com\/es\/tecnologia-hpp\/equipos\/hpp-in-pack\/hiperbaric-525\/\",\"name\":\"Hiperbaric 525 - Hiperbaric\",\"isPartOf\":{\"@id\":\"https:\/\/www.hiperbaric.com\/en\/#website\"},\"primaryImageOfPage\":{\"@id\":\"https:\/\/www.hiperbaric.com\/es\/tecnologia-hpp\/equipos\/hpp-in-pack\/hiperbaric-525\/#primaryimage\"},\"image\":{\"@id\":\"https:\/\/www.hiperbaric.com\/es\/tecnologia-hpp\/equipos\/hpp-in-pack\/hiperbaric-525\/#primaryimage\"},\"thumbnailUrl\":\"https:\/\/www.hiperbaric.com\/..\/..\/wp-content\/uploads\/2019\/07\/throughput_icon.png\",\"datePublished\":\"2019-08-14T11:35:03+00:00\",\"dateModified\":\"2025-02-03T17:03:38+00:00\",\"breadcrumb\":{\"@id\":\"https:\/\/www.hiperbaric.com\/es\/tecnologia-hpp\/equipos\/hpp-in-pack\/hiperbaric-525\/#breadcrumb\"},\"inLanguage\":\"es\",\"potentialAction\":[{\"@type\":\"ReadAction\",\"target\":[\"https:\/\/www.hiperbaric.com\/es\/tecnologia-hpp\/equipos\/hpp-in-pack\/hiperbaric-525\/\"]}]},{\"@type\":\"ImageObject\",\"inLanguage\":\"es\",\"@id\":\"https:\/\/www.hiperbaric.com\/es\/tecnologia-hpp\/equipos\/hpp-in-pack\/hiperbaric-525\/#primaryimage\",\"url\":\"https:\/\/www.hiperbaric.com\/..\/..\/wp-content\/uploads\/2019\/07\/throughput_icon.png\",\"contentUrl\":\"https:\/\/www.hiperbaric.com\/..\/..\/wp-content\/uploads\/2019\/07\/throughput_icon.png\"},{\"@type\":\"BreadcrumbList\",\"@id\":\"https:\/\/www.hiperbaric.com\/es\/tecnologia-hpp\/equipos\/hpp-in-pack\/hiperbaric-525\/#breadcrumb\",\"itemListElement\":[{\"@type\":\"ListItem\",\"position\":1,\"name\":\"Home\",\"item\":\"https:\/\/www.hiperbaric.com\/es\/\"},{\"@type\":\"ListItem\",\"position\":2,\"name\":\"Tecnolog\u00eda HPP\",\"item\":\"https:\/\/www.hiperbaric.com\/es\/tecnologia-hpp\/\"},{\"@type\":\"ListItem\",\"position\":3,\"name\":\"Equipos\",\"item\":\"https:\/\/www.hiperbaric.com\/es\/tecnologia-hpp\/equipos\/\"},{\"@type\":\"ListItem\",\"position\":4,\"name\":\"HPP In-Pack\",\"item\":\"https:\/\/www.hiperbaric.com\/es\/tecnologia-hpp\/equipos\/hpp-in-pack\/\"},{\"@type\":\"ListItem\",\"position\":5,\"name\":\"Hiperbaric 525\"}]},{\"@type\":\"WebSite\",\"@id\":\"https:\/\/www.hiperbaric.com\/en\/#website\",\"url\":\"https:\/\/www.hiperbaric.com\/en\/\",\"name\":\"Hiperbaric\",\"description\":\"Procesado para la conservaci\u00f3n de alimentos\",\"publisher\":{\"@id\":\"https:\/\/www.hiperbaric.com\/en\/#organization\"},\"potentialAction\":[{\"@type\":\"SearchAction\",\"target\":{\"@type\":\"EntryPoint\",\"urlTemplate\":\"https:\/\/www.hiperbaric.com\/en\/?s={search_term_string}\"},\"query-input\":\"required name=search_term_string\"}],\"inLanguage\":\"es\"},{\"@type\":\"Organization\",\"@id\":\"https:\/\/www.hiperbaric.com\/en\/#organization\",\"name\":\"Hiperbaric\",\"url\":\"https:\/\/www.hiperbaric.com\/en\/\",\"logo\":{\"@type\":\"ImageObject\",\"inLanguage\":\"es\",\"@id\":\"https:\/\/www.hiperbaric.com\/en\/#\/schema\/logo\/image\/\",\"url\":\"https:\/\/www.hiperbaric.com\/wp-content\/uploads\/2026\/01\/cropped-hiperbaric-logotipo-1-2.png\",\"contentUrl\":\"https:\/\/www.hiperbaric.com\/wp-content\/uploads\/2026\/01\/cropped-hiperbaric-logotipo-1-2.png\",\"width\":340,\"height\":72,\"caption\":\"Hiperbaric\"},\"image\":{\"@id\":\"https:\/\/www.hiperbaric.com\/en\/#\/schema\/logo\/image\/\"}}]}<\/script>\n<!-- \/ Yoast SEO plugin. -->","yoast_head_json":{"title":"Hiperbaric 525 - Hiperbaric","robots":{"index":"index","follow":"follow","max-snippet":"max-snippet:-1","max-image-preview":"max-image-preview:large","max-video-preview":"max-video-preview:-1"},"canonical":"https:\/\/www.hiperbaric.com\/es\/tecnologia-hpp\/equipos\/hpp-in-pack\/hiperbaric-525\/","og_locale":"es_ES","og_type":"article","og_title":"Hiperbaric 525 - Hiperbaric","og_description":"Hiperbaric 525 Productividad kg\/hora [libras\/hora] 3.210 [7.080] Capacidad vasija litros [US galones l\u00edquidos] 525 [150] Di\u00e1metro interior vasija mm [pulgadas] 380 [15] Dimensiones metros [pies] L:18,5[60,6] An:4,4[14,4] Al:4,3[14] Caracter\u00edsticas principales de Hiperbaric 525 Hiperbaric 525 puede configurarse de forma standard (intensificadores en el suelo) o integrada (intensificadores en mezanina). Versatilidad de expandirse a\u00f1adiendo m\u00e1s intensificadores...","og_url":"https:\/\/www.hiperbaric.com\/es\/tecnologia-hpp\/equipos\/hpp-in-pack\/hiperbaric-525\/","og_site_name":"Hiperbaric","article_modified_time":"2025-02-03T17:03:38+00:00","og_image":[{"url":"https:\/\/www.hiperbaric.com\/..\/..\/wp-content\/uploads\/2019\/07\/throughput_icon.png"}],"twitter_card":"summary_large_image","twitter_misc":{"Tiempo de lectura":"4 minutos"},"schema":{"@context":"https:\/\/schema.org","@graph":[{"@type":"WebPage","@id":"https:\/\/www.hiperbaric.com\/es\/tecnologia-hpp\/equipos\/hpp-in-pack\/hiperbaric-525\/","url":"https:\/\/www.hiperbaric.com\/es\/tecnologia-hpp\/equipos\/hpp-in-pack\/hiperbaric-525\/","name":"Hiperbaric 525 - Hiperbaric","isPartOf":{"@id":"https:\/\/www.hiperbaric.com\/en\/#website"},"primaryImageOfPage":{"@id":"https:\/\/www.hiperbaric.com\/es\/tecnologia-hpp\/equipos\/hpp-in-pack\/hiperbaric-525\/#primaryimage"},"image":{"@id":"https:\/\/www.hiperbaric.com\/es\/tecnologia-hpp\/equipos\/hpp-in-pack\/hiperbaric-525\/#primaryimage"},"thumbnailUrl":"https:\/\/www.hiperbaric.com\/..\/..\/wp-content\/uploads\/2019\/07\/throughput_icon.png","datePublished":"2019-08-14T11:35:03+00:00","dateModified":"2025-02-03T17:03:38+00:00","breadcrumb":{"@id":"https:\/\/www.hiperbaric.com\/es\/tecnologia-hpp\/equipos\/hpp-in-pack\/hiperbaric-525\/#breadcrumb"},"inLanguage":"es","potentialAction":[{"@type":"ReadAction","target":["https:\/\/www.hiperbaric.com\/es\/tecnologia-hpp\/equipos\/hpp-in-pack\/hiperbaric-525\/"]}]},{"@type":"ImageObject","inLanguage":"es","@id":"https:\/\/www.hiperbaric.com\/es\/tecnologia-hpp\/equipos\/hpp-in-pack\/hiperbaric-525\/#primaryimage","url":"https:\/\/www.hiperbaric.com\/..\/..\/wp-content\/uploads\/2019\/07\/throughput_icon.png","contentUrl":"https:\/\/www.hiperbaric.com\/..\/..\/wp-content\/uploads\/2019\/07\/throughput_icon.png"},{"@type":"BreadcrumbList","@id":"https:\/\/www.hiperbaric.com\/es\/tecnologia-hpp\/equipos\/hpp-in-pack\/hiperbaric-525\/#breadcrumb","itemListElement":[{"@type":"ListItem","position":1,"name":"Home","item":"https:\/\/www.hiperbaric.com\/es\/"},{"@type":"ListItem","position":2,"name":"Tecnolog\u00eda HPP","item":"https:\/\/www.hiperbaric.com\/es\/tecnologia-hpp\/"},{"@type":"ListItem","position":3,"name":"Equipos","item":"https:\/\/www.hiperbaric.com\/es\/tecnologia-hpp\/equipos\/"},{"@type":"ListItem","position":4,"name":"HPP In-Pack","item":"https:\/\/www.hiperbaric.com\/es\/tecnologia-hpp\/equipos\/hpp-in-pack\/"},{"@type":"ListItem","position":5,"name":"Hiperbaric 525"}]},{"@type":"WebSite","@id":"https:\/\/www.hiperbaric.com\/en\/#website","url":"https:\/\/www.hiperbaric.com\/en\/","name":"Hiperbaric","description":"Procesado para la conservaci\u00f3n de alimentos","publisher":{"@id":"https:\/\/www.hiperbaric.com\/en\/#organization"},"potentialAction":[{"@type":"SearchAction","target":{"@type":"EntryPoint","urlTemplate":"https:\/\/www.hiperbaric.com\/en\/?s={search_term_string}"},"query-input":"required name=search_term_string"}],"inLanguage":"es"},{"@type":"Organization","@id":"https:\/\/www.hiperbaric.com\/en\/#organization","name":"Hiperbaric","url":"https:\/\/www.hiperbaric.com\/en\/","logo":{"@type":"ImageObject","inLanguage":"es","@id":"https:\/\/www.hiperbaric.com\/en\/#\/schema\/logo\/image\/","url":"https:\/\/www.hiperbaric.com\/wp-content\/uploads\/2026\/01\/cropped-hiperbaric-logotipo-1-2.png","contentUrl":"https:\/\/www.hiperbaric.com\/wp-content\/uploads\/2026\/01\/cropped-hiperbaric-logotipo-1-2.png","width":340,"height":72,"caption":"Hiperbaric"},"image":{"@id":"https:\/\/www.hiperbaric.com\/en\/#\/schema\/logo\/image\/"}}]}},"_links":{"self":[{"href":"https:\/\/www.hiperbaric.com\/es\/wp-json\/wp\/v2\/pages\/19824"}],"collection":[{"href":"https:\/\/www.hiperbaric.com\/es\/wp-json\/wp\/v2\/pages"}],"about":[{"href":"https:\/\/www.hiperbaric.com\/es\/wp-json\/wp\/v2\/types\/page"}],"author":[{"embeddable":true,"href":"https:\/\/www.hiperbaric.com\/es\/wp-json\/wp\/v2\/users\/1"}],"replies":[{"embeddable":true,"href":"https:\/\/www.hiperbaric.com\/es\/wp-json\/wp\/v2\/comments?post=19824"}],"version-history":[{"count":2,"href":"https:\/\/www.hiperbaric.com\/es\/wp-json\/wp\/v2\/pages\/19824\/revisions"}],"predecessor-version":[{"id":61253,"href":"https:\/\/www.hiperbaric.com\/es\/wp-json\/wp\/v2\/pages\/19824\/revisions\/61253"}],"up":[{"embeddable":true,"href":"https:\/\/www.hiperbaric.com\/es\/wp-json\/wp\/v2\/pages\/17395"}],"wp:attachment":[{"href":"https:\/\/www.hiperbaric.com\/es\/wp-json\/wp\/v2\/media?parent=19824"}],"curies":[{"name":"wp","href":"https:\/\/api.w.org\/{rel}","templated":true}]}}