{"id":19818,"date":"2019-08-14T13:31:44","date_gmt":"2019-08-14T11:31:44","guid":{"rendered":"https:\/\/www.hiperbaric.com\/?page_id=19818"},"modified":"2022-08-09T12:37:13","modified_gmt":"2022-08-09T10:37:13","slug":"hiperbaric-135","status":"publish","type":"page","link":"https:\/\/www.hiperbaric.com\/es\/tecnologia-hpp\/equipos\/hpp-in-pack\/hiperbaric-135\/","title":{"rendered":"Hiperbaric 135"},"content":{"rendered":"\n<h1>\n\tHiperbaric 135\n\t<\/h1>\n<img loading=\"lazy\" decoding=\"async\" src=\"https:\/\/www.hiperbaric.com\/..\/..\/..\/..\/..\/..\/wp-content\/uploads\/2019\/07\/throughput_icon.png\" alt=\"\" width=\"24\" height=\"24\" \/>\n<p>Productividad kg\/hora [libras\/hora]<\/p>\n<p>670 [1.480]<\/p>\n<img loading=\"lazy\" decoding=\"async\" src=\"\/wp-content\/uploads\/2019\/07\/capacity_icon.png\" width=\"24\" height=\"24\" \/>\n<p>Capacidad vasija litros [US galones l\u00edquidos]<\/p>\n<p>135 [36,7]<\/p>\n   <section>\n       <img decoding=\"async\" src=\"\/wp-content\/uploads\/2019\/08\/1.1-H135.jpg\"\/>\n      <img decoding=\"async\" src=\"\/wp-content\/uploads\/2019\/09\/H135.jpg\"\/>\n   <\/section>\n<img loading=\"lazy\" decoding=\"async\" src=\"https:\/\/www.hiperbaric.com\/..\/..\/wp-content\/uploads\/2019\/07\/diameter_icon.png\" alt=\"\" width=\"24\" height=\"24\" \/>\n<p>Di\u00e1metro interior vasija mm [pulgadas]<\/p>\n<p>300 [11,8]<\/p>\n<img loading=\"lazy\" decoding=\"async\" src=\"https:\/\/www.hiperbaric.com\/..\/..\/..\/..\/..\/..\/..\/..\/wp-content\/uploads\/2019\/07\/footprint_icon.png\" alt=\"\" width=\"24\" height=\"24\" \/>\n<p>Dimensiones metros [pies]<\/p>\n<p>L:10,2[33,4] An:3,2[10,6] Al:2,6[8,5]<\/p>\n<h3>\n\tCaracter\u00edsticas principales de Hiperbaric 135\n\t<\/h3>\n\t<p><img loading=\"lazy\" decoding=\"async\" src=\"https:\/\/www.hiperbaric.com\/..\/..\/..\/..\/wp-content\/uploads\/2019\/06\/speedometer.png\" alt=\"\" width=\"64\" height=\"64\" \/><\/p>\nSu vasija de 300 mm (11,8 pulgadas) permite procesar productos de mayor tama\u00f1o.<br \/>\nEquipo HPP Industrial m\u00e1s r\u00e1pido del mundo.<br \/>\nSu dise\u00f1o avanzado ofrece la mayor duraci\u00f3n del yugo y vasija en el mercado.\n\t<p><strong><img loading=\"lazy\" decoding=\"async\" src=\"https:\/\/www.hiperbaric.com\/..\/..\/..\/..\/..\/..\/..\/..\/..\/..\/..\/..\/..\/..\/..\/..\/..\/..\/..\/..\/..\/wp-content\/uploads\/2019\/09\/product.png\" alt=\"\" width=\"80\" height=\"80\" \/><\/strong><\/p>\n<p>Hiperbaric 135 est\u00e1 orientado a producciones medianas. Su vasija de 135 litros (36,7 galones) y su di\u00e1metro de 300 mm (11,8 pulgadas), permiten procesar productos de mayor tama\u00f1o con un buen coeficiente de llenado, alcanzando una capacidad productiva de 670 kg\/h (1.480 lbs\/h). En su configuraci\u00f3n con 4 intensificadores, es capaz de realizar un ciclo a 600 MPa \/ 87.000 psi en menos de 2,5 min (tiempo de mantenimiento no considerado).<\/p>\n\t<blockquote>\n<p><strong>Hiperbaric 135 se ha convertido en el equipo HPP m\u00e1s r\u00e1pido del mundo<\/strong><\/p>\n<\/blockquote>\n\t<button>DESCARGAR FLYER GAMA IN-PACK<\/button>\n<h3>\n\tRealiza tu consulta\n\t<\/h3>\n\t<p><iframe src=\"https:\/\/forms.marketing.hiperbaric.com\/l\/881883\/2020-08-12\/7b1?Language=Spanish&#038;Business_line=HPP&#038;Source_text=Form%20Hiperbaric%20135%0A%0A\" height=\"680\" frameborder=\"0\" scrolling=\"no\"><\/iframe><\/p>\n<h2>\n\tDescubre nuestra gama de equipos in-pack\n\t<\/h2>\n\t\t\t\t<a href=\"\/tecnologia-hpp\/equipos\/hpp-in-pack\/hiperbaric-55\/\" target=\"_self\" itemprop=\"url\" rel=\"noopener\">\n\t\t\t\t<img loading=\"lazy\" decoding=\"async\" src=\"https:\/\/www.hiperbaric.com\/wp-content\/uploads\/2019\/06\/1.0-H55.jpg\" alt=\"H55\" itemprop=\"image\" height=\"980\" width=\"1303\" title=\"1.0 H55\" onerror=\"this.style.display='none'\"  \/>\n\t\t\t\t<\/a>\n\t\tH55\n\t\t\t\t<a href=\"\/tecnologia-hpp\/equipos\/hpp-in-pack\/hiperbaric-300\/\" target=\"_self\" itemprop=\"url\" rel=\"noopener\">\n\t\t\t\t<img decoding=\"async\" src=\"https:\/\/www.hiperbaric.com\/wp-content\/uploads\/2019\/06\/Hiperbaric-300-integrated_1.jpg\" alt=\"H300\" itemprop=\"image\" onerror=\"this.style.display='none'\"  \/>\n\t\t\t\t<\/a>\n\t\tH300\n\t\t\t\t<a href=\"\/tecnologia-hpp\/equipos\/hpp-in-pack\/hiperbaric-420\/\" target=\"_self\" itemprop=\"url\" rel=\"noopener\">\n\t\t\t\t<img loading=\"lazy\" decoding=\"async\" src=\"https:\/\/www.hiperbaric.com\/wp-content\/uploads\/2019\/06\/H420-web-logo-nuevo-Low.jpg\" alt=\"H420\" itemprop=\"image\" height=\"683\" width=\"1024\" onerror=\"this.style.display='none'\"  \/>\n\t\t\t\t<\/a>\n\t\tH420\n\t\t\t\t<a href=\"\/tecnologia-hpp\/equipos\/hpp-in-pack\/hiperbaric-525\/\" target=\"_self\" itemprop=\"url\" rel=\"noopener\">\n\t\t\t\t<img loading=\"lazy\" decoding=\"async\" src=\"https:\/\/www.hiperbaric.com\/wp-content\/uploads\/2019\/06\/IMG_9678-.jpg\" alt=\"H525\" itemprop=\"image\" height=\"683\" width=\"1024\" onerror=\"this.style.display='none'\"  \/>\n\t\t\t\t<\/a>\n\t\tH525\n\n","protected":false},"excerpt":{"rendered":"<p>Hiperbaric 135 Productividad kg\/hora [libras\/hora] 670 [1.480] Capacidad vasija litros [US galones l\u00edquidos] 135 [36,7] Di\u00e1metro interior vasija mm [pulgadas] 300 [11,8] Dimensiones metros [pies] L:10,2[33,4] An:3,2[10,6] Al:2,6[8,5] Caracter\u00edsticas principales de Hiperbaric 135 Su vasija de 300 mm (11,8 pulgadas) permite procesar productos de mayor tama\u00f1o. Equipo HPP Industrial m\u00e1s r\u00e1pido del mundo. Su dise\u00f1o&#8230;<\/p>\n","protected":false},"author":1,"featured_media":0,"parent":17395,"menu_order":0,"comment_status":"closed","ping_status":"closed","template":"","meta":{"_acf_changed":false,"om_disable_all_campaigns":false,"inline_featured_image":false,"_monsterinsights_skip_tracking":false,"_monsterinsights_sitenote_active":false,"_monsterinsights_sitenote_note":"","_monsterinsights_sitenote_category":0,"footnotes":"","_wp_rev_ctl_limit":""},"class_list":["post-19818","page","type-page","status-publish","hentry"],"acf":[],"yoast_head":"<!-- This site is optimized with the Yoast SEO plugin v22.4 - https:\/\/yoast.com\/wordpress\/plugins\/seo\/ -->\n<title>Hiperbaric 135 - Hiperbaric<\/title>\n<meta name=\"robots\" content=\"index, follow, max-snippet:-1, max-image-preview:large, max-video-preview:-1\" \/>\n<link rel=\"canonical\" href=\"https:\/\/www.hiperbaric.com\/es\/tecnologia-hpp\/equipos\/hpp-in-pack\/hiperbaric-135\/\" \/>\n<meta property=\"og:locale\" content=\"es_ES\" \/>\n<meta property=\"og:type\" content=\"article\" \/>\n<meta property=\"og:title\" content=\"Hiperbaric 135 - Hiperbaric\" \/>\n<meta property=\"og:description\" content=\"Hiperbaric 135 Productividad kg\/hora [libras\/hora] 670 [1.480] Capacidad vasija litros [US galones l\u00edquidos] 135 [36,7] Di\u00e1metro interior vasija mm [pulgadas] 300 [11,8] Dimensiones metros [pies] L:10,2[33,4] An:3,2[10,6] Al:2,6[8,5] Caracter\u00edsticas principales de Hiperbaric 135 Su vasija de 300 mm (11,8 pulgadas) permite procesar productos de mayor tama\u00f1o. Equipo HPP Industrial m\u00e1s r\u00e1pido del mundo. Su dise\u00f1o...\" \/>\n<meta property=\"og:url\" content=\"https:\/\/www.hiperbaric.com\/es\/tecnologia-hpp\/equipos\/hpp-in-pack\/hiperbaric-135\/\" \/>\n<meta property=\"og:site_name\" content=\"Hiperbaric\" \/>\n<meta property=\"article:modified_time\" content=\"2022-08-09T10:37:13+00:00\" \/>\n<meta property=\"og:image\" content=\"https:\/\/www.hiperbaric.com\/..\/..\/..\/..\/..\/..\/wp-content\/uploads\/2019\/07\/throughput_icon.png\" \/>\n<meta name=\"twitter:card\" content=\"summary_large_image\" \/>\n<meta name=\"twitter:label1\" content=\"Tiempo de lectura\" \/>\n\t<meta name=\"twitter:data1\" content=\"1 minuto\" \/>\n<script type=\"application\/ld+json\" class=\"yoast-schema-graph\">{\"@context\":\"https:\/\/schema.org\",\"@graph\":[{\"@type\":\"WebPage\",\"@id\":\"https:\/\/www.hiperbaric.com\/es\/tecnologia-hpp\/equipos\/hpp-in-pack\/hiperbaric-135\/\",\"url\":\"https:\/\/www.hiperbaric.com\/es\/tecnologia-hpp\/equipos\/hpp-in-pack\/hiperbaric-135\/\",\"name\":\"Hiperbaric 135 - Hiperbaric\",\"isPartOf\":{\"@id\":\"https:\/\/www.hiperbaric.com\/en\/#website\"},\"primaryImageOfPage\":{\"@id\":\"https:\/\/www.hiperbaric.com\/es\/tecnologia-hpp\/equipos\/hpp-in-pack\/hiperbaric-135\/#primaryimage\"},\"image\":{\"@id\":\"https:\/\/www.hiperbaric.com\/es\/tecnologia-hpp\/equipos\/hpp-in-pack\/hiperbaric-135\/#primaryimage\"},\"thumbnailUrl\":\"https:\/\/www.hiperbaric.com\/..\/..\/..\/..\/..\/..\/wp-content\/uploads\/2019\/07\/throughput_icon.png\",\"datePublished\":\"2019-08-14T11:31:44+00:00\",\"dateModified\":\"2022-08-09T10:37:13+00:00\",\"breadcrumb\":{\"@id\":\"https:\/\/www.hiperbaric.com\/es\/tecnologia-hpp\/equipos\/hpp-in-pack\/hiperbaric-135\/#breadcrumb\"},\"inLanguage\":\"es\",\"potentialAction\":[{\"@type\":\"ReadAction\",\"target\":[\"https:\/\/www.hiperbaric.com\/es\/tecnologia-hpp\/equipos\/hpp-in-pack\/hiperbaric-135\/\"]}]},{\"@type\":\"ImageObject\",\"inLanguage\":\"es\",\"@id\":\"https:\/\/www.hiperbaric.com\/es\/tecnologia-hpp\/equipos\/hpp-in-pack\/hiperbaric-135\/#primaryimage\",\"url\":\"https:\/\/www.hiperbaric.com\/..\/..\/..\/..\/..\/..\/wp-content\/uploads\/2019\/07\/throughput_icon.png\",\"contentUrl\":\"https:\/\/www.hiperbaric.com\/..\/..\/..\/..\/..\/..\/wp-content\/uploads\/2019\/07\/throughput_icon.png\"},{\"@type\":\"BreadcrumbList\",\"@id\":\"https:\/\/www.hiperbaric.com\/es\/tecnologia-hpp\/equipos\/hpp-in-pack\/hiperbaric-135\/#breadcrumb\",\"itemListElement\":[{\"@type\":\"ListItem\",\"position\":1,\"name\":\"Home\",\"item\":\"https:\/\/www.hiperbaric.com\/es\/\"},{\"@type\":\"ListItem\",\"position\":2,\"name\":\"Tecnolog\u00eda HPP\",\"item\":\"https:\/\/www.hiperbaric.com\/es\/tecnologia-hpp\/\"},{\"@type\":\"ListItem\",\"position\":3,\"name\":\"Equipos\",\"item\":\"https:\/\/www.hiperbaric.com\/es\/tecnologia-hpp\/equipos\/\"},{\"@type\":\"ListItem\",\"position\":4,\"name\":\"HPP In-Pack\",\"item\":\"https:\/\/www.hiperbaric.com\/es\/tecnologia-hpp\/equipos\/hpp-in-pack\/\"},{\"@type\":\"ListItem\",\"position\":5,\"name\":\"Hiperbaric 135\"}]},{\"@type\":\"WebSite\",\"@id\":\"https:\/\/www.hiperbaric.com\/en\/#website\",\"url\":\"https:\/\/www.hiperbaric.com\/en\/\",\"name\":\"Hiperbaric\",\"description\":\"Procesado para la conservaci\u00f3n de alimentos\",\"publisher\":{\"@id\":\"https:\/\/www.hiperbaric.com\/en\/#organization\"},\"potentialAction\":[{\"@type\":\"SearchAction\",\"target\":{\"@type\":\"EntryPoint\",\"urlTemplate\":\"https:\/\/www.hiperbaric.com\/en\/?s={search_term_string}\"},\"query-input\":\"required name=search_term_string\"}],\"inLanguage\":\"es\"},{\"@type\":\"Organization\",\"@id\":\"https:\/\/www.hiperbaric.com\/en\/#organization\",\"name\":\"Hiperbaric\",\"url\":\"https:\/\/www.hiperbaric.com\/en\/\",\"logo\":{\"@type\":\"ImageObject\",\"inLanguage\":\"es\",\"@id\":\"https:\/\/www.hiperbaric.com\/en\/#\/schema\/logo\/image\/\",\"url\":\"https:\/\/www.hiperbaric.com\/wp-content\/uploads\/2026\/01\/cropped-hiperbaric-logotipo-1-2.png\",\"contentUrl\":\"https:\/\/www.hiperbaric.com\/wp-content\/uploads\/2026\/01\/cropped-hiperbaric-logotipo-1-2.png\",\"width\":340,\"height\":72,\"caption\":\"Hiperbaric\"},\"image\":{\"@id\":\"https:\/\/www.hiperbaric.com\/en\/#\/schema\/logo\/image\/\"}}]}<\/script>\n<!-- \/ Yoast SEO plugin. -->","yoast_head_json":{"title":"Hiperbaric 135 - Hiperbaric","robots":{"index":"index","follow":"follow","max-snippet":"max-snippet:-1","max-image-preview":"max-image-preview:large","max-video-preview":"max-video-preview:-1"},"canonical":"https:\/\/www.hiperbaric.com\/es\/tecnologia-hpp\/equipos\/hpp-in-pack\/hiperbaric-135\/","og_locale":"es_ES","og_type":"article","og_title":"Hiperbaric 135 - Hiperbaric","og_description":"Hiperbaric 135 Productividad kg\/hora [libras\/hora] 670 [1.480] Capacidad vasija litros [US galones l\u00edquidos] 135 [36,7] Di\u00e1metro interior vasija mm [pulgadas] 300 [11,8] Dimensiones metros [pies] L:10,2[33,4] An:3,2[10,6] Al:2,6[8,5] Caracter\u00edsticas principales de Hiperbaric 135 Su vasija de 300 mm (11,8 pulgadas) permite procesar productos de mayor tama\u00f1o. Equipo HPP Industrial m\u00e1s r\u00e1pido del mundo. Su dise\u00f1o...","og_url":"https:\/\/www.hiperbaric.com\/es\/tecnologia-hpp\/equipos\/hpp-in-pack\/hiperbaric-135\/","og_site_name":"Hiperbaric","article_modified_time":"2022-08-09T10:37:13+00:00","og_image":[{"url":"https:\/\/www.hiperbaric.com\/..\/..\/..\/..\/..\/..\/wp-content\/uploads\/2019\/07\/throughput_icon.png"}],"twitter_card":"summary_large_image","twitter_misc":{"Tiempo de lectura":"1 minuto"},"schema":{"@context":"https:\/\/schema.org","@graph":[{"@type":"WebPage","@id":"https:\/\/www.hiperbaric.com\/es\/tecnologia-hpp\/equipos\/hpp-in-pack\/hiperbaric-135\/","url":"https:\/\/www.hiperbaric.com\/es\/tecnologia-hpp\/equipos\/hpp-in-pack\/hiperbaric-135\/","name":"Hiperbaric 135 - Hiperbaric","isPartOf":{"@id":"https:\/\/www.hiperbaric.com\/en\/#website"},"primaryImageOfPage":{"@id":"https:\/\/www.hiperbaric.com\/es\/tecnologia-hpp\/equipos\/hpp-in-pack\/hiperbaric-135\/#primaryimage"},"image":{"@id":"https:\/\/www.hiperbaric.com\/es\/tecnologia-hpp\/equipos\/hpp-in-pack\/hiperbaric-135\/#primaryimage"},"thumbnailUrl":"https:\/\/www.hiperbaric.com\/..\/..\/..\/..\/..\/..\/wp-content\/uploads\/2019\/07\/throughput_icon.png","datePublished":"2019-08-14T11:31:44+00:00","dateModified":"2022-08-09T10:37:13+00:00","breadcrumb":{"@id":"https:\/\/www.hiperbaric.com\/es\/tecnologia-hpp\/equipos\/hpp-in-pack\/hiperbaric-135\/#breadcrumb"},"inLanguage":"es","potentialAction":[{"@type":"ReadAction","target":["https:\/\/www.hiperbaric.com\/es\/tecnologia-hpp\/equipos\/hpp-in-pack\/hiperbaric-135\/"]}]},{"@type":"ImageObject","inLanguage":"es","@id":"https:\/\/www.hiperbaric.com\/es\/tecnologia-hpp\/equipos\/hpp-in-pack\/hiperbaric-135\/#primaryimage","url":"https:\/\/www.hiperbaric.com\/..\/..\/..\/..\/..\/..\/wp-content\/uploads\/2019\/07\/throughput_icon.png","contentUrl":"https:\/\/www.hiperbaric.com\/..\/..\/..\/..\/..\/..\/wp-content\/uploads\/2019\/07\/throughput_icon.png"},{"@type":"BreadcrumbList","@id":"https:\/\/www.hiperbaric.com\/es\/tecnologia-hpp\/equipos\/hpp-in-pack\/hiperbaric-135\/#breadcrumb","itemListElement":[{"@type":"ListItem","position":1,"name":"Home","item":"https:\/\/www.hiperbaric.com\/es\/"},{"@type":"ListItem","position":2,"name":"Tecnolog\u00eda HPP","item":"https:\/\/www.hiperbaric.com\/es\/tecnologia-hpp\/"},{"@type":"ListItem","position":3,"name":"Equipos","item":"https:\/\/www.hiperbaric.com\/es\/tecnologia-hpp\/equipos\/"},{"@type":"ListItem","position":4,"name":"HPP In-Pack","item":"https:\/\/www.hiperbaric.com\/es\/tecnologia-hpp\/equipos\/hpp-in-pack\/"},{"@type":"ListItem","position":5,"name":"Hiperbaric 135"}]},{"@type":"WebSite","@id":"https:\/\/www.hiperbaric.com\/en\/#website","url":"https:\/\/www.hiperbaric.com\/en\/","name":"Hiperbaric","description":"Procesado para la conservaci\u00f3n de alimentos","publisher":{"@id":"https:\/\/www.hiperbaric.com\/en\/#organization"},"potentialAction":[{"@type":"SearchAction","target":{"@type":"EntryPoint","urlTemplate":"https:\/\/www.hiperbaric.com\/en\/?s={search_term_string}"},"query-input":"required name=search_term_string"}],"inLanguage":"es"},{"@type":"Organization","@id":"https:\/\/www.hiperbaric.com\/en\/#organization","name":"Hiperbaric","url":"https:\/\/www.hiperbaric.com\/en\/","logo":{"@type":"ImageObject","inLanguage":"es","@id":"https:\/\/www.hiperbaric.com\/en\/#\/schema\/logo\/image\/","url":"https:\/\/www.hiperbaric.com\/wp-content\/uploads\/2026\/01\/cropped-hiperbaric-logotipo-1-2.png","contentUrl":"https:\/\/www.hiperbaric.com\/wp-content\/uploads\/2026\/01\/cropped-hiperbaric-logotipo-1-2.png","width":340,"height":72,"caption":"Hiperbaric"},"image":{"@id":"https:\/\/www.hiperbaric.com\/en\/#\/schema\/logo\/image\/"}}]}},"_links":{"self":[{"href":"https:\/\/www.hiperbaric.com\/es\/wp-json\/wp\/v2\/pages\/19818","targetHints":{"allow":["GET"]}}],"collection":[{"href":"https:\/\/www.hiperbaric.com\/es\/wp-json\/wp\/v2\/pages"}],"about":[{"href":"https:\/\/www.hiperbaric.com\/es\/wp-json\/wp\/v2\/types\/page"}],"author":[{"embeddable":true,"href":"https:\/\/www.hiperbaric.com\/es\/wp-json\/wp\/v2\/users\/1"}],"replies":[{"embeddable":true,"href":"https:\/\/www.hiperbaric.com\/es\/wp-json\/wp\/v2\/comments?post=19818"}],"version-history":[{"count":1,"href":"https:\/\/www.hiperbaric.com\/es\/wp-json\/wp\/v2\/pages\/19818\/revisions"}],"predecessor-version":[{"id":40414,"href":"https:\/\/www.hiperbaric.com\/es\/wp-json\/wp\/v2\/pages\/19818\/revisions\/40414"}],"up":[{"embeddable":true,"href":"https:\/\/www.hiperbaric.com\/es\/wp-json\/wp\/v2\/pages\/17395"}],"wp:attachment":[{"href":"https:\/\/www.hiperbaric.com\/es\/wp-json\/wp\/v2\/media?parent=19818"}],"curies":[{"name":"wp","href":"https:\/\/api.w.org\/{rel}","templated":true}]}}