{"id":18082,"date":"2019-06-06T10:04:01","date_gmt":"2019-06-06T08:04:01","guid":{"rendered":"https:\/\/www.hiperbaric.com\/?page_id=18082"},"modified":"2020-10-14T15:42:33","modified_gmt":"2020-10-14T13:42:33","slug":"medio-ambiente","status":"publish","type":"page","link":"https:\/\/www.hiperbaric.com\/es\/responsabilidad\/medio-ambiente\/","title":{"rendered":"Medio Ambiente"},"content":{"rendered":"\r\n\t<h1>Medio Ambiente<\/h1>\r\n<p>El respeto al medioambiente y su conservaci\u00f3n es vital para el progreso social e industrial\u00a0<\/p>\r\n\t\t\t\t<img loading=\"lazy\" decoding=\"async\" src=\"https:\/\/www.hiperbaric.com\/wp-content\/uploads\/2019\/06\/trees.png\" alt=\"trees\" itemprop=\"image\" height=\"64\" width=\"64\" title=\"trees\" onerror=\"this.style.display='none'\"  \/>\r\n\t<h2>Plantaci\u00f3n de \u00e1rboles<\/h2>\r\n\t<p>Una de nuestras iniciativas m\u00e1s aplaudidas, ha sido la plantaci\u00f3n de \u00e1rboles en una parcela anexa a nuestras instalaciones en Burgos. Hemos adquirido el compromiso de plantar un \u00e1rbol por cada m\u00e1quina de Hiperbaric que vendemos.<\/p>\r\n\t\t\t\t<img loading=\"lazy\" decoding=\"async\" src=\"https:\/\/www.hiperbaric.com\/wp-content\/uploads\/2019\/06\/recycle.png\" alt=\"recycle\" itemprop=\"image\" height=\"64\" width=\"64\" title=\"recycle\" onerror=\"this.style.display='none'\"  \/>\r\n\t<h2>Puntos de reciclaje en nuestras instalaciones<\/h2>\r\n\t<p>Contamos con varios puntos de reciclaje orientados a minimizar nuestra huella ecol\u00f3gica, adem\u00e1s de cumplir escrupulosamente con los requerimientos sobre tratamiento de residuos especiales.<\/p>\r\n","protected":false},"excerpt":{"rendered":"<p>Medio Ambiente El respeto al medioambiente y su conservaci\u00f3n es vital para el progreso social e industrial\u00a0 Plantaci\u00f3n de \u00e1rboles Una de nuestras iniciativas m\u00e1s aplaudidas, ha sido la plantaci\u00f3n de \u00e1rboles en una parcela anexa a nuestras instalaciones en Burgos. Hemos adquirido el compromiso de plantar un \u00e1rbol por cada m\u00e1quina de Hiperbaric que&#8230;<\/p>\n","protected":false},"author":1,"featured_media":0,"parent":17942,"menu_order":0,"comment_status":"closed","ping_status":"closed","template":"","meta":{"_acf_changed":false,"om_disable_all_campaigns":false,"inline_featured_image":false,"_monsterinsights_skip_tracking":false,"_monsterinsights_sitenote_active":false,"_monsterinsights_sitenote_note":"","_monsterinsights_sitenote_category":0,"footnotes":"","_wp_rev_ctl_limit":""},"class_list":["post-18082","page","type-page","status-publish","hentry"],"acf":[],"yoast_head":"<!-- This site is optimized with the Yoast SEO plugin v22.4 - https:\/\/yoast.com\/wordpress\/plugins\/seo\/ -->\n<title>Medio Ambiente - Hiperbaric<\/title>\n<meta name=\"robots\" content=\"index, follow, max-snippet:-1, max-image-preview:large, max-video-preview:-1\" \/>\n<link rel=\"canonical\" href=\"https:\/\/www.hiperbaric.com\/es\/sobre-nosotros__trashed\/responsabilidad\/medio-ambiente\/\" \/>\n<meta property=\"og:locale\" content=\"es_ES\" \/>\n<meta property=\"og:type\" content=\"article\" \/>\n<meta property=\"og:title\" content=\"Medio Ambiente - Hiperbaric\" \/>\n<meta property=\"og:description\" content=\"Medio Ambiente El respeto al medioambiente y su conservaci\u00f3n es vital para el progreso social e industrial\u00a0 Plantaci\u00f3n de \u00e1rboles Una de nuestras iniciativas m\u00e1s aplaudidas, ha sido la plantaci\u00f3n de \u00e1rboles en una parcela anexa a nuestras instalaciones en Burgos. Hemos adquirido el compromiso de plantar un \u00e1rbol por cada m\u00e1quina de Hiperbaric que...\" \/>\n<meta property=\"og:url\" content=\"https:\/\/www.hiperbaric.com\/es\/sobre-nosotros__trashed\/responsabilidad\/medio-ambiente\/\" \/>\n<meta property=\"og:site_name\" content=\"Hiperbaric\" \/>\n<meta property=\"article:modified_time\" content=\"2020-10-14T13:42:33+00:00\" \/>\n<meta property=\"og:image\" content=\"https:\/\/www.hiperbaric.com\/wp-content\/uploads\/2019\/06\/trees.png\" \/>\n<meta name=\"twitter:card\" content=\"summary_large_image\" \/>\n<script type=\"application\/ld+json\" class=\"yoast-schema-graph\">{\"@context\":\"https:\/\/schema.org\",\"@graph\":[{\"@type\":\"WebPage\",\"@id\":\"https:\/\/www.hiperbaric.com\/es\/sobre-nosotros__trashed\/responsabilidad\/medio-ambiente\/\",\"url\":\"https:\/\/www.hiperbaric.com\/es\/sobre-nosotros__trashed\/responsabilidad\/medio-ambiente\/\",\"name\":\"Medio Ambiente - Hiperbaric\",\"isPartOf\":{\"@id\":\"https:\/\/www.hiperbaric.com\/en\/#website\"},\"primaryImageOfPage\":{\"@id\":\"https:\/\/www.hiperbaric.com\/es\/sobre-nosotros__trashed\/responsabilidad\/medio-ambiente\/#primaryimage\"},\"image\":{\"@id\":\"https:\/\/www.hiperbaric.com\/es\/sobre-nosotros__trashed\/responsabilidad\/medio-ambiente\/#primaryimage\"},\"thumbnailUrl\":\"https:\/\/www.hiperbaric.com\/wp-content\/uploads\/2019\/06\/trees.png\",\"datePublished\":\"2019-06-06T08:04:01+00:00\",\"dateModified\":\"2020-10-14T13:42:33+00:00\",\"breadcrumb\":{\"@id\":\"https:\/\/www.hiperbaric.com\/es\/sobre-nosotros__trashed\/responsabilidad\/medio-ambiente\/#breadcrumb\"},\"inLanguage\":\"es\",\"potentialAction\":[{\"@type\":\"ReadAction\",\"target\":[\"https:\/\/www.hiperbaric.com\/es\/sobre-nosotros__trashed\/responsabilidad\/medio-ambiente\/\"]}]},{\"@type\":\"ImageObject\",\"inLanguage\":\"es\",\"@id\":\"https:\/\/www.hiperbaric.com\/es\/sobre-nosotros__trashed\/responsabilidad\/medio-ambiente\/#primaryimage\",\"url\":\"https:\/\/www.hiperbaric.com\/wp-content\/uploads\/2019\/06\/trees.png\",\"contentUrl\":\"https:\/\/www.hiperbaric.com\/wp-content\/uploads\/2019\/06\/trees.png\"},{\"@type\":\"BreadcrumbList\",\"@id\":\"https:\/\/www.hiperbaric.com\/es\/sobre-nosotros__trashed\/responsabilidad\/medio-ambiente\/#breadcrumb\",\"itemListElement\":[{\"@type\":\"ListItem\",\"position\":1,\"name\":\"Home\",\"item\":\"https:\/\/www.hiperbaric.com\/es\/\"},{\"@type\":\"ListItem\",\"position\":2,\"name\":\"Responsabilidad\",\"item\":\"https:\/\/www.hiperbaric.com\/es\/sobre-nosotros__trashed\/responsabilidad\/\"},{\"@type\":\"ListItem\",\"position\":3,\"name\":\"Medio Ambiente\"}]},{\"@type\":\"WebSite\",\"@id\":\"https:\/\/www.hiperbaric.com\/en\/#website\",\"url\":\"https:\/\/www.hiperbaric.com\/en\/\",\"name\":\"Hiperbaric\",\"description\":\"Procesado para la conservaci\u00f3n de alimentos\",\"publisher\":{\"@id\":\"https:\/\/www.hiperbaric.com\/en\/#organization\"},\"potentialAction\":[{\"@type\":\"SearchAction\",\"target\":{\"@type\":\"EntryPoint\",\"urlTemplate\":\"https:\/\/www.hiperbaric.com\/en\/?s={search_term_string}\"},\"query-input\":\"required name=search_term_string\"}],\"inLanguage\":\"es\"},{\"@type\":\"Organization\",\"@id\":\"https:\/\/www.hiperbaric.com\/en\/#organization\",\"name\":\"Hiperbaric\",\"url\":\"https:\/\/www.hiperbaric.com\/en\/\",\"logo\":{\"@type\":\"ImageObject\",\"inLanguage\":\"es\",\"@id\":\"https:\/\/www.hiperbaric.com\/en\/#\/schema\/logo\/image\/\",\"url\":\"https:\/\/www.hiperbaric.com\/wp-content\/uploads\/2026\/01\/cropped-hiperbaric-logotipo-1-2.png\",\"contentUrl\":\"https:\/\/www.hiperbaric.com\/wp-content\/uploads\/2026\/01\/cropped-hiperbaric-logotipo-1-2.png\",\"width\":340,\"height\":72,\"caption\":\"Hiperbaric\"},\"image\":{\"@id\":\"https:\/\/www.hiperbaric.com\/en\/#\/schema\/logo\/image\/\"}}]}<\/script>\n<!-- \/ Yoast SEO plugin. -->","yoast_head_json":{"title":"Medio Ambiente - Hiperbaric","robots":{"index":"index","follow":"follow","max-snippet":"max-snippet:-1","max-image-preview":"max-image-preview:large","max-video-preview":"max-video-preview:-1"},"canonical":"https:\/\/www.hiperbaric.com\/es\/sobre-nosotros__trashed\/responsabilidad\/medio-ambiente\/","og_locale":"es_ES","og_type":"article","og_title":"Medio Ambiente - Hiperbaric","og_description":"Medio Ambiente El respeto al medioambiente y su conservaci\u00f3n es vital para el progreso social e industrial\u00a0 Plantaci\u00f3n de \u00e1rboles Una de nuestras iniciativas m\u00e1s aplaudidas, ha sido la plantaci\u00f3n de \u00e1rboles en una parcela anexa a nuestras instalaciones en Burgos. Hemos adquirido el compromiso de plantar un \u00e1rbol por cada m\u00e1quina de Hiperbaric que...","og_url":"https:\/\/www.hiperbaric.com\/es\/sobre-nosotros__trashed\/responsabilidad\/medio-ambiente\/","og_site_name":"Hiperbaric","article_modified_time":"2020-10-14T13:42:33+00:00","og_image":[{"url":"https:\/\/www.hiperbaric.com\/wp-content\/uploads\/2019\/06\/trees.png"}],"twitter_card":"summary_large_image","schema":{"@context":"https:\/\/schema.org","@graph":[{"@type":"WebPage","@id":"https:\/\/www.hiperbaric.com\/es\/sobre-nosotros__trashed\/responsabilidad\/medio-ambiente\/","url":"https:\/\/www.hiperbaric.com\/es\/sobre-nosotros__trashed\/responsabilidad\/medio-ambiente\/","name":"Medio Ambiente - Hiperbaric","isPartOf":{"@id":"https:\/\/www.hiperbaric.com\/en\/#website"},"primaryImageOfPage":{"@id":"https:\/\/www.hiperbaric.com\/es\/sobre-nosotros__trashed\/responsabilidad\/medio-ambiente\/#primaryimage"},"image":{"@id":"https:\/\/www.hiperbaric.com\/es\/sobre-nosotros__trashed\/responsabilidad\/medio-ambiente\/#primaryimage"},"thumbnailUrl":"https:\/\/www.hiperbaric.com\/wp-content\/uploads\/2019\/06\/trees.png","datePublished":"2019-06-06T08:04:01+00:00","dateModified":"2020-10-14T13:42:33+00:00","breadcrumb":{"@id":"https:\/\/www.hiperbaric.com\/es\/sobre-nosotros__trashed\/responsabilidad\/medio-ambiente\/#breadcrumb"},"inLanguage":"es","potentialAction":[{"@type":"ReadAction","target":["https:\/\/www.hiperbaric.com\/es\/sobre-nosotros__trashed\/responsabilidad\/medio-ambiente\/"]}]},{"@type":"ImageObject","inLanguage":"es","@id":"https:\/\/www.hiperbaric.com\/es\/sobre-nosotros__trashed\/responsabilidad\/medio-ambiente\/#primaryimage","url":"https:\/\/www.hiperbaric.com\/wp-content\/uploads\/2019\/06\/trees.png","contentUrl":"https:\/\/www.hiperbaric.com\/wp-content\/uploads\/2019\/06\/trees.png"},{"@type":"BreadcrumbList","@id":"https:\/\/www.hiperbaric.com\/es\/sobre-nosotros__trashed\/responsabilidad\/medio-ambiente\/#breadcrumb","itemListElement":[{"@type":"ListItem","position":1,"name":"Home","item":"https:\/\/www.hiperbaric.com\/es\/"},{"@type":"ListItem","position":2,"name":"Responsabilidad","item":"https:\/\/www.hiperbaric.com\/es\/sobre-nosotros__trashed\/responsabilidad\/"},{"@type":"ListItem","position":3,"name":"Medio Ambiente"}]},{"@type":"WebSite","@id":"https:\/\/www.hiperbaric.com\/en\/#website","url":"https:\/\/www.hiperbaric.com\/en\/","name":"Hiperbaric","description":"Procesado para la conservaci\u00f3n de alimentos","publisher":{"@id":"https:\/\/www.hiperbaric.com\/en\/#organization"},"potentialAction":[{"@type":"SearchAction","target":{"@type":"EntryPoint","urlTemplate":"https:\/\/www.hiperbaric.com\/en\/?s={search_term_string}"},"query-input":"required name=search_term_string"}],"inLanguage":"es"},{"@type":"Organization","@id":"https:\/\/www.hiperbaric.com\/en\/#organization","name":"Hiperbaric","url":"https:\/\/www.hiperbaric.com\/en\/","logo":{"@type":"ImageObject","inLanguage":"es","@id":"https:\/\/www.hiperbaric.com\/en\/#\/schema\/logo\/image\/","url":"https:\/\/www.hiperbaric.com\/wp-content\/uploads\/2026\/01\/cropped-hiperbaric-logotipo-1-2.png","contentUrl":"https:\/\/www.hiperbaric.com\/wp-content\/uploads\/2026\/01\/cropped-hiperbaric-logotipo-1-2.png","width":340,"height":72,"caption":"Hiperbaric"},"image":{"@id":"https:\/\/www.hiperbaric.com\/en\/#\/schema\/logo\/image\/"}}]}},"_links":{"self":[{"href":"https:\/\/www.hiperbaric.com\/es\/wp-json\/wp\/v2\/pages\/18082","targetHints":{"allow":["GET"]}}],"collection":[{"href":"https:\/\/www.hiperbaric.com\/es\/wp-json\/wp\/v2\/pages"}],"about":[{"href":"https:\/\/www.hiperbaric.com\/es\/wp-json\/wp\/v2\/types\/page"}],"author":[{"embeddable":true,"href":"https:\/\/www.hiperbaric.com\/es\/wp-json\/wp\/v2\/users\/1"}],"replies":[{"embeddable":true,"href":"https:\/\/www.hiperbaric.com\/es\/wp-json\/wp\/v2\/comments?post=18082"}],"version-history":[{"count":0,"href":"https:\/\/www.hiperbaric.com\/es\/wp-json\/wp\/v2\/pages\/18082\/revisions"}],"up":[{"embeddable":true,"href":"https:\/\/www.hiperbaric.com\/es\/wp-json\/wp\/v2\/pages\/17942"}],"wp:attachment":[{"href":"https:\/\/www.hiperbaric.com\/es\/wp-json\/wp\/v2\/media?parent=18082"}],"curies":[{"name":"wp","href":"https:\/\/api.w.org\/{rel}","templated":true}]}}