{"id":18076,"date":"2019-06-06T09:54:59","date_gmt":"2019-06-06T07:54:59","guid":{"rendered":"https:\/\/www.hiperbaric.com\/?page_id=18076"},"modified":"2020-10-14T15:48:01","modified_gmt":"2020-10-14T13:48:01","slug":"sociedad","status":"publish","type":"page","link":"https:\/\/www.hiperbaric.com\/es\/responsabilidad\/sociedad\/","title":{"rendered":"Sociedad"},"content":{"rendered":"\r\n\t<h1>Sociedad<\/h1>\r\n<p>LA EMPRESA NO PUEDE PROGRESAR SI NO ES DE LA MANO DE LA SOCIEDAD Y SU ENTORNO<\/p>\r\n\t\t\t\t<img decoding=\"async\" loading=\"lazy\" src=\"https:\/\/www.hiperbaric.com\/wp-content\/uploads\/2019\/09\/comedores-sociales-1.jpg\" alt=\"comedores-sociales-1\" itemprop=\"image\" height=\"199\" width=\"300\" title=\"comedores-sociales-1\" onerror=\"this.style.display='none'\"  \/>\r\n\t<h2>Comedores sociales de C\u00e1ritas<\/h2>\r\n\t<p>Contribuimos con los comedores sociales de C\u00e1ritas de Burgos a trav\u00e9s de una aportaci\u00f3n econ\u00f3mica peri\u00f3dica. Con nuestro granito de arena apoyamos a esta organizaci\u00f3n en su labor de dar alimento a las personas con pocos recursos.<\/p>\r\n\t\t\t\t<img decoding=\"async\" loading=\"lazy\" src=\"https:\/\/www.hiperbaric.com\/wp-content\/uploads\/2019\/06\/RSC-3-300x225.png\" alt=\"RSC-3\" itemprop=\"image\" height=\"225\" width=\"300\" title=\"RSC-3\" onerror=\"this.style.display='none'\"  \/>\r\n\t\t\t\t<img decoding=\"async\" loading=\"lazy\" src=\"https:\/\/www.hiperbaric.com\/wp-content\/uploads\/2019\/09\/ahijon-2.jpg\" alt=\"ahijon 2\" itemprop=\"image\" height=\"225\" width=\"300\" title=\"ahijon 2\" onerror=\"this.style.display='none'\"  \/>\r\n\t\t\t\t<img decoding=\"async\" loading=\"lazy\" src=\"https:\/\/www.hiperbaric.com\/wp-content\/uploads\/2018\/09\/autismo1-e1567077073495.jpg\" alt=\"Celebraci\u00f3n del d\u00eda mundial del autismo a las puertas de nuestras instalaciones\" itemprop=\"image\" height=\"120\" width=\"300\" title=\"autismo1\" onerror=\"this.style.display='none'\"  \/>\r\n\t<h2>Carrera solidaria del pol\u00edgono de Villalonqu\u00e9jar<\/h2>\r\n\t<p>Participamos todos los a\u00f1os en la competici\u00f3n que organizan la Asociaci\u00f3n de Empresarios del Pol\u00edgono de Villalonqu\u00e9jar (AEPV), con la colaboraci\u00f3n t\u00e9cnica del Club Deportivo Campos de Castilla \u2013 Universidad de Burgos. Esta carrera anual en memoria de Jes\u00fas Echevarrieta, fomenta la solidaridad y el deporte entre la poblaci\u00f3n burgalesa<\/p>\r\n\t<h2>Carrera solidaria XI subida a \u00abEl Ahij\u00f3n\u00bb (2019)<\/h2>\r\n\t<p>Organizada por las asociaciones de \u2018El Ahij\u00f3n\u2019 y de Par\u00e1lisis Cerebral y Afines de Burgos (APACE), esta carrera anual, en su edici\u00f3n 2019, se centr\u00f3 en la inclusi\u00f3n social e Hiperbaric quiso participar de forma activa en la misma y para ello dise\u00f1\u00f3 y fabric\u00f3 una silla tipo Jo\u00eblette. Esta bicicleta adaptada, permiti\u00f3 que un ni\u00f1o con movilidad reducida pudiese participar en esta prueba de senderismo.<\/p>\r\n\t<h2>Autismo Burgos<\/h2>\r\n\t<p>Colaboramos con la Fundaci\u00f3n Miradas en el proyecto bb Miradas, un programa pionero para la detecci\u00f3n precoz e intervenci\u00f3n en beb\u00e9s con indicadores de alerta en el desarrollo socio \u2013 comunicativo.<\/p>\r\n","protected":false},"excerpt":{"rendered":"<p>Sociedad LA EMPRESA NO PUEDE PROGRESAR SI NO ES DE LA MANO DE LA SOCIEDAD Y SU ENTORNO Comedores sociales de C\u00e1ritas Contribuimos con los comedores sociales de C\u00e1ritas de Burgos a trav\u00e9s de una aportaci\u00f3n econ\u00f3mica peri\u00f3dica. Con nuestro granito de arena apoyamos a esta organizaci\u00f3n en su labor de dar alimento a las&#8230;<\/p>\n","protected":false},"author":1,"featured_media":0,"parent":17942,"menu_order":0,"comment_status":"closed","ping_status":"closed","template":"","meta":{"om_disable_all_campaigns":false,"inline_featured_image":false,"_monsterinsights_skip_tracking":false,"_monsterinsights_sitenote_active":false,"_monsterinsights_sitenote_note":"","_monsterinsights_sitenote_category":0,"footnotes":"","_wp_rev_ctl_limit":""},"acf":[],"yoast_head":"<!-- This site is optimized with the Yoast SEO plugin v22.4 - https:\/\/yoast.com\/wordpress\/plugins\/seo\/ -->\n<title>Sociedad - Hiperbaric<\/title>\n<meta name=\"robots\" content=\"index, follow, max-snippet:-1, max-image-preview:large, max-video-preview:-1\" \/>\n<link rel=\"canonical\" href=\"https:\/\/www.hiperbaric.com\/es\/sobre-nosotros__trashed\/responsabilidad\/sociedad\/\" \/>\n<meta property=\"og:locale\" content=\"es_ES\" \/>\n<meta property=\"og:type\" content=\"article\" \/>\n<meta property=\"og:title\" content=\"Sociedad - Hiperbaric\" \/>\n<meta property=\"og:description\" content=\"Sociedad LA EMPRESA NO PUEDE PROGRESAR SI NO ES DE LA MANO DE LA SOCIEDAD Y SU ENTORNO Comedores sociales de C\u00e1ritas Contribuimos con los comedores sociales de C\u00e1ritas de Burgos a trav\u00e9s de una aportaci\u00f3n econ\u00f3mica peri\u00f3dica. Con nuestro granito de arena apoyamos a esta organizaci\u00f3n en su labor de dar alimento a las...\" \/>\n<meta property=\"og:url\" content=\"https:\/\/www.hiperbaric.com\/es\/sobre-nosotros__trashed\/responsabilidad\/sociedad\/\" \/>\n<meta property=\"og:site_name\" content=\"Hiperbaric\" \/>\n<meta property=\"article:modified_time\" content=\"2020-10-14T13:48:01+00:00\" \/>\n<meta property=\"og:image\" content=\"https:\/\/www.hiperbaric.com\/wp-content\/uploads\/2019\/09\/comedores-sociales-1.jpg\" \/>\n<meta name=\"twitter:card\" content=\"summary_large_image\" \/>\n<meta name=\"twitter:label1\" content=\"Tiempo de lectura\" \/>\n\t<meta name=\"twitter:data1\" content=\"1 minuto\" \/>\n<script type=\"application\/ld+json\" class=\"yoast-schema-graph\">{\"@context\":\"https:\/\/schema.org\",\"@graph\":[{\"@type\":\"WebPage\",\"@id\":\"https:\/\/www.hiperbaric.com\/es\/sobre-nosotros__trashed\/responsabilidad\/sociedad\/\",\"url\":\"https:\/\/www.hiperbaric.com\/es\/sobre-nosotros__trashed\/responsabilidad\/sociedad\/\",\"name\":\"Sociedad - Hiperbaric\",\"isPartOf\":{\"@id\":\"https:\/\/www.hiperbaric.com\/en\/#website\"},\"primaryImageOfPage\":{\"@id\":\"https:\/\/www.hiperbaric.com\/es\/sobre-nosotros__trashed\/responsabilidad\/sociedad\/#primaryimage\"},\"image\":{\"@id\":\"https:\/\/www.hiperbaric.com\/es\/sobre-nosotros__trashed\/responsabilidad\/sociedad\/#primaryimage\"},\"thumbnailUrl\":\"https:\/\/www.hiperbaric.com\/wp-content\/uploads\/2019\/09\/comedores-sociales-1.jpg\",\"datePublished\":\"2019-06-06T07:54:59+00:00\",\"dateModified\":\"2020-10-14T13:48:01+00:00\",\"breadcrumb\":{\"@id\":\"https:\/\/www.hiperbaric.com\/es\/sobre-nosotros__trashed\/responsabilidad\/sociedad\/#breadcrumb\"},\"inLanguage\":\"es\",\"potentialAction\":[{\"@type\":\"ReadAction\",\"target\":[\"https:\/\/www.hiperbaric.com\/es\/sobre-nosotros__trashed\/responsabilidad\/sociedad\/\"]}]},{\"@type\":\"ImageObject\",\"inLanguage\":\"es\",\"@id\":\"https:\/\/www.hiperbaric.com\/es\/sobre-nosotros__trashed\/responsabilidad\/sociedad\/#primaryimage\",\"url\":\"https:\/\/www.hiperbaric.com\/wp-content\/uploads\/2019\/09\/comedores-sociales-1.jpg\",\"contentUrl\":\"https:\/\/www.hiperbaric.com\/wp-content\/uploads\/2019\/09\/comedores-sociales-1.jpg\"},{\"@type\":\"BreadcrumbList\",\"@id\":\"https:\/\/www.hiperbaric.com\/es\/sobre-nosotros__trashed\/responsabilidad\/sociedad\/#breadcrumb\",\"itemListElement\":[{\"@type\":\"ListItem\",\"position\":1,\"name\":\"Home\",\"item\":\"https:\/\/www.hiperbaric.com\/es\/\"},{\"@type\":\"ListItem\",\"position\":2,\"name\":\"Responsabilidad\",\"item\":\"https:\/\/www.hiperbaric.com\/es\/sobre-nosotros__trashed\/responsabilidad\/\"},{\"@type\":\"ListItem\",\"position\":3,\"name\":\"Sociedad\"}]},{\"@type\":\"WebSite\",\"@id\":\"https:\/\/www.hiperbaric.com\/en\/#website\",\"url\":\"https:\/\/www.hiperbaric.com\/en\/\",\"name\":\"Hiperbaric\",\"description\":\"Procesado para la conservaci\u00f3n de alimentos\",\"publisher\":{\"@id\":\"https:\/\/www.hiperbaric.com\/en\/#organization\"},\"potentialAction\":[{\"@type\":\"SearchAction\",\"target\":{\"@type\":\"EntryPoint\",\"urlTemplate\":\"https:\/\/www.hiperbaric.com\/en\/?s={search_term_string}\"},\"query-input\":\"required name=search_term_string\"}],\"inLanguage\":\"es\"},{\"@type\":\"Organization\",\"@id\":\"https:\/\/www.hiperbaric.com\/en\/#organization\",\"name\":\"Hiperbaric\",\"url\":\"https:\/\/www.hiperbaric.com\/en\/\",\"logo\":{\"@type\":\"ImageObject\",\"inLanguage\":\"es\",\"@id\":\"https:\/\/www.hiperbaric.com\/en\/#\/schema\/logo\/image\/\",\"url\":\"https:\/\/www.hiperbaric.com\/wp-content\/uploads\/2026\/01\/cropped-hiperbaric-logotipo-1-2.png\",\"contentUrl\":\"https:\/\/www.hiperbaric.com\/wp-content\/uploads\/2026\/01\/cropped-hiperbaric-logotipo-1-2.png\",\"width\":340,\"height\":72,\"caption\":\"Hiperbaric\"},\"image\":{\"@id\":\"https:\/\/www.hiperbaric.com\/en\/#\/schema\/logo\/image\/\"}}]}<\/script>\n<!-- \/ Yoast SEO plugin. -->","yoast_head_json":{"title":"Sociedad - Hiperbaric","robots":{"index":"index","follow":"follow","max-snippet":"max-snippet:-1","max-image-preview":"max-image-preview:large","max-video-preview":"max-video-preview:-1"},"canonical":"https:\/\/www.hiperbaric.com\/es\/sobre-nosotros__trashed\/responsabilidad\/sociedad\/","og_locale":"es_ES","og_type":"article","og_title":"Sociedad - Hiperbaric","og_description":"Sociedad LA EMPRESA NO PUEDE PROGRESAR SI NO ES DE LA MANO DE LA SOCIEDAD Y SU ENTORNO Comedores sociales de C\u00e1ritas Contribuimos con los comedores sociales de C\u00e1ritas de Burgos a trav\u00e9s de una aportaci\u00f3n econ\u00f3mica peri\u00f3dica. Con nuestro granito de arena apoyamos a esta organizaci\u00f3n en su labor de dar alimento a las...","og_url":"https:\/\/www.hiperbaric.com\/es\/sobre-nosotros__trashed\/responsabilidad\/sociedad\/","og_site_name":"Hiperbaric","article_modified_time":"2020-10-14T13:48:01+00:00","og_image":[{"url":"https:\/\/www.hiperbaric.com\/wp-content\/uploads\/2019\/09\/comedores-sociales-1.jpg"}],"twitter_card":"summary_large_image","twitter_misc":{"Tiempo de lectura":"1 minuto"},"schema":{"@context":"https:\/\/schema.org","@graph":[{"@type":"WebPage","@id":"https:\/\/www.hiperbaric.com\/es\/sobre-nosotros__trashed\/responsabilidad\/sociedad\/","url":"https:\/\/www.hiperbaric.com\/es\/sobre-nosotros__trashed\/responsabilidad\/sociedad\/","name":"Sociedad - Hiperbaric","isPartOf":{"@id":"https:\/\/www.hiperbaric.com\/en\/#website"},"primaryImageOfPage":{"@id":"https:\/\/www.hiperbaric.com\/es\/sobre-nosotros__trashed\/responsabilidad\/sociedad\/#primaryimage"},"image":{"@id":"https:\/\/www.hiperbaric.com\/es\/sobre-nosotros__trashed\/responsabilidad\/sociedad\/#primaryimage"},"thumbnailUrl":"https:\/\/www.hiperbaric.com\/wp-content\/uploads\/2019\/09\/comedores-sociales-1.jpg","datePublished":"2019-06-06T07:54:59+00:00","dateModified":"2020-10-14T13:48:01+00:00","breadcrumb":{"@id":"https:\/\/www.hiperbaric.com\/es\/sobre-nosotros__trashed\/responsabilidad\/sociedad\/#breadcrumb"},"inLanguage":"es","potentialAction":[{"@type":"ReadAction","target":["https:\/\/www.hiperbaric.com\/es\/sobre-nosotros__trashed\/responsabilidad\/sociedad\/"]}]},{"@type":"ImageObject","inLanguage":"es","@id":"https:\/\/www.hiperbaric.com\/es\/sobre-nosotros__trashed\/responsabilidad\/sociedad\/#primaryimage","url":"https:\/\/www.hiperbaric.com\/wp-content\/uploads\/2019\/09\/comedores-sociales-1.jpg","contentUrl":"https:\/\/www.hiperbaric.com\/wp-content\/uploads\/2019\/09\/comedores-sociales-1.jpg"},{"@type":"BreadcrumbList","@id":"https:\/\/www.hiperbaric.com\/es\/sobre-nosotros__trashed\/responsabilidad\/sociedad\/#breadcrumb","itemListElement":[{"@type":"ListItem","position":1,"name":"Home","item":"https:\/\/www.hiperbaric.com\/es\/"},{"@type":"ListItem","position":2,"name":"Responsabilidad","item":"https:\/\/www.hiperbaric.com\/es\/sobre-nosotros__trashed\/responsabilidad\/"},{"@type":"ListItem","position":3,"name":"Sociedad"}]},{"@type":"WebSite","@id":"https:\/\/www.hiperbaric.com\/en\/#website","url":"https:\/\/www.hiperbaric.com\/en\/","name":"Hiperbaric","description":"Procesado para la conservaci\u00f3n de alimentos","publisher":{"@id":"https:\/\/www.hiperbaric.com\/en\/#organization"},"potentialAction":[{"@type":"SearchAction","target":{"@type":"EntryPoint","urlTemplate":"https:\/\/www.hiperbaric.com\/en\/?s={search_term_string}"},"query-input":"required name=search_term_string"}],"inLanguage":"es"},{"@type":"Organization","@id":"https:\/\/www.hiperbaric.com\/en\/#organization","name":"Hiperbaric","url":"https:\/\/www.hiperbaric.com\/en\/","logo":{"@type":"ImageObject","inLanguage":"es","@id":"https:\/\/www.hiperbaric.com\/en\/#\/schema\/logo\/image\/","url":"https:\/\/www.hiperbaric.com\/wp-content\/uploads\/2026\/01\/cropped-hiperbaric-logotipo-1-2.png","contentUrl":"https:\/\/www.hiperbaric.com\/wp-content\/uploads\/2026\/01\/cropped-hiperbaric-logotipo-1-2.png","width":340,"height":72,"caption":"Hiperbaric"},"image":{"@id":"https:\/\/www.hiperbaric.com\/en\/#\/schema\/logo\/image\/"}}]}},"_links":{"self":[{"href":"https:\/\/www.hiperbaric.com\/es\/wp-json\/wp\/v2\/pages\/18076"}],"collection":[{"href":"https:\/\/www.hiperbaric.com\/es\/wp-json\/wp\/v2\/pages"}],"about":[{"href":"https:\/\/www.hiperbaric.com\/es\/wp-json\/wp\/v2\/types\/page"}],"author":[{"embeddable":true,"href":"https:\/\/www.hiperbaric.com\/es\/wp-json\/wp\/v2\/users\/1"}],"replies":[{"embeddable":true,"href":"https:\/\/www.hiperbaric.com\/es\/wp-json\/wp\/v2\/comments?post=18076"}],"version-history":[{"count":0,"href":"https:\/\/www.hiperbaric.com\/es\/wp-json\/wp\/v2\/pages\/18076\/revisions"}],"up":[{"embeddable":true,"href":"https:\/\/www.hiperbaric.com\/es\/wp-json\/wp\/v2\/pages\/17942"}],"wp:attachment":[{"href":"https:\/\/www.hiperbaric.com\/es\/wp-json\/wp\/v2\/media?parent=18076"}],"curies":[{"name":"wp","href":"https:\/\/api.w.org\/{rel}","templated":true}]}}