{"id":17978,"date":"2019-06-05T17:50:37","date_gmt":"2019-06-05T15:50:37","guid":{"rendered":"https:\/\/www.hiperbaric.com\/?page_id=17978"},"modified":"2025-12-11T13:51:54","modified_gmt":"2025-12-11T12:51:54","slug":"proyectos","status":"publish","type":"page","link":"https:\/\/www.hiperbaric.com\/es\/proyectos\/","title":{"rendered":"Proyectos"},"content":{"rendered":"\n\n\t<h1><strong>Proyectos I+D+i<\/strong><\/h1>\n<hr \/>\n<p>&nbsp;<\/p>\n\t<p><u>OnWindH2- Investigaci\u00f3n en soluciones para la generaci\u00f3n de hidr\u00f3geno verde mediante energ\u00eda e\u00f3lica en emplazamientos terrestres sin conexi\u00f3n a red<\/u><\/p>\n\t<p><u>DioSiC- Investigaci\u00f3n para la mejora de la competitividad del diodo de potencia con sustrato de carburo de silicio<\/u><\/p>\n\t<p><u>VITAL-LH2 &#8211; Investigaci\u00f3n en Tecnolog\u00edas cr\u00edticas para el almacenamiento eficiente de LH2 en contenedores polim\u00e9ricos para transporte a\u00e9reo<\/u><\/p>\n\t<p><u>CyLH2Valley &#8211; Desbloqueando el potencial de la regi\u00f3n de Castilla y Le\u00f3n para establecer un Valle y una Econom\u00eda del Hidr\u00f3geno limpios<\/u><\/p>\n\t<p><u>ValorH2 &#8211; Investigaci\u00f3n de nuevas tecnolog\u00edas, materiales y procesos asociados a la cadena de valor del hidr\u00f3geno<\/u><\/p>\n\t<p><u>nCell &#8211; Investigaci\u00f3n y desarrollo de tecnolog\u00eda de espumaci\u00f3n de pol\u00edmeros nanocelulares<\/u><\/p>\n\t<p><u>XtremHIP &#8211; Dise\u00f1o de un equipo HIP compacto para la investigaci\u00f3n de procesos t\u00e9rmicos combinados orientados a fabricaci\u00f3n avanzada <\/u><\/p>\n\t<p><u>H2Press &#8211; Investigaci\u00f3n en Hidr\u00f3geno a alta presi\u00f3n como vector energ\u00e9tico y desarrollo de un compresor de Hidr\u00f3geno<\/u><\/p>\n\t<p><u>OilFree- Dise\u00f1o de la primera m\u00e1quina HPP sin aceite<\/u><\/p>\n\t<p><u>Bulk4.0 &#8211; Investigaci\u00f3n en alimentos, equipos y procesos para conseguir la versatilidad de la tecnolog\u00eda de procesado a granel por altas presiones HPP Bulk y su integraci\u00f3n en la industria 4.0<\/u><\/p>\n\t<p><u>TRANSIT &#8211; Training Network Sustainable Technologies<\/u><\/p>\n\t<p><u>PRODUCTIO &#8211; Productivity industrial enhancement through enabling technologies<\/u><\/p>\n\t<p><u>BEVSTREAM &#8211; High Pressure Processing (HPP) equipment for large beverage productions<\/u><\/p>\n\t<p><u>FUTUREHPP &#8211; Investigaci\u00f3n y desarrollo de los equipos HPP In-Pack del futuro<\/u><\/p>\n\t<p><u>SMARTMAT &#8211; Investigaci\u00f3n en nuevas tecnolog\u00edas de producci\u00f3n de materiales avanzados<\/u><\/p>\n\t<p><u>BIOLIGNO &#8211; Investigaci\u00f3n y desarrollo de nuevos procesos de fraccionamiento en continuo de biomasa lignocelul\u00f3sica<\/u><\/p>\n\t<p><u>Juicebar &#8211; Desarrollo de un equipo de altas presiones (HPP) peque\u00f1o y sencillo para el procesado de zumos embotellados<\/u><\/p>\n\t<p><u>ETERNITY &#8211; Desarrollo de vasijas de alta presi\u00f3n con vida infinita<\/u><\/p>\n\t<p><u>FRESHPRESS &#8211; Desarrollo de una nueva gama de productos pasteurizados\/esterilizados de alta calidad tratados por alta presi\u00f3n<\/u><\/p>\n\t<p><u>HIGIENPACK &#8211; Desarrollo de nuevos equipos alimentarios de alta garant\u00eda higi\u00e9nica<\/u><\/p>\n\t<p><u>HST Food Train &#8211; Science based precision processing for future healthy, structured and tasteful fruit and vegetable based foods: an integrated research and training program<\/u><\/p>\n\t<p><u>ERAF &#8211; Eficiencia y Resistencia A Fatiga en equipos de altas presiones<\/u><\/p>\n\t<p><u>PROMARE &#8211; Mantenimiento proactivo de m\u00e1quinas remotas singulares<\/u><\/p>\n\t<p><u>WIRELEXTREM &#8211; Prototipo inal\u00e1mbrico de medida de temperatura en condiciones extremas<\/u><\/p>\n\t<p><u>FUTURAL &#8211; Contribuci\u00f3n de las Nuevas Tecnolog\u00edas en la obtenci\u00f3n de futuros alimentos<\/u><\/p>\n\t<p><u>Novel Q &#8211; Novel processing methods for the production and distribution of high-quality and safe food<\/u><\/p>\n\t<h2>Otras actuaciones financiadas<\/h2>\n<hr \/>\n<p>&nbsp;<\/p>\n\t<p><u>MOVESIII &#8211; Implantaci\u00f3n de cuatro nuevos puntos de recarga de veh\u00edculos el\u00e9ctricos en las instalaciones de HIPERBARIC en Burgos<\/u><\/p>\n\t<p><u>BIENESTAR &#8211; Fomento de espacios cardiosaludables para prevenir accidentes cardiovasculares<\/u><\/p>\n\t<p><u>BIENESTAR &#8211; Mejora de la gesti\u00f3n preventiva de los riesgos laborales implementando acciones con el objetivo de potenciar la calidad de vida y la eficiencia empresarial<\/u><\/p>\n\t<p><u>HIP-IN-RED &#8211; Redise\u00f1o y ampliaci\u00f3n de la INfraestructura de RED de HIPerbaric para dar soporte a una nueva l\u00ednea de negocio<\/u><\/p>\n\t<p><u>POES-IA &#8211; POstventa 5.0 para Equipos de alta preSi\u00f3n aplicando digitalizaci\u00f3n e IA generativa<\/u><\/p>\n\t<p><u>HIPSOLAR &#8211; Instalaci\u00f3n Solar Fotovoltaica para autoconsumo<\/u><\/p>\n\t<p><u>HiperFaDiC4.0 &#8211; Transformaci\u00f3n de Hiperbaric en una F\u00e1brica Digital Conectada 4.0<\/u><\/p>\n\t<p><u>MOVESII &#8211; Implantaci\u00f3n de cuatro puntos de recarga de veh\u00edculos el\u00e9ctricos en las instalaciones de HIPERBARIC en Burgos<\/u><\/p>\n\t<p><u>INVERSI\u00d3N &#8211; Ampliaci\u00f3n de planta para la fabricaci\u00f3n de maquinaria de altas presiones<\/u><\/p>\n\t<p><u>INNCORPORA 2011<\/u><\/p>\n\t<p><u>TORRES QUEVEDO 2009<\/u><\/p>\n\n","protected":false},"excerpt":{"rendered":"<p>Proyectos I+D+i &nbsp; OnWindH2- Investigaci\u00f3n en soluciones para la generaci\u00f3n de hidr\u00f3geno verde mediante energ\u00eda e\u00f3lica en emplazamientos terrestres sin conexi\u00f3n a red DioSiC- Investigaci\u00f3n para la mejora de la competitividad del diodo de potencia con sustrato de carburo de silicio VITAL-LH2 &#8211; Investigaci\u00f3n en Tecnolog\u00edas cr\u00edticas para el almacenamiento eficiente de LH2 en contenedores&#8230;<\/p>\n","protected":false},"author":1,"featured_media":0,"parent":0,"menu_order":0,"comment_status":"closed","ping_status":"closed","template":"","meta":{"om_disable_all_campaigns":false,"inline_featured_image":false,"_monsterinsights_skip_tracking":false,"_monsterinsights_sitenote_active":false,"_monsterinsights_sitenote_note":"","_monsterinsights_sitenote_category":0,"footnotes":"","_wp_rev_ctl_limit":""},"acf":[],"yoast_head":"<!-- This site is optimized with the Yoast SEO plugin v22.4 - https:\/\/yoast.com\/wordpress\/plugins\/seo\/ -->\n<title>Proyectos - Hiperbaric<\/title>\n<meta name=\"robots\" content=\"index, follow, max-snippet:-1, max-image-preview:large, max-video-preview:-1\" \/>\n<link rel=\"canonical\" href=\"https:\/\/www.hiperbaric.com\/es\/proyectos\/\" \/>\n<meta property=\"og:locale\" content=\"es_ES\" \/>\n<meta property=\"og:type\" content=\"article\" \/>\n<meta property=\"og:title\" content=\"Proyectos - Hiperbaric\" \/>\n<meta property=\"og:description\" content=\"Proyectos I+D+i &nbsp; OnWindH2- Investigaci\u00f3n en soluciones para la generaci\u00f3n de hidr\u00f3geno verde mediante energ\u00eda e\u00f3lica en emplazamientos terrestres sin conexi\u00f3n a red DioSiC- Investigaci\u00f3n para la mejora de la competitividad del diodo de potencia con sustrato de carburo de silicio VITAL-LH2 &#8211; Investigaci\u00f3n en Tecnolog\u00edas cr\u00edticas para el almacenamiento eficiente de LH2 en contenedores...\" \/>\n<meta property=\"og:url\" content=\"https:\/\/www.hiperbaric.com\/es\/proyectos\/\" \/>\n<meta property=\"og:site_name\" content=\"Hiperbaric\" \/>\n<meta property=\"article:modified_time\" content=\"2025-12-11T12:51:54+00:00\" \/>\n<meta name=\"twitter:card\" content=\"summary_large_image\" \/>\n<meta name=\"twitter:label1\" content=\"Tiempo de lectura\" \/>\n\t<meta name=\"twitter:data1\" content=\"2 minutos\" \/>\n<script type=\"application\/ld+json\" class=\"yoast-schema-graph\">{\"@context\":\"https:\/\/schema.org\",\"@graph\":[{\"@type\":\"WebPage\",\"@id\":\"https:\/\/www.hiperbaric.com\/es\/proyectos\/\",\"url\":\"https:\/\/www.hiperbaric.com\/es\/proyectos\/\",\"name\":\"Proyectos - Hiperbaric\",\"isPartOf\":{\"@id\":\"https:\/\/www.hiperbaric.com\/en\/#website\"},\"datePublished\":\"2019-06-05T15:50:37+00:00\",\"dateModified\":\"2025-12-11T12:51:54+00:00\",\"breadcrumb\":{\"@id\":\"https:\/\/www.hiperbaric.com\/es\/proyectos\/#breadcrumb\"},\"inLanguage\":\"es\",\"potentialAction\":[{\"@type\":\"ReadAction\",\"target\":[\"https:\/\/www.hiperbaric.com\/es\/proyectos\/\"]}]},{\"@type\":\"BreadcrumbList\",\"@id\":\"https:\/\/www.hiperbaric.com\/es\/proyectos\/#breadcrumb\",\"itemListElement\":[{\"@type\":\"ListItem\",\"position\":1,\"name\":\"Home\",\"item\":\"https:\/\/www.hiperbaric.com\/es\/\"},{\"@type\":\"ListItem\",\"position\":2,\"name\":\"Proyectos\"}]},{\"@type\":\"WebSite\",\"@id\":\"https:\/\/www.hiperbaric.com\/en\/#website\",\"url\":\"https:\/\/www.hiperbaric.com\/en\/\",\"name\":\"Hiperbaric\",\"description\":\"Procesado para la conservaci\u00f3n de alimentos\",\"publisher\":{\"@id\":\"https:\/\/www.hiperbaric.com\/en\/#organization\"},\"potentialAction\":[{\"@type\":\"SearchAction\",\"target\":{\"@type\":\"EntryPoint\",\"urlTemplate\":\"https:\/\/www.hiperbaric.com\/en\/?s={search_term_string}\"},\"query-input\":\"required name=search_term_string\"}],\"inLanguage\":\"es\"},{\"@type\":\"Organization\",\"@id\":\"https:\/\/www.hiperbaric.com\/en\/#organization\",\"name\":\"Hiperbaric\",\"url\":\"https:\/\/www.hiperbaric.com\/en\/\",\"logo\":{\"@type\":\"ImageObject\",\"inLanguage\":\"es\",\"@id\":\"https:\/\/www.hiperbaric.com\/en\/#\/schema\/logo\/image\/\",\"url\":\"https:\/\/www.hiperbaric.com\/wp-content\/uploads\/2026\/01\/cropped-hiperbaric-logotipo-1-2.png\",\"contentUrl\":\"https:\/\/www.hiperbaric.com\/wp-content\/uploads\/2026\/01\/cropped-hiperbaric-logotipo-1-2.png\",\"width\":340,\"height\":72,\"caption\":\"Hiperbaric\"},\"image\":{\"@id\":\"https:\/\/www.hiperbaric.com\/en\/#\/schema\/logo\/image\/\"}}]}<\/script>\n<!-- \/ Yoast SEO plugin. -->","yoast_head_json":{"title":"Proyectos - Hiperbaric","robots":{"index":"index","follow":"follow","max-snippet":"max-snippet:-1","max-image-preview":"max-image-preview:large","max-video-preview":"max-video-preview:-1"},"canonical":"https:\/\/www.hiperbaric.com\/es\/proyectos\/","og_locale":"es_ES","og_type":"article","og_title":"Proyectos - Hiperbaric","og_description":"Proyectos I+D+i &nbsp; OnWindH2- Investigaci\u00f3n en soluciones para la generaci\u00f3n de hidr\u00f3geno verde mediante energ\u00eda e\u00f3lica en emplazamientos terrestres sin conexi\u00f3n a red DioSiC- Investigaci\u00f3n para la mejora de la competitividad del diodo de potencia con sustrato de carburo de silicio VITAL-LH2 &#8211; Investigaci\u00f3n en Tecnolog\u00edas cr\u00edticas para el almacenamiento eficiente de LH2 en contenedores...","og_url":"https:\/\/www.hiperbaric.com\/es\/proyectos\/","og_site_name":"Hiperbaric","article_modified_time":"2025-12-11T12:51:54+00:00","twitter_card":"summary_large_image","twitter_misc":{"Tiempo de lectura":"2 minutos"},"schema":{"@context":"https:\/\/schema.org","@graph":[{"@type":"WebPage","@id":"https:\/\/www.hiperbaric.com\/es\/proyectos\/","url":"https:\/\/www.hiperbaric.com\/es\/proyectos\/","name":"Proyectos - Hiperbaric","isPartOf":{"@id":"https:\/\/www.hiperbaric.com\/en\/#website"},"datePublished":"2019-06-05T15:50:37+00:00","dateModified":"2025-12-11T12:51:54+00:00","breadcrumb":{"@id":"https:\/\/www.hiperbaric.com\/es\/proyectos\/#breadcrumb"},"inLanguage":"es","potentialAction":[{"@type":"ReadAction","target":["https:\/\/www.hiperbaric.com\/es\/proyectos\/"]}]},{"@type":"BreadcrumbList","@id":"https:\/\/www.hiperbaric.com\/es\/proyectos\/#breadcrumb","itemListElement":[{"@type":"ListItem","position":1,"name":"Home","item":"https:\/\/www.hiperbaric.com\/es\/"},{"@type":"ListItem","position":2,"name":"Proyectos"}]},{"@type":"WebSite","@id":"https:\/\/www.hiperbaric.com\/en\/#website","url":"https:\/\/www.hiperbaric.com\/en\/","name":"Hiperbaric","description":"Procesado para la conservaci\u00f3n de alimentos","publisher":{"@id":"https:\/\/www.hiperbaric.com\/en\/#organization"},"potentialAction":[{"@type":"SearchAction","target":{"@type":"EntryPoint","urlTemplate":"https:\/\/www.hiperbaric.com\/en\/?s={search_term_string}"},"query-input":"required name=search_term_string"}],"inLanguage":"es"},{"@type":"Organization","@id":"https:\/\/www.hiperbaric.com\/en\/#organization","name":"Hiperbaric","url":"https:\/\/www.hiperbaric.com\/en\/","logo":{"@type":"ImageObject","inLanguage":"es","@id":"https:\/\/www.hiperbaric.com\/en\/#\/schema\/logo\/image\/","url":"https:\/\/www.hiperbaric.com\/wp-content\/uploads\/2026\/01\/cropped-hiperbaric-logotipo-1-2.png","contentUrl":"https:\/\/www.hiperbaric.com\/wp-content\/uploads\/2026\/01\/cropped-hiperbaric-logotipo-1-2.png","width":340,"height":72,"caption":"Hiperbaric"},"image":{"@id":"https:\/\/www.hiperbaric.com\/en\/#\/schema\/logo\/image\/"}}]}},"_links":{"self":[{"href":"https:\/\/www.hiperbaric.com\/es\/wp-json\/wp\/v2\/pages\/17978"}],"collection":[{"href":"https:\/\/www.hiperbaric.com\/es\/wp-json\/wp\/v2\/pages"}],"about":[{"href":"https:\/\/www.hiperbaric.com\/es\/wp-json\/wp\/v2\/types\/page"}],"author":[{"embeddable":true,"href":"https:\/\/www.hiperbaric.com\/es\/wp-json\/wp\/v2\/users\/1"}],"replies":[{"embeddable":true,"href":"https:\/\/www.hiperbaric.com\/es\/wp-json\/wp\/v2\/comments?post=17978"}],"version-history":[{"count":5,"href":"https:\/\/www.hiperbaric.com\/es\/wp-json\/wp\/v2\/pages\/17978\/revisions"}],"predecessor-version":[{"id":66223,"href":"https:\/\/www.hiperbaric.com\/es\/wp-json\/wp\/v2\/pages\/17978\/revisions\/66223"}],"wp:attachment":[{"href":"https:\/\/www.hiperbaric.com\/es\/wp-json\/wp\/v2\/media?parent=17978"}],"curies":[{"name":"wp","href":"https:\/\/api.w.org\/{rel}","templated":true}]}}