{"id":17942,"date":"2019-06-05T13:43:09","date_gmt":"2019-06-05T11:43:09","guid":{"rendered":"https:\/\/www.hiperbaric.com\/?page_id=17942"},"modified":"2021-12-29T10:59:16","modified_gmt":"2021-12-29T09:59:16","slug":"responsabilidad","status":"publish","type":"page","link":"https:\/\/www.hiperbaric.com\/es\/responsabilidad\/","title":{"rendered":"Responsabilidad"},"content":{"rendered":"\n\t<p>En Hiperbaric somos conscientes de la importancia de contribuir al desarrollo social, no s\u00f3lo fabricando equipos HPP de calidad o difundiendo las ventajas de aplicar las altas presiones en alimentos y bebidas, sino tambi\u00e9n a trav\u00e9s de iniciativas que aporten valor a la sociedad y queremos hacerte part\u00edcipe de ellas. \u00a1Descubre lo que nos mueve!<\/p>\n\t\t\t\t<img loading=\"lazy\" decoding=\"async\" src=\"https:\/\/www.hiperbaric.com\/wp-content\/uploads\/2019\/07\/youth-1.png\" alt=\"youth\" itemprop=\"image\" height=\"64\" width=\"64\" title=\"youth\" onerror=\"this.style.display='none'\"  \/>\n<h3>\n\tEducaci\u00f3n\n\t<\/h3>\n\t<p>Fomentamos proyectos que complementan la educaci\u00f3n formal, a trav\u00e9s de experiencias enriquecedoras y predominantemente pr\u00e1cticas.<\/p>\n<a href=\"https:\/\/www.hiperbaric.com\/sobre-nosotros\/responsabilidad\/educacion\/\">M\u00e1s informaci\u00f3n\u00a0<\/a>\n\t\t\t\t<img loading=\"lazy\" decoding=\"async\" src=\"https:\/\/www.hiperbaric.com\/wp-content\/uploads\/2019\/09\/sociology.png\" alt=\"sociology\" itemprop=\"image\" height=\"64\" width=\"64\" title=\"sociology\" onerror=\"this.style.display='none'\"  \/>\n<h3>\n\tSociedad\n\t<\/h3>\n\t<p>Colaboramos activamente con diferentes iniciativas solidarias y promovemos que estas colaboraciones, nazcan de propuestas de nuestros compa\u00f1eros.<\/p>\n<a href=\"\/sobre-nosotros\/responsabilidad\/sociedad\/\">M\u00e1s informaci\u00f3n\u00a0<\/a>\n\t\t\t\t<img loading=\"lazy\" decoding=\"async\" src=\"https:\/\/www.hiperbaric.com\/wp-content\/uploads\/2019\/07\/save-1.png\" alt=\"save\" itemprop=\"image\" height=\"64\" width=\"64\" title=\"save\" onerror=\"this.style.display='none'\"  \/>\n<h3>\n\tMedio ambiente\n\t<\/h3>\n\t<p>Perseguimos que nuestra actividad industrial tenga el menor impacto ambiental posible y promovemos esa actitud responsable en nuestros trabajadores.<\/p>\n<a href=\"\/sobre-nosotros\/responsabilidad\/medio-ambiente\/\">M\u00e1s informaci\u00f3n\u00a0<\/a>\n<h3>\n\tCompromiso de Hiperbaric con los ODS\n\t<\/h3>\n\t<p>Con el cumplimiento de los <strong>Objetivos de Desarrollo Sostenible (ODS) <\/strong>marcados por Naciones Unidas medimos nuestro aporte de valor a la sociedad para conseguir un futuro sostenible para todos. Estos son los objetivos en los que participa Hiperbaric.<\/p>\n\t<ul>\n<li><strong>ODS 3. Salud y bienestar<br \/>\n<\/strong>Nuestra tecnolog\u00eda HPP proporcionar alimentos seguros, con mayor vida \u00fatil y sus propiedades organol\u00e9pticas intactas. Ayudamos a mantener una alimentaci\u00f3n saludable.<\/li>\n<\/ul>\n\t<ul>\n<li><strong>ODS 12. Producci\u00f3n y consumo responsables<\/strong><br \/>\nConseguimos una producci\u00f3n y consumo sostenibles tanto propios como nuestros clientes con medidas que controlan la eficiencia de nuestros recursos para reducir nuestro impacto medioambiental.<\/li>\n<\/ul>\n\t<ul>\n<li><strong>ODS 7. Energ\u00eda asequible y no contaminante<br \/>\n<\/strong>Avanzamos hacia un modelo m\u00e1s sostenible en todas nuestras tecnolog\u00edas. Con la compresi\u00f3n de H<sub>2 <\/sub>renovable favorecemos la transici\u00f3n hacia una movilidad sostenible.<\/li>\n<\/ul>\n\t<ul>\n<li><strong>ODS 13. Acci\u00f3n por el clima<br \/>\n<\/strong>Desarrollamos tecnolog\u00eda de compresi\u00f3n para la transici\u00f3n hacia el uso de energ\u00edas renovables y equipos industriales m\u00e1s eficientes que mitigan el cambio clim\u00e1tico.<\/li>\n<\/ul>\n\t\t\t\t<img decoding=\"async\" src=\"https:\/\/www.hiperbaric.com\/wp-content\/plugins\/beaver-builder-lite-version\/img\/pixel.png\" alt=\"\" itemprop=\"image\" onerror=\"this.style.display='none'\"  \/>\n\t\t\t\t<img loading=\"lazy\" decoding=\"async\" src=\"https:\/\/www.hiperbaric.com\/wp-content\/uploads\/2021\/03\/Grafico-ODS-final-ES.jpg\" alt=\"Gr\u00e1fico ODS final ES\" itemprop=\"image\" height=\"511\" width=\"1384\" title=\"Gr\u00e1fico ODS final ES\" onerror=\"this.style.display='none'\"  \/>\n\t<blockquote>\n<p>La repercusi\u00f3n de nuestra Responsabilidad es mayor si es compartida<\/p>\n<\/blockquote>\n\t<p><strong>En Hiperbaric no acometemos todas estas iniciativas en solitario, sino que lo hacemos en colaboraci\u00f3n<\/strong> con numerosas organizaciones y entidades privadas y p\u00fablicas, con y sin \u00e1nimo de lucro. Porque como recogemos en nuestros valores:<\/p>\n<ul>\n<li><strong>El equipo genera m\u00e1s valor, aporta m\u00e1s y logra mayores y mejores resultados que el individuo<\/strong>.<\/li>\n<\/ul>\n<h3>\n\tColaboradores\n\t<\/h3>\n   <section>\n      <img decoding=\"async\" src=\"\/wp-content\/uploads\/2019\/09\/desmasa-e1567610970315.jpg\">\n      <img decoding=\"async\" src=\"\/wp-content\/uploads\/2019\/09\/INTER-FOOD-e1567610995688.png\">\n      <img decoding=\"async\" src=\"\/wp-content\/uploads\/2019\/09\/logo-CENTRO-ESPA\u00d1OL-DESARROLLO-TECNOLOGICO-e1567611009635.jpg\">\n      <img decoding=\"async\" src=\"\/wp-content\/uploads\/2019\/09\/LOGO-instituto-comercio-exterior-e1567611041730.png\">\n      <img decoding=\"async\" src=\"\/wp-content\/uploads\/2019\/09\/logo-Universidad-de-burgos-e1567611056810.jpg\">\n      <img decoding=\"async\" src=\"\/wp-content\/uploads\/2019\/09\/logo-Universidad-de-guelph-e1567611068980.jpg\">\n      <img decoding=\"async\" src=\"\/wp-content\/uploads\/2019\/09\/logo_hightech-e1567611095927.png\">\n      <img decoding=\"async\" src=\"\/wp-content\/uploads\/2019\/09\/logo_KANEMATSU-1024x163.png\">\n      <img decoding=\"async\" src=\"\/wp-content\/uploads\/2019\/09\/logo_Sanpo.jpg\">\n      <img decoding=\"async\" src=\"\/wp-content\/uploads\/2019\/09\/logo-ice.png\">\n      <img decoding=\"async\" src=\"\/wp-content\/uploads\/2019\/09\/logokundert.jpg\">\n      <img decoding=\"async\" src=\"\/wp-content\/uploads\/2019\/09\/TRAVAGLINI-649x1024.png\">\n   <\/section>\n<h3>\n\tAsociaciones\n\t<\/h3>\n   <section>\n      <img decoding=\"async\" src=\"\/wp-content\/uploads\/2019\/09\/AMI-Logo-transparent.png\">\n      <img decoding=\"async\" src=\"\/wp-content\/uploads\/2020\/08\/Cold-Pressure-Council.png\">\n      <img decoding=\"async\" src=\"\/wp-content\/uploads\/2019\/09\/ift-logo.jpg\">\n      <img decoding=\"async\" src=\"\/wp-content\/uploads\/2020\/08\/Refrigerated-Foods-Association.jpg\">\n      <img decoding=\"async\" src=\"\/wp-content\/uploads\/2019\/09\/logo-amec-1024x348.png\">\n      <img decoding=\"async\" src=\"\/wp-content\/uploads\/2019\/09\/LOGO-CRE100DO.png\">\n      <img decoding=\"async\" src=\"\/wp-content\/uploads\/2019\/09\/LOGO-FAE.jpg\">\n      <img decoding=\"async\" src=\"\/wp-content\/uploads\/2019\/09\/logo-food-for-live.jpg\">\n      <img decoding=\"async\" src=\"\/wp-content\/uploads\/2019\/09\/logo_hightech-e1567611095927.png\">\n      <img decoding=\"async\" src=\"\/wp-content\/uploads\/2019\/09\/logo-ainia-1024x431.jpg\">\n   <\/section>\n","protected":false},"excerpt":{"rendered":"<p>En Hiperbaric somos conscientes de la importancia de contribuir al desarrollo social, no s\u00f3lo fabricando equipos HPP de calidad o difundiendo las ventajas de aplicar las altas presiones en alimentos y bebidas, sino tambi\u00e9n a trav\u00e9s de iniciativas que aporten valor a la sociedad y queremos hacerte part\u00edcipe de ellas. \u00a1Descubre lo que nos mueve!&#8230;<\/p>\n","protected":false},"author":1,"featured_media":0,"parent":0,"menu_order":0,"comment_status":"closed","ping_status":"closed","template":"","meta":{"_acf_changed":false,"om_disable_all_campaigns":false,"inline_featured_image":false,"_monsterinsights_skip_tracking":false,"_monsterinsights_sitenote_active":false,"_monsterinsights_sitenote_note":"","_monsterinsights_sitenote_category":0,"footnotes":"","_wp_rev_ctl_limit":""},"class_list":["post-17942","page","type-page","status-publish","hentry"],"acf":[],"yoast_head":"<!-- This site is optimized with the Yoast SEO plugin v22.4 - https:\/\/yoast.com\/wordpress\/plugins\/seo\/ -->\n<title>Responsabilidad - Hiperbaric<\/title>\n<meta name=\"robots\" content=\"index, follow, max-snippet:-1, max-image-preview:large, max-video-preview:-1\" \/>\n<link rel=\"canonical\" href=\"https:\/\/www.hiperbaric.com\/es\/sobre-nosotros__trashed\/responsabilidad\/\" \/>\n<meta property=\"og:locale\" content=\"es_ES\" \/>\n<meta property=\"og:type\" content=\"article\" \/>\n<meta property=\"og:title\" content=\"Responsabilidad - Hiperbaric\" \/>\n<meta property=\"og:description\" content=\"En Hiperbaric somos conscientes de la importancia de contribuir al desarrollo social, no s\u00f3lo fabricando equipos HPP de calidad o difundiendo las ventajas de aplicar las altas presiones en alimentos y bebidas, sino tambi\u00e9n a trav\u00e9s de iniciativas que aporten valor a la sociedad y queremos hacerte part\u00edcipe de ellas. \u00a1Descubre lo que nos mueve!...\" \/>\n<meta property=\"og:url\" content=\"https:\/\/www.hiperbaric.com\/es\/sobre-nosotros__trashed\/responsabilidad\/\" \/>\n<meta property=\"og:site_name\" content=\"Hiperbaric\" \/>\n<meta property=\"article:modified_time\" content=\"2021-12-29T09:59:16+00:00\" \/>\n<meta property=\"og:image\" content=\"https:\/\/www.hiperbaric.com\/wp-content\/uploads\/2019\/07\/youth-1.png\" \/>\n<meta name=\"twitter:card\" content=\"summary_large_image\" \/>\n<meta name=\"twitter:label1\" content=\"Tiempo de lectura\" \/>\n\t<meta name=\"twitter:data1\" content=\"2 minutos\" \/>\n<script type=\"application\/ld+json\" class=\"yoast-schema-graph\">{\"@context\":\"https:\/\/schema.org\",\"@graph\":[{\"@type\":\"WebPage\",\"@id\":\"https:\/\/www.hiperbaric.com\/es\/sobre-nosotros__trashed\/responsabilidad\/\",\"url\":\"https:\/\/www.hiperbaric.com\/es\/sobre-nosotros__trashed\/responsabilidad\/\",\"name\":\"Responsabilidad - Hiperbaric\",\"isPartOf\":{\"@id\":\"https:\/\/www.hiperbaric.com\/en\/#website\"},\"primaryImageOfPage\":{\"@id\":\"https:\/\/www.hiperbaric.com\/es\/sobre-nosotros__trashed\/responsabilidad\/#primaryimage\"},\"image\":{\"@id\":\"https:\/\/www.hiperbaric.com\/es\/sobre-nosotros__trashed\/responsabilidad\/#primaryimage\"},\"thumbnailUrl\":\"https:\/\/www.hiperbaric.com\/wp-content\/uploads\/2019\/07\/youth-1.png\",\"datePublished\":\"2019-06-05T11:43:09+00:00\",\"dateModified\":\"2021-12-29T09:59:16+00:00\",\"breadcrumb\":{\"@id\":\"https:\/\/www.hiperbaric.com\/es\/sobre-nosotros__trashed\/responsabilidad\/#breadcrumb\"},\"inLanguage\":\"es\",\"potentialAction\":[{\"@type\":\"ReadAction\",\"target\":[\"https:\/\/www.hiperbaric.com\/es\/sobre-nosotros__trashed\/responsabilidad\/\"]}]},{\"@type\":\"ImageObject\",\"inLanguage\":\"es\",\"@id\":\"https:\/\/www.hiperbaric.com\/es\/sobre-nosotros__trashed\/responsabilidad\/#primaryimage\",\"url\":\"https:\/\/www.hiperbaric.com\/wp-content\/uploads\/2019\/07\/youth-1.png\",\"contentUrl\":\"https:\/\/www.hiperbaric.com\/wp-content\/uploads\/2019\/07\/youth-1.png\"},{\"@type\":\"BreadcrumbList\",\"@id\":\"https:\/\/www.hiperbaric.com\/es\/sobre-nosotros__trashed\/responsabilidad\/#breadcrumb\",\"itemListElement\":[{\"@type\":\"ListItem\",\"position\":1,\"name\":\"Home\",\"item\":\"https:\/\/www.hiperbaric.com\/es\/\"},{\"@type\":\"ListItem\",\"position\":2,\"name\":\"Responsabilidad\"}]},{\"@type\":\"WebSite\",\"@id\":\"https:\/\/www.hiperbaric.com\/en\/#website\",\"url\":\"https:\/\/www.hiperbaric.com\/en\/\",\"name\":\"Hiperbaric\",\"description\":\"Procesado para la conservaci\u00f3n de alimentos\",\"publisher\":{\"@id\":\"https:\/\/www.hiperbaric.com\/en\/#organization\"},\"potentialAction\":[{\"@type\":\"SearchAction\",\"target\":{\"@type\":\"EntryPoint\",\"urlTemplate\":\"https:\/\/www.hiperbaric.com\/en\/?s={search_term_string}\"},\"query-input\":\"required name=search_term_string\"}],\"inLanguage\":\"es\"},{\"@type\":\"Organization\",\"@id\":\"https:\/\/www.hiperbaric.com\/en\/#organization\",\"name\":\"Hiperbaric\",\"url\":\"https:\/\/www.hiperbaric.com\/en\/\",\"logo\":{\"@type\":\"ImageObject\",\"inLanguage\":\"es\",\"@id\":\"https:\/\/www.hiperbaric.com\/en\/#\/schema\/logo\/image\/\",\"url\":\"https:\/\/www.hiperbaric.com\/wp-content\/uploads\/2026\/01\/cropped-hiperbaric-logotipo-1-2.png\",\"contentUrl\":\"https:\/\/www.hiperbaric.com\/wp-content\/uploads\/2026\/01\/cropped-hiperbaric-logotipo-1-2.png\",\"width\":340,\"height\":72,\"caption\":\"Hiperbaric\"},\"image\":{\"@id\":\"https:\/\/www.hiperbaric.com\/en\/#\/schema\/logo\/image\/\"}}]}<\/script>\n<!-- \/ Yoast SEO plugin. -->","yoast_head_json":{"title":"Responsabilidad - Hiperbaric","robots":{"index":"index","follow":"follow","max-snippet":"max-snippet:-1","max-image-preview":"max-image-preview:large","max-video-preview":"max-video-preview:-1"},"canonical":"https:\/\/www.hiperbaric.com\/es\/sobre-nosotros__trashed\/responsabilidad\/","og_locale":"es_ES","og_type":"article","og_title":"Responsabilidad - Hiperbaric","og_description":"En Hiperbaric somos conscientes de la importancia de contribuir al desarrollo social, no s\u00f3lo fabricando equipos HPP de calidad o difundiendo las ventajas de aplicar las altas presiones en alimentos y bebidas, sino tambi\u00e9n a trav\u00e9s de iniciativas que aporten valor a la sociedad y queremos hacerte part\u00edcipe de ellas. \u00a1Descubre lo que nos mueve!...","og_url":"https:\/\/www.hiperbaric.com\/es\/sobre-nosotros__trashed\/responsabilidad\/","og_site_name":"Hiperbaric","article_modified_time":"2021-12-29T09:59:16+00:00","og_image":[{"url":"https:\/\/www.hiperbaric.com\/wp-content\/uploads\/2019\/07\/youth-1.png"}],"twitter_card":"summary_large_image","twitter_misc":{"Tiempo de lectura":"2 minutos"},"schema":{"@context":"https:\/\/schema.org","@graph":[{"@type":"WebPage","@id":"https:\/\/www.hiperbaric.com\/es\/sobre-nosotros__trashed\/responsabilidad\/","url":"https:\/\/www.hiperbaric.com\/es\/sobre-nosotros__trashed\/responsabilidad\/","name":"Responsabilidad - Hiperbaric","isPartOf":{"@id":"https:\/\/www.hiperbaric.com\/en\/#website"},"primaryImageOfPage":{"@id":"https:\/\/www.hiperbaric.com\/es\/sobre-nosotros__trashed\/responsabilidad\/#primaryimage"},"image":{"@id":"https:\/\/www.hiperbaric.com\/es\/sobre-nosotros__trashed\/responsabilidad\/#primaryimage"},"thumbnailUrl":"https:\/\/www.hiperbaric.com\/wp-content\/uploads\/2019\/07\/youth-1.png","datePublished":"2019-06-05T11:43:09+00:00","dateModified":"2021-12-29T09:59:16+00:00","breadcrumb":{"@id":"https:\/\/www.hiperbaric.com\/es\/sobre-nosotros__trashed\/responsabilidad\/#breadcrumb"},"inLanguage":"es","potentialAction":[{"@type":"ReadAction","target":["https:\/\/www.hiperbaric.com\/es\/sobre-nosotros__trashed\/responsabilidad\/"]}]},{"@type":"ImageObject","inLanguage":"es","@id":"https:\/\/www.hiperbaric.com\/es\/sobre-nosotros__trashed\/responsabilidad\/#primaryimage","url":"https:\/\/www.hiperbaric.com\/wp-content\/uploads\/2019\/07\/youth-1.png","contentUrl":"https:\/\/www.hiperbaric.com\/wp-content\/uploads\/2019\/07\/youth-1.png"},{"@type":"BreadcrumbList","@id":"https:\/\/www.hiperbaric.com\/es\/sobre-nosotros__trashed\/responsabilidad\/#breadcrumb","itemListElement":[{"@type":"ListItem","position":1,"name":"Home","item":"https:\/\/www.hiperbaric.com\/es\/"},{"@type":"ListItem","position":2,"name":"Responsabilidad"}]},{"@type":"WebSite","@id":"https:\/\/www.hiperbaric.com\/en\/#website","url":"https:\/\/www.hiperbaric.com\/en\/","name":"Hiperbaric","description":"Procesado para la conservaci\u00f3n de alimentos","publisher":{"@id":"https:\/\/www.hiperbaric.com\/en\/#organization"},"potentialAction":[{"@type":"SearchAction","target":{"@type":"EntryPoint","urlTemplate":"https:\/\/www.hiperbaric.com\/en\/?s={search_term_string}"},"query-input":"required name=search_term_string"}],"inLanguage":"es"},{"@type":"Organization","@id":"https:\/\/www.hiperbaric.com\/en\/#organization","name":"Hiperbaric","url":"https:\/\/www.hiperbaric.com\/en\/","logo":{"@type":"ImageObject","inLanguage":"es","@id":"https:\/\/www.hiperbaric.com\/en\/#\/schema\/logo\/image\/","url":"https:\/\/www.hiperbaric.com\/wp-content\/uploads\/2026\/01\/cropped-hiperbaric-logotipo-1-2.png","contentUrl":"https:\/\/www.hiperbaric.com\/wp-content\/uploads\/2026\/01\/cropped-hiperbaric-logotipo-1-2.png","width":340,"height":72,"caption":"Hiperbaric"},"image":{"@id":"https:\/\/www.hiperbaric.com\/en\/#\/schema\/logo\/image\/"}}]}},"_links":{"self":[{"href":"https:\/\/www.hiperbaric.com\/es\/wp-json\/wp\/v2\/pages\/17942","targetHints":{"allow":["GET"]}}],"collection":[{"href":"https:\/\/www.hiperbaric.com\/es\/wp-json\/wp\/v2\/pages"}],"about":[{"href":"https:\/\/www.hiperbaric.com\/es\/wp-json\/wp\/v2\/types\/page"}],"author":[{"embeddable":true,"href":"https:\/\/www.hiperbaric.com\/es\/wp-json\/wp\/v2\/users\/1"}],"replies":[{"embeddable":true,"href":"https:\/\/www.hiperbaric.com\/es\/wp-json\/wp\/v2\/comments?post=17942"}],"version-history":[{"count":0,"href":"https:\/\/www.hiperbaric.com\/es\/wp-json\/wp\/v2\/pages\/17942\/revisions"}],"wp:attachment":[{"href":"https:\/\/www.hiperbaric.com\/es\/wp-json\/wp\/v2\/media?parent=17942"}],"curies":[{"name":"wp","href":"https:\/\/api.w.org\/{rel}","templated":true}]}}