{"id":17938,"date":"2019-06-05T13:42:15","date_gmt":"2019-06-05T11:42:15","guid":{"rendered":"https:\/\/www.hiperbaric.com\/?page_id=17938"},"modified":"2025-04-24T14:34:44","modified_gmt":"2025-04-24T12:34:44","slug":"trabaja-con-nosotros","status":"publish","type":"page","link":"https:\/\/www.hiperbaric.com\/es\/trabaja-con-nosotros\/","title":{"rendered":"Trabaja con nosotros"},"content":{"rendered":"\r\n\r\n\t<p>&nbsp;<\/p>\r\n<p>La raz\u00f3n de ser de Hiperbaric son las personas, fomentamos su futuro con nosotros ofreciendo <strong>oportunidades de crecimiento profesional<\/strong>, formaci\u00f3n, horario flexible y beneficios sociales.<\/p>\r\n<p>Contamos con un amplio plan de formaci\u00f3n para que nuestras personas mejoren en su desempe\u00f1o, actualicen sus conocimientos y desarrollen sus capacidades. M\u00e1s de la mitad de la plantilla actual ha iniciado su carrera profesional con nosotros.<\/p>\r\n<p>Disfrutamos <strong>promoviendo el talento dentro y fuera de Hiperbaric<\/strong>, por eso participamos en numerosas jornadas empresariales y gestionamos nuestro Capital Humano conforme a unos valores claros de equidad, transparencia e igualdad de oportunidades.<\/p>\r\n\t\t\t\t<img decoding=\"async\" loading=\"lazy\" src=\"https:\/\/www.hiperbaric.com\/wp-content\/uploads\/2019\/08\/Manufacturing-5.jpg\" alt=\"Manufacturing 5\" itemprop=\"image\" height=\"1080\" width=\"1920\" title=\"Manufacturing 5\" onerror=\"this.style.display='none'\"  \/>\r\n<h3>\r\n\tPerfiles m\u00e1s demandados\r\n\t<\/h3>\r\n        <a href=\"javascript:void(0);\"><img decoding=\"async\" src=\"\/wp-content\/uploads\/2019\/06\/engineer-1.png\" width=\"52\" \/><br \/>\r\n        Ingenier\u00eda mec\u00e1nica y electr\u00f3nica<\/a>\r\n        <a href=\"javascript:void(0);\"><img decoding=\"async\" src=\"\/wp-content\/uploads\/2019\/06\/auriculares.png\" width=\"52\" \/><br \/>\r\n        Ingenier\u00eda de postventa<\/a>\r\n        <a href=\"javascript:void(0);\"><img decoding=\"async\" src=\"\/wp-content\/uploads\/2019\/09\/tools.png\" width=\"52\" \/><br \/>\r\n        Montaje y Mecanizado<\/a>\r\n        <a href=\"javascript:void(0);\"><img decoding=\"async\" src=\"\/wp-content\/uploads\/2019\/06\/valor.png\" width=\"52\" \/><br \/>\r\n        Comercial<\/a>\r\n        <a href=\"javascript:void(0);\"><img decoding=\"async\" src=\"\/wp-content\/uploads\/2019\/06\/promocion.png\" width=\"52\" \/><br \/>\r\n        Otras \u00c1reas Estrat\u00e9gicas<\/a>\r\n\t<blockquote>\r\n<p>\u00danete a nosotros, un equipo multidisciplinar capaz de afrontar nuevos retos<\/p>\r\n<\/blockquote>\r\n\t\n<div class=\"wpcf7 no-js\" id=\"wpcf7-f18886-o1\" lang=\"es-ES\" dir=\"ltr\">\n<div class=\"screen-reader-response\"><p role=\"status\" aria-live=\"polite\" aria-atomic=\"true\"><\/p> <ul><\/ul><\/div>\n<form action=\"\/es\/wp-json\/wp\/v2\/pages\/17938#wpcf7-f18886-o1\" method=\"post\" class=\"wpcf7-form init\" aria-label=\"Formulario de contacto\" novalidate=\"novalidate\" data-status=\"init\">\n<div style=\"display: none;\">\n<input type=\"hidden\" name=\"_wpcf7\" value=\"18886\" \/>\n<input type=\"hidden\" name=\"_wpcf7_version\" value=\"5.8.2\" \/>\n<input type=\"hidden\" name=\"_wpcf7_locale\" value=\"es_ES\" \/>\n<input type=\"hidden\" name=\"_wpcf7_unit_tag\" value=\"wpcf7-f18886-o1\" \/>\n<input type=\"hidden\" name=\"_wpcf7_container_post\" value=\"0\" \/>\n<input type=\"hidden\" name=\"_wpcf7_posted_data_hash\" value=\"\" \/>\n<input type=\"hidden\" name=\"_wpcf7_recaptcha_response\" value=\"\" \/>\n<\/div>\n<p>Tu nombre: <span class=\"wpcf7-form-control-wrap\" data-name=\"nombre\"><input size=\"40\" class=\"wpcf7-form-control wpcf7-text wpcf7-validates-as-required\" id=\"nombre\" aria-required=\"true\" aria-invalid=\"false\" value=\"\" type=\"text\" name=\"nombre\" \/><\/span> Tu apellido: <span class=\"wpcf7-form-control-wrap\" data-name=\"apellido\"><input size=\"40\" class=\"wpcf7-form-control wpcf7-text wpcf7-validates-as-required\" id=\"apellido\" aria-required=\"true\" aria-invalid=\"false\" value=\"\" type=\"text\" name=\"apellido\" \/><\/span>\n<\/p>\n<p>Tu email: <span class=\"wpcf7-form-control-wrap\" data-name=\"email\"><input size=\"40\" class=\"wpcf7-form-control wpcf7-email wpcf7-validates-as-required wpcf7-text wpcf7-validates-as-email\" id=\"correo\" aria-required=\"true\" aria-invalid=\"false\" value=\"\" type=\"email\" name=\"email\" \/><\/span>\n<\/p>\n<p><span class=\"wpcf7-form-control-wrap\" data-name=\"curriculum\"><input size=\"40\" class=\"wpcf7-form-control wpcf7-drag-n-drop-file d-none\" id=\"campoArchivo\" aria-required=\"true\" aria-invalid=\"false\" type=\"file\" multiple=\"multiple\" data-name=\"curriculum\" data-type=\"pdf|doc|docx|odt|rtf|xps|zip|rar|avi|mp4\" data-limit=\"5242880\" data-max=\"5\" data-id=\"18886\" data-version=\"free version 1.3.9.3\" accept=\".pdf, .doc, .docx, .odt, .rtf, .xps, .zip, .rar, .avi, .mp4\" \/><\/span>\n<\/p>\n<p><input class=\"wpcf7-form-control wpcf7-submit has-spinner\" id=\"enviarCurriculum\" type=\"submit\" value=\"ENVIAR CV\" \/>\n<\/p><p style=\"display: none !important;\" class=\"akismet-fields-container\" data-prefix=\"_wpcf7_ak_\"><label>&#916;<textarea name=\"_wpcf7_ak_hp_textarea\" cols=\"45\" rows=\"8\" maxlength=\"100\"><\/textarea><\/label><input type=\"hidden\" id=\"ak_js_1\" name=\"_wpcf7_ak_js\" value=\"69\"\/><script>document.getElementById( \"ak_js_1\" ).setAttribute( \"value\", ( new Date() ).getTime() );<\/script><\/p><input type='hidden' class='wpcf7-pum' value='{\"closepopup\":false,\"closedelay\":0,\"openpopup\":false,\"openpopup_id\":0}' \/><div class=\"wpcf7-response-output\" aria-hidden=\"true\"><\/div>\n<\/form>\n<\/div>\n\r\n\t<p><em>En cumplimiento del Reglamento (UE) 2016\/679 General de Protecci\u00f3n de Datos, y del resto de normativa aplicable en la materia, le informamos de que los datos personales que nos facilite a trav\u00e9s del presente formulario ser\u00e1n tratados por Hiperbaric S.A, como responsable del tratamiento, con la finalidad de incluir su curr\u00edculum en nuestros procesos de selecci\u00f3n. Puede ejercer sus derechos mediante comunicaci\u00f3n dirigida a\u00a0<a href=\"mailto:rrhh@hiperbaric.com\">rrhh@hiperbaric.com<\/a>. Puede obtener m\u00e1s informaci\u00f3n en nuestra\u00a0<a href=\"https:\/\/www.hiperbaric.com\/politica-de-privacidad\/\">Pol\u00edtica de Privacidad<\/a>.<\/em><\/p>\r\n\r\n","protected":false},"excerpt":{"rendered":"<p>&nbsp; La raz\u00f3n de ser de Hiperbaric son las personas, fomentamos su futuro con nosotros ofreciendo oportunidades de crecimiento profesional, formaci\u00f3n, horario flexible y beneficios sociales. Contamos con un amplio plan de formaci\u00f3n para que nuestras personas mejoren en su desempe\u00f1o, actualicen sus conocimientos y desarrollen sus capacidades. M\u00e1s de la mitad de la plantilla&#8230;<\/p>\n","protected":false},"author":1,"featured_media":0,"parent":0,"menu_order":0,"comment_status":"closed","ping_status":"closed","template":"","meta":{"om_disable_all_campaigns":false,"inline_featured_image":false,"_monsterinsights_skip_tracking":false,"_monsterinsights_sitenote_active":false,"_monsterinsights_sitenote_note":"","_monsterinsights_sitenote_category":0,"footnotes":"","_wp_rev_ctl_limit":""},"acf":[],"yoast_head":"<!-- This site is optimized with the Yoast SEO plugin v22.4 - https:\/\/yoast.com\/wordpress\/plugins\/seo\/ -->\n<title>Trabaja con nosotros - Hiperbaric<\/title>\n<meta name=\"robots\" content=\"index, follow, max-snippet:-1, max-image-preview:large, max-video-preview:-1\" \/>\n<link rel=\"canonical\" href=\"https:\/\/www.hiperbaric.com\/es\/trabaja-con-nosotros\/\" \/>\n<meta property=\"og:locale\" content=\"es_ES\" \/>\n<meta property=\"og:type\" content=\"article\" \/>\n<meta property=\"og:title\" content=\"Trabaja con nosotros - Hiperbaric\" \/>\n<meta property=\"og:description\" content=\"&nbsp; La raz\u00f3n de ser de Hiperbaric son las personas, fomentamos su futuro con nosotros ofreciendo oportunidades de crecimiento profesional, formaci\u00f3n, horario flexible y beneficios sociales. Contamos con un amplio plan de formaci\u00f3n para que nuestras personas mejoren en su desempe\u00f1o, actualicen sus conocimientos y desarrollen sus capacidades. M\u00e1s de la mitad de la plantilla...\" \/>\n<meta property=\"og:url\" content=\"https:\/\/www.hiperbaric.com\/es\/trabaja-con-nosotros\/\" \/>\n<meta property=\"og:site_name\" content=\"Hiperbaric\" \/>\n<meta property=\"article:modified_time\" content=\"2025-04-24T12:34:44+00:00\" \/>\n<meta property=\"og:image\" content=\"https:\/\/www.hiperbaric.com\/wp-content\/uploads\/2019\/08\/Manufacturing-5.jpg\" \/>\n<meta name=\"twitter:card\" content=\"summary_large_image\" \/>\n<meta name=\"twitter:label1\" content=\"Tiempo de lectura\" \/>\n\t<meta name=\"twitter:data1\" content=\"3 minutos\" \/>\n<script type=\"application\/ld+json\" class=\"yoast-schema-graph\">{\"@context\":\"https:\/\/schema.org\",\"@graph\":[{\"@type\":\"WebPage\",\"@id\":\"https:\/\/www.hiperbaric.com\/es\/trabaja-con-nosotros\/\",\"url\":\"https:\/\/www.hiperbaric.com\/es\/trabaja-con-nosotros\/\",\"name\":\"Trabaja con nosotros - Hiperbaric\",\"isPartOf\":{\"@id\":\"https:\/\/www.hiperbaric.com\/en\/#website\"},\"primaryImageOfPage\":{\"@id\":\"https:\/\/www.hiperbaric.com\/es\/trabaja-con-nosotros\/#primaryimage\"},\"image\":{\"@id\":\"https:\/\/www.hiperbaric.com\/es\/trabaja-con-nosotros\/#primaryimage\"},\"thumbnailUrl\":\"https:\/\/www.hiperbaric.com\/wp-content\/uploads\/2019\/08\/Manufacturing-5.jpg\",\"datePublished\":\"2019-06-05T11:42:15+00:00\",\"dateModified\":\"2025-04-24T12:34:44+00:00\",\"breadcrumb\":{\"@id\":\"https:\/\/www.hiperbaric.com\/es\/trabaja-con-nosotros\/#breadcrumb\"},\"inLanguage\":\"es\",\"potentialAction\":[{\"@type\":\"ReadAction\",\"target\":[\"https:\/\/www.hiperbaric.com\/es\/trabaja-con-nosotros\/\"]}]},{\"@type\":\"ImageObject\",\"inLanguage\":\"es\",\"@id\":\"https:\/\/www.hiperbaric.com\/es\/trabaja-con-nosotros\/#primaryimage\",\"url\":\"https:\/\/www.hiperbaric.com\/wp-content\/uploads\/2019\/08\/Manufacturing-5.jpg\",\"contentUrl\":\"https:\/\/www.hiperbaric.com\/wp-content\/uploads\/2019\/08\/Manufacturing-5.jpg\"},{\"@type\":\"BreadcrumbList\",\"@id\":\"https:\/\/www.hiperbaric.com\/es\/trabaja-con-nosotros\/#breadcrumb\",\"itemListElement\":[{\"@type\":\"ListItem\",\"position\":1,\"name\":\"Home\",\"item\":\"https:\/\/www.hiperbaric.com\/es\/\"},{\"@type\":\"ListItem\",\"position\":2,\"name\":\"Trabaja con nosotros\"}]},{\"@type\":\"WebSite\",\"@id\":\"https:\/\/www.hiperbaric.com\/en\/#website\",\"url\":\"https:\/\/www.hiperbaric.com\/en\/\",\"name\":\"Hiperbaric\",\"description\":\"Procesado para la conservaci\u00f3n de alimentos\",\"publisher\":{\"@id\":\"https:\/\/www.hiperbaric.com\/en\/#organization\"},\"potentialAction\":[{\"@type\":\"SearchAction\",\"target\":{\"@type\":\"EntryPoint\",\"urlTemplate\":\"https:\/\/www.hiperbaric.com\/en\/?s={search_term_string}\"},\"query-input\":\"required name=search_term_string\"}],\"inLanguage\":\"es\"},{\"@type\":\"Organization\",\"@id\":\"https:\/\/www.hiperbaric.com\/en\/#organization\",\"name\":\"Hiperbaric\",\"url\":\"https:\/\/www.hiperbaric.com\/en\/\",\"logo\":{\"@type\":\"ImageObject\",\"inLanguage\":\"es\",\"@id\":\"https:\/\/www.hiperbaric.com\/en\/#\/schema\/logo\/image\/\",\"url\":\"https:\/\/www.hiperbaric.com\/wp-content\/uploads\/2026\/01\/cropped-hiperbaric-logotipo-1-2.png\",\"contentUrl\":\"https:\/\/www.hiperbaric.com\/wp-content\/uploads\/2026\/01\/cropped-hiperbaric-logotipo-1-2.png\",\"width\":340,\"height\":72,\"caption\":\"Hiperbaric\"},\"image\":{\"@id\":\"https:\/\/www.hiperbaric.com\/en\/#\/schema\/logo\/image\/\"}}]}<\/script>\n<!-- \/ Yoast SEO plugin. -->","yoast_head_json":{"title":"Trabaja con nosotros - Hiperbaric","robots":{"index":"index","follow":"follow","max-snippet":"max-snippet:-1","max-image-preview":"max-image-preview:large","max-video-preview":"max-video-preview:-1"},"canonical":"https:\/\/www.hiperbaric.com\/es\/trabaja-con-nosotros\/","og_locale":"es_ES","og_type":"article","og_title":"Trabaja con nosotros - Hiperbaric","og_description":"&nbsp; La raz\u00f3n de ser de Hiperbaric son las personas, fomentamos su futuro con nosotros ofreciendo oportunidades de crecimiento profesional, formaci\u00f3n, horario flexible y beneficios sociales. Contamos con un amplio plan de formaci\u00f3n para que nuestras personas mejoren en su desempe\u00f1o, actualicen sus conocimientos y desarrollen sus capacidades. M\u00e1s de la mitad de la plantilla...","og_url":"https:\/\/www.hiperbaric.com\/es\/trabaja-con-nosotros\/","og_site_name":"Hiperbaric","article_modified_time":"2025-04-24T12:34:44+00:00","og_image":[{"url":"https:\/\/www.hiperbaric.com\/wp-content\/uploads\/2019\/08\/Manufacturing-5.jpg"}],"twitter_card":"summary_large_image","twitter_misc":{"Tiempo de lectura":"3 minutos"},"schema":{"@context":"https:\/\/schema.org","@graph":[{"@type":"WebPage","@id":"https:\/\/www.hiperbaric.com\/es\/trabaja-con-nosotros\/","url":"https:\/\/www.hiperbaric.com\/es\/trabaja-con-nosotros\/","name":"Trabaja con nosotros - Hiperbaric","isPartOf":{"@id":"https:\/\/www.hiperbaric.com\/en\/#website"},"primaryImageOfPage":{"@id":"https:\/\/www.hiperbaric.com\/es\/trabaja-con-nosotros\/#primaryimage"},"image":{"@id":"https:\/\/www.hiperbaric.com\/es\/trabaja-con-nosotros\/#primaryimage"},"thumbnailUrl":"https:\/\/www.hiperbaric.com\/wp-content\/uploads\/2019\/08\/Manufacturing-5.jpg","datePublished":"2019-06-05T11:42:15+00:00","dateModified":"2025-04-24T12:34:44+00:00","breadcrumb":{"@id":"https:\/\/www.hiperbaric.com\/es\/trabaja-con-nosotros\/#breadcrumb"},"inLanguage":"es","potentialAction":[{"@type":"ReadAction","target":["https:\/\/www.hiperbaric.com\/es\/trabaja-con-nosotros\/"]}]},{"@type":"ImageObject","inLanguage":"es","@id":"https:\/\/www.hiperbaric.com\/es\/trabaja-con-nosotros\/#primaryimage","url":"https:\/\/www.hiperbaric.com\/wp-content\/uploads\/2019\/08\/Manufacturing-5.jpg","contentUrl":"https:\/\/www.hiperbaric.com\/wp-content\/uploads\/2019\/08\/Manufacturing-5.jpg"},{"@type":"BreadcrumbList","@id":"https:\/\/www.hiperbaric.com\/es\/trabaja-con-nosotros\/#breadcrumb","itemListElement":[{"@type":"ListItem","position":1,"name":"Home","item":"https:\/\/www.hiperbaric.com\/es\/"},{"@type":"ListItem","position":2,"name":"Trabaja con nosotros"}]},{"@type":"WebSite","@id":"https:\/\/www.hiperbaric.com\/en\/#website","url":"https:\/\/www.hiperbaric.com\/en\/","name":"Hiperbaric","description":"Procesado para la conservaci\u00f3n de alimentos","publisher":{"@id":"https:\/\/www.hiperbaric.com\/en\/#organization"},"potentialAction":[{"@type":"SearchAction","target":{"@type":"EntryPoint","urlTemplate":"https:\/\/www.hiperbaric.com\/en\/?s={search_term_string}"},"query-input":"required name=search_term_string"}],"inLanguage":"es"},{"@type":"Organization","@id":"https:\/\/www.hiperbaric.com\/en\/#organization","name":"Hiperbaric","url":"https:\/\/www.hiperbaric.com\/en\/","logo":{"@type":"ImageObject","inLanguage":"es","@id":"https:\/\/www.hiperbaric.com\/en\/#\/schema\/logo\/image\/","url":"https:\/\/www.hiperbaric.com\/wp-content\/uploads\/2026\/01\/cropped-hiperbaric-logotipo-1-2.png","contentUrl":"https:\/\/www.hiperbaric.com\/wp-content\/uploads\/2026\/01\/cropped-hiperbaric-logotipo-1-2.png","width":340,"height":72,"caption":"Hiperbaric"},"image":{"@id":"https:\/\/www.hiperbaric.com\/en\/#\/schema\/logo\/image\/"}}]}},"_links":{"self":[{"href":"https:\/\/www.hiperbaric.com\/es\/wp-json\/wp\/v2\/pages\/17938"}],"collection":[{"href":"https:\/\/www.hiperbaric.com\/es\/wp-json\/wp\/v2\/pages"}],"about":[{"href":"https:\/\/www.hiperbaric.com\/es\/wp-json\/wp\/v2\/types\/page"}],"author":[{"embeddable":true,"href":"https:\/\/www.hiperbaric.com\/es\/wp-json\/wp\/v2\/users\/1"}],"replies":[{"embeddable":true,"href":"https:\/\/www.hiperbaric.com\/es\/wp-json\/wp\/v2\/comments?post=17938"}],"version-history":[{"count":2,"href":"https:\/\/www.hiperbaric.com\/es\/wp-json\/wp\/v2\/pages\/17938\/revisions"}],"predecessor-version":[{"id":62805,"href":"https:\/\/www.hiperbaric.com\/es\/wp-json\/wp\/v2\/pages\/17938\/revisions\/62805"}],"wp:attachment":[{"href":"https:\/\/www.hiperbaric.com\/es\/wp-json\/wp\/v2\/media?parent=17938"}],"curies":[{"name":"wp","href":"https:\/\/api.w.org\/{rel}","templated":true}]}}