{"id":17881,"date":"2019-05-17T09:45:12","date_gmt":"2019-05-17T07:45:12","guid":{"rendered":"https:\/\/www.hiperbaric.com\/?page_id=17881"},"modified":"2022-10-19T14:01:16","modified_gmt":"2022-10-19T12:01:16","slug":"aviso-legal","status":"publish","type":"page","link":"https:\/\/www.hiperbaric.com\/es\/aviso-legal\/","title":{"rendered":"Aviso Legal"},"content":{"rendered":"\r\n\r\n\t[nuestrosClientes]\r\n\t<h3>Condiciones Generales<\/h3>\r\n<p>En cumplimiento de la Ley 34\/2002, de 11 de julio, de Servicios de la Sociedad de la Informaci\u00f3n y de Comercio Electr\u00f3nico (en adelante LSSI), le informamos que Hiperbaric, S.A., es el titular de la p\u00e1gina web www.hiperbaric.com.<\/p>\r\n<p><b>Datos del titular:<\/b><\/p>\r\n<ul>\r\n<li>Denominaci\u00f3n social: Hiperbaric, S.A.<\/li>\r\n<li>NIF: A09016338<\/li>\r\n<li>Domicilio: Calle Condado de Trevi\u00f1o n\u00ba 6, 09001, Burgos<\/li>\r\n<li>Correo electr\u00f3nico: rrhh@hiperbaric.com<\/li>\r\n<li>Tel\u00e9fono: +34 947 473 874<\/li>\r\n<li>Datos de inscripci\u00f3n en el Registro Mercantil: Hoja BU-508 Tomo 222 Folio 29<\/li>\r\n<\/ul>\r\n<p>&nbsp;<\/p>\r\n<h3>Finalidad del sitio web y condiciones generales de uso<\/h3>\r\n<p>Hiperbaric pone a disposici\u00f3n de los usuarios de Internet el presente sitio web, con el fin de promocionar su propia imagen, proporcionar informaci\u00f3n sobre sus productos y servicios; as\u00ed como dar soporte a sus clientes.<\/p>\r\n<p>Las presentes condiciones generales de uso tienen por finalidad regular tanto la puesta a disposici\u00f3n de la informaci\u00f3n, como las relaciones entre Hiperbaric y los usuarios del portal. En el caso de que no est\u00e9 de acuerdo con someterse a las condiciones aqu\u00ed reflejadas, por favor, no haga uso de este sitio web.<\/p>\r\n<p>&nbsp;<\/p>\r\n<h3>Potestad de modificaci\u00f3n<\/h3>\r\n<p>Hiperbaric podr\u00e1 en todo momento, y sin previo aviso, modificar las presentes condiciones mediante la publicaci\u00f3n de dichas modificaciones en el sitio web con el fin de que puedan ser conocidas por los usuarios.<\/p>\r\n<p>&nbsp;<\/p>\r\n<h3>Propiedad intelectual e industrial<\/h3>\r\n<p>Todos los contenidos que se muestran en www.hiperbaric.com y, en especial, dise\u00f1os, textos, gr\u00e1ficos, logos, iconos, botones, software, nombres comerciales, marcas, dibujos industriales o cualesquiera otros signos susceptibles de utilizaci\u00f3n industrial y comercial, est\u00e1n sujetos a derechos de propiedad intelectual o industrial de Hiperbaric o, en su caso, de terceros titulares de los mismos que han autorizado debidamente su inclusi\u00f3n en el sitio web.<\/p>\r\n<p>En relaci\u00f3n con los contenidos del presente sitio web, en ning\u00fan caso se entender\u00e1 que se concede licencia alguna o que se efect\u00faa ninguna renuncia o transmisi\u00f3n de derechos -ni total ni parcial- en materia de propiedad intelectual e industrial.<\/p>\r\n<p>\u00danicamente se autoriza el establecimiento de enlaces\/links a la p\u00e1gina de inicio del sitio web www.hiperbaric.com. Se proh\u00edbe expresamente el empleo de t\u00e9cnicas de \u00abdeeplinking\u00bb u otras similares.<\/p>\r\n<p>Hiperbaric no asumir\u00e1 ninguna responsabilidad derivada del uso por terceros del contenido del sitio web, y podr\u00e1 ejercitar todas las acciones civiles o penales que le correspondan en caso de infracci\u00f3n de estos derechos por parte del usuario.<\/p>\r\n<p>&nbsp;<\/p>\r\n<h3>Confidencialidad<\/h3>\r\n<p>Cualquier informaci\u00f3n que sea enviada a Hiperbaric, cualquiera que sea su formato y soporte, ser\u00e1 tratado con absoluta confidencialidad y reserva.<\/p>\r\n<p>&nbsp;<\/p>\r\n<h3>Obligaciones del usuario<\/h3>\r\n<p>Con car\u00e1cter general, el usuario se obliga al cumplimiento de las presentes condiciones de uso y, en su caso, de las condiciones particulares que fueran de aplicaci\u00f3n, as\u00ed como a cumplir las especiales advertencias e instrucciones contenidas en las mismas o en cualquier otro lugar del sitio web, y a obrar siempre conforme a la ley, a las buenas costumbres y a las exigencias de la buena fe, empleando la diligencia adecuada a la naturaleza del servicio, absteni\u00e9ndose de utilizar el sitio web de cualquier forma que pueda impedir, da\u00f1ar o deteriorar el normal funcionamiento del mismo, los bienes o derechos de Hiperbaric, de sus proveedores, colaboradores, usuarios o, en general, cualquier tercero.<\/p>\r\n<p>El usuario se obliga, en la utilizaci\u00f3n de este sitio web, as\u00ed como en la prestaci\u00f3n de los servicios, con car\u00e1cter enunciativo y no limitativo, a:<\/p>\r\n<ul>\r\n<li>En caso de utilizaci\u00f3n de formularios, a proporcionar datos veraces.<\/li>\r\n<li>Custodiar adecuadamente las claves de acceso al \u00e1rea privada que puedan ser facilitadas por Hiperbaric, comprometi\u00e9ndose a no permitir su utilizaci\u00f3n por parte de terceros, asumiendo la responsabilidad por los da\u00f1os y perjuicios que pudieran derivarse de un uso indebido de las mismas. Igualmente, el usuario se compromete a comunicar a Hiperbaric, con la mayor rapidez, la p\u00e9rdida o robo de las claves, as\u00ed como cualquier riesgo de acceso a la informaci\u00f3n al sistema de acceso por parte de un tercero.<\/li>\r\n<li>No utilizar identidades falsas, ni suplantar la identidad de otros en la utilizaci\u00f3n del sitio web, incluyendo la utilizaci\u00f3n en su caso de contrase\u00f1as o claves de acceso de terceros o de cualquier otra forma.<\/li>\r\n<\/ul>\r\n<p>&nbsp;<\/p>\r\n<h3>Exclusiones de garant\u00edas y responsabilidad<\/h3>\r\n<p>El acceso al sitio web www.hiperbaric.com puede verse ocasionalmente suspendido o restringido para permitir reparaciones, tareas de mantenimiento o introducci\u00f3n de nuevas instalaciones o servicios. Hiperbaric invertir\u00e1 esfuerzos razonables para limitar la frecuencia y duraci\u00f3n de dicha suspensi\u00f3n o restricci\u00f3n. No obstante, podr\u00e1 suspender, retirar o cancelar parcial o totalmente los contenidos y servicios no sometidos a contrataci\u00f3n espec\u00edfica en cualquier momento y sin necesidad de previo aviso. La previsi\u00f3n anterior no afectar\u00e1 a aquellos servicios contratados espec\u00edficamente por usuarios registrados, que se regir\u00e1n por sus condiciones contractuales correspondientes.<\/p>\r\n<p>La conexi\u00f3n a internet, necesaria para acceder al servicio, no es en ning\u00fan caso suministrada por Hiperbaric. Se informa al usuario de que las comunicaciones de datos a trav\u00e9s de redes abiertas no son seguras, y que es responsabilidad del usuario adoptar todas las medidas t\u00e9cnicas adecuadas para controlar razonablemente los riesgos y evitar posibles da\u00f1os a sus equipos, p\u00e9rdida de datos y robo de informaci\u00f3n confidencial. A estos efectos, debe tener sistemas actualizados de detecci\u00f3n de software malicioso, as\u00ed como tener actualizados los parches de seguridad de los correspondientes navegadores que utilice. Para m\u00e1s informaci\u00f3n puede acudir a su Proveedor de Servicios de Acceso a Internet.<\/p>\r\n<p>Hiperbaric no se hace responsable de los perjuicios que se pudieran derivar de, con car\u00e1cter meramente enunciativo y no limitativo: (i) Inferencias, omisiones, interrupciones, virus inform\u00e1ticos, aver\u00edas y\/o desconexiones en el funcionamiento operativo de este sistema electr\u00f3nico o en los aparatos y equipos inform\u00e1ticos de los usuarios, motivadas por causas no imputables a Hiperbaric, que impidan o retrasen la prestaci\u00f3n de los servicios o la navegaci\u00f3n por el sistema; (ii) Retrasos o bloqueos en el uso causados por deficiencias o sobrecargas de internet o en otros sistemas electr\u00f3nicos; (iii) Que puedan ser causados por terceras personas mediante intromisiones no atribuibles a Hiperbaric; (iv) De la imposibilidad de prestar el servicio o permitir el acceso por causas no imputables a Hiperbaric, ya sean debidas al usuario, a terceros, o a supuestos de fuerza mayor.<\/p>\r\n<p>Los enlaces contenidos en este sitio web pueden dirigir a p\u00e1ginas web de terceros. Hiperbaric no asume ninguna responsabilidad derivada de la conexi\u00f3n, contenidos, informaciones o servicios que pudieran aparecer en dichos sitios, que tendr\u00e1n exclusivamente car\u00e1cter informativo y que en ning\u00fan caso implican relaci\u00f3n alguna entre Hiperbaric y las personas o entidades titulares de tales contenidos o titulares de los sitios donde se encuentren.<\/p>\r\n<p>&nbsp;<\/p>\r\n<h3>Legislaci\u00f3n aplicable y jurisdicci\u00f3n<\/h3>\r\n<p>Los t\u00e9rminos y condiciones que rigen este sitio web y todas las relaciones que pudieran derivarse se encuentran salvaguardados por la jurisdicci\u00f3n espa\u00f1ola. Para cualquier cuesti\u00f3n litigiosa derivada de la existencia, acceso, utilizaci\u00f3n o contenido de la web, tanto el usuario como Hiperbaric, con renuncia expresa a cualquier otro fuero que pudiera corresponderles, se someter\u00e1n a la jurisdicci\u00f3n y competencia exclusiva de los Juzgados y Tribunales de Burgos.<\/p>\r\n\r\n","protected":false},"excerpt":{"rendered":"<p>[nuestrosClientes] Condiciones Generales En cumplimiento de la Ley 34\/2002, de 11 de julio, de Servicios de la Sociedad de la Informaci\u00f3n y de Comercio Electr\u00f3nico (en adelante LSSI), le informamos que Hiperbaric, S.A., es el titular de la p\u00e1gina web www.hiperbaric.com. Datos del titular: Denominaci\u00f3n social: Hiperbaric, S.A. NIF: A09016338 Domicilio: Calle Condado de Trevi\u00f1o&#8230;<\/p>\n","protected":false},"author":1,"featured_media":0,"parent":0,"menu_order":0,"comment_status":"closed","ping_status":"closed","template":"","meta":{"om_disable_all_campaigns":false,"inline_featured_image":false,"_monsterinsights_skip_tracking":false,"_monsterinsights_sitenote_active":false,"_monsterinsights_sitenote_note":"","_monsterinsights_sitenote_category":0,"footnotes":"","_wp_rev_ctl_limit":""},"acf":[],"yoast_head":"<!-- This site is optimized with the Yoast SEO plugin v22.4 - https:\/\/yoast.com\/wordpress\/plugins\/seo\/ -->\n<title>Aviso Legal - Hiperbaric<\/title>\n<meta name=\"robots\" content=\"index, follow, max-snippet:-1, max-image-preview:large, max-video-preview:-1\" \/>\n<link rel=\"canonical\" href=\"https:\/\/www.hiperbaric.com\/es\/aviso-legal\/\" \/>\n<meta property=\"og:locale\" content=\"es_ES\" \/>\n<meta property=\"og:type\" content=\"article\" \/>\n<meta property=\"og:title\" content=\"Aviso Legal - Hiperbaric\" \/>\n<meta property=\"og:description\" content=\"[nuestrosClientes] Condiciones Generales En cumplimiento de la Ley 34\/2002, de 11 de julio, de Servicios de la Sociedad de la Informaci\u00f3n y de Comercio Electr\u00f3nico (en adelante LSSI), le informamos que Hiperbaric, S.A., es el titular de la p\u00e1gina web www.hiperbaric.com. Datos del titular: Denominaci\u00f3n social: Hiperbaric, S.A. NIF: A09016338 Domicilio: Calle Condado de Trevi\u00f1o...\" \/>\n<meta property=\"og:url\" content=\"https:\/\/www.hiperbaric.com\/es\/aviso-legal\/\" \/>\n<meta property=\"og:site_name\" content=\"Hiperbaric\" \/>\n<meta property=\"article:modified_time\" content=\"2022-10-19T12:01:16+00:00\" \/>\n<meta name=\"twitter:card\" content=\"summary_large_image\" \/>\n<meta name=\"twitter:label1\" content=\"Tiempo de lectura\" \/>\n\t<meta name=\"twitter:data1\" content=\"6 minutos\" \/>\n<script type=\"application\/ld+json\" class=\"yoast-schema-graph\">{\"@context\":\"https:\/\/schema.org\",\"@graph\":[{\"@type\":\"WebPage\",\"@id\":\"https:\/\/www.hiperbaric.com\/es\/aviso-legal\/\",\"url\":\"https:\/\/www.hiperbaric.com\/es\/aviso-legal\/\",\"name\":\"Aviso Legal - Hiperbaric\",\"isPartOf\":{\"@id\":\"https:\/\/www.hiperbaric.com\/en\/#website\"},\"datePublished\":\"2019-05-17T07:45:12+00:00\",\"dateModified\":\"2022-10-19T12:01:16+00:00\",\"breadcrumb\":{\"@id\":\"https:\/\/www.hiperbaric.com\/es\/aviso-legal\/#breadcrumb\"},\"inLanguage\":\"es\",\"potentialAction\":[{\"@type\":\"ReadAction\",\"target\":[\"https:\/\/www.hiperbaric.com\/es\/aviso-legal\/\"]}]},{\"@type\":\"BreadcrumbList\",\"@id\":\"https:\/\/www.hiperbaric.com\/es\/aviso-legal\/#breadcrumb\",\"itemListElement\":[{\"@type\":\"ListItem\",\"position\":1,\"name\":\"Home\",\"item\":\"https:\/\/www.hiperbaric.com\/es\/\"},{\"@type\":\"ListItem\",\"position\":2,\"name\":\"Aviso Legal\"}]},{\"@type\":\"WebSite\",\"@id\":\"https:\/\/www.hiperbaric.com\/en\/#website\",\"url\":\"https:\/\/www.hiperbaric.com\/en\/\",\"name\":\"Hiperbaric\",\"description\":\"Procesado para la conservaci\u00f3n de alimentos\",\"publisher\":{\"@id\":\"https:\/\/www.hiperbaric.com\/en\/#organization\"},\"potentialAction\":[{\"@type\":\"SearchAction\",\"target\":{\"@type\":\"EntryPoint\",\"urlTemplate\":\"https:\/\/www.hiperbaric.com\/en\/?s={search_term_string}\"},\"query-input\":\"required name=search_term_string\"}],\"inLanguage\":\"es\"},{\"@type\":\"Organization\",\"@id\":\"https:\/\/www.hiperbaric.com\/en\/#organization\",\"name\":\"Hiperbaric\",\"url\":\"https:\/\/www.hiperbaric.com\/en\/\",\"logo\":{\"@type\":\"ImageObject\",\"inLanguage\":\"es\",\"@id\":\"https:\/\/www.hiperbaric.com\/en\/#\/schema\/logo\/image\/\",\"url\":\"https:\/\/www.hiperbaric.com\/wp-content\/uploads\/2026\/01\/cropped-hiperbaric-logotipo-1-2.png\",\"contentUrl\":\"https:\/\/www.hiperbaric.com\/wp-content\/uploads\/2026\/01\/cropped-hiperbaric-logotipo-1-2.png\",\"width\":340,\"height\":72,\"caption\":\"Hiperbaric\"},\"image\":{\"@id\":\"https:\/\/www.hiperbaric.com\/en\/#\/schema\/logo\/image\/\"}}]}<\/script>\n<!-- \/ Yoast SEO plugin. -->","yoast_head_json":{"title":"Aviso Legal - Hiperbaric","robots":{"index":"index","follow":"follow","max-snippet":"max-snippet:-1","max-image-preview":"max-image-preview:large","max-video-preview":"max-video-preview:-1"},"canonical":"https:\/\/www.hiperbaric.com\/es\/aviso-legal\/","og_locale":"es_ES","og_type":"article","og_title":"Aviso Legal - Hiperbaric","og_description":"[nuestrosClientes] Condiciones Generales En cumplimiento de la Ley 34\/2002, de 11 de julio, de Servicios de la Sociedad de la Informaci\u00f3n y de Comercio Electr\u00f3nico (en adelante LSSI), le informamos que Hiperbaric, S.A., es el titular de la p\u00e1gina web www.hiperbaric.com. Datos del titular: Denominaci\u00f3n social: Hiperbaric, S.A. NIF: A09016338 Domicilio: Calle Condado de Trevi\u00f1o...","og_url":"https:\/\/www.hiperbaric.com\/es\/aviso-legal\/","og_site_name":"Hiperbaric","article_modified_time":"2022-10-19T12:01:16+00:00","twitter_card":"summary_large_image","twitter_misc":{"Tiempo de lectura":"6 minutos"},"schema":{"@context":"https:\/\/schema.org","@graph":[{"@type":"WebPage","@id":"https:\/\/www.hiperbaric.com\/es\/aviso-legal\/","url":"https:\/\/www.hiperbaric.com\/es\/aviso-legal\/","name":"Aviso Legal - Hiperbaric","isPartOf":{"@id":"https:\/\/www.hiperbaric.com\/en\/#website"},"datePublished":"2019-05-17T07:45:12+00:00","dateModified":"2022-10-19T12:01:16+00:00","breadcrumb":{"@id":"https:\/\/www.hiperbaric.com\/es\/aviso-legal\/#breadcrumb"},"inLanguage":"es","potentialAction":[{"@type":"ReadAction","target":["https:\/\/www.hiperbaric.com\/es\/aviso-legal\/"]}]},{"@type":"BreadcrumbList","@id":"https:\/\/www.hiperbaric.com\/es\/aviso-legal\/#breadcrumb","itemListElement":[{"@type":"ListItem","position":1,"name":"Home","item":"https:\/\/www.hiperbaric.com\/es\/"},{"@type":"ListItem","position":2,"name":"Aviso Legal"}]},{"@type":"WebSite","@id":"https:\/\/www.hiperbaric.com\/en\/#website","url":"https:\/\/www.hiperbaric.com\/en\/","name":"Hiperbaric","description":"Procesado para la conservaci\u00f3n de alimentos","publisher":{"@id":"https:\/\/www.hiperbaric.com\/en\/#organization"},"potentialAction":[{"@type":"SearchAction","target":{"@type":"EntryPoint","urlTemplate":"https:\/\/www.hiperbaric.com\/en\/?s={search_term_string}"},"query-input":"required name=search_term_string"}],"inLanguage":"es"},{"@type":"Organization","@id":"https:\/\/www.hiperbaric.com\/en\/#organization","name":"Hiperbaric","url":"https:\/\/www.hiperbaric.com\/en\/","logo":{"@type":"ImageObject","inLanguage":"es","@id":"https:\/\/www.hiperbaric.com\/en\/#\/schema\/logo\/image\/","url":"https:\/\/www.hiperbaric.com\/wp-content\/uploads\/2026\/01\/cropped-hiperbaric-logotipo-1-2.png","contentUrl":"https:\/\/www.hiperbaric.com\/wp-content\/uploads\/2026\/01\/cropped-hiperbaric-logotipo-1-2.png","width":340,"height":72,"caption":"Hiperbaric"},"image":{"@id":"https:\/\/www.hiperbaric.com\/en\/#\/schema\/logo\/image\/"}}]}},"_links":{"self":[{"href":"https:\/\/www.hiperbaric.com\/es\/wp-json\/wp\/v2\/pages\/17881"}],"collection":[{"href":"https:\/\/www.hiperbaric.com\/es\/wp-json\/wp\/v2\/pages"}],"about":[{"href":"https:\/\/www.hiperbaric.com\/es\/wp-json\/wp\/v2\/types\/page"}],"author":[{"embeddable":true,"href":"https:\/\/www.hiperbaric.com\/es\/wp-json\/wp\/v2\/users\/1"}],"replies":[{"embeddable":true,"href":"https:\/\/www.hiperbaric.com\/es\/wp-json\/wp\/v2\/comments?post=17881"}],"version-history":[{"count":2,"href":"https:\/\/www.hiperbaric.com\/es\/wp-json\/wp\/v2\/pages\/17881\/revisions"}],"predecessor-version":[{"id":39573,"href":"https:\/\/www.hiperbaric.com\/es\/wp-json\/wp\/v2\/pages\/17881\/revisions\/39573"}],"wp:attachment":[{"href":"https:\/\/www.hiperbaric.com\/es\/wp-json\/wp\/v2\/media?parent=17881"}],"curies":[{"name":"wp","href":"https:\/\/api.w.org\/{rel}","templated":true}]}}