{"id":17399,"date":"2019-05-02T10:31:00","date_gmt":"2019-05-02T08:31:00","guid":{"rendered":"https:\/\/www.hiperbaric.com\/?page_id=17399"},"modified":"2020-10-09T14:22:25","modified_gmt":"2020-10-09T12:22:25","slug":"hiperbaric-1050-bulk","status":"publish","type":"page","link":"https:\/\/www.hiperbaric.com\/es\/tecnologia-hpp\/equipos\/hpp-in-bulk\/hiperbaric-1050-bulk\/","title":{"rendered":"Hiperbaric 1050 Bulk"},"content":{"rendered":"<h1>\n\tHiperbaric 1050 Bulk\n\t<\/h1>\n<img decoding=\"async\" loading=\"lazy\" src=\"https:\/\/www.hiperbaric.com\/..\/..\/wp-content\/uploads\/2019\/07\/diameter_icon.png\" alt=\"\" width=\"480\" height=\"480\" \/>\n<p>Productividad litros\/hora [galones\/hora]<\/p>\n<p>8.000 [1.760]<\/p>\n<img decoding=\"async\" loading=\"lazy\" src=\"https:\/\/www.hiperbaric.com\/wp-content\/uploads\/2019\/07\/capacity_icon.png\" alt=\"\" width=\"480\" height=\"471\" \/>\n<p>Capacidad vasijas litros [US galones]<\/p>\n<p>1.050 [300]<\/p>\n   <section>\n      <img decoding=\"async\" src=\"\/wp-content\/uploads\/2019\/06\/hppInBulk-630x484.png\">\n      <img decoding=\"async\" src=\"\/wp-content\/uploads\/2019\/06\/HBulk.jpg\">\n      <img decoding=\"async\" src=\"\/wp-content\/uploads\/2018\/06\/bulk2.png\">\n      <img decoding=\"async\" src=\"\/wp-content\/uploads\/2019\/06\/HBulk.jpg\">\n   <\/section>\n<img decoding=\"async\" loading=\"lazy\" src=\"https:\/\/www.hiperbaric.com\/..\/..\/wp-content\/uploads\/2019\/07\/throughput_icon.png\" alt=\"\" width=\"437\" height=\"516\" \/>\n<p>Procesado a granel<\/p>\n<p>Antes del embotellado<\/p>\n<img decoding=\"async\" loading=\"lazy\" src=\"https:\/\/www.hiperbaric.com\/..\/..\/wp-content\/uploads\/2019\/07\/footprint_icon.png\" alt=\"\" width=\"480\" height=\"480\" \/>\n<p>Eficiencia de llenado de la vasija<\/p>\n<p>90%<\/p>\n\t<p><strong>Hiperbaric 1050 Bulk<\/strong> es el equipo de mayor capacidad del nuevo concepto innovador desarrollado por Hiperbaric para el procesado por alta presi\u00f3n de grandes vol\u00famenes de l\u00edquidos. Con este equipo \u00fanico en el mundo (pendiente de patente) los l\u00edquidos son procesados a granel antes de su embotellado.<\/p>\n\t<iframe loading=\"lazy\" width=\"860\" height=\"315\" src=\"https:\/\/www.youtube.com\/embed\/C765qAjg77o\" frameborder=\"0\" allow=\"accelerometer; autoplay; encrypted-media; gyroscope; picture-in-picture\" allowfullscreen><\/iframe>\n<h3>\n\tCaracter\u00edsticas principales de Hiperbaric 1050 Bulk\n\t<\/h3>\n\t<p><img decoding=\"async\" loading=\"lazy\" src=\"https:\/\/www.hiperbaric.com\/..\/..\/wp-content\/uploads\/2019\/06\/speedometer.png\" alt=\"\" width=\"64\" height=\"64\" \/><\/p>\n<p>Este nuevo modelo <strong>simplifica la producci\u00f3n<\/strong>, reduciendo etapas e <strong>incrementando la productividad <\/strong>de manera significativa. Su dise\u00f1o se basa en dos vasijas de 525 litros de volumen junto a un sistema de tanques donde el producto es almacenado antes y despu\u00e9s de su procesado por altas presiones, para ser posteriormente embotellado.<\/p>\n\t<p><strong><img decoding=\"async\" loading=\"lazy\" src=\"https:\/\/www.hiperbaric.com\/..\/..\/..\/..\/wp-content\/uploads\/2019\/06\/global-1.png\" alt=\"\" width=\"63\" height=\"63\" \/><\/strong><\/p>\n<p>Su <strong>capacidad de procesar m\u00e1s de 8.000 l\/h<\/strong>, lo convierte en el equipo HPP m\u00e1s productivo del mundo. Adem\u00e1s, reduce el coste de procesado, gracias al menor gasto energ\u00e9tico y a la automatizaci\u00f3n del proceso. Hiperbaric 1050 Bulk se ajusta f\u00e1cilmente a grandes l\u00edneas de producci\u00f3n de l\u00edquidos y permite el uso de cualquier tipo de envase, sin limitar el material, dise\u00f1o o tama\u00f1o.<\/p>\n\t<blockquote><p>El equipo HPP m\u00e1s grande y productivo del mundo para grandes vol\u00famenes de l\u00edquedos a granel<\/p><\/blockquote>\n\t<button>DESCARGAR FLYER GAMA IN-BULK<\/button>\n<h3>\n\tRealiza tu consulta\n\t<\/h3>\n\t<p><iframe loading=\"lazy\" src=\"https:\/\/forms.marketing.hiperbaric.com\/l\/881883\/2020-08-12\/7b1?Language=Spanish&#038;Business_line=HPP&#038;Source_text=Form%20Hiperbaric%201050%20Bulk%0A%0A%0A\" width=\"100%\" height=\"680\" frameborder=\"0\"><\/iframe><\/p>\n","protected":false},"excerpt":{"rendered":"<p>Hiperbaric 1050 Bulk Productividad litros\/hora [galones\/hora] 8.000 [1.760] Capacidad vasijas litros [US galones] 1.050 [300] Procesado a granel Antes del embotellado Eficiencia de llenado de la vasija 90% Hiperbaric 1050 Bulk es el equipo de mayor capacidad del nuevo concepto innovador desarrollado por Hiperbaric para el procesado por alta presi\u00f3n de grandes vol\u00famenes de l\u00edquidos&#8230;.<\/p>\n","protected":false},"author":1,"featured_media":0,"parent":20481,"menu_order":0,"comment_status":"closed","ping_status":"closed","template":"","meta":{"om_disable_all_campaigns":false,"inline_featured_image":false,"_monsterinsights_skip_tracking":false,"_monsterinsights_sitenote_active":false,"_monsterinsights_sitenote_note":"","_monsterinsights_sitenote_category":0,"footnotes":"","_wp_rev_ctl_limit":""},"acf":[],"yoast_head":"<!-- This site is optimized with the Yoast SEO plugin v22.4 - https:\/\/yoast.com\/wordpress\/plugins\/seo\/ -->\n<title>Hiperbaric 1050 Bulk - Hiperbaric<\/title>\n<meta name=\"robots\" content=\"index, follow, max-snippet:-1, max-image-preview:large, max-video-preview:-1\" \/>\n<link rel=\"canonical\" href=\"https:\/\/www.hiperbaric.com\/es\/tecnologia-hpp\/equipos\/hpp-in-bulk\/hiperbaric-1050-bulk\/\" \/>\n<meta property=\"og:locale\" content=\"es_ES\" \/>\n<meta property=\"og:type\" content=\"article\" \/>\n<meta property=\"og:title\" content=\"Hiperbaric 1050 Bulk - Hiperbaric\" \/>\n<meta property=\"og:description\" content=\"Hiperbaric 1050 Bulk Productividad litros\/hora [galones\/hora] 8.000 [1.760] Capacidad vasijas litros [US galones] 1.050 [300] Procesado a granel Antes del embotellado Eficiencia de llenado de la vasija 90% Hiperbaric 1050 Bulk es el equipo de mayor capacidad del nuevo concepto innovador desarrollado por Hiperbaric para el procesado por alta presi\u00f3n de grandes vol\u00famenes de l\u00edquidos....\" \/>\n<meta property=\"og:url\" content=\"https:\/\/www.hiperbaric.com\/es\/tecnologia-hpp\/equipos\/hpp-in-bulk\/hiperbaric-1050-bulk\/\" \/>\n<meta property=\"og:site_name\" content=\"Hiperbaric\" \/>\n<meta property=\"article:modified_time\" content=\"2020-10-09T12:22:25+00:00\" \/>\n<meta property=\"og:image\" content=\"https:\/\/www.hiperbaric.com\/..\/..\/wp-content\/uploads\/2019\/07\/diameter_icon.png\" \/>\n<meta name=\"twitter:card\" content=\"summary_large_image\" \/>\n<meta name=\"twitter:label1\" content=\"Tiempo de lectura\" \/>\n\t<meta name=\"twitter:data1\" content=\"1 minuto\" \/>\n<script type=\"application\/ld+json\" class=\"yoast-schema-graph\">{\"@context\":\"https:\/\/schema.org\",\"@graph\":[{\"@type\":\"WebPage\",\"@id\":\"https:\/\/www.hiperbaric.com\/es\/tecnologia-hpp\/equipos\/hpp-in-bulk\/hiperbaric-1050-bulk\/\",\"url\":\"https:\/\/www.hiperbaric.com\/es\/tecnologia-hpp\/equipos\/hpp-in-bulk\/hiperbaric-1050-bulk\/\",\"name\":\"Hiperbaric 1050 Bulk - Hiperbaric\",\"isPartOf\":{\"@id\":\"https:\/\/www.hiperbaric.com\/en\/#website\"},\"primaryImageOfPage\":{\"@id\":\"https:\/\/www.hiperbaric.com\/es\/tecnologia-hpp\/equipos\/hpp-in-bulk\/hiperbaric-1050-bulk\/#primaryimage\"},\"image\":{\"@id\":\"https:\/\/www.hiperbaric.com\/es\/tecnologia-hpp\/equipos\/hpp-in-bulk\/hiperbaric-1050-bulk\/#primaryimage\"},\"thumbnailUrl\":\"https:\/\/www.hiperbaric.com\/..\/..\/wp-content\/uploads\/2019\/07\/diameter_icon.png\",\"datePublished\":\"2019-05-02T08:31:00+00:00\",\"dateModified\":\"2020-10-09T12:22:25+00:00\",\"breadcrumb\":{\"@id\":\"https:\/\/www.hiperbaric.com\/es\/tecnologia-hpp\/equipos\/hpp-in-bulk\/hiperbaric-1050-bulk\/#breadcrumb\"},\"inLanguage\":\"es\",\"potentialAction\":[{\"@type\":\"ReadAction\",\"target\":[\"https:\/\/www.hiperbaric.com\/es\/tecnologia-hpp\/equipos\/hpp-in-bulk\/hiperbaric-1050-bulk\/\"]}]},{\"@type\":\"ImageObject\",\"inLanguage\":\"es\",\"@id\":\"https:\/\/www.hiperbaric.com\/es\/tecnologia-hpp\/equipos\/hpp-in-bulk\/hiperbaric-1050-bulk\/#primaryimage\",\"url\":\"https:\/\/www.hiperbaric.com\/..\/..\/wp-content\/uploads\/2019\/07\/diameter_icon.png\",\"contentUrl\":\"https:\/\/www.hiperbaric.com\/..\/..\/wp-content\/uploads\/2019\/07\/diameter_icon.png\"},{\"@type\":\"BreadcrumbList\",\"@id\":\"https:\/\/www.hiperbaric.com\/es\/tecnologia-hpp\/equipos\/hpp-in-bulk\/hiperbaric-1050-bulk\/#breadcrumb\",\"itemListElement\":[{\"@type\":\"ListItem\",\"position\":1,\"name\":\"Home\",\"item\":\"https:\/\/www.hiperbaric.com\/es\/\"},{\"@type\":\"ListItem\",\"position\":2,\"name\":\"Tecnolog\u00eda HPP\",\"item\":\"https:\/\/www.hiperbaric.com\/es\/tecnologia-hpp\/\"},{\"@type\":\"ListItem\",\"position\":3,\"name\":\"Equipos\",\"item\":\"https:\/\/www.hiperbaric.com\/es\/tecnologia-hpp\/equipos\/\"},{\"@type\":\"ListItem\",\"position\":4,\"name\":\"HPP In-Bulk\",\"item\":\"https:\/\/www.hiperbaric.com\/es\/tecnologia-hpp\/equipos\/hpp-in-bulk\/\"},{\"@type\":\"ListItem\",\"position\":5,\"name\":\"Hiperbaric 1050 Bulk\"}]},{\"@type\":\"WebSite\",\"@id\":\"https:\/\/www.hiperbaric.com\/en\/#website\",\"url\":\"https:\/\/www.hiperbaric.com\/en\/\",\"name\":\"Hiperbaric\",\"description\":\"Procesado para la conservaci\u00f3n de alimentos\",\"publisher\":{\"@id\":\"https:\/\/www.hiperbaric.com\/en\/#organization\"},\"potentialAction\":[{\"@type\":\"SearchAction\",\"target\":{\"@type\":\"EntryPoint\",\"urlTemplate\":\"https:\/\/www.hiperbaric.com\/en\/?s={search_term_string}\"},\"query-input\":\"required name=search_term_string\"}],\"inLanguage\":\"es\"},{\"@type\":\"Organization\",\"@id\":\"https:\/\/www.hiperbaric.com\/en\/#organization\",\"name\":\"Hiperbaric\",\"url\":\"https:\/\/www.hiperbaric.com\/en\/\",\"logo\":{\"@type\":\"ImageObject\",\"inLanguage\":\"es\",\"@id\":\"https:\/\/www.hiperbaric.com\/en\/#\/schema\/logo\/image\/\",\"url\":\"https:\/\/www.hiperbaric.com\/wp-content\/uploads\/2026\/01\/cropped-hiperbaric-logotipo-1-2.png\",\"contentUrl\":\"https:\/\/www.hiperbaric.com\/wp-content\/uploads\/2026\/01\/cropped-hiperbaric-logotipo-1-2.png\",\"width\":340,\"height\":72,\"caption\":\"Hiperbaric\"},\"image\":{\"@id\":\"https:\/\/www.hiperbaric.com\/en\/#\/schema\/logo\/image\/\"}}]}<\/script>\n<!-- \/ Yoast SEO plugin. -->","yoast_head_json":{"title":"Hiperbaric 1050 Bulk - Hiperbaric","robots":{"index":"index","follow":"follow","max-snippet":"max-snippet:-1","max-image-preview":"max-image-preview:large","max-video-preview":"max-video-preview:-1"},"canonical":"https:\/\/www.hiperbaric.com\/es\/tecnologia-hpp\/equipos\/hpp-in-bulk\/hiperbaric-1050-bulk\/","og_locale":"es_ES","og_type":"article","og_title":"Hiperbaric 1050 Bulk - Hiperbaric","og_description":"Hiperbaric 1050 Bulk Productividad litros\/hora [galones\/hora] 8.000 [1.760] Capacidad vasijas litros [US galones] 1.050 [300] Procesado a granel Antes del embotellado Eficiencia de llenado de la vasija 90% Hiperbaric 1050 Bulk es el equipo de mayor capacidad del nuevo concepto innovador desarrollado por Hiperbaric para el procesado por alta presi\u00f3n de grandes vol\u00famenes de l\u00edquidos....","og_url":"https:\/\/www.hiperbaric.com\/es\/tecnologia-hpp\/equipos\/hpp-in-bulk\/hiperbaric-1050-bulk\/","og_site_name":"Hiperbaric","article_modified_time":"2020-10-09T12:22:25+00:00","og_image":[{"url":"https:\/\/www.hiperbaric.com\/..\/..\/wp-content\/uploads\/2019\/07\/diameter_icon.png"}],"twitter_card":"summary_large_image","twitter_misc":{"Tiempo de lectura":"1 minuto"},"schema":{"@context":"https:\/\/schema.org","@graph":[{"@type":"WebPage","@id":"https:\/\/www.hiperbaric.com\/es\/tecnologia-hpp\/equipos\/hpp-in-bulk\/hiperbaric-1050-bulk\/","url":"https:\/\/www.hiperbaric.com\/es\/tecnologia-hpp\/equipos\/hpp-in-bulk\/hiperbaric-1050-bulk\/","name":"Hiperbaric 1050 Bulk - Hiperbaric","isPartOf":{"@id":"https:\/\/www.hiperbaric.com\/en\/#website"},"primaryImageOfPage":{"@id":"https:\/\/www.hiperbaric.com\/es\/tecnologia-hpp\/equipos\/hpp-in-bulk\/hiperbaric-1050-bulk\/#primaryimage"},"image":{"@id":"https:\/\/www.hiperbaric.com\/es\/tecnologia-hpp\/equipos\/hpp-in-bulk\/hiperbaric-1050-bulk\/#primaryimage"},"thumbnailUrl":"https:\/\/www.hiperbaric.com\/..\/..\/wp-content\/uploads\/2019\/07\/diameter_icon.png","datePublished":"2019-05-02T08:31:00+00:00","dateModified":"2020-10-09T12:22:25+00:00","breadcrumb":{"@id":"https:\/\/www.hiperbaric.com\/es\/tecnologia-hpp\/equipos\/hpp-in-bulk\/hiperbaric-1050-bulk\/#breadcrumb"},"inLanguage":"es","potentialAction":[{"@type":"ReadAction","target":["https:\/\/www.hiperbaric.com\/es\/tecnologia-hpp\/equipos\/hpp-in-bulk\/hiperbaric-1050-bulk\/"]}]},{"@type":"ImageObject","inLanguage":"es","@id":"https:\/\/www.hiperbaric.com\/es\/tecnologia-hpp\/equipos\/hpp-in-bulk\/hiperbaric-1050-bulk\/#primaryimage","url":"https:\/\/www.hiperbaric.com\/..\/..\/wp-content\/uploads\/2019\/07\/diameter_icon.png","contentUrl":"https:\/\/www.hiperbaric.com\/..\/..\/wp-content\/uploads\/2019\/07\/diameter_icon.png"},{"@type":"BreadcrumbList","@id":"https:\/\/www.hiperbaric.com\/es\/tecnologia-hpp\/equipos\/hpp-in-bulk\/hiperbaric-1050-bulk\/#breadcrumb","itemListElement":[{"@type":"ListItem","position":1,"name":"Home","item":"https:\/\/www.hiperbaric.com\/es\/"},{"@type":"ListItem","position":2,"name":"Tecnolog\u00eda HPP","item":"https:\/\/www.hiperbaric.com\/es\/tecnologia-hpp\/"},{"@type":"ListItem","position":3,"name":"Equipos","item":"https:\/\/www.hiperbaric.com\/es\/tecnologia-hpp\/equipos\/"},{"@type":"ListItem","position":4,"name":"HPP In-Bulk","item":"https:\/\/www.hiperbaric.com\/es\/tecnologia-hpp\/equipos\/hpp-in-bulk\/"},{"@type":"ListItem","position":5,"name":"Hiperbaric 1050 Bulk"}]},{"@type":"WebSite","@id":"https:\/\/www.hiperbaric.com\/en\/#website","url":"https:\/\/www.hiperbaric.com\/en\/","name":"Hiperbaric","description":"Procesado para la conservaci\u00f3n de alimentos","publisher":{"@id":"https:\/\/www.hiperbaric.com\/en\/#organization"},"potentialAction":[{"@type":"SearchAction","target":{"@type":"EntryPoint","urlTemplate":"https:\/\/www.hiperbaric.com\/en\/?s={search_term_string}"},"query-input":"required name=search_term_string"}],"inLanguage":"es"},{"@type":"Organization","@id":"https:\/\/www.hiperbaric.com\/en\/#organization","name":"Hiperbaric","url":"https:\/\/www.hiperbaric.com\/en\/","logo":{"@type":"ImageObject","inLanguage":"es","@id":"https:\/\/www.hiperbaric.com\/en\/#\/schema\/logo\/image\/","url":"https:\/\/www.hiperbaric.com\/wp-content\/uploads\/2026\/01\/cropped-hiperbaric-logotipo-1-2.png","contentUrl":"https:\/\/www.hiperbaric.com\/wp-content\/uploads\/2026\/01\/cropped-hiperbaric-logotipo-1-2.png","width":340,"height":72,"caption":"Hiperbaric"},"image":{"@id":"https:\/\/www.hiperbaric.com\/en\/#\/schema\/logo\/image\/"}}]}},"_links":{"self":[{"href":"https:\/\/www.hiperbaric.com\/es\/wp-json\/wp\/v2\/pages\/17399"}],"collection":[{"href":"https:\/\/www.hiperbaric.com\/es\/wp-json\/wp\/v2\/pages"}],"about":[{"href":"https:\/\/www.hiperbaric.com\/es\/wp-json\/wp\/v2\/types\/page"}],"author":[{"embeddable":true,"href":"https:\/\/www.hiperbaric.com\/es\/wp-json\/wp\/v2\/users\/1"}],"replies":[{"embeddable":true,"href":"https:\/\/www.hiperbaric.com\/es\/wp-json\/wp\/v2\/comments?post=17399"}],"version-history":[{"count":0,"href":"https:\/\/www.hiperbaric.com\/es\/wp-json\/wp\/v2\/pages\/17399\/revisions"}],"up":[{"embeddable":true,"href":"https:\/\/www.hiperbaric.com\/es\/wp-json\/wp\/v2\/pages\/20481"}],"wp:attachment":[{"href":"https:\/\/www.hiperbaric.com\/es\/wp-json\/wp\/v2\/media?parent=17399"}],"curies":[{"name":"wp","href":"https:\/\/api.w.org\/{rel}","templated":true}]}}