{"id":11412,"date":"2016-12-05T16:27:47","date_gmt":"2016-12-05T15:27:47","guid":{"rendered":"https:\/\/nex.vamtam.com\/?page_id=11412"},"modified":"2025-09-02T09:43:56","modified_gmt":"2025-09-02T07:43:56","slug":"contacto","status":"publish","type":"page","link":"https:\/\/www.hiperbaric.com\/es\/contacto\/","title":{"rendered":"Contacto"},"content":{"rendered":"\n<h3>\n\tTecnolog\u00eda de Procesado por Altas Presiones (HPP)\n\t<\/h3>\n\t\t\t\t<img decoding=\"async\" loading=\"lazy\" src=\"https:\/\/www.hiperbaric.com\/wp-content\/uploads\/2022\/10\/Productos-HPP-1.jpg\" alt=\"Productos-HPP\" itemprop=\"image\" height=\"5993\" width=\"10667\" title=\"Productos HPP\" onerror=\"this.style.display='none'\"  \/>\n<h3>\n\tContacto para procesos HPP y aplicaciones alimentarias, bebidas y farmac\u00e9utica\n\t<\/h3>\n\t<p><iframe loading=\"lazy\" src=\"https:\/\/forms.marketing.hiperbaric.com\/l\/881883\/2020-08-12\/7b1?Language=Spanish&amp;Business_line=HPP&amp;Source_text=Form%20Contact%20us%20page \" width=\"100%\" height=\"680\" frameborder=\"0\"><\/iframe><\/p>\n<h3>\n\tTecnolog\u00eda de Prensado Isost\u00e1tico en Caliente (HIP)\n\t<\/h3>\n\t\t\t\t<img decoding=\"async\" loading=\"lazy\" src=\"https:\/\/www.hiperbaric.com\/wp-content\/uploads\/2020\/08\/Tecnolog\u00eda-HIP-scaled.jpeg\" alt=\"Man is holding object printed on metal 3d printer. Object printed in laser sintering machine. Modern 3D printer printing from metal powder. Progressive additive DMLS, SLM, SLS 3d printing technology\" itemprop=\"image\" height=\"1438\" width=\"2560\" title=\"Man is holding object printed on metal 3d printer.\" onerror=\"this.style.display='none'\"  \/>\n<h3>\n\tContacto para aplicaciones HIP para postprocesado de materiales\n\t<\/h3>\n\t<p><iframe loading=\"lazy\" src=\"https:\/\/forms.marketing.hiperbaric.com\/l\/881883\/2020-08-24\/d2k?Language=Spanish&amp;Business_line=HIP&amp;Source_text=Form%20Contact%20us%20page\" width=\"100%\" height=\"680\" frameborder=\"0\"><\/iframe><\/p>\n<h3>\n\tTecnolog\u00eda de Compresi\u00f3n de Hidr\u00f3geno (H<sub>2<\/sub>)\n\t<\/h3>\n\t\t\t\t<img decoding=\"async\" loading=\"lazy\" src=\"https:\/\/www.hiperbaric.com\/wp-content\/uploads\/2022\/10\/Grupo-compresor-de-hidrogeno-de-Hiperbaric-1.jpg\" alt=\"Grupo-compresor-de-hidr\u00f3geno-de-Hiperbaric\" itemprop=\"image\" height=\"5993\" width=\"10667\" title=\"Grupo compresor de hidr\u00f3geno de Hiperbaric\" onerror=\"this.style.display='none'\"  \/>\n<h3>\n\tContacto para procesos y aplicaciones para compresi\u00f3n de H<sub>2<\/sub>\n\t<\/h3>\n\t<p><iframe loading=\"lazy\" src=\"https:\/\/forms.marketing.hiperbaric.com\/l\/881883\/2021-03-17\/3h4yr?Language=Spanish&amp;Business_line=H2&amp;Source_text=Form%20Contact%20us%20page\" width=\"100%\" height=\"680\" frameborder=\"0\"><\/iframe><\/p>\n\t<p><sup>Si quiere contactar por tel\u00e9fono con la l\u00ednea de negocio de Prensado Isost\u00e1tico en Caliente (HIP), puede hacerlo con la sede central de Hiperbaric en Espa\u00f1a.<\/sup><\/p>\n\t<h2>Nuestras oficinas en el mundo<\/h2>\n<h3>\n\tEuropa &#8211; Sede Central de Hiperbaric\n\t<\/h3>\n\t<p>Hiperbaric SA<\/p>\n<p>C\/ Condado de Trevi\u00f1o, 6. 09001.<\/p>\n<p>BURGOS, Espa\u00f1a<\/p>\n<p><a href=\"tel: +34 947 473 874\"><img decoding=\"async\" src=\"\/wp-content\/uploads\/2020\/11\/phone-icon.png\" \/>\u00a0+34 947 473 874<\/a><\/p>\n<h3>\n\tAsia &#8211; China\n\t<\/h3>\n\t<p>Hiperbaric Machinery Equipment (Shanghai) Co., Ltd.<\/p>\nPart A233, Building No.3 &#8211; 526<br \/>\nFute 3rd Road East Pilot Free Trade Zone\n<p>Shanghai &#8211; 200131<\/p>\n<p><a href=\"tel: +65 984 890 87\"><img decoding=\"async\" src=\"\/wp-content\/uploads\/2020\/11\/mobile-icon.png\" \/><\/a> +86 195 2623 3945<\/p>\n<h3>\n\tAm\u00e9rica\n\t<\/h3>\n\t<p>Hiperbaric USA<\/p>\n2250 NW 84th Ave Unit 101,<br \/>\nMiami, FL 33122\n<p><a href=\"tel: +1-305-639-9770\"><img decoding=\"async\" src=\"\/wp-content\/uploads\/2020\/11\/phone-icon.png\" \/> +1-305-639-9770<\/a><\/p>\n<h3>\n\tM\u00e9xico\n\t<\/h3>\n\t<p>Hiperbaric M\u00e9xico<\/p>\n<p><img decoding=\"async\" src=\"\/wp-content\/uploads\/2020\/11\/phone-icon.png\" \/> <a href=\"https:\/\/+1 305-639-9770\">+1 305-639-9770<\/a><\/p>\n<p><a href=\"tel: +65 984 890 87\"><img decoding=\"async\" src=\"\/wp-content\/uploads\/2020\/11\/mobile-icon.png\" \/><\/a> <a href=\"https:\/\/+1 917 361 4794\">+1 917 361 4794<\/a><\/p>\n\n","protected":false},"excerpt":{"rendered":"<p>Tecnolog\u00eda de Procesado por Altas Presiones (HPP) Contacto para procesos HPP y aplicaciones alimentarias, bebidas y farmac\u00e9utica Tecnolog\u00eda de Prensado Isost\u00e1tico en Caliente (HIP) Contacto para aplicaciones HIP para postprocesado de materiales Tecnolog\u00eda de Compresi\u00f3n de Hidr\u00f3geno (H2) Contacto para procesos y aplicaciones para compresi\u00f3n de H2 Si quiere contactar por tel\u00e9fono con la l\u00ednea&#8230;<\/p>\n","protected":false},"author":1,"featured_media":0,"parent":0,"menu_order":0,"comment_status":"closed","ping_status":"closed","template":"","meta":{"om_disable_all_campaigns":false,"inline_featured_image":false,"_monsterinsights_skip_tracking":false,"_monsterinsights_sitenote_active":false,"_monsterinsights_sitenote_note":"","_monsterinsights_sitenote_category":0,"footnotes":"","_wp_rev_ctl_limit":""},"acf":[],"yoast_head":"<!-- This site is optimized with the Yoast SEO plugin v22.4 - https:\/\/yoast.com\/wordpress\/plugins\/seo\/ -->\n<title>Contacto - Hiperbaric<\/title>\n<meta name=\"robots\" content=\"index, follow, max-snippet:-1, max-image-preview:large, max-video-preview:-1\" \/>\n<link rel=\"canonical\" href=\"https:\/\/www.hiperbaric.com\/es\/contacto\/\" \/>\n<meta property=\"og:locale\" content=\"es_ES\" \/>\n<meta property=\"og:type\" content=\"article\" \/>\n<meta property=\"og:title\" content=\"Contacto - Hiperbaric\" \/>\n<meta property=\"og:description\" content=\"Tecnolog\u00eda de Procesado por Altas Presiones (HPP) Contacto para procesos HPP y aplicaciones alimentarias, bebidas y farmac\u00e9utica Tecnolog\u00eda de Prensado Isost\u00e1tico en Caliente (HIP) Contacto para aplicaciones HIP para postprocesado de materiales Tecnolog\u00eda de Compresi\u00f3n de Hidr\u00f3geno (H2) Contacto para procesos y aplicaciones para compresi\u00f3n de H2 Si quiere contactar por tel\u00e9fono con la l\u00ednea...\" \/>\n<meta property=\"og:url\" content=\"https:\/\/www.hiperbaric.com\/es\/contacto\/\" \/>\n<meta property=\"og:site_name\" content=\"Hiperbaric\" \/>\n<meta property=\"article:modified_time\" content=\"2025-09-02T07:43:56+00:00\" \/>\n<meta property=\"og:image\" content=\"https:\/\/www.hiperbaric.com\/wp-content\/uploads\/2022\/10\/Productos-HPP-1.jpg\" \/>\n<meta name=\"twitter:card\" content=\"summary_large_image\" \/>\n<meta name=\"twitter:label1\" content=\"Tiempo de lectura\" \/>\n\t<meta name=\"twitter:data1\" content=\"3 minutos\" \/>\n<script type=\"application\/ld+json\" class=\"yoast-schema-graph\">{\"@context\":\"https:\/\/schema.org\",\"@graph\":[{\"@type\":\"WebPage\",\"@id\":\"https:\/\/www.hiperbaric.com\/es\/contacto\/\",\"url\":\"https:\/\/www.hiperbaric.com\/es\/contacto\/\",\"name\":\"Contacto - Hiperbaric\",\"isPartOf\":{\"@id\":\"https:\/\/www.hiperbaric.com\/en\/#website\"},\"primaryImageOfPage\":{\"@id\":\"https:\/\/www.hiperbaric.com\/es\/contacto\/#primaryimage\"},\"image\":{\"@id\":\"https:\/\/www.hiperbaric.com\/es\/contacto\/#primaryimage\"},\"thumbnailUrl\":\"https:\/\/www.hiperbaric.com\/wp-content\/uploads\/2022\/10\/Productos-HPP-1.jpg\",\"datePublished\":\"2016-12-05T15:27:47+00:00\",\"dateModified\":\"2025-09-02T07:43:56+00:00\",\"breadcrumb\":{\"@id\":\"https:\/\/www.hiperbaric.com\/es\/contacto\/#breadcrumb\"},\"inLanguage\":\"es\",\"potentialAction\":[{\"@type\":\"ReadAction\",\"target\":[\"https:\/\/www.hiperbaric.com\/es\/contacto\/\"]}]},{\"@type\":\"ImageObject\",\"inLanguage\":\"es\",\"@id\":\"https:\/\/www.hiperbaric.com\/es\/contacto\/#primaryimage\",\"url\":\"https:\/\/www.hiperbaric.com\/wp-content\/uploads\/2022\/10\/Productos-HPP-1.jpg\",\"contentUrl\":\"https:\/\/www.hiperbaric.com\/wp-content\/uploads\/2022\/10\/Productos-HPP-1.jpg\"},{\"@type\":\"BreadcrumbList\",\"@id\":\"https:\/\/www.hiperbaric.com\/es\/contacto\/#breadcrumb\",\"itemListElement\":[{\"@type\":\"ListItem\",\"position\":1,\"name\":\"Home\",\"item\":\"https:\/\/www.hiperbaric.com\/es\/\"},{\"@type\":\"ListItem\",\"position\":2,\"name\":\"Contacto\"}]},{\"@type\":\"WebSite\",\"@id\":\"https:\/\/www.hiperbaric.com\/en\/#website\",\"url\":\"https:\/\/www.hiperbaric.com\/en\/\",\"name\":\"Hiperbaric\",\"description\":\"Procesado para la conservaci\u00f3n de alimentos\",\"publisher\":{\"@id\":\"https:\/\/www.hiperbaric.com\/en\/#organization\"},\"potentialAction\":[{\"@type\":\"SearchAction\",\"target\":{\"@type\":\"EntryPoint\",\"urlTemplate\":\"https:\/\/www.hiperbaric.com\/en\/?s={search_term_string}\"},\"query-input\":\"required name=search_term_string\"}],\"inLanguage\":\"es\"},{\"@type\":\"Organization\",\"@id\":\"https:\/\/www.hiperbaric.com\/en\/#organization\",\"name\":\"Hiperbaric\",\"url\":\"https:\/\/www.hiperbaric.com\/en\/\",\"logo\":{\"@type\":\"ImageObject\",\"inLanguage\":\"es\",\"@id\":\"https:\/\/www.hiperbaric.com\/en\/#\/schema\/logo\/image\/\",\"url\":\"https:\/\/www.hiperbaric.com\/wp-content\/uploads\/2026\/01\/cropped-hiperbaric-logotipo-1-2.png\",\"contentUrl\":\"https:\/\/www.hiperbaric.com\/wp-content\/uploads\/2026\/01\/cropped-hiperbaric-logotipo-1-2.png\",\"width\":340,\"height\":72,\"caption\":\"Hiperbaric\"},\"image\":{\"@id\":\"https:\/\/www.hiperbaric.com\/en\/#\/schema\/logo\/image\/\"}}]}<\/script>\n<!-- \/ Yoast SEO plugin. -->","yoast_head_json":{"title":"Contacto - Hiperbaric","robots":{"index":"index","follow":"follow","max-snippet":"max-snippet:-1","max-image-preview":"max-image-preview:large","max-video-preview":"max-video-preview:-1"},"canonical":"https:\/\/www.hiperbaric.com\/es\/contacto\/","og_locale":"es_ES","og_type":"article","og_title":"Contacto - Hiperbaric","og_description":"Tecnolog\u00eda de Procesado por Altas Presiones (HPP) Contacto para procesos HPP y aplicaciones alimentarias, bebidas y farmac\u00e9utica Tecnolog\u00eda de Prensado Isost\u00e1tico en Caliente (HIP) Contacto para aplicaciones HIP para postprocesado de materiales Tecnolog\u00eda de Compresi\u00f3n de Hidr\u00f3geno (H2) Contacto para procesos y aplicaciones para compresi\u00f3n de H2 Si quiere contactar por tel\u00e9fono con la l\u00ednea...","og_url":"https:\/\/www.hiperbaric.com\/es\/contacto\/","og_site_name":"Hiperbaric","article_modified_time":"2025-09-02T07:43:56+00:00","og_image":[{"url":"https:\/\/www.hiperbaric.com\/wp-content\/uploads\/2022\/10\/Productos-HPP-1.jpg"}],"twitter_card":"summary_large_image","twitter_misc":{"Tiempo de lectura":"3 minutos"},"schema":{"@context":"https:\/\/schema.org","@graph":[{"@type":"WebPage","@id":"https:\/\/www.hiperbaric.com\/es\/contacto\/","url":"https:\/\/www.hiperbaric.com\/es\/contacto\/","name":"Contacto - Hiperbaric","isPartOf":{"@id":"https:\/\/www.hiperbaric.com\/en\/#website"},"primaryImageOfPage":{"@id":"https:\/\/www.hiperbaric.com\/es\/contacto\/#primaryimage"},"image":{"@id":"https:\/\/www.hiperbaric.com\/es\/contacto\/#primaryimage"},"thumbnailUrl":"https:\/\/www.hiperbaric.com\/wp-content\/uploads\/2022\/10\/Productos-HPP-1.jpg","datePublished":"2016-12-05T15:27:47+00:00","dateModified":"2025-09-02T07:43:56+00:00","breadcrumb":{"@id":"https:\/\/www.hiperbaric.com\/es\/contacto\/#breadcrumb"},"inLanguage":"es","potentialAction":[{"@type":"ReadAction","target":["https:\/\/www.hiperbaric.com\/es\/contacto\/"]}]},{"@type":"ImageObject","inLanguage":"es","@id":"https:\/\/www.hiperbaric.com\/es\/contacto\/#primaryimage","url":"https:\/\/www.hiperbaric.com\/wp-content\/uploads\/2022\/10\/Productos-HPP-1.jpg","contentUrl":"https:\/\/www.hiperbaric.com\/wp-content\/uploads\/2022\/10\/Productos-HPP-1.jpg"},{"@type":"BreadcrumbList","@id":"https:\/\/www.hiperbaric.com\/es\/contacto\/#breadcrumb","itemListElement":[{"@type":"ListItem","position":1,"name":"Home","item":"https:\/\/www.hiperbaric.com\/es\/"},{"@type":"ListItem","position":2,"name":"Contacto"}]},{"@type":"WebSite","@id":"https:\/\/www.hiperbaric.com\/en\/#website","url":"https:\/\/www.hiperbaric.com\/en\/","name":"Hiperbaric","description":"Procesado para la conservaci\u00f3n de alimentos","publisher":{"@id":"https:\/\/www.hiperbaric.com\/en\/#organization"},"potentialAction":[{"@type":"SearchAction","target":{"@type":"EntryPoint","urlTemplate":"https:\/\/www.hiperbaric.com\/en\/?s={search_term_string}"},"query-input":"required name=search_term_string"}],"inLanguage":"es"},{"@type":"Organization","@id":"https:\/\/www.hiperbaric.com\/en\/#organization","name":"Hiperbaric","url":"https:\/\/www.hiperbaric.com\/en\/","logo":{"@type":"ImageObject","inLanguage":"es","@id":"https:\/\/www.hiperbaric.com\/en\/#\/schema\/logo\/image\/","url":"https:\/\/www.hiperbaric.com\/wp-content\/uploads\/2026\/01\/cropped-hiperbaric-logotipo-1-2.png","contentUrl":"https:\/\/www.hiperbaric.com\/wp-content\/uploads\/2026\/01\/cropped-hiperbaric-logotipo-1-2.png","width":340,"height":72,"caption":"Hiperbaric"},"image":{"@id":"https:\/\/www.hiperbaric.com\/en\/#\/schema\/logo\/image\/"}}]}},"_links":{"self":[{"href":"https:\/\/www.hiperbaric.com\/es\/wp-json\/wp\/v2\/pages\/11412"}],"collection":[{"href":"https:\/\/www.hiperbaric.com\/es\/wp-json\/wp\/v2\/pages"}],"about":[{"href":"https:\/\/www.hiperbaric.com\/es\/wp-json\/wp\/v2\/types\/page"}],"author":[{"embeddable":true,"href":"https:\/\/www.hiperbaric.com\/es\/wp-json\/wp\/v2\/users\/1"}],"replies":[{"embeddable":true,"href":"https:\/\/www.hiperbaric.com\/es\/wp-json\/wp\/v2\/comments?post=11412"}],"version-history":[{"count":5,"href":"https:\/\/www.hiperbaric.com\/es\/wp-json\/wp\/v2\/pages\/11412\/revisions"}],"predecessor-version":[{"id":65155,"href":"https:\/\/www.hiperbaric.com\/es\/wp-json\/wp\/v2\/pages\/11412\/revisions\/65155"}],"wp:attachment":[{"href":"https:\/\/www.hiperbaric.com\/es\/wp-json\/wp\/v2\/media?parent=11412"}],"curies":[{"name":"wp","href":"https:\/\/api.w.org\/{rel}","templated":true}]}}