{"id":33725,"date":"2021-11-12T14:49:14","date_gmt":"2021-11-12T13:49:14","guid":{"rendered":"https:\/\/www.hiperbaric.com\/?page_id=33725"},"modified":"2022-02-09T13:21:42","modified_gmt":"2022-02-09T12:21:42","slug":"integrated-management-policy","status":"publish","type":"page","link":"https:\/\/www.hiperbaric.com\/en\/who-we-are\/integrated-management-policy\/","title":{"rendered":"Integrated Management System (IMS) Policy"},"content":{"rendered":"\n\t<p>Hiperbaric&#8217;s Integrated Management System (IMS) Policy establishes the commitments defined and promoted by Senior Management to guarantee the orientation of the organization&#8217;s activities towards continuous improvement, employee and customer satisfaction, environmental sustainability and innovation.<\/p>\n\t<h3><strong>Principles that constitute the Integrated Management System (IMS) Policy of Hiperbaric<\/strong><\/h3>\n\t\t\t\t<img decoding=\"async\" loading=\"lazy\" src=\"https:\/\/www.hiperbaric.com\/wp-content\/uploads\/2021\/11\/Todos-1024x286.png\" alt=\"Todos\" itemprop=\"image\" height=\"286\" width=\"1024\" title=\"Todos\" onerror=\"this.style.display='none'\"  \/>\n\t<p><strong>Hiperbaric recognizes the importance of Human Capital<\/strong> and considers people its main asset, therefore it promotes and maintains the physical, mental and social well-being of its workers, contractors and visitors. In the same way that it identifies the dangers, evaluates and assesses the risks of each of the organization&#8217;s processes, establishing the respective controls in order to avoid and minimize work accidents, occupational diseases or personal injuries.<\/p>\n\t<p><strong>Hiperbaric owes its success to its Customers, <\/strong>so our main objective is to offer them high pressure technologies with the highest quality, thereby gaining and preserving their respect and loyalty. The expectations of our customers must be known throughout the company and analyzed to move towards their FULL SATISFACTION.<\/p>\n\t<p><strong>The employees that make up Hiperbaric recognize that society as a whole has the right to enjoy an environment in a perfect state of conservation<\/strong>, for this reason it considers the impact on the environment in the development of its activities; analyzing the alternatives that allow minimizing the environmental load generated.<\/p>\n\t<p><strong>Hiperbaric bases its competitiveness on R&amp;D efforts<\/strong>, managed to obtain high-tech products focused on <strong>guaranteeing the reliability of the machine<\/strong>, the basic characteristic of its differentiation; and innovative productive and organizational methods with the digitization of its processes, in a path that has already begun and tending to the digital transformation of its business model.<\/p>\n\t<a href=\"https:\/\/www.hiperbaric.com\/wp-content\/uploads\/2021\/11\/Politica-de-Gestion-Integrada-Hiperbaric.pdf\" target=\"_blank\" role=\"button\" rel=\"noopener noreferrer\">\n\t\t\t\t\tDownload Integrated Management System (IMS) Policy\n\t<\/a>\n\t<p>Our strategy aligns the design and manufacture of innovative quality technology in the field of high pressure with constant respect for our workers and the environment, thus contributing to the <strong>satisfaction of interested parties<\/strong>, integrating <strong>continuous improvement<\/strong> and <strong>compliance with all the Applicable requirements<\/strong>, including those derived from the <strong>UNE-EN-ISO 9.001<\/strong>, <strong>UNE-EN-ISO 14.001<\/strong> <strong>and ISO 45001 standards<\/strong> on which our integrated management system is based.<\/p>\n\t\t\t\t<img decoding=\"async\" loading=\"lazy\" src=\"https:\/\/www.hiperbaric.com\/wp-content\/uploads\/2021\/11\/concept-of-business-strategy-2021-08-26-15-29-32-utc-min.jpg\" alt=\"concept-of-business-strategy-2021-08-26-15-29-32-utc-min\" itemprop=\"image\" height=\"466\" width=\"700\" title=\"concept-of-business-strategy-2021-08-26-15-29-32-utc-min\" onerror=\"this.style.display='none'\"  \/>\n\t\t\t\t<img decoding=\"async\" loading=\"lazy\" src=\"https:\/\/www.hiperbaric.com\/wp-content\/uploads\/2021\/11\/concept-of-business-strategy-2021-08-26-15-29-32-utc-min-300x200.jpg\" alt=\"concept-of-business-strategy-2021-08-26-15-29-32-utc-min\" itemprop=\"image\" height=\"200\" width=\"300\" title=\"concept-of-business-strategy-2021-08-26-15-29-32-utc-min\" onerror=\"this.style.display='none'\"  \/>\n\t<p>Nuestra estrategia alinea el dise\u00f1o y fabricaci\u00f3n de tecnolog\u00eda innovadora de calidad en el campo de las altas presiones con el respeto constante hacia nuestros trabajadores y al medioambiente, contribuyendo as\u00ed a la <strong>satisfacci\u00f3n de las partes interesadas<\/strong>, integrando la <strong>mejora continua<\/strong> y el <strong>cumplimiento de todos los requisitos aplicables<\/strong>, incluidos los derivados de las <strong>normas UNE-EN-ISO 9.001, UNE-EN-ISO 14.001 e ISO 45001<\/strong> en las que se basa nuestro sistema integrado de gesti\u00f3n.<\/p>\n\t\t\t\t<img decoding=\"async\" loading=\"lazy\" src=\"https:\/\/www.hiperbaric.com\/wp-content\/uploads\/2022\/01\/1_Desempeno-Ambiental-Hiperbaric.jpg\" alt=\"1_Desempe\u00f1o Ambiental Hiperbaric\" itemprop=\"image\" height=\"919\" width=\"1377\" title=\"1_Desempe\u00f1o Ambiental Hiperbaric\" onerror=\"this.style.display='none'\"  \/>\n\t<h4><strong>ENVIRONMENTAL PERFORMANCE<\/strong><\/h4>\n\t<p><strong>Hiperbaric&#8217;s environmental<\/strong> management system implemented in our production plant is characterised by the fact that it is a fully integrated system, covering the entire production process. The procedures developed have as a <strong>priority the protection of the atmosphere<\/strong>, water and soil, the rational use of natural resources, the minimisation and correct management of waste, and the saving of energy and raw materials.<\/p>\n\t<a href=\"https:\/\/www.hiperbaric.com\/en\/about-us\/who-we-are\/integrated-management-policy\/environmental-performance\/\" target=\"_blank\" role=\"button\" rel=\"noopener noreferrer\">\n\t\t\t\t\tSee Environmental Performance  \n\t<\/a>\n\t\t\t\t<img decoding=\"async\" loading=\"lazy\" src=\"https:\/\/www.hiperbaric.com\/wp-content\/uploads\/2022\/01\/1_Desempeno-Ambiental-Hiperbaric-300x200.jpg\" alt=\"1_Desempe\u00f1o Ambiental Hiperbaric\" itemprop=\"image\" height=\"200\" width=\"300\" title=\"1_Desempe\u00f1o Ambiental Hiperbaric\" onerror=\"this.style.display='none'\"  \/>\n\t<h4><strong>ENVIRONMENTAL PERFORMANCE<br \/>\n<\/strong><\/h4>\n\t<p><strong>Hiperbaric&#8217;s environmental<\/strong> management system implemented in our production plant is characterised by the fact that it is a fully integrated system, covering the entire production process. The procedures developed have as a <strong>priority the protection of the atmosphere<\/strong>, water and soil, the rational use of natural resources, the minimisation and correct management of waste, and the saving of energy and raw materials.<\/p>\n\t<a href=\"https:\/\/www.hiperbaric.com\/en\/about-us\/who-we-are\/integrated-management-policy\/environmental-performance\/\" target=\"_blank\" role=\"button\" rel=\"noopener noreferrer\">\n\t\t\t\t\tSee Environmental Performance  \n\t<\/a>\n","protected":false},"excerpt":{"rendered":"<p>Hiperbaric&#8217;s Integrated Management System (IMS) Policy establishes the commitments defined and promoted by Senior Management to guarantee the orientation of the organization&#8217;s activities towards continuous improvement, employee and customer satisfaction, environmental sustainability and innovation. Principles that constitute the Integrated Management System (IMS) Policy of Hiperbaric Hiperbaric recognizes the importance of Human Capital and considers people&#8230;<\/p>\n","protected":false},"author":1,"featured_media":0,"parent":23916,"menu_order":0,"comment_status":"closed","ping_status":"closed","template":"","meta":{"om_disable_all_campaigns":false,"inline_featured_image":false,"_monsterinsights_skip_tracking":false,"_monsterinsights_sitenote_active":false,"_monsterinsights_sitenote_note":"","_monsterinsights_sitenote_category":0,"footnotes":"","_wp_rev_ctl_limit":""},"acf":[],"yoast_head":"<!-- This site is optimized with the Yoast SEO plugin v22.4 - https:\/\/yoast.com\/wordpress\/plugins\/seo\/ -->\n<title>Integrated Management Policy - Commitment to continuous improvement<\/title>\n<meta name=\"description\" content=\"Hiperbaric&#039;s Integrated Management Policy sets out the commitments defined and promoted by Senior Management.\" \/>\n<meta name=\"robots\" content=\"index, follow, max-snippet:-1, max-image-preview:large, max-video-preview:-1\" \/>\n<link rel=\"canonical\" href=\"https:\/\/www.hiperbaric.com\/en\/about-us\/who-we-are\/integrated-management-policy\/\" \/>\n<meta property=\"og:locale\" content=\"en_US\" \/>\n<meta property=\"og:type\" content=\"article\" \/>\n<meta property=\"og:title\" content=\"Integrated Management Policy - Commitment to continuous improvement\" \/>\n<meta property=\"og:description\" content=\"Hiperbaric&#039;s Integrated Management Policy sets out the commitments defined and promoted by Senior Management.\" \/>\n<meta property=\"og:url\" content=\"https:\/\/www.hiperbaric.com\/en\/about-us\/who-we-are\/integrated-management-policy\/\" \/>\n<meta property=\"og:site_name\" content=\"Hiperbaric\" \/>\n<meta property=\"article:modified_time\" content=\"2022-02-09T12:21:42+00:00\" \/>\n<meta property=\"og:image\" content=\"https:\/\/www.hiperbaric.com\/wp-content\/uploads\/2021\/11\/Todos-1024x286.png\" \/>\n<meta name=\"twitter:card\" content=\"summary_large_image\" \/>\n<meta name=\"twitter:label1\" content=\"Est. reading time\" \/>\n\t<meta name=\"twitter:data1\" content=\"3 minutes\" \/>\n<script type=\"application\/ld+json\" class=\"yoast-schema-graph\">{\"@context\":\"https:\/\/schema.org\",\"@graph\":[{\"@type\":\"WebPage\",\"@id\":\"https:\/\/www.hiperbaric.com\/en\/about-us\/who-we-are\/integrated-management-policy\/\",\"url\":\"https:\/\/www.hiperbaric.com\/en\/about-us\/who-we-are\/integrated-management-policy\/\",\"name\":\"Integrated Management Policy - Commitment to continuous improvement\",\"isPartOf\":{\"@id\":\"https:\/\/www.hiperbaric.com\/en\/#website\"},\"primaryImageOfPage\":{\"@id\":\"https:\/\/www.hiperbaric.com\/en\/about-us\/who-we-are\/integrated-management-policy\/#primaryimage\"},\"image\":{\"@id\":\"https:\/\/www.hiperbaric.com\/en\/about-us\/who-we-are\/integrated-management-policy\/#primaryimage\"},\"thumbnailUrl\":\"https:\/\/www.hiperbaric.com\/wp-content\/uploads\/2021\/11\/Todos-1024x286.png\",\"datePublished\":\"2021-11-12T13:49:14+00:00\",\"dateModified\":\"2022-02-09T12:21:42+00:00\",\"description\":\"Hiperbaric's Integrated Management Policy sets out the commitments defined and promoted by Senior Management.\",\"breadcrumb\":{\"@id\":\"https:\/\/www.hiperbaric.com\/en\/about-us\/who-we-are\/integrated-management-policy\/#breadcrumb\"},\"inLanguage\":\"en-US\",\"potentialAction\":[{\"@type\":\"ReadAction\",\"target\":[\"https:\/\/www.hiperbaric.com\/en\/about-us\/who-we-are\/integrated-management-policy\/\"]}]},{\"@type\":\"ImageObject\",\"inLanguage\":\"en-US\",\"@id\":\"https:\/\/www.hiperbaric.com\/en\/about-us\/who-we-are\/integrated-management-policy\/#primaryimage\",\"url\":\"https:\/\/www.hiperbaric.com\/wp-content\/uploads\/2021\/11\/Todos-1024x286.png\",\"contentUrl\":\"https:\/\/www.hiperbaric.com\/wp-content\/uploads\/2021\/11\/Todos-1024x286.png\"},{\"@type\":\"BreadcrumbList\",\"@id\":\"https:\/\/www.hiperbaric.com\/en\/about-us\/who-we-are\/integrated-management-policy\/#breadcrumb\",\"itemListElement\":[{\"@type\":\"ListItem\",\"position\":1,\"name\":\"Home\",\"item\":\"https:\/\/www.hiperbaric.com\/en\/\"},{\"@type\":\"ListItem\",\"position\":2,\"name\":\"About us\",\"item\":\"https:\/\/www.hiperbaric.com\/en\/about-us\/\"},{\"@type\":\"ListItem\",\"position\":3,\"name\":\"Who we are\",\"item\":\"https:\/\/www.hiperbaric.com\/en\/about-us\/who-we-are\/\"},{\"@type\":\"ListItem\",\"position\":4,\"name\":\"Integrated Management System (IMS) Policy\"}]},{\"@type\":\"WebSite\",\"@id\":\"https:\/\/www.hiperbaric.com\/en\/#website\",\"url\":\"https:\/\/www.hiperbaric.com\/en\/\",\"name\":\"Hiperbaric\",\"description\":\"Procesado para la conservaci\u00f3n de alimentos\",\"publisher\":{\"@id\":\"https:\/\/www.hiperbaric.com\/en\/#organization\"},\"potentialAction\":[{\"@type\":\"SearchAction\",\"target\":{\"@type\":\"EntryPoint\",\"urlTemplate\":\"https:\/\/www.hiperbaric.com\/en\/?s={search_term_string}\"},\"query-input\":\"required name=search_term_string\"}],\"inLanguage\":\"en-US\"},{\"@type\":\"Organization\",\"@id\":\"https:\/\/www.hiperbaric.com\/en\/#organization\",\"name\":\"Hiperbaric\",\"url\":\"https:\/\/www.hiperbaric.com\/en\/\",\"logo\":{\"@type\":\"ImageObject\",\"inLanguage\":\"en-US\",\"@id\":\"https:\/\/www.hiperbaric.com\/en\/#\/schema\/logo\/image\/\",\"url\":\"https:\/\/www.hiperbaric.com\/wp-content\/uploads\/2026\/01\/cropped-hiperbaric-logotipo-1-2.png\",\"contentUrl\":\"https:\/\/www.hiperbaric.com\/wp-content\/uploads\/2026\/01\/cropped-hiperbaric-logotipo-1-2.png\",\"width\":340,\"height\":72,\"caption\":\"Hiperbaric\"},\"image\":{\"@id\":\"https:\/\/www.hiperbaric.com\/en\/#\/schema\/logo\/image\/\"}}]}<\/script>\n<!-- \/ Yoast SEO plugin. -->","yoast_head_json":{"title":"Integrated Management Policy - Commitment to continuous improvement","description":"Hiperbaric's Integrated Management Policy sets out the commitments defined and promoted by Senior Management.","robots":{"index":"index","follow":"follow","max-snippet":"max-snippet:-1","max-image-preview":"max-image-preview:large","max-video-preview":"max-video-preview:-1"},"canonical":"https:\/\/www.hiperbaric.com\/en\/about-us\/who-we-are\/integrated-management-policy\/","og_locale":"en_US","og_type":"article","og_title":"Integrated Management Policy - Commitment to continuous improvement","og_description":"Hiperbaric's Integrated Management Policy sets out the commitments defined and promoted by Senior Management.","og_url":"https:\/\/www.hiperbaric.com\/en\/about-us\/who-we-are\/integrated-management-policy\/","og_site_name":"Hiperbaric","article_modified_time":"2022-02-09T12:21:42+00:00","og_image":[{"url":"https:\/\/www.hiperbaric.com\/wp-content\/uploads\/2021\/11\/Todos-1024x286.png"}],"twitter_card":"summary_large_image","twitter_misc":{"Est. reading time":"3 minutes"},"schema":{"@context":"https:\/\/schema.org","@graph":[{"@type":"WebPage","@id":"https:\/\/www.hiperbaric.com\/en\/about-us\/who-we-are\/integrated-management-policy\/","url":"https:\/\/www.hiperbaric.com\/en\/about-us\/who-we-are\/integrated-management-policy\/","name":"Integrated Management Policy - Commitment to continuous improvement","isPartOf":{"@id":"https:\/\/www.hiperbaric.com\/en\/#website"},"primaryImageOfPage":{"@id":"https:\/\/www.hiperbaric.com\/en\/about-us\/who-we-are\/integrated-management-policy\/#primaryimage"},"image":{"@id":"https:\/\/www.hiperbaric.com\/en\/about-us\/who-we-are\/integrated-management-policy\/#primaryimage"},"thumbnailUrl":"https:\/\/www.hiperbaric.com\/wp-content\/uploads\/2021\/11\/Todos-1024x286.png","datePublished":"2021-11-12T13:49:14+00:00","dateModified":"2022-02-09T12:21:42+00:00","description":"Hiperbaric's Integrated Management Policy sets out the commitments defined and promoted by Senior Management.","breadcrumb":{"@id":"https:\/\/www.hiperbaric.com\/en\/about-us\/who-we-are\/integrated-management-policy\/#breadcrumb"},"inLanguage":"en-US","potentialAction":[{"@type":"ReadAction","target":["https:\/\/www.hiperbaric.com\/en\/about-us\/who-we-are\/integrated-management-policy\/"]}]},{"@type":"ImageObject","inLanguage":"en-US","@id":"https:\/\/www.hiperbaric.com\/en\/about-us\/who-we-are\/integrated-management-policy\/#primaryimage","url":"https:\/\/www.hiperbaric.com\/wp-content\/uploads\/2021\/11\/Todos-1024x286.png","contentUrl":"https:\/\/www.hiperbaric.com\/wp-content\/uploads\/2021\/11\/Todos-1024x286.png"},{"@type":"BreadcrumbList","@id":"https:\/\/www.hiperbaric.com\/en\/about-us\/who-we-are\/integrated-management-policy\/#breadcrumb","itemListElement":[{"@type":"ListItem","position":1,"name":"Home","item":"https:\/\/www.hiperbaric.com\/en\/"},{"@type":"ListItem","position":2,"name":"About us","item":"https:\/\/www.hiperbaric.com\/en\/about-us\/"},{"@type":"ListItem","position":3,"name":"Who we are","item":"https:\/\/www.hiperbaric.com\/en\/about-us\/who-we-are\/"},{"@type":"ListItem","position":4,"name":"Integrated Management System (IMS) Policy"}]},{"@type":"WebSite","@id":"https:\/\/www.hiperbaric.com\/en\/#website","url":"https:\/\/www.hiperbaric.com\/en\/","name":"Hiperbaric","description":"Procesado para la conservaci\u00f3n de alimentos","publisher":{"@id":"https:\/\/www.hiperbaric.com\/en\/#organization"},"potentialAction":[{"@type":"SearchAction","target":{"@type":"EntryPoint","urlTemplate":"https:\/\/www.hiperbaric.com\/en\/?s={search_term_string}"},"query-input":"required name=search_term_string"}],"inLanguage":"en-US"},{"@type":"Organization","@id":"https:\/\/www.hiperbaric.com\/en\/#organization","name":"Hiperbaric","url":"https:\/\/www.hiperbaric.com\/en\/","logo":{"@type":"ImageObject","inLanguage":"en-US","@id":"https:\/\/www.hiperbaric.com\/en\/#\/schema\/logo\/image\/","url":"https:\/\/www.hiperbaric.com\/wp-content\/uploads\/2026\/01\/cropped-hiperbaric-logotipo-1-2.png","contentUrl":"https:\/\/www.hiperbaric.com\/wp-content\/uploads\/2026\/01\/cropped-hiperbaric-logotipo-1-2.png","width":340,"height":72,"caption":"Hiperbaric"},"image":{"@id":"https:\/\/www.hiperbaric.com\/en\/#\/schema\/logo\/image\/"}}]}},"_links":{"self":[{"href":"https:\/\/www.hiperbaric.com\/en\/wp-json\/wp\/v2\/pages\/33725"}],"collection":[{"href":"https:\/\/www.hiperbaric.com\/en\/wp-json\/wp\/v2\/pages"}],"about":[{"href":"https:\/\/www.hiperbaric.com\/en\/wp-json\/wp\/v2\/types\/page"}],"author":[{"embeddable":true,"href":"https:\/\/www.hiperbaric.com\/en\/wp-json\/wp\/v2\/users\/1"}],"replies":[{"embeddable":true,"href":"https:\/\/www.hiperbaric.com\/en\/wp-json\/wp\/v2\/comments?post=33725"}],"version-history":[{"count":0,"href":"https:\/\/www.hiperbaric.com\/en\/wp-json\/wp\/v2\/pages\/33725\/revisions"}],"up":[{"embeddable":true,"href":"https:\/\/www.hiperbaric.com\/en\/wp-json\/wp\/v2\/pages\/23916"}],"wp:attachment":[{"href":"https:\/\/www.hiperbaric.com\/en\/wp-json\/wp\/v2\/media?parent=33725"}],"curies":[{"name":"wp","href":"https:\/\/api.w.org\/{rel}","templated":true}]}}