{"id":28970,"date":"2021-03-08T09:44:55","date_gmt":"2021-03-08T08:44:55","guid":{"rendered":"https:\/\/www.hiperbaric.com\/?page_id=28970"},"modified":"2026-04-08T15:20:04","modified_gmt":"2026-04-08T13:20:04","slug":"tecnologias-de-alta-presion-2","status":"publish","type":"page","link":"https:\/\/www.hiperbaric.com\/en\/","title":{"rendered":"Hiperbaric &#8211; High Pressure Technologies"},"content":{"rendered":"\t\t<div data-elementor-type=\"wp-page\" data-elementor-id=\"28970\" class=\"elementor elementor-28970 elementor-28681\">\n\t\t\t\t\t\t\t\t\t<section class=\"elementor-section elementor-top-section elementor-element elementor-element-466b0b0d elementor-section-boxed elementor-section-height-default elementor-section-height-default\" data-id=\"466b0b0d\" data-element_type=\"section\">\n\t\t\t\t\t\t<div class=\"elementor-container elementor-column-gap-default\">\n\t\t\t\t\t<div class=\"elementor-column elementor-col-100 elementor-top-column elementor-element elementor-element-40ed280f\" data-id=\"40ed280f\" data-element_type=\"column\">\n\t\t\t<div class=\"elementor-widget-wrap elementor-element-populated\">\n\t\t\t\t\t\t\t\t<div class=\"elementor-element elementor-element-7b2a5220 elementor-widget elementor-widget-text-editor\" data-id=\"7b2a5220\" data-element_type=\"widget\" data-widget_type=\"text-editor.default\">\n\t\t\t\t<div class=\"elementor-widget-container\">\n\t\t\t<style>\/*! elementor - v3.7.1 - 14-08-2022 *\/\n.elementor-widget-text-editor.elementor-drop-cap-view-stacked .elementor-drop-cap{background-color:#818a91;color:#fff}.elementor-widget-text-editor.elementor-drop-cap-view-framed .elementor-drop-cap{color:#818a91;border:3px solid;background-color:transparent}.elementor-widget-text-editor:not(.elementor-drop-cap-view-default) .elementor-drop-cap{margin-top:8px}.elementor-widget-text-editor:not(.elementor-drop-cap-view-default) .elementor-drop-cap-letter{width:1em;height:1em}.elementor-widget-text-editor .elementor-drop-cap{float:left;text-align:center;line-height:1;font-size:50px}.elementor-widget-text-editor .elementor-drop-cap-letter{display:inline-block}<\/style>\t\t\t\t<p><img decoding=\"async\" loading=\"lazy\" title=\"ESPECIALIZACI\u00d3N\" src=\"https:\/\/www.hiperbaric.com\/wp-content\/uploads\/2021\/03\/ESPECIALIZACION.png\" alt=\"ESPECIALIZACI\u00d3N\" width=\"90\" height=\"95\" \/><\/p>\n<p>ESPECIALIZACI\u00d3N<\/p>\n<p>Referentes internacionales en desarrollar tecnolog\u00edas de altas presiones desde hace 25 a\u00f1os<\/p>\n<p><img decoding=\"async\" loading=\"lazy\" title=\"I+D\" src=\"https:\/\/www.hiperbaric.com\/wp-content\/uploads\/2021\/03\/ID.png\" alt=\"I+D\" width=\"91\" height=\"95\" \/><\/p>\n<p>INVERSI\u00d3N EN I+D+i<\/p>\n<p>Esfuerzos continuos en innovaci\u00f3n para ofrecer<br \/>equipos m\u00e1s eficientes para nuestros clientes <img decoding=\"async\" loading=\"lazy\" title=\"SOSTENIBILIDAD\" src=\"https:\/\/www.hiperbaric.com\/wp-content\/uploads\/2021\/03\/SOSTENIBILIDAD.png\" alt=\"SOSTENIBILIDAD\" width=\"91\" height=\"95\" \/><\/p>\n<p>SOSTENIBILIDAD<\/p>\n<p>Contribuimos activamente al desarrollo econ\u00f3mico,<br \/>industrial y educativo de la sociedad<\/p>\n<h3 data-element-id=\"hmap-3\"><strong>TECNOLOG\u00cdA DE PROCESADO POR ALTAS PRESIONES <\/strong><\/h3>\n<p><a href=\"\/tecnologia-hpp\/\" target=\"_self\" rel=\"noopener\"> <img decoding=\"async\" loading=\"lazy\" title=\"Enmascarar-grupo-2-min\" src=\"https:\/\/www.hiperbaric.com\/wp-content\/uploads\/2021\/12\/Enmascarar-grupo-2-min.png\" alt=\"Enmascarar-grupo-2-min\" width=\"893\" height=\"805\" \/> <\/a> <a href=\"\/tecnologia-hpp\/\" target=\"_self\" rel=\"noopener\"> <img decoding=\"async\" loading=\"lazy\" title=\"hiperbaric_HPP_colorida\" src=\"https:\/\/www.hiperbaric.com\/wp-content\/uploads\/2020\/08\/hiperbaric_HPP_colorida.png\" alt=\"hiperbaric_HPP_colorida\" width=\"1200\" height=\"378\" \/> <\/a><\/p>\n<p>Descubre los equipos de Procesado por Altas Presiones (HPP) m\u00e1s fiables del mercado para numerosas aplicaciones para alimentaci\u00f3n y bebidas. Desde peque\u00f1as empresas hasta grandes multinacionales encuentran la maquinaria m\u00e1s acorde a sus necesidades para procesar productos naturales, seguros y listos para el consumo.<\/p>\n<p>High Pressure Processing (HPP) es una t\u00e9cnica de procesado de alimentos y bebidas en fr\u00edo basada en la aplicaci\u00f3n de altos niveles de presi\u00f3n hidrost\u00e1tica transmitida por el agua, con m\u00faltiples ventajas para empresas de alimentaci\u00f3n y bebidas.<\/p>\n<p><img decoding=\"async\" loading=\"lazy\" title=\"Grupo 534\" src=\"https:\/\/www.hiperbaric.com\/wp-content\/uploads\/2021\/03\/Grupo-534-1.png\" alt=\"Grupo 534\" width=\"797\" height=\"134\" \/> <img decoding=\"async\" loading=\"lazy\" title=\"Grupo 535\" src=\"https:\/\/www.hiperbaric.com\/wp-content\/uploads\/2021\/03\/Grupo-535-1.png\" alt=\"Grupo 535\" width=\"326\" height=\"134\" \/> <a role=\"button\" href=\"\/tecnologia-hpp\/\" target=\"_self\" rel=\"noopener\"> SABER M\u00c1S &gt; <\/a> <img decoding=\"async\" loading=\"lazy\" title=\"Grupo 535\" src=\"https:\/\/www.hiperbaric.com\/wp-content\/uploads\/2021\/03\/Grupo-535-1.png\" alt=\"Grupo 535\" width=\"326\" height=\"134\" \/> <a role=\"button\" href=\"\/tecnologia-hpp\/\" target=\"_self\" rel=\"noopener\"> SABER M\u00c1S &gt; <\/a> <img decoding=\"async\" loading=\"lazy\" title=\"HPP INNOVATION WEEK 2025\" src=\"https:\/\/www.hiperbaric.com\/wp-content\/uploads\/2025\/05\/IMAGEN-SALIDA-HPP-INNOVATION-WEEK-2025_low-res.jpg\" alt=\"HPP Innovation Week 2025\" width=\"1689\" height=\"943\" \/><\/p>\n<h2>HPP Innovation Week<\/h2>\n<p>HPP Innovation Week, el evento virtual sobre tecnolog\u00eda de alta presi\u00f3n en fr\u00edo (HPP) organizado por Hiperbaric, regresa un a\u00f1o m\u00e1s. \u00daltimas tendencias, I+D, comercializaci\u00f3n, tecnolog\u00eda, casos de \u00e9xito&#8230; son algunos de los principales temas tratados en esta edici\u00f3n. Expertos en el sector HPP compartir\u00e1n su conocimiento demostrando c\u00f3mo HPP puede tener un impacto significativo en la industria alimentaria.<\/p>\n<p><a role=\"button\" href=\"https:\/\/www.hiperbaric.com\/en\/hpp-innovation-week-2025\/\" target=\"_self\" rel=\"noopener\"> REG\u00cdSTRATE GRATIS &gt; <\/a><\/p>\n<h3 data-element-id=\"hmap-3\">VISITA NUESTRO BLOG DE HPP<\/h3>\n<p>    <div class=\"tb-blog row post blog  \" style=\"\">\n\t\t\t\t\t\t\t\t\t<div class=\"col-xs-12 col-sm-6 col-md-6 col-lg-6 full_blog_center_zzb row\">\n\t\t\t\t\t\t\t\t<div class=\"show_content_link_bl\">\n\t\t\t\t\t\t\t\t\t\t\t<article id=\"list_id\">\n\t\t\t\t\t\t\t\t\t\t\t\t<div class=\"show_meta_day_month\">\n\t\t\t\t\t\t\t\t\t\t\t\t\t<h2 class=\"the_datea\">Apr<\/h2>\n\t\t\t\t\t\t\t\t\t\t\t\t\t<h2 class=\"the_dateb\">09<\/h2>\n\t\t\t\t\t\t\t\t\t\t\t\t<\/div>\n\t\t\t\t\t\t\t\t\t\t\t\t<div class=\"show_text_read\">\n\t\t\t\t\t\t\t\t\t\t\t\t\t<h3 class=\"show_post_text\"><a class=\"title_asa\" href=\"https:\/\/www.hiperbaric.com\/en\/strong-turnout-for-the-third-edition-of-the-hpp-research-awards-25-submissions-from-around-the-world\/\">Strong turnout for the third edition of the HPP Research Awards: 25 submissions from around the world<\/a><\/h3>\n\t\t\t\t\t\t\t\t\t\t\t\t\t<p class=\"show_content\"><p>&nbsp; The third edition of the HPP Research Awards has closed its call for submissions with very positive results, consolidating its position as a leading initiative for fostering scientific talent and innovation in the field of HPP technology. The deadline for submitting applications passed on April 5, with a total of 25 proposals received from&#8230;<\/p>\n<\/p>\n\t\t\t\t\t\t\t\t\t\t\t\t\t<a class=\"reading\" href=\"https:\/\/www.hiperbaric.com\/en\/strong-turnout-for-the-third-edition-of-the-hpp-research-awards-25-submissions-from-around-the-world\/\">Learn more  &nbsp;<i class=\"fa fa-long-arrow-right\"><\/i><\/a>\n\t\t\t\t\t\t\t\t\t\t\t\t<\/div>\n\t\t\t\t\t\t\t\t\t\t\t<\/article>\n\t\t\t\t\t\t\t\t\t\t<\/div>\n\t\t\t\t\t\t\t\t\t\t\t\t\t\t\t\t<div class=\"show_image_bl\">\n\t\t\t\t\t\t\t\t\t\t<div class=\"vamtam-responsive-wrapper\"><img loading=\"lazy\" width=\"390\" height=\"213\" src=\"https:\/\/www.hiperbaric.com\/wp-content\/uploads\/2026\/04\/Copy-of-Miniatura-Blog-post-10.jpg\" class=\"attachment-post-thumbnail size-post-thumbnail wp-post-image\" alt=\"\" decoding=\"async\" srcset=\"data:image\/svg+xml;utf8,&lt;svg%20xmlns=&quot;http:\/\/www.w3.org\/2000\/svg&quot;%20viewBox=&quot;0%200%20390%20213&quot;%20height=&quot;213px&quot;%20width=&quot;390px&quot;\/&gt;\" data-srcset=\"https:\/\/www.hiperbaric.com\/wp-content\/uploads\/2026\/04\/Copy-of-Miniatura-Blog-post-10.jpg 390w, https:\/\/www.hiperbaric.com\/wp-content\/uploads\/2026\/04\/Copy-of-Miniatura-Blog-post-10-300x164.jpg 300w, https:\/\/www.hiperbaric.com\/wp-content\/uploads\/2026\/04\/Copy-of-Miniatura-Blog-post-10-315x172.jpg 315w\" sizes=\"(max-width: 390px) 100vw, 390px\" \/><\/div>\t\t\t\t\t\t\t\t\t<\/div>\n\n\t\t\t\t\t\t\t\t\n\n\t\t\t\t\t\t\t\t\t<\/div>\n\t\t\t\t\t\t\t\t\t\t\t\t\t\t<div class=\"col-xs-12 col-sm-6 col-md-6 col-lg-6 full_blog_center_zz row\">\t\t\t\t\t\t\t\t\t<div class=\"show_image_bl\">\n\t\t\t\t\t\t\t\t\t\t<div class=\"vamtam-responsive-wrapper\"><img loading=\"lazy\" width=\"2000\" height=\"1158\" src=\"https:\/\/www.hiperbaric.com\/wp-content\/uploads\/2026\/04\/pan-jamaica-building_zoom_recortada.jpg\" class=\"attachment-post-thumbnail size-post-thumbnail wp-post-image\" alt=\"Pan Jamaica Group Limited\" decoding=\"async\" srcset=\"data:image\/svg+xml;utf8,&lt;svg%20xmlns=&quot;http:\/\/www.w3.org\/2000\/svg&quot;%20viewBox=&quot;0%200%202000%201158&quot;%20height=&quot;1158px&quot;%20width=&quot;2000px&quot;\/&gt;\" data-srcset=\"https:\/\/www.hiperbaric.com\/wp-content\/uploads\/2026\/04\/pan-jamaica-building_zoom_recortada.jpg 2000w, https:\/\/www.hiperbaric.com\/wp-content\/uploads\/2026\/04\/pan-jamaica-building_zoom_recortada-300x174.jpg 300w, https:\/\/www.hiperbaric.com\/wp-content\/uploads\/2026\/04\/pan-jamaica-building_zoom_recortada-1024x593.jpg 1024w, https:\/\/www.hiperbaric.com\/wp-content\/uploads\/2026\/04\/pan-jamaica-building_zoom_recortada-768x445.jpg 768w, https:\/\/www.hiperbaric.com\/wp-content\/uploads\/2026\/04\/pan-jamaica-building_zoom_recortada-1536x889.jpg 1536w, https:\/\/www.hiperbaric.com\/wp-content\/uploads\/2026\/04\/pan-jamaica-building_zoom_recortada-1260x730.jpg 1260w, https:\/\/www.hiperbaric.com\/wp-content\/uploads\/2026\/04\/pan-jamaica-building_zoom_recortada-630x365.jpg 630w, https:\/\/www.hiperbaric.com\/wp-content\/uploads\/2026\/04\/pan-jamaica-building_zoom_recortada-420x243.jpg 420w, https:\/\/www.hiperbaric.com\/wp-content\/uploads\/2026\/04\/pan-jamaica-building_zoom_recortada-840x486.jpg 840w, https:\/\/www.hiperbaric.com\/wp-content\/uploads\/2026\/04\/pan-jamaica-building_zoom_recortada-315x182.jpg 315w\" sizes=\"(max-width: 2000px) 100vw, 2000px\" \/><\/div>\t\t\t\t\t\t\t\t\t<\/div>\n\n\t\t\t\t\t\t\t\t\t\t\t\t\t\t\t\t\t<div class=\"show_content_link_bl\">\n\t\t\t\t\t\t\t\t\t\t\t<article id=\"list_id\">\n\t\t\t\t\t\t\t\t\t\t\t\t<div class=\"show_meta_day_month\">\n\t\t\t\t\t\t\t\t\t\t\t\t\t<h2 class=\"the_datea\">Apr<\/h2>\n\t\t\t\t\t\t\t\t\t\t\t\t\t<h2 class=\"the_dateb\">01<\/h2>\n\t\t\t\t\t\t\t\t\t\t\t\t<\/div>\n\t\t\t\t\t\t\t\t\t\t\t\t<div class=\"show_text_read\">\n\t\t\t\t\t\t\t\t\t\t\t\t\t<h3 class=\"show_post_text\"><a class=\"title_asa\" href=\"https:\/\/www.hiperbaric.com\/en\/investors_pouring_capital_into_hpp_pan_jamaica_group_limited_case\/\">Why Investors are Pouring Capital into HPP: The Pan Jamaica Group Limited Case<\/a><\/h3>\n\t\t\t\t\t\t\t\t\t\t\t\t\t<p class=\"show_content\"><p>High pressure processing (HPP) has become an essential technology for the food industry. It allows companies to offer safe products with a longer shelf life without adding preservatives, in line with global consumer trends. From an investment perspective, the sector offers significant appeal: the high added value of HPP-processed products and their solid margins facilitate&#8230;<\/p>\n<\/p>\n\t\t\t\t\t\t\t\t\t\t\t\t\t<a class=\"reading\" href=\"https:\/\/www.hiperbaric.com\/en\/investors_pouring_capital_into_hpp_pan_jamaica_group_limited_case\/\">\n\t\t\t\t\t\t\t\t\t\t\t\t\tLearn more &nbsp;<i class=\"fa fa-long-arrow-right\"><\/i><\/a>\n\t\t\t\t\t\t\t\t\t\t\t\t<\/div>\n\t\t\t\t\t\t\t\t\t\t\t<\/article>\n\t\t\t\t\t\t\t\t\t\t<\/div>\n\t\t\t\t\t\t\t\t\t<\/div>\n\t\t\t\t\t\t\t\t<\/div>\n\t\t\t\t\t\t\t\t\t<div style=\"clear: both;\"><\/div>\n            \n    <\/p>\n<h3 data-element-id=\"hmap-3\">M\u00c1S TECNOLOG\u00cdAS POR ALTAS PRESIONES<\/h3>\n<p><a href=\"\/compresion-h2\/\" target=\"_self\" rel=\"noopener\"> <img decoding=\"async\" loading=\"lazy\" title=\"Hiperbaric Home Hydrogen compression\" src=\"https:\/\/www.hiperbaric.com\/wp-content\/uploads\/2023\/01\/Imagen-H2-Home-02-scaled.jpg\" alt=\"Hiperbaric Home Hydrogen compression\" width=\"2560\" height=\"1478\" \/> <\/a><\/p>\n<h3 data-element-id=\"hmap-3\">COMPRESI\u00d3N DE HIDR\u00d3GENO<\/h3>\n<p><a href=\"\/compresion-h2\/\" target=\"_self\" rel=\"noopener\"> <img decoding=\"async\" loading=\"lazy\" title=\"LogoH2\" src=\"https:\/\/www.hiperbaric.com\/wp-content\/uploads\/2021\/03\/LogoH2.png\" alt=\"LogoH2\" width=\"522\" height=\"180\" \/> <\/a><\/p>\n<p>Conoce la tecnolog\u00eda de compresi\u00f3n de hidr\u00f3geno para movilidad sostenible con su uso en estaciones de recarga de hidr\u00f3geno<\/p>\n<p>Hiperbaric fabrica equipos para la compresi\u00f3n de<br \/>hidr\u00f3geno a altas presiones, entre los 200 y 900 bar. <img decoding=\"async\" loading=\"lazy\" title=\"Grupo 541\" src=\"https:\/\/www.hiperbaric.com\/wp-content\/uploads\/2021\/03\/Grupo-541.png\" alt=\"Grupo 541\" width=\"281\" height=\"127\" \/> <a role=\"button\" href=\"\/compresion-h2\/\" target=\"_self\" rel=\"noopener\"> SABER M\u00c1S &gt; <\/a> <img decoding=\"async\" loading=\"lazy\" title=\"Grupo 541\" src=\"https:\/\/www.hiperbaric.com\/wp-content\/uploads\/2021\/03\/Grupo-541.png\" alt=\"Grupo 541\" width=\"281\" height=\"127\" \/> <a role=\"button\" href=\"\/compresion-h2\/\" target=\"_self\" rel=\"noopener\"> SABER M\u00c1S &gt; <\/a><\/p>\n<h3 data-element-id=\"hmap-3\">PRENSADO ISOST\u00c1TICO <br \/>EN CALIENTE (HIP)<\/h3>\n<p><a href=\"\/tecnologia-hip\/\" target=\"_self\" rel=\"noopener\"> <img decoding=\"async\" loading=\"lazy\" title=\"hiperbaric_HIP_colorida\" src=\"https:\/\/www.hiperbaric.com\/wp-content\/uploads\/2020\/08\/hiperbaric_HIP_colorida.png\" alt=\"hiperbaric_HIP_colorida\" width=\"1200\" height=\"378\" \/> <\/a><\/p>\n<p>Explora \u00a0el alto rendimiento y las excelentes prestaciones de las prensas de prensado isost\u00e1tico en caliente (HIP) de Hiperbaric.<\/p>\n<p>La tecnolog\u00eda HIP procesa a alta presi\u00f3n y temperatura piezas y componentes met\u00e1licos y cer\u00e1micos, que requieren de excelentes propiedades mec\u00e1nicas.<\/p>\n<p><img decoding=\"async\" loading=\"lazy\" title=\"Grupo 542\" src=\"https:\/\/www.hiperbaric.com\/wp-content\/uploads\/2021\/03\/Grupo-542.png\" alt=\"Grupo 542\" width=\"560\" height=\"126\" \/> <a role=\"button\" href=\"\/tecnologia-hip\/\" target=\"_self\" rel=\"noopener\"> SABER M\u00c1S &gt; <\/a> <a href=\"\/tecnologia-hip\/\" target=\"_self\" rel=\"noopener\"> <img decoding=\"async\" loading=\"lazy\" title=\"Enmascarar grupo 11\" src=\"https:\/\/www.hiperbaric.com\/wp-content\/uploads\/2021\/03\/Enmascarar-grupo-11.png\" alt=\"PRENSADO ISOST\u00c1TICO \nEN CALIENTE (HIP)\" width=\"902\" height=\"517\" \/> <\/a> <img decoding=\"async\" loading=\"lazy\" title=\"Grupo 542\" src=\"https:\/\/www.hiperbaric.com\/wp-content\/uploads\/2021\/03\/Grupo-542.png\" alt=\"Grupo 542\" width=\"560\" height=\"126\" \/> <a role=\"button\" href=\"\/tecnologia-hip\/\" target=\"_self\" rel=\"noopener\"> SABER M\u00c1S &gt; <\/a><\/p>\t\t\t\t\t\t<\/div>\n\t\t\t\t<\/div>\n\t\t\t\t\t<\/div>\n\t\t<\/div>\n\t\t\t\t\t\t\t<\/div>\n\t\t<\/section>\n\t\t\t\t\t\t\t<\/div>\n\t\t","protected":false},"excerpt":{"rendered":"<p>SPECIALIZATION The global leaders in developing high pressure technologies for 25 years INVESTMENT IN R&amp;D Continuous efforts in R&#038;D; and innovation to offer more efficient equipment for our customers SUSTAINABILITY We actively contribute to the economic, industrial and educational development of society HIGH PRESSURE PROCESSING TECHNOLOGY Discover the most reliable High Pressure Processing (HPP) equipment&#8230;<\/p>\n","protected":false},"author":1,"featured_media":0,"parent":0,"menu_order":0,"comment_status":"closed","ping_status":"closed","template":"","meta":{"om_disable_all_campaigns":false,"inline_featured_image":false,"_monsterinsights_skip_tracking":false,"_monsterinsights_sitenote_active":false,"_monsterinsights_sitenote_note":"","_monsterinsights_sitenote_category":0,"footnotes":"","_wp_rev_ctl_limit":""},"acf":[],"yoast_head":"<!-- This site is optimized with the Yoast SEO plugin v22.4 - https:\/\/yoast.com\/wordpress\/plugins\/seo\/ -->\n<title>Global leader in High Pressure Technologies - Hiperbaric<\/title>\n<meta name=\"description\" content=\"Hiperbaric designs, manufactures and market High Pressure Processing equipment since its foundation in 1999.\" \/>\n<meta name=\"robots\" content=\"index, follow, max-snippet:-1, max-image-preview:large, max-video-preview:-1\" \/>\n<link rel=\"canonical\" href=\"https:\/\/www.hiperbaric.com\/en\/\" \/>\n<meta property=\"og:locale\" content=\"en_US\" \/>\n<meta property=\"og:type\" content=\"article\" \/>\n<meta property=\"og:title\" content=\"Global leader in High Pressure Technologies - Hiperbaric\" \/>\n<meta property=\"og:description\" content=\"Hiperbaric designs, manufactures and market High Pressure Processing equipment since its foundation in 1999.\" \/>\n<meta property=\"og:url\" content=\"https:\/\/www.hiperbaric.com\/en\/\" \/>\n<meta property=\"og:site_name\" content=\"Hiperbaric\" \/>\n<meta property=\"article:modified_time\" content=\"2026-04-08T13:20:04+00:00\" \/>\n<meta property=\"og:image\" content=\"https:\/\/www.hiperbaric.com\/wp-content\/uploads\/2021\/03\/ESPECIALIZACION.png\" \/>\n<meta name=\"twitter:card\" content=\"summary_large_image\" \/>\n<meta name=\"twitter:label1\" content=\"Est. reading time\" \/>\n\t<meta name=\"twitter:data1\" content=\"7 minutes\" \/>\n<script type=\"application\/ld+json\" class=\"yoast-schema-graph\">{\"@context\":\"https:\/\/schema.org\",\"@graph\":[{\"@type\":\"WebPage\",\"@id\":\"https:\/\/www.hiperbaric.com\/en\/\",\"url\":\"https:\/\/www.hiperbaric.com\/en\/\",\"name\":\"Global leader in High Pressure Technologies - Hiperbaric\",\"isPartOf\":{\"@id\":\"https:\/\/www.hiperbaric.com\/en\/#website\"},\"primaryImageOfPage\":{\"@id\":\"https:\/\/www.hiperbaric.com\/en\/#primaryimage\"},\"image\":{\"@id\":\"https:\/\/www.hiperbaric.com\/en\/#primaryimage\"},\"thumbnailUrl\":\"https:\/\/www.hiperbaric.com\/wp-content\/uploads\/2021\/03\/ESPECIALIZACION.png\",\"datePublished\":\"2021-03-08T08:44:55+00:00\",\"dateModified\":\"2026-04-08T13:20:04+00:00\",\"description\":\"Hiperbaric designs, manufactures and market High Pressure Processing equipment since its foundation in 1999.\",\"breadcrumb\":{\"@id\":\"https:\/\/www.hiperbaric.com\/en\/#breadcrumb\"},\"inLanguage\":\"en-US\",\"potentialAction\":[{\"@type\":\"ReadAction\",\"target\":[\"https:\/\/www.hiperbaric.com\/en\/\"]}]},{\"@type\":\"ImageObject\",\"inLanguage\":\"en-US\",\"@id\":\"https:\/\/www.hiperbaric.com\/en\/#primaryimage\",\"url\":\"https:\/\/www.hiperbaric.com\/wp-content\/uploads\/2021\/03\/ESPECIALIZACION.png\",\"contentUrl\":\"https:\/\/www.hiperbaric.com\/wp-content\/uploads\/2021\/03\/ESPECIALIZACION.png\"},{\"@type\":\"BreadcrumbList\",\"@id\":\"https:\/\/www.hiperbaric.com\/en\/#breadcrumb\",\"itemListElement\":[{\"@type\":\"ListItem\",\"position\":1,\"name\":\"Home\",\"item\":\"https:\/\/www.hiperbaric.com\/en\/\"},{\"@type\":\"ListItem\",\"position\":2,\"name\":\"Hiperbaric &#8211; High Pressure Technologies\"}]},{\"@type\":\"WebSite\",\"@id\":\"https:\/\/www.hiperbaric.com\/en\/#website\",\"url\":\"https:\/\/www.hiperbaric.com\/en\/\",\"name\":\"Hiperbaric\",\"description\":\"Procesado para la conservaci\u00f3n de alimentos\",\"publisher\":{\"@id\":\"https:\/\/www.hiperbaric.com\/en\/#organization\"},\"potentialAction\":[{\"@type\":\"SearchAction\",\"target\":{\"@type\":\"EntryPoint\",\"urlTemplate\":\"https:\/\/www.hiperbaric.com\/en\/?s={search_term_string}\"},\"query-input\":\"required name=search_term_string\"}],\"inLanguage\":\"en-US\"},{\"@type\":\"Organization\",\"@id\":\"https:\/\/www.hiperbaric.com\/en\/#organization\",\"name\":\"Hiperbaric\",\"url\":\"https:\/\/www.hiperbaric.com\/en\/\",\"logo\":{\"@type\":\"ImageObject\",\"inLanguage\":\"en-US\",\"@id\":\"https:\/\/www.hiperbaric.com\/en\/#\/schema\/logo\/image\/\",\"url\":\"https:\/\/www.hiperbaric.com\/wp-content\/uploads\/2026\/01\/cropped-hiperbaric-logotipo-1-2.png\",\"contentUrl\":\"https:\/\/www.hiperbaric.com\/wp-content\/uploads\/2026\/01\/cropped-hiperbaric-logotipo-1-2.png\",\"width\":340,\"height\":72,\"caption\":\"Hiperbaric\"},\"image\":{\"@id\":\"https:\/\/www.hiperbaric.com\/en\/#\/schema\/logo\/image\/\"}}]}<\/script>\n<!-- \/ Yoast SEO plugin. -->","yoast_head_json":{"title":"Global leader in High Pressure Technologies - Hiperbaric","description":"Hiperbaric designs, manufactures and market High Pressure Processing equipment since its foundation in 1999.","robots":{"index":"index","follow":"follow","max-snippet":"max-snippet:-1","max-image-preview":"max-image-preview:large","max-video-preview":"max-video-preview:-1"},"canonical":"https:\/\/www.hiperbaric.com\/en\/","og_locale":"en_US","og_type":"article","og_title":"Global leader in High Pressure Technologies - Hiperbaric","og_description":"Hiperbaric designs, manufactures and market High Pressure Processing equipment since its foundation in 1999.","og_url":"https:\/\/www.hiperbaric.com\/en\/","og_site_name":"Hiperbaric","article_modified_time":"2026-04-08T13:20:04+00:00","og_image":[{"url":"https:\/\/www.hiperbaric.com\/wp-content\/uploads\/2021\/03\/ESPECIALIZACION.png"}],"twitter_card":"summary_large_image","twitter_misc":{"Est. reading time":"7 minutes"},"schema":{"@context":"https:\/\/schema.org","@graph":[{"@type":"WebPage","@id":"https:\/\/www.hiperbaric.com\/en\/","url":"https:\/\/www.hiperbaric.com\/en\/","name":"Global leader in High Pressure Technologies - Hiperbaric","isPartOf":{"@id":"https:\/\/www.hiperbaric.com\/en\/#website"},"primaryImageOfPage":{"@id":"https:\/\/www.hiperbaric.com\/en\/#primaryimage"},"image":{"@id":"https:\/\/www.hiperbaric.com\/en\/#primaryimage"},"thumbnailUrl":"https:\/\/www.hiperbaric.com\/wp-content\/uploads\/2021\/03\/ESPECIALIZACION.png","datePublished":"2021-03-08T08:44:55+00:00","dateModified":"2026-04-08T13:20:04+00:00","description":"Hiperbaric designs, manufactures and market High Pressure Processing equipment since its foundation in 1999.","breadcrumb":{"@id":"https:\/\/www.hiperbaric.com\/en\/#breadcrumb"},"inLanguage":"en-US","potentialAction":[{"@type":"ReadAction","target":["https:\/\/www.hiperbaric.com\/en\/"]}]},{"@type":"ImageObject","inLanguage":"en-US","@id":"https:\/\/www.hiperbaric.com\/en\/#primaryimage","url":"https:\/\/www.hiperbaric.com\/wp-content\/uploads\/2021\/03\/ESPECIALIZACION.png","contentUrl":"https:\/\/www.hiperbaric.com\/wp-content\/uploads\/2021\/03\/ESPECIALIZACION.png"},{"@type":"BreadcrumbList","@id":"https:\/\/www.hiperbaric.com\/en\/#breadcrumb","itemListElement":[{"@type":"ListItem","position":1,"name":"Home","item":"https:\/\/www.hiperbaric.com\/en\/"},{"@type":"ListItem","position":2,"name":"Hiperbaric &#8211; High Pressure Technologies"}]},{"@type":"WebSite","@id":"https:\/\/www.hiperbaric.com\/en\/#website","url":"https:\/\/www.hiperbaric.com\/en\/","name":"Hiperbaric","description":"Procesado para la conservaci\u00f3n de alimentos","publisher":{"@id":"https:\/\/www.hiperbaric.com\/en\/#organization"},"potentialAction":[{"@type":"SearchAction","target":{"@type":"EntryPoint","urlTemplate":"https:\/\/www.hiperbaric.com\/en\/?s={search_term_string}"},"query-input":"required name=search_term_string"}],"inLanguage":"en-US"},{"@type":"Organization","@id":"https:\/\/www.hiperbaric.com\/en\/#organization","name":"Hiperbaric","url":"https:\/\/www.hiperbaric.com\/en\/","logo":{"@type":"ImageObject","inLanguage":"en-US","@id":"https:\/\/www.hiperbaric.com\/en\/#\/schema\/logo\/image\/","url":"https:\/\/www.hiperbaric.com\/wp-content\/uploads\/2026\/01\/cropped-hiperbaric-logotipo-1-2.png","contentUrl":"https:\/\/www.hiperbaric.com\/wp-content\/uploads\/2026\/01\/cropped-hiperbaric-logotipo-1-2.png","width":340,"height":72,"caption":"Hiperbaric"},"image":{"@id":"https:\/\/www.hiperbaric.com\/en\/#\/schema\/logo\/image\/"}}]}},"_links":{"self":[{"href":"https:\/\/www.hiperbaric.com\/en\/wp-json\/wp\/v2\/pages\/28970"}],"collection":[{"href":"https:\/\/www.hiperbaric.com\/en\/wp-json\/wp\/v2\/pages"}],"about":[{"href":"https:\/\/www.hiperbaric.com\/en\/wp-json\/wp\/v2\/types\/page"}],"author":[{"embeddable":true,"href":"https:\/\/www.hiperbaric.com\/en\/wp-json\/wp\/v2\/users\/1"}],"replies":[{"embeddable":true,"href":"https:\/\/www.hiperbaric.com\/en\/wp-json\/wp\/v2\/comments?post=28970"}],"version-history":[{"count":6,"href":"https:\/\/www.hiperbaric.com\/en\/wp-json\/wp\/v2\/pages\/28970\/revisions"}],"predecessor-version":[{"id":67602,"href":"https:\/\/www.hiperbaric.com\/en\/wp-json\/wp\/v2\/pages\/28970\/revisions\/67602"}],"wp:attachment":[{"href":"https:\/\/www.hiperbaric.com\/en\/wp-json\/wp\/v2\/media?parent=28970"}],"curies":[{"name":"wp","href":"https:\/\/api.w.org\/{rel}","templated":true}]}}