{"id":23932,"date":"2019-06-05T13:43:09","date_gmt":"2019-06-05T11:43:09","guid":{"rendered":"https:\/\/www.hiperbaric.com\/responsabilidad\/"},"modified":"2021-03-13T00:37:24","modified_gmt":"2021-03-12T23:37:24","slug":"responsibility","status":"publish","type":"page","link":"https:\/\/www.hiperbaric.com\/en\/responsibility\/","title":{"rendered":"Responsibility"},"content":{"rendered":"\n\t<p>At Hiperbaric, we are aware of the importance of contributing to social development, not only by manufacturing quality HPP equipment or promoting the advantages of applying high pressure technology to food and beverages, but also through initiatives that add value to society and we want you to participate in them. Find out what makes us tick!<\/p>\n\t\t\t\t<img loading=\"lazy\" decoding=\"async\" src=\"https:\/\/www.hiperbaric.com\/wp-content\/uploads\/2019\/07\/youth-1.png\" alt=\"youth\" itemprop=\"image\" height=\"64\" width=\"64\" title=\"youth\" onerror=\"this.style.display='none'\"  \/>\n<h3>\n\tEducation\n\t<\/h3>\n\t<p>Fomentamos proyectos que complementan la educaci\u00f3n formal, a trav\u00e9s de experiencias enriquecedoras y predominantemente pr\u00e1cticas.<\/p>\n<a href=\"https:\/\/www.hiperbaric.com\/en\/responsibility\/education\/\">More information<\/a>\n\t\t\t\t<img loading=\"lazy\" decoding=\"async\" src=\"https:\/\/www.hiperbaric.com\/wp-content\/uploads\/2019\/09\/sociology.png\" alt=\"sociology\" itemprop=\"image\" height=\"64\" width=\"64\" title=\"sociology\" onerror=\"this.style.display='none'\"  \/>\n<h3>\n\tSociety\n\t<\/h3>\n\t<p>We actively collaborate with different solidarity initiatives and ensure that these collaborations are born from proposals made by our colleagues.<\/p>\n<a href=\"https:\/\/www.hiperbaric.com\/en\/responsibility\/society\/\">More information\u00a0<\/a>\n\t\t\t\t<img loading=\"lazy\" decoding=\"async\" src=\"https:\/\/www.hiperbaric.com\/wp-content\/uploads\/2019\/07\/save-1.png\" alt=\"save\" itemprop=\"image\" height=\"64\" width=\"64\" title=\"save\" onerror=\"this.style.display='none'\"  \/>\n<h3>\n\tEnvironment\n\t<\/h3>\n\t<p>We seek to ensure that our industrial activity has as little environmental impact as possible and we promote that responsible attitude in our workers.<\/p>\n<a href=\"https:\/\/www.hiperbaric.com\/en\/responsibility\/environment\/\">More information<\/a>\n<h3>\n\tHiperbaric&#8217;s commitment to the SDGs\n\t<\/h3>\n\t<p>With the accomplishment of the <strong>Sustainable Development Goals (SDG)<\/strong> marked by United Nations we measure our contribution of value to society, to achieve a sustainable future for everyone. These are the goals in which Hiperbaric participates.<\/p>\n\t<ul>\n<li><strong>SDG 3. Good Health and well-being<br \/>\n<\/strong>Our technolgy HPP provides safe food, with longer shelf life and its organoleptic properties intact. We help maintain a healthy diet.<\/li>\n<\/ul>\n\t<ul>\n<li><strong>SDG 12. Responsible consumption and production<br \/>\n<\/strong>We achieve sustainable production and consumption both for ourselves and for our clients with measures that control the efficiency of our resources to reduce our environmental impact.<\/li>\n<\/ul>\n\t<ul>\n<li><strong>SDG 7. Affordable and clean energy<br \/>\n<\/strong>We are moving towards a more sustainable model. With the compression of renewable H2 we favour the transition towards sustainable mobility.<\/li>\n<\/ul>\n\t<ul>\n<li><strong>SDG 13. Climate action<\/strong><em><strong><br \/>\n<\/strong><\/em>We develop compression technology for the transition towards the use of renewable energy and more efficient industrial equipment that mitigates climate change.<em><strong><br \/>\n<\/strong><\/em><\/li>\n<\/ul>\n\t\t\t\t<img loading=\"lazy\" decoding=\"async\" src=\"https:\/\/www.hiperbaric.com\/wp-content\/uploads\/2021\/03\/Grafico-ODS-final-EN-scaled.jpg\" alt=\"Gr\u00e1fico ODS final EN\" itemprop=\"image\" height=\"945\" width=\"2560\" title=\"Gr\u00e1fico ODS final EN\" onerror=\"this.style.display='none'\"  \/>\n\t<blockquote>\n<p>The impact of our responsibility is greater if it is shared<\/p>\n<\/blockquote>\n\t<p><strong>But we do not undertake all these initiatives alone; we do so in collaboration<\/strong> with numerous private and public organizations and entities, both for-profit and non-profit. Because as we set out in our values:<\/p>\n<ul>\n<li><strong>A team generates more value, contributes more and achieves more and better results than an individual.<\/strong><\/li>\n<\/ul>\n<h3>\n\tContributors\n\t<\/h3>\n   <section>\n      <img decoding=\"async\" src=\"\/wp-content\/uploads\/2019\/09\/desmasa-e1567610970315.jpg\">\n      <img decoding=\"async\" src=\"\/wp-content\/uploads\/2019\/09\/INTER-FOOD-e1567610995688.png\">\n      <img decoding=\"async\" src=\"\/wp-content\/uploads\/2019\/09\/logo-CENTRO-ESPA\u00d1OL-DESARROLLO-TECNOLOGICO-e1567611009635.jpg\">\n      <img decoding=\"async\" src=\"\/wp-content\/uploads\/2019\/09\/logo-correa-1024x139.jpeg\">\n      <img decoding=\"async\" src=\"\/wp-content\/uploads\/2019\/09\/LOGO-instituto-comercio-exterior-e1567611041730.png\">\n      <img decoding=\"async\" src=\"\/wp-content\/uploads\/2019\/09\/logo-Universidad-de-burgos-e1567611056810.jpg\">\n      <img decoding=\"async\" src=\"\/wp-content\/uploads\/2019\/09\/logo-Universidad-de-guelph-e1567611068980.jpg\">\n      <img decoding=\"async\" src=\"\/wp-content\/uploads\/2019\/09\/logo_hightech-e1567611095927.png\">\n      <img decoding=\"async\" src=\"\/wp-content\/uploads\/2019\/09\/logo_KANEMATSU-1024x163.png\">\n      <img decoding=\"async\" src=\"\/wp-content\/uploads\/2019\/09\/logo_Sanpo.jpg\">\n      <img decoding=\"async\" src=\"\/wp-content\/uploads\/2019\/09\/logo-ice.png\">\n      <img decoding=\"async\" src=\"\/wp-content\/uploads\/2019\/09\/logokundert.jpg\">\n      <img decoding=\"async\" src=\"\/wp-content\/uploads\/2019\/09\/TRAVAGLINI-649x1024.png\">\n   <\/section>\n<h3>\n\tAssociations\n\t<\/h3>\n   <section>\n      <img decoding=\"async\" src=\"\/wp-content\/uploads\/2019\/09\/AMI-Logo-transparent.png\">\n      <img decoding=\"async\" src=\"\/wp-content\/uploads\/2020\/08\/Cold-Pressure-Council.png\">\n      <img decoding=\"async\" src=\"\/wp-content\/uploads\/2019\/09\/ift-logo.jpg\">\n      <img decoding=\"async\" src=\"\/wp-content\/uploads\/2020\/08\/Refrigerated-Foods-Association.jpg\">\n      <img decoding=\"async\" src=\"\/wp-content\/uploads\/2019\/09\/logo-amec-1024x348.png\">\n      <img decoding=\"async\" src=\"\/wp-content\/uploads\/2019\/09\/LOGO-CRE100DO.png\">\n      <img decoding=\"async\" src=\"\/wp-content\/uploads\/2019\/09\/LOGO-FAE.jpg\">\n      <img decoding=\"async\" src=\"\/wp-content\/uploads\/2019\/09\/logo-food-for-live.jpg\">\n      <img decoding=\"async\" src=\"\/wp-content\/uploads\/2019\/09\/logo_hightech-e1567611095927.png\">\n      <img decoding=\"async\" src=\"\/wp-content\/uploads\/2019\/09\/logo-ainia-1024x431.jpg\">\n   <\/section>\n","protected":false},"excerpt":{"rendered":"<p>At Hiperbaric, we are aware of the importance of contributing to social development, not only by manufacturing quality HPP equipment or promoting the advantages of applying high pressure technology to food and beverages, but also through initiatives that add value to society and we want you to participate in them. Find out what makes us&#8230;<\/p>\n","protected":false},"author":1,"featured_media":0,"parent":0,"menu_order":0,"comment_status":"closed","ping_status":"closed","template":"","meta":{"_acf_changed":false,"om_disable_all_campaigns":false,"inline_featured_image":false,"_monsterinsights_skip_tracking":false,"_monsterinsights_sitenote_active":false,"_monsterinsights_sitenote_note":"","_monsterinsights_sitenote_category":0,"footnotes":"","_wp_rev_ctl_limit":""},"class_list":["post-23932","page","type-page","status-publish","hentry"],"acf":[],"yoast_head":"<!-- This site is optimized with the Yoast SEO plugin v22.4 - https:\/\/yoast.com\/wordpress\/plugins\/seo\/ -->\n<title>Responsibility - Hiperbaric<\/title>\n<meta name=\"robots\" content=\"index, follow, max-snippet:-1, max-image-preview:large, max-video-preview:-1\" \/>\n<link rel=\"canonical\" href=\"https:\/\/www.hiperbaric.com\/en\/about-us\/responsibility\/\" \/>\n<meta property=\"og:locale\" content=\"en_US\" \/>\n<meta property=\"og:type\" content=\"article\" \/>\n<meta property=\"og:title\" content=\"Responsibility - Hiperbaric\" \/>\n<meta property=\"og:description\" content=\"At Hiperbaric, we are aware of the importance of contributing to social development, not only by manufacturing quality HPP equipment or promoting the advantages of applying high pressure technology to food and beverages, but also through initiatives that add value to society and we want you to participate in them. Find out what makes us...\" \/>\n<meta property=\"og:url\" content=\"https:\/\/www.hiperbaric.com\/en\/about-us\/responsibility\/\" \/>\n<meta property=\"og:site_name\" content=\"Hiperbaric\" \/>\n<meta property=\"article:modified_time\" content=\"2021-03-12T23:37:24+00:00\" \/>\n<meta property=\"og:image\" content=\"https:\/\/www.hiperbaric.com\/wp-content\/uploads\/2019\/07\/youth-1.png\" \/>\n<meta name=\"twitter:card\" content=\"summary_large_image\" \/>\n<meta name=\"twitter:label1\" content=\"Est. reading time\" \/>\n\t<meta name=\"twitter:data1\" content=\"2 minutes\" \/>\n<script type=\"application\/ld+json\" class=\"yoast-schema-graph\">{\"@context\":\"https:\/\/schema.org\",\"@graph\":[{\"@type\":\"WebPage\",\"@id\":\"https:\/\/www.hiperbaric.com\/en\/about-us\/responsibility\/\",\"url\":\"https:\/\/www.hiperbaric.com\/en\/about-us\/responsibility\/\",\"name\":\"Responsibility - Hiperbaric\",\"isPartOf\":{\"@id\":\"https:\/\/www.hiperbaric.com\/en\/#website\"},\"primaryImageOfPage\":{\"@id\":\"https:\/\/www.hiperbaric.com\/en\/about-us\/responsibility\/#primaryimage\"},\"image\":{\"@id\":\"https:\/\/www.hiperbaric.com\/en\/about-us\/responsibility\/#primaryimage\"},\"thumbnailUrl\":\"https:\/\/www.hiperbaric.com\/wp-content\/uploads\/2019\/07\/youth-1.png\",\"datePublished\":\"2019-06-05T11:43:09+00:00\",\"dateModified\":\"2021-03-12T23:37:24+00:00\",\"breadcrumb\":{\"@id\":\"https:\/\/www.hiperbaric.com\/en\/about-us\/responsibility\/#breadcrumb\"},\"inLanguage\":\"en-US\",\"potentialAction\":[{\"@type\":\"ReadAction\",\"target\":[\"https:\/\/www.hiperbaric.com\/en\/about-us\/responsibility\/\"]}]},{\"@type\":\"ImageObject\",\"inLanguage\":\"en-US\",\"@id\":\"https:\/\/www.hiperbaric.com\/en\/about-us\/responsibility\/#primaryimage\",\"url\":\"https:\/\/www.hiperbaric.com\/wp-content\/uploads\/2019\/07\/youth-1.png\",\"contentUrl\":\"https:\/\/www.hiperbaric.com\/wp-content\/uploads\/2019\/07\/youth-1.png\"},{\"@type\":\"BreadcrumbList\",\"@id\":\"https:\/\/www.hiperbaric.com\/en\/about-us\/responsibility\/#breadcrumb\",\"itemListElement\":[{\"@type\":\"ListItem\",\"position\":1,\"name\":\"Home\",\"item\":\"https:\/\/www.hiperbaric.com\/en\/\"},{\"@type\":\"ListItem\",\"position\":2,\"name\":\"About us\",\"item\":\"https:\/\/www.hiperbaric.com\/en\/about-us\/\"},{\"@type\":\"ListItem\",\"position\":3,\"name\":\"Responsibility\"}]},{\"@type\":\"WebSite\",\"@id\":\"https:\/\/www.hiperbaric.com\/en\/#website\",\"url\":\"https:\/\/www.hiperbaric.com\/en\/\",\"name\":\"Hiperbaric\",\"description\":\"Procesado para la conservaci\u00f3n de alimentos\",\"publisher\":{\"@id\":\"https:\/\/www.hiperbaric.com\/en\/#organization\"},\"potentialAction\":[{\"@type\":\"SearchAction\",\"target\":{\"@type\":\"EntryPoint\",\"urlTemplate\":\"https:\/\/www.hiperbaric.com\/en\/?s={search_term_string}\"},\"query-input\":\"required name=search_term_string\"}],\"inLanguage\":\"en-US\"},{\"@type\":\"Organization\",\"@id\":\"https:\/\/www.hiperbaric.com\/en\/#organization\",\"name\":\"Hiperbaric\",\"url\":\"https:\/\/www.hiperbaric.com\/en\/\",\"logo\":{\"@type\":\"ImageObject\",\"inLanguage\":\"en-US\",\"@id\":\"https:\/\/www.hiperbaric.com\/en\/#\/schema\/logo\/image\/\",\"url\":\"https:\/\/www.hiperbaric.com\/wp-content\/uploads\/2026\/01\/cropped-hiperbaric-logotipo-1-2.png\",\"contentUrl\":\"https:\/\/www.hiperbaric.com\/wp-content\/uploads\/2026\/01\/cropped-hiperbaric-logotipo-1-2.png\",\"width\":340,\"height\":72,\"caption\":\"Hiperbaric\"},\"image\":{\"@id\":\"https:\/\/www.hiperbaric.com\/en\/#\/schema\/logo\/image\/\"}}]}<\/script>\n<!-- \/ Yoast SEO plugin. -->","yoast_head_json":{"title":"Responsibility - Hiperbaric","robots":{"index":"index","follow":"follow","max-snippet":"max-snippet:-1","max-image-preview":"max-image-preview:large","max-video-preview":"max-video-preview:-1"},"canonical":"https:\/\/www.hiperbaric.com\/en\/about-us\/responsibility\/","og_locale":"en_US","og_type":"article","og_title":"Responsibility - Hiperbaric","og_description":"At Hiperbaric, we are aware of the importance of contributing to social development, not only by manufacturing quality HPP equipment or promoting the advantages of applying high pressure technology to food and beverages, but also through initiatives that add value to society and we want you to participate in them. Find out what makes us...","og_url":"https:\/\/www.hiperbaric.com\/en\/about-us\/responsibility\/","og_site_name":"Hiperbaric","article_modified_time":"2021-03-12T23:37:24+00:00","og_image":[{"url":"https:\/\/www.hiperbaric.com\/wp-content\/uploads\/2019\/07\/youth-1.png"}],"twitter_card":"summary_large_image","twitter_misc":{"Est. reading time":"2 minutes"},"schema":{"@context":"https:\/\/schema.org","@graph":[{"@type":"WebPage","@id":"https:\/\/www.hiperbaric.com\/en\/about-us\/responsibility\/","url":"https:\/\/www.hiperbaric.com\/en\/about-us\/responsibility\/","name":"Responsibility - Hiperbaric","isPartOf":{"@id":"https:\/\/www.hiperbaric.com\/en\/#website"},"primaryImageOfPage":{"@id":"https:\/\/www.hiperbaric.com\/en\/about-us\/responsibility\/#primaryimage"},"image":{"@id":"https:\/\/www.hiperbaric.com\/en\/about-us\/responsibility\/#primaryimage"},"thumbnailUrl":"https:\/\/www.hiperbaric.com\/wp-content\/uploads\/2019\/07\/youth-1.png","datePublished":"2019-06-05T11:43:09+00:00","dateModified":"2021-03-12T23:37:24+00:00","breadcrumb":{"@id":"https:\/\/www.hiperbaric.com\/en\/about-us\/responsibility\/#breadcrumb"},"inLanguage":"en-US","potentialAction":[{"@type":"ReadAction","target":["https:\/\/www.hiperbaric.com\/en\/about-us\/responsibility\/"]}]},{"@type":"ImageObject","inLanguage":"en-US","@id":"https:\/\/www.hiperbaric.com\/en\/about-us\/responsibility\/#primaryimage","url":"https:\/\/www.hiperbaric.com\/wp-content\/uploads\/2019\/07\/youth-1.png","contentUrl":"https:\/\/www.hiperbaric.com\/wp-content\/uploads\/2019\/07\/youth-1.png"},{"@type":"BreadcrumbList","@id":"https:\/\/www.hiperbaric.com\/en\/about-us\/responsibility\/#breadcrumb","itemListElement":[{"@type":"ListItem","position":1,"name":"Home","item":"https:\/\/www.hiperbaric.com\/en\/"},{"@type":"ListItem","position":2,"name":"About us","item":"https:\/\/www.hiperbaric.com\/en\/about-us\/"},{"@type":"ListItem","position":3,"name":"Responsibility"}]},{"@type":"WebSite","@id":"https:\/\/www.hiperbaric.com\/en\/#website","url":"https:\/\/www.hiperbaric.com\/en\/","name":"Hiperbaric","description":"Procesado para la conservaci\u00f3n de alimentos","publisher":{"@id":"https:\/\/www.hiperbaric.com\/en\/#organization"},"potentialAction":[{"@type":"SearchAction","target":{"@type":"EntryPoint","urlTemplate":"https:\/\/www.hiperbaric.com\/en\/?s={search_term_string}"},"query-input":"required name=search_term_string"}],"inLanguage":"en-US"},{"@type":"Organization","@id":"https:\/\/www.hiperbaric.com\/en\/#organization","name":"Hiperbaric","url":"https:\/\/www.hiperbaric.com\/en\/","logo":{"@type":"ImageObject","inLanguage":"en-US","@id":"https:\/\/www.hiperbaric.com\/en\/#\/schema\/logo\/image\/","url":"https:\/\/www.hiperbaric.com\/wp-content\/uploads\/2026\/01\/cropped-hiperbaric-logotipo-1-2.png","contentUrl":"https:\/\/www.hiperbaric.com\/wp-content\/uploads\/2026\/01\/cropped-hiperbaric-logotipo-1-2.png","width":340,"height":72,"caption":"Hiperbaric"},"image":{"@id":"https:\/\/www.hiperbaric.com\/en\/#\/schema\/logo\/image\/"}}]}},"_links":{"self":[{"href":"https:\/\/www.hiperbaric.com\/en\/wp-json\/wp\/v2\/pages\/23932","targetHints":{"allow":["GET"]}}],"collection":[{"href":"https:\/\/www.hiperbaric.com\/en\/wp-json\/wp\/v2\/pages"}],"about":[{"href":"https:\/\/www.hiperbaric.com\/en\/wp-json\/wp\/v2\/types\/page"}],"author":[{"embeddable":true,"href":"https:\/\/www.hiperbaric.com\/en\/wp-json\/wp\/v2\/users\/1"}],"replies":[{"embeddable":true,"href":"https:\/\/www.hiperbaric.com\/en\/wp-json\/wp\/v2\/comments?post=23932"}],"version-history":[{"count":0,"href":"https:\/\/www.hiperbaric.com\/en\/wp-json\/wp\/v2\/pages\/23932\/revisions"}],"wp:attachment":[{"href":"https:\/\/www.hiperbaric.com\/en\/wp-json\/wp\/v2\/media?parent=23932"}],"curies":[{"name":"wp","href":"https:\/\/api.w.org\/{rel}","templated":true}]}}